{"id":15,"date":"2022-08-09T13:43:21","date_gmt":"2022-08-09T11:43:21","guid":{"rendered":"https:\/\/zonta.se\/?page_id=15"},"modified":"2022-11-08T10:39:38","modified_gmt":"2022-11-08T09:39:38","slug":"bli-medlem","status":"publish","type":"page","link":"https:\/\/zonta.se\/en\/bli-medlem\/","title":{"rendered":"Sign up"},"content":{"rendered":"<div class=\"wp-block-group is-style-subhero\"><div class=\"wp-block-group__inner-container is-layout-flow wp-block-group-is-layout-flow\">\n<div class=\"wp-block-group is-style-split-text\"><div class=\"wp-block-group__inner-container is-layout-flow wp-block-group-is-layout-flow\">\n<h1 class=\"is-style-default wp-block-heading\">Become a member - Together we make a difference<\/h1>\n\n\n\n<p>As a member of Zonta, you are part of a global network of around 25,000 people who all share your commitment to women&#039;s rights.<\/p>\n\n\n\n<div class=\"wp-block-buttons is-layout-flex wp-block-buttons-is-layout-flex\">\n<div class=\"wp-block-button\"><a class=\"wp-block-button__link wp-element-button\" href=\"#bli-medlem-i-zonta\">Apply for membership<\/a><\/div>\n<\/div>\n<\/div><\/div>\n\n\n\n<div class=\"wp-block-group is-style-split-image\"><div class=\"wp-block-group__inner-container is-layout-flow wp-block-group-is-layout-flow\">\n<figure class=\"wp-block-image size-large\"><img loading=\"lazy\" decoding=\"async\" width=\"1200\" height=\"800\" src=\"https:\/\/zonta.se\/wp-content\/uploads\/2022\/08\/zonta-hero-bli-medlem-1200x800.jpg\" alt=\"Zonta arbetar med internationella projekt f\u00f6r j\u00e4mst\u00e4lldhet och m\u00e4nskliga r\u00e4ttigheter, med fokus p\u00e5 kvinnor och flickors h\u00e4lsa, utbildning och ekonomi.\" class=\"wp-image-421\" srcset=\"https:\/\/zonta.se\/wp-content\/uploads\/2022\/08\/zonta-hero-bli-medlem-1200x800.jpg 1200w, https:\/\/zonta.se\/wp-content\/uploads\/2022\/08\/zonta-hero-bli-medlem-600x400.jpg 600w, https:\/\/zonta.se\/wp-content\/uploads\/2022\/08\/zonta-hero-bli-medlem-768x512.jpg 768w, https:\/\/zonta.se\/wp-content\/uploads\/2022\/08\/zonta-hero-bli-medlem-820x547.jpg 820w, https:\/\/zonta.se\/wp-content\/uploads\/2022\/08\/zonta-hero-bli-medlem.jpg 1500w\" sizes=\"auto, (max-width: 1200px) 100vw, 1200px\" \/><\/figure>\n<\/div><\/div>\n<\/div><\/div>\n\n\n\n<div class=\"wp-block-group\"><div class=\"wp-block-group__inner-container is-layout-flow wp-block-group-is-layout-flow\">\n<div class=\"wp-block-columns has-2-columns is-style-cols-reverse is-layout-flex wp-container-core-columns-is-layout-9d6595d7 wp-block-columns has-2-columns-is-layout-flex\">\n<div class=\"wp-block-column is-layout-flow wp-block-column-is-layout-flow\">\n<figure class=\"wp-block-image size-full\"><img loading=\"lazy\" decoding=\"async\" width=\"1200\" height=\"800\" src=\"https:\/\/zonta.se\/wp-content\/uploads\/2022\/08\/zonta-bli-medlem-starker-andra-och-varandra.jpg\" alt=\"Alla Zontaklubbar v\u00e4rlden \u00f6ver arbetar mot ett gemensamt m\u00e5l: att st\u00e4rka kvinnor och flickor.\" class=\"wp-image-422\" srcset=\"https:\/\/zonta.se\/wp-content\/uploads\/2022\/08\/zonta-bli-medlem-starker-andra-och-varandra.jpg 1200w, https:\/\/zonta.se\/wp-content\/uploads\/2022\/08\/zonta-bli-medlem-starker-andra-och-varandra-600x400.jpg 600w, https:\/\/zonta.se\/wp-content\/uploads\/2022\/08\/zonta-bli-medlem-starker-andra-och-varandra-768x512.jpg 768w, https:\/\/zonta.se\/wp-content\/uploads\/2022\/08\/zonta-bli-medlem-starker-andra-och-varandra-820x547.jpg 820w\" sizes=\"auto, (max-width: 1200px) 100vw, 1200px\" \/><\/figure>\n<\/div>\n\n\n\n<div class=\"wp-block-column is-layout-flow wp-block-column-is-layout-flow\">\n<div class=\"wp-block-group\"><div class=\"wp-block-group__inner-container is-layout-flow wp-block-group-is-layout-flow\">\n<h2 class=\"wp-block-heading\">We empower others<\/h2>\n\n\n\n<p>All Zonta Clubs worldwide work towards a common goal: to empower women and girls. It can be through collections, supporting efforts or by influencing those in power or private individuals to take a stand for women&#039;s rights and against violence in different ways.<\/p>\n<\/div><\/div>\n\n\n\n<div class=\"wp-block-group\"><div class=\"wp-block-group__inner-container is-layout-flow wp-block-group-is-layout-flow\">\n<h2 class=\"is-style-no-decoration wp-block-heading\">\u2026and each other<\/h2>\n\n\n\n<p>At the same time, membership means that we support and strengthen each other. Zonta gives you new friends and insight into other people&#039;s professions. Through exciting lectures and study visits, you gain new knowledge in areas you might not otherwise come into contact with.<\/p>\n<\/div><\/div>\n<\/div>\n<\/div>\n<\/div><\/div>\n\n\n\n<div class=\"wp-block-group\"><div class=\"wp-block-group__inner-container is-layout-flow wp-block-group-is-layout-flow\">\n<div class=\"wp-block-columns has-2-columns is-layout-flex wp-container-core-columns-is-layout-9d6595d7 wp-block-columns has-2-columns-is-layout-flex\">\n<div class=\"wp-block-column is-layout-flow wp-block-column-is-layout-flow\">\n<h2 class=\"wp-block-heading\">As a member of Zonta you get:<\/h2>\n\n\n\n<ul class=\"wp-block-list\">\n<li>Participate in interesting and pleasant club meetings once a month.<\/li>\n\n\n\n<li>Organize local activities that support women and girls.<\/li>\n\n\n\n<li>Participate in the club&#039;s board work and other fiduciary duties.<\/li>\n\n\n\n<li>Opportunity to network with other zones in Sweden and the world.<\/li>\n\n\n\n<li>travel and exchange experiences at Zonta&#039;s national and international gatherings.<\/li>\n\n\n\n<li>Influence which international projects Zonta will work on.<\/li>\n<\/ul>\n<\/div>\n\n\n\n<div class=\"wp-block-column is-layout-flow wp-block-column-is-layout-flow\">\n<figure class=\"wp-block-image size-full\"><img loading=\"lazy\" decoding=\"async\" width=\"1200\" height=\"800\" src=\"https:\/\/zonta.se\/wp-content\/uploads\/2022\/08\/zonta-bli-medlem-medlemsformaner.jpg\" alt=\"Zonta delar ut stipendier f\u00f6r att st\u00f6dja utbildning och engagemang f\u00f6r kvinnor och flickor.\" class=\"wp-image-423\" srcset=\"https:\/\/zonta.se\/wp-content\/uploads\/2022\/08\/zonta-bli-medlem-medlemsformaner.jpg 1200w, https:\/\/zonta.se\/wp-content\/uploads\/2022\/08\/zonta-bli-medlem-medlemsformaner-600x400.jpg 600w, https:\/\/zonta.se\/wp-content\/uploads\/2022\/08\/zonta-bli-medlem-medlemsformaner-768x512.jpg 768w, https:\/\/zonta.se\/wp-content\/uploads\/2022\/08\/zonta-bli-medlem-medlemsformaner-820x547.jpg 820w\" sizes=\"auto, (max-width: 1200px) 100vw, 1200px\" \/><\/figure>\n<\/div>\n<\/div>\n<\/div><\/div>\n\n\n\n<div class=\"wp-block-group has-lightgray-background-color has-background\"><div class=\"wp-block-group__inner-container is-layout-flow wp-block-group-is-layout-flow\">\n<div class=\"wp-block-columns has-3-columns is-layout-flex wp-container-core-columns-is-layout-9d6595d7 wp-block-columns has-3-columns-is-layout-flex\">\n<div class=\"wp-block-column is-layout-flow wp-block-column-is-layout-flow\">\n<h2 class=\"is-style-no-decoration wp-block-heading\">Who can join?<\/h2>\n\n\n\n<p>Both women and men are welcome in Zonta. As a member, you must have a commitment to women&#039;s rights and want to contribute to Zonta&#039;s goals and work. You must be 18 years of age and have professional experience. If you are under 30, the membership fee is reduced.<\/p>\n<\/div>\n\n\n\n<div class=\"wp-block-column is-layout-flow wp-block-column-is-layout-flow\">\n<h2 class=\"is-style-no-decoration wp-block-heading\">How do I choose a club?<\/h2>\n\n\n\n<p>You apply for membership in the Zonta club where you live. In some cities, you can choose between several clubs. If there is no club near you, you can choose membership in e-club, which essentially has digital meetings. On <a href=\"https:\/\/zonta.se\/en\/vara-klubbar\/\">the clubs&#039; pages<\/a> you will find information and contact details.<\/p>\n<\/div>\n\n\n\n<div class=\"wp-block-column is-layout-flow wp-block-column-is-layout-flow\">\n<h2 class=\"is-style-no-decoration wp-block-heading\">How do I become a member?<\/h2>\n\n\n\n<p><a href=\"https:\/\/zonta.se\/en\/vara-klubbar\/\">Contact your nearest club<\/a> to be invited to a club meeting. Then you will find out more about our local efforts and meet the club&#039;s members. Once you have gained insight into Zonta, you are most welcome to apply for membership. You can also be suggested as a member.<\/p>\n<\/div>\n<\/div>\n<\/div><\/div>\n\n\n\n<div id=\"bli-medlem-i-zonta\" class=\"wp-block-group is-style-container-small\"><div class=\"wp-block-group__inner-container is-layout-flow wp-block-group-is-layout-flow\">\n<h2 class=\"has-text-align-center wp-block-heading\">Apply for membership<\/h2>\n\n\n\n<p class=\"has-text-align-center\">Fill in your details to be contacted by your nearest club. Choose <a href=\"https:\/\/zonta.se\/en\/vara-klubbar\/\">that club<\/a> you wish your application to be sent to.<\/p>\n\n\n\n<div class=\"wp-block-contact-form-7-contact-form-selector\">\n<div class=\"wpcf7 no-js\" id=\"wpcf7-f286-o1\" lang=\"sv-SE\" dir=\"ltr\" data-wpcf7-id=\"286\">\n<div class=\"screen-reader-response\"><p role=\"status\" aria-live=\"polite\" aria-atomic=\"true\"><\/p> <ul><\/ul><\/div>\n<form action=\"\/en\/wp-json\/wp\/v2\/pages\/15#wpcf7-f286-o1\" method=\"post\" class=\"wpcf7-form init\" aria-label=\"Contact form\" novalidate=\"novalidate\" data-status=\"init\" data-trp-original-action=\"\/en\/wp-json\/wp\/v2\/pages\/15#wpcf7-f286-o1\">\n<fieldset class=\"hidden-fields-container\"><input type=\"hidden\" name=\"_wpcf7\" value=\"286\" \/><input type=\"hidden\" name=\"_wpcf7_version\" value=\"6.1.5\" \/><input type=\"hidden\" name=\"_wpcf7_locale\" value=\"sv_SE\" \/><input type=\"hidden\" name=\"_wpcf7_unit_tag\" value=\"wpcf7-f286-o1\" \/><input type=\"hidden\" name=\"_wpcf7_container_post\" value=\"0\" \/><input type=\"hidden\" name=\"_wpcf7_posted_data_hash\" value=\"\" \/>\n<\/fieldset>\n<p><label>First and last name:<\/label><span class=\"wpcf7-form-control-wrap\" data-name=\"input-namn\"><input size=\"40\" maxlength=\"400\" class=\"wpcf7-form-control wpcf7-text wpcf7-validates-as-required\" aria-required=\"true\" aria-invalid=\"false\" value=\"\" type=\"text\" name=\"input-namn\" \/><\/span>\n<\/p>\n<p><label>E-mail:<\/label><span class=\"wpcf7-form-control-wrap\" data-name=\"input-epost\"><input size=\"40\" maxlength=\"400\" class=\"wpcf7-form-control wpcf7-email wpcf7-validates-as-required wpcf7-text wpcf7-validates-as-email\" aria-required=\"true\" aria-invalid=\"false\" value=\"\" type=\"email\" name=\"input-epost\" \/><\/span>\n<\/p>\n<p><label>Select club:<\/label><span><select name=\"input-zontaclub\"><option selected disabled hiddenvalue=\"Ingen klubb vald\">No club selected<\/option><option value=\"Bj\u00e4re\">Bj\u00e4re<\/option><option value=\"Eskilstuna\">Eskilstuna<\/option><option value=\"Falun-Borl\u00e4nge\">Falun-Borl\u00e4nge<\/option><option value=\"Flen-Malmk\u00f6ping\">Flen-Malmk\u00f6ping<\/option><option value=\"G\u00e4llivare\">G\u00e4llivare<\/option><option value=\"G\u00e4vle\">G\u00e4vle<\/option><option value=\"G\u00f6teborg I\">Gothenburg I<\/option><option value=\"G\u00f6teborg II\">Gothenburg II<\/option><option value=\"Halmstad\">Halmstad<\/option><option value=\"H\u00e4ssleholm\">H\u00e4ssleholm<\/option><option value=\"Jelgava (Latvija)\">Jelgava (Latvia)<\/option><option value=\"J\u00f6nk\u00f6ping\">J\u00f6nk\u00f6ping<\/option><option value=\"Kalmar\">Kalmar<\/option><option value=\"Karlskrona-Ronneby\">Karlskrona-Ronneby<\/option><option value=\"Karlstad I\">Karlstad I<\/option><option value=\"Katrineholm-Ving\u00e5ker\">Katrineholm-Ving\u00e5ker<\/option><option value=\"Kristianstad\">Kristianstad<\/option><option value=\"Kung\u00e4lv\">Kung\u00e4lv<\/option><option value=\"Liding\u00f6\">Liding\u00f6<\/option><option value=\"Link\u00f6ping\">Link\u00f6ping<\/option><option value=\"Ludvika-Smedjebacken\">Ludvika-Smedjebacken<\/option><option value=\"Lund\">Lund<\/option><option value=\"Lunds Zontaklubb\">Lund&#039;s Zonta Club<\/option><option value=\"M\u00f6lndal\">M\u00f6lndal<\/option><option value=\"Norrk\u00f6ping\">Norrk\u00f6ping<\/option><option value=\"Nyk\u00f6ping-Oxel\u00f6sund I\">Nyk\u00f6ping-Oxel\u00f6sund I<\/option><option value=\"Nyk\u00f6ping-Oxel\u00f6sund II\">Nyk\u00f6ping-Oxel\u00f6sund II<\/option><option value=\"Ogre (Latvija)\">Ogre (Latvia)<\/option><option value=\"\u00d6rebro\">\u00d6rebro<\/option><option value=\"\u00d6stersund\">\u00d6stersund<\/option><option value=\"Riga (Latvija)\">Riga (Latvia)<\/option><option value=\"S\u00e4ffle-\u00c5m\u00e5l\">S\u00e4ffle-\u00c5m\u00e5l<\/option><option value=\"Skellefte\u00e5\">Skellefte\u00e5<\/option><option value=\"S\u00f6dert\u00e4lje\">S\u00f6dert\u00e4lje<\/option><option value=\"Stockholm I\">Stockholm I<\/option><option value=\"Stockholm II\">Stockholm II<\/option><option value=\"Stockholm VI\">Stockholm VI<\/option><option value=\"Sundsvall\">Sundsvall<\/option><option value=\"Trelleborg-Vellinge\">Trelleborg-Vellinge<\/option><option value=\"Uppsala II\">Uppsala II<\/option><option value=\"Valmiera (Latvija)\">Valmiera (Latvia)<\/option><option value=\"V\u00e4nersborg\">V\u00e4nersborg<\/option><option value=\"V\u00e4rnamo\">V\u00e4rnamo<\/option><option value=\"V\u00e4ster\u00e5s\">V\u00e4ster\u00e5s<\/option><option value=\"V\u00e4xj\u00f6\">V\u00e4xj\u00f6<\/option><\/select><\/span>\n<\/p>\n<p><label>Message:<\/label><span class=\"wpcf7-form-control-wrap\" data-name=\"input-meddelande\"><textarea cols=\"40\" rows=\"4\" maxlength=\"2000\" class=\"wpcf7-form-control wpcf7-textarea wpcf7-validates-as-required\" aria-required=\"true\" aria-invalid=\"false\" name=\"input-meddelande\"><\/textarea><\/span>\n<\/p>\n<p class=\"acceptance\">By clicking &quot;Send&quot; you agree that Zonta District 21 saves your personal data and that we use it in accordance with our privacy policy. This page is protected by reCAPTCHA and <a href=\"https:\/\/policies.google.com\/privacy?hl=sv\" rel=\"nofollow noopener\" target=\"_blank\">Google privacy policy<\/a> and <a href=\"https:\/\/policies.google.com\/terms?hl=sv\" rel=\"nofollow noopener\" target=\"_blank\">terms<\/a> applies.\n<\/p>\n<div class=\"submit\">\n\t<p><input class=\"wpcf7-form-control wpcf7-submit has-spinner\" type=\"submit\" value=\"Send\" \/>\n\t<\/p>\n<\/div><div class=\"wpcf7-response-output\" aria-hidden=\"true\"><\/div>\n<input type=\"hidden\" name=\"trp-form-language\" value=\"en\"\/><\/form>\n<\/div>\n<\/div>\n<\/div><\/div>","protected":false},"excerpt":{"rendered":"<p>Bli medlem &#8211; Tillsammans g\u00f6r vi skillnad Som medlem i Zonta ing\u00e5r du i ett globalt n\u00e4tverk av omkring 25 000 personer som alla delar ditt engagemang f\u00f6r kvinnors r\u00e4ttigheter. Vi st\u00e4rker andra Alla Zontaklubbar v\u00e4rlden \u00f6ver arbetar mot ett gemensamt m\u00e5l: att st\u00e4rka kvinnor och flickor. Det kan vara genom insamlingar, st\u00f6djande insatser eller [&hellip;]<\/p>\n","protected":false},"author":1,"featured_media":0,"parent":0,"menu_order":0,"comment_status":"closed","ping_status":"closed","template":"","meta":{"_acf_changed":false,"footnotes":""},"class_list":["post-15","page","type-page","status-publish","hentry"],"acf":[],"yoast_head":"<!-- This site is optimized with the Yoast SEO plugin v27.3 - https:\/\/yoast.com\/product\/yoast-seo-wordpress\/ -->\n<title>Bli medlem - Zonta Distrikt 21<\/title>\n<meta name=\"robots\" content=\"index, follow, max-snippet:-1, max-image-preview:large, max-video-preview:-1\" \/>\n<link rel=\"canonical\" href=\"https:\/\/zonta.se\/en\/bli-medlem\/\" \/>\n<meta property=\"og:locale\" content=\"en_US\" \/>\n<meta property=\"og:type\" content=\"article\" \/>\n<meta property=\"og:title\" content=\"Bli medlem - Zonta Distrikt 21\" \/>\n<meta property=\"og:description\" content=\"Bli medlem &#8211; Tillsammans g\u00f6r vi skillnad Som medlem i Zonta ing\u00e5r du i ett globalt n\u00e4tverk av omkring 25 000 personer som alla delar ditt engagemang f\u00f6r kvinnors r\u00e4ttigheter. Vi st\u00e4rker andra Alla Zontaklubbar v\u00e4rlden \u00f6ver arbetar mot ett gemensamt m\u00e5l: att st\u00e4rka kvinnor och flickor. Det kan vara genom insamlingar, st\u00f6djande insatser eller [&hellip;]\" \/>\n<meta property=\"og:url\" content=\"https:\/\/zonta.se\/en\/bli-medlem\/\" \/>\n<meta property=\"og:site_name\" content=\"Zonta Distrikt 21\" \/>\n<meta property=\"article:modified_time\" content=\"2022-11-08T09:39:38+00:00\" \/>\n<meta property=\"og:image\" content=\"https:\/\/zonta.se\/wp-content\/uploads\/2022\/08\/zonta-hero-bli-medlem-1200x800.jpg\" \/>\n<meta name=\"twitter:card\" content=\"summary_large_image\" \/>\n<meta name=\"twitter:label1\" content=\"Est. reading time\" \/>\n\t<meta name=\"twitter:data1\" content=\"3 minutes\" \/>\n<script type=\"application\/ld+json\" class=\"yoast-schema-graph\">{\"@context\":\"https:\\\/\\\/schema.org\",\"@graph\":[{\"@type\":\"WebPage\",\"@id\":\"https:\\\/\\\/zonta.se\\\/bli-medlem\\\/\",\"url\":\"https:\\\/\\\/zonta.se\\\/bli-medlem\\\/\",\"name\":\"Bli medlem - Zonta Distrikt 21\",\"isPartOf\":{\"@id\":\"https:\\\/\\\/zonta.se\\\/#website\"},\"primaryImageOfPage\":{\"@id\":\"https:\\\/\\\/zonta.se\\\/bli-medlem\\\/#primaryimage\"},\"image\":{\"@id\":\"https:\\\/\\\/zonta.se\\\/bli-medlem\\\/#primaryimage\"},\"thumbnailUrl\":\"https:\\\/\\\/zonta.se\\\/wp-content\\\/uploads\\\/2022\\\/08\\\/zonta-hero-bli-medlem-1200x800.jpg\",\"datePublished\":\"2022-08-09T11:43:21+00:00\",\"dateModified\":\"2022-11-08T09:39:38+00:00\",\"breadcrumb\":{\"@id\":\"https:\\\/\\\/zonta.se\\\/bli-medlem\\\/#breadcrumb\"},\"inLanguage\":\"en-US\",\"potentialAction\":[{\"@type\":\"ReadAction\",\"target\":[\"https:\\\/\\\/zonta.se\\\/bli-medlem\\\/\"]}]},{\"@type\":\"ImageObject\",\"inLanguage\":\"en-US\",\"@id\":\"https:\\\/\\\/zonta.se\\\/bli-medlem\\\/#primaryimage\",\"url\":\"https:\\\/\\\/zonta.se\\\/wp-content\\\/uploads\\\/2022\\\/08\\\/zonta-hero-bli-medlem-1200x800.jpg\",\"contentUrl\":\"https:\\\/\\\/zonta.se\\\/wp-content\\\/uploads\\\/2022\\\/08\\\/zonta-hero-bli-medlem-1200x800.jpg\"},{\"@type\":\"BreadcrumbList\",\"@id\":\"https:\\\/\\\/zonta.se\\\/bli-medlem\\\/#breadcrumb\",\"itemListElement\":[{\"@type\":\"ListItem\",\"position\":1,\"name\":\"Hem\",\"item\":\"https:\\\/\\\/zonta.se\\\/\"},{\"@type\":\"ListItem\",\"position\":2,\"name\":\"Bli medlem\"}]},{\"@type\":\"WebSite\",\"@id\":\"https:\\\/\\\/zonta.se\\\/#website\",\"url\":\"https:\\\/\\\/zonta.se\\\/\",\"name\":\"Zonta Distrikt 21\",\"description\":\"\",\"publisher\":{\"@id\":\"https:\\\/\\\/zonta.se\\\/#organization\"},\"potentialAction\":[{\"@type\":\"SearchAction\",\"target\":{\"@type\":\"EntryPoint\",\"urlTemplate\":\"https:\\\/\\\/zonta.se\\\/?s={search_term_string}\"},\"query-input\":{\"@type\":\"PropertyValueSpecification\",\"valueRequired\":true,\"valueName\":\"search_term_string\"}}],\"inLanguage\":\"en-US\"},{\"@type\":\"Organization\",\"@id\":\"https:\\\/\\\/zonta.se\\\/#organization\",\"name\":\"Zonta Distrikt 21\",\"url\":\"https:\\\/\\\/zonta.se\\\/\",\"logo\":{\"@type\":\"ImageObject\",\"inLanguage\":\"en-US\",\"@id\":\"https:\\\/\\\/zonta.se\\\/#\\\/schema\\\/logo\\\/image\\\/\",\"url\":\"https:\\\/\\\/zonta.se\\\/wp-content\\\/uploads\\\/2022\\\/09\\\/zonta-logo-color-1.svg\",\"contentUrl\":\"https:\\\/\\\/zonta.se\\\/wp-content\\\/uploads\\\/2022\\\/09\\\/zonta-logo-color-1.svg\",\"width\":1136,\"height\":355,\"caption\":\"Zonta Distrikt 21\"},\"image\":{\"@id\":\"https:\\\/\\\/zonta.se\\\/#\\\/schema\\\/logo\\\/image\\\/\"}}]}<\/script>\n<!-- \/ Yoast SEO plugin. -->","yoast_head_json":{"title":"Become a member - Zonta District 21","robots":{"index":"index","follow":"follow","max-snippet":"max-snippet:-1","max-image-preview":"max-image-preview:large","max-video-preview":"max-video-preview:-1"},"canonical":"https:\/\/zonta.se\/en\/bli-medlem\/","og_locale":"en_US","og_type":"article","og_title":"Bli medlem - Zonta Distrikt 21","og_description":"Bli medlem &#8211; Tillsammans g\u00f6r vi skillnad Som medlem i Zonta ing\u00e5r du i ett globalt n\u00e4tverk av omkring 25 000 personer som alla delar ditt engagemang f\u00f6r kvinnors r\u00e4ttigheter. Vi st\u00e4rker andra Alla Zontaklubbar v\u00e4rlden \u00f6ver arbetar mot ett gemensamt m\u00e5l: att st\u00e4rka kvinnor och flickor. Det kan vara genom insamlingar, st\u00f6djande insatser eller [&hellip;]","og_url":"https:\/\/zonta.se\/en\/bli-medlem\/","og_site_name":"Zonta Distrikt 21","article_modified_time":"2022-11-08T09:39:38+00:00","og_image":[{"url":"https:\/\/zonta.se\/wp-content\/uploads\/2022\/08\/zonta-hero-bli-medlem-1200x800.jpg","type":"","width":"","height":""}],"twitter_card":"summary_large_image","twitter_misc":{"Est. reading time":"3 minutes"},"schema":{"@context":"https:\/\/schema.org","@graph":[{"@type":"WebPage","@id":"https:\/\/zonta.se\/bli-medlem\/","url":"https:\/\/zonta.se\/bli-medlem\/","name":"Become a member - Zonta District 21","isPartOf":{"@id":"https:\/\/zonta.se\/#website"},"primaryImageOfPage":{"@id":"https:\/\/zonta.se\/bli-medlem\/#primaryimage"},"image":{"@id":"https:\/\/zonta.se\/bli-medlem\/#primaryimage"},"thumbnailUrl":"https:\/\/zonta.se\/wp-content\/uploads\/2022\/08\/zonta-hero-bli-medlem-1200x800.jpg","datePublished":"2022-08-09T11:43:21+00:00","dateModified":"2022-11-08T09:39:38+00:00","breadcrumb":{"@id":"https:\/\/zonta.se\/bli-medlem\/#breadcrumb"},"inLanguage":"en-US","potentialAction":[{"@type":"ReadAction","target":["https:\/\/zonta.se\/bli-medlem\/"]}]},{"@type":"ImageObject","inLanguage":"en-US","@id":"https:\/\/zonta.se\/bli-medlem\/#primaryimage","url":"https:\/\/zonta.se\/wp-content\/uploads\/2022\/08\/zonta-hero-bli-medlem-1200x800.jpg","contentUrl":"https:\/\/zonta.se\/wp-content\/uploads\/2022\/08\/zonta-hero-bli-medlem-1200x800.jpg"},{"@type":"BreadcrumbList","@id":"https:\/\/zonta.se\/bli-medlem\/#breadcrumb","itemListElement":[{"@type":"ListItem","position":1,"name":"Hem","item":"https:\/\/zonta.se\/"},{"@type":"ListItem","position":2,"name":"Bli medlem"}]},{"@type":"WebSite","@id":"https:\/\/zonta.se\/#website","url":"https:\/\/zonta.se\/","name":"Zonta District 21","description":"","publisher":{"@id":"https:\/\/zonta.se\/#organization"},"potentialAction":[{"@type":"SearchAction","target":{"@type":"EntryPoint","urlTemplate":"https:\/\/zonta.se\/?s={search_term_string}"},"query-input":{"@type":"PropertyValueSpecification","valueRequired":true,"valueName":"search_term_string"}}],"inLanguage":"en-US"},{"@type":"Organization","@id":"https:\/\/zonta.se\/#organization","name":"Zonta District 21","url":"https:\/\/zonta.se\/","logo":{"@type":"ImageObject","inLanguage":"en-US","@id":"https:\/\/zonta.se\/#\/schema\/logo\/image\/","url":"https:\/\/zonta.se\/wp-content\/uploads\/2022\/09\/zonta-logo-color-1.svg","contentUrl":"https:\/\/zonta.se\/wp-content\/uploads\/2022\/09\/zonta-logo-color-1.svg","width":1136,"height":355,"caption":"Zonta Distrikt 21"},"image":{"@id":"https:\/\/zonta.se\/#\/schema\/logo\/image\/"}}]}},"_links":{"self":[{"href":"https:\/\/zonta.se\/en\/wp-json\/wp\/v2\/pages\/15","targetHints":{"allow":["GET"]}}],"collection":[{"href":"https:\/\/zonta.se\/en\/wp-json\/wp\/v2\/pages"}],"about":[{"href":"https:\/\/zonta.se\/en\/wp-json\/wp\/v2\/types\/page"}],"author":[{"embeddable":true,"href":"https:\/\/zonta.se\/en\/wp-json\/wp\/v2\/users\/1"}],"replies":[{"embeddable":true,"href":"https:\/\/zonta.se\/en\/wp-json\/wp\/v2\/comments?post=15"}],"version-history":[{"count":29,"href":"https:\/\/zonta.se\/en\/wp-json\/wp\/v2\/pages\/15\/revisions"}],"predecessor-version":[{"id":46590,"href":"https:\/\/zonta.se\/en\/wp-json\/wp\/v2\/pages\/15\/revisions\/46590"}],"wp:attachment":[{"href":"https:\/\/zonta.se\/en\/wp-json\/wp\/v2\/media?parent=15"}],"curies":[{"name":"wp","href":"https:\/\/api.w.org\/{rel}","templated":true}]}}