{"id":19,"date":"2022-08-09T13:43:39","date_gmt":"2022-08-09T11:43:39","guid":{"rendered":"https:\/\/zonta.se\/?page_id=19"},"modified":"2022-10-05T20:07:44","modified_gmt":"2022-10-05T18:07:44","slug":"om-oss","status":"publish","type":"page","link":"https:\/\/zonta.se\/en\/om-oss\/","title":{"rendered":"About us"},"content":{"rendered":"<div class=\"wp-block-group is-style-subhero\"><div class=\"wp-block-group__inner-container is-layout-flow wp-block-group-is-layout-flow\">\n<div class=\"wp-block-group is-style-split-text\"><div class=\"wp-block-group__inner-container is-layout-flow wp-block-group-is-layout-flow\">\n<h1 class=\"is-style-default wp-block-heading\">About us<\/h1>\n\n\n\n<p>Zonta International is a leading global organization of people from various professional groups who work to promote women&#039;s rights through support efforts and advocacy work. We are politically and religiously unbound and today have around 25,000 members in more than 1,100 clubs in around 60 countries.<\/p>\n\n\n\n<p>District 21, which consists of Sweden and Latvia, has around 1,500 members.<\/p>\n<\/div><\/div>\n\n\n\n<div class=\"wp-block-group is-style-split-image\"><div class=\"wp-block-group__inner-container is-layout-flow wp-block-group-is-layout-flow\">\n<figure class=\"wp-block-image size-large\"><img loading=\"lazy\" decoding=\"async\" width=\"1200\" height=\"800\" src=\"https:\/\/zonta.se\/wp-content\/uploads\/2022\/08\/zonta-hero-om-oss-1200x800.jpg\" alt=\"Zonta International \u00e4r en ledande global organisation av personer fr\u00e5n olika yrkesgrupper som arbetar f\u00f6r att fr\u00e4mja kvinnors r\u00e4ttigheter genom st\u00f6djande insatser och p\u00e5verkansarbete.\" class=\"wp-image-43326\" srcset=\"https:\/\/zonta.se\/wp-content\/uploads\/2022\/08\/zonta-hero-om-oss-1200x800.jpg 1200w, https:\/\/zonta.se\/wp-content\/uploads\/2022\/08\/zonta-hero-om-oss-600x400.jpg 600w, https:\/\/zonta.se\/wp-content\/uploads\/2022\/08\/zonta-hero-om-oss-768x512.jpg 768w, https:\/\/zonta.se\/wp-content\/uploads\/2022\/08\/zonta-hero-om-oss-820x547.jpg 820w, https:\/\/zonta.se\/wp-content\/uploads\/2022\/08\/zonta-hero-om-oss.jpg 1500w\" sizes=\"auto, (max-width: 1200px) 100vw, 1200px\" \/><\/figure>\n<\/div><\/div>\n<\/div><\/div>\n\n\n\n<div id=\"vision-och-mal\" class=\"wp-block-group\"><div class=\"wp-block-group__inner-container is-layout-flow wp-block-group-is-layout-flow\">\n<div class=\"wp-block-columns has-2-columns is-style-cols-reverse is-layout-flex wp-container-core-columns-is-layout-9d6595d7 wp-block-columns has-2-columns-is-layout-flex\">\n<div class=\"wp-block-column is-layout-flow wp-block-column-is-layout-flow\">\n<figure class=\"wp-block-image size-full\"><img loading=\"lazy\" decoding=\"async\" width=\"903\" height=\"586\" src=\"https:\/\/zonta.se\/wp-content\/uploads\/2022\/08\/zonta-om-oss-var-vision.jpg\" alt=\"V\u00e5r vision \u00e4r en v\u00e4rld d\u00e4r alla erk\u00e4nner kvinnors r\u00e4ttigheter som m\u00e4nskliga r\u00e4ttigheter och d\u00e4r varje kvinna har m\u00f6jlighet att n\u00e5 sin fulla potential.\" class=\"wp-image-43324\" srcset=\"https:\/\/zonta.se\/wp-content\/uploads\/2022\/08\/zonta-om-oss-var-vision.jpg 903w, https:\/\/zonta.se\/wp-content\/uploads\/2022\/08\/zonta-om-oss-var-vision-600x389.jpg 600w, https:\/\/zonta.se\/wp-content\/uploads\/2022\/08\/zonta-om-oss-var-vision-768x498.jpg 768w, https:\/\/zonta.se\/wp-content\/uploads\/2022\/08\/zonta-om-oss-var-vision-820x532.jpg 820w\" sizes=\"auto, (max-width: 903px) 100vw, 903px\" \/><\/figure>\n<\/div>\n\n\n\n<div class=\"wp-block-column is-layout-flow wp-block-column-is-layout-flow\">\n<h2 class=\"wp-block-heading\">Our vision<\/h2>\n\n\n\n<p>Our vision is a world where everyone recognizes women&#039;s rights as human rights and where every woman has the opportunity to reach her full potential.<\/p>\n\n\n\n<p>In that world, women have access to all resources and are represented in all decision-making positions on the same terms as men.<\/p>\n\n\n\n<p>In that world, no woman is afraid of violence.<\/p>\n<\/div>\n<\/div>\n<\/div><\/div>\n\n\n\n<div class=\"wp-block-group has-lightgray-background-color has-background\"><div class=\"wp-block-group__inner-container is-layout-flow wp-block-group-is-layout-flow\">\n<div class=\"wp-block-columns has-3-columns is-layout-flex wp-container-core-columns-is-layout-9d6595d7 wp-block-columns has-3-columns-is-layout-flex\">\n<div class=\"wp-block-column is-vertically-aligned-top is-layout-flow wp-block-column-is-layout-flow\">\n<h2 class=\"is-style-no-decoration wp-block-heading\">We empower women<\/h2>\n\n\n\n<p>Because we work for an equal world, we empower women by:<\/p>\n\n\n\n<ul class=\"wp-block-list\"><li>Influence locally and globally<\/li><li>Invest in the future<\/li><li>Create lasting change<\/li><li>Develop leaders<\/li><\/ul>\n<\/div>\n\n\n\n<div class=\"wp-block-column is-vertically-aligned-top is-layout-flow wp-block-column-is-layout-flow\">\n<h2 class=\"is-style-no-decoration wp-block-heading\">Supporting efforts<\/h2>\n\n\n\n<p>We provide financial support to several projects for equality and human rights, often in collaboration with various UN agencies. The projects focus, among other things, on promoting women&#039;s health, education and the economy and on abolishing gender-based violence, child marriage and human trafficking.<\/p>\n<\/div>\n\n\n\n<div class=\"wp-block-column is-vertically-aligned-top is-layout-flow wp-block-column-is-layout-flow\">\n<h2 class=\"is-style-no-decoration wp-block-heading\">Influence work<\/h2>\n\n\n\n<p>We want to change attitudes and values in the long term to improve conditions for women and girls and strengthen and protect their human rights. We act at an international, national and local level in matters concerning human rights and gender equality.<\/p>\n<\/div>\n<\/div>\n<\/div><\/div>\n\n\n\n<div class=\"wp-block-group\"><div class=\"wp-block-group__inner-container is-layout-flow wp-block-group-is-layout-flow\">\n<div class=\"wp-block-columns has-2-columns is-style-default is-layout-flex wp-container-core-columns-is-layout-9d6595d7 wp-block-columns has-2-columns-is-layout-flex\">\n<div class=\"wp-block-column is-layout-flow wp-block-column-is-layout-flow\">\n<h2 class=\"wp-block-heading\">our history<\/h2>\n\n\n\n<p>Already in 1919, the &quot;Confederation of Zonta Clubs&quot; was founded in Buffalo, New York. Among the organization&#039;s earliest members were the first generation of college-educated women and the first generation of women in the United States to have the right to vote. Many belonged to a growing but still relatively small group of working women. They committed themselves to women&#039;s equality and women&#039;s right to a better life.<\/p>\n\n\n\n<p>In memory of the founding, November 8 was designated as Zonta Day. A year later, nine clubs had been formed in the United States with a total of 600 members. In almost 100 years, Zonta International has grown into a leading global organization with around 25,000 active and competent women and men.<\/p>\n\n\n\n<p>Zonta came to Sweden as early as 1935, when the first club was established in Stockholm. Today, Sweden together with Latvia form District 21 with around 1,500 members.<\/p>\n\n\n\n<div class=\"wp-block-buttons is-layout-flex wp-block-buttons-is-layout-flex\">\n<div class=\"wp-block-button\"><a class=\"wp-block-button__link\" href=\"\/en\/historia\/\">Read more about our history<\/a><\/div>\n<\/div>\n<\/div>\n\n\n\n<div class=\"wp-block-column is-layout-flow wp-block-column-is-layout-flow\">\n<figure class=\"wp-block-image size-full\"><img loading=\"lazy\" decoding=\"async\" width=\"912\" height=\"525\" src=\"https:\/\/zonta.se\/wp-content\/uploads\/2022\/08\/zonta-om-oss-historia.jpg\" alt=\"Till Sverige kom Zonta redan 1935, d\u00e5 den f\u00f6rsta klubben etablerades i Stockholm. Idag bildar Sverige tillsammans med Lettland Distrikt 21 med omkring 1 500 medlemmar.\" class=\"wp-image-43321\" srcset=\"https:\/\/zonta.se\/wp-content\/uploads\/2022\/08\/zonta-om-oss-historia.jpg 912w, https:\/\/zonta.se\/wp-content\/uploads\/2022\/08\/zonta-om-oss-historia-600x345.jpg 600w, https:\/\/zonta.se\/wp-content\/uploads\/2022\/08\/zonta-om-oss-historia-768x442.jpg 768w, https:\/\/zonta.se\/wp-content\/uploads\/2022\/08\/zonta-om-oss-historia-820x472.jpg 820w\" sizes=\"auto, (max-width: 912px) 100vw, 912px\" \/><\/figure>\n<\/div>\n<\/div>\n<\/div><\/div>\n\n\n\n<div id=\"organisation\" class=\"wp-block-group\"><div class=\"wp-block-group__inner-container is-layout-flow wp-block-group-is-layout-flow\">\n<div class=\"wp-block-columns has-2-columns is-style-cols-reverse is-layout-flex wp-container-core-columns-is-layout-9d6595d7 wp-block-columns has-2-columns-is-layout-flex\">\n<div class=\"wp-block-column is-layout-flow wp-block-column-is-layout-flow\">\n<figure class=\"wp-block-image size-full\"><img loading=\"lazy\" decoding=\"async\" width=\"767\" height=\"477\" src=\"https:\/\/zonta.se\/wp-content\/uploads\/2022\/08\/zonta-karta-organisation.png\" alt=\"Zonta International \u00e4r indelat i 31 distrikt och 1 region \u00f6ver hela v\u00e4rlden. \" class=\"wp-image-43316\" srcset=\"https:\/\/zonta.se\/wp-content\/uploads\/2022\/08\/zonta-karta-organisation.png 767w, https:\/\/zonta.se\/wp-content\/uploads\/2022\/08\/zonta-karta-organisation-600x373.png 600w\" sizes=\"auto, (max-width: 767px) 100vw, 767px\" \/><\/figure>\n<\/div>\n\n\n\n<div class=\"wp-block-column is-layout-flow wp-block-column-is-layout-flow\">\n<h2 class=\"wp-block-heading\">Organisation<\/h2>\n\n\n\n<p>Zonta International is divided into 31 districts and 1 region worldwide. Each district consists of several so-called areas, or geographical areas, and each area contains several clubs. In total, we are approximately 1100 clubs worldwide. Our district, number 21, includes Sweden and Latvia and about 60 clubs.<\/p>\n<\/div>\n<\/div>\n<\/div><\/div>\n\n\n\n<div class=\"wp-block-group\"><div class=\"wp-block-group__inner-container is-layout-flow wp-block-group-is-layout-flow\">\n<div class=\"wp-block-columns has-2-columns is-style-default is-layout-flex wp-container-core-columns-is-layout-9d6595d7 wp-block-columns has-2-columns-is-layout-flex\">\n<div class=\"wp-block-column is-layout-flow wp-block-column-is-layout-flow\">\n<h2 class=\"wp-block-heading\">Zonta is governed democratically<\/h2>\n\n\n\n<p>Zonta International follows democratic procedures and we encourage our members to be active in decisions at all levels.<\/p>\n\n\n\n<h3 class=\"wp-block-heading\">International World Meetings<\/h3>\n\n\n\n<p>Every two years, an international world meeting is arranged - Zonta International Convention. Matters and decisions are processed there both within the member organization Zonta International and the fundraising organization Zonta Foundation for Women. At the world meeting, delegates from Zonta clubs worldwide attend to represent, vote, elect the board and make decisions that ensure Zonta lives up to its mission and vision.<\/p>\n\n\n\n<h3 class=\"wp-block-heading\">District meetings<\/h3>\n\n\n\n<p>Every two years, in between two world meetings, we hold our district meeting. Even then, it is delegates from the clubs who vote and make decisions, including on the board and budget for the coming year.<\/p>\n\n\n\n<h3 class=\"wp-block-heading\">Zonta International Board of Directors<\/h3>\n\n\n\n<p>Zonta is led by an international board, the Zonta International Board, which is elected at the world meeting every two years. The board&#039;s task is to determine policies and decide on general direction for Zonta globally.<\/p>\n\n\n\n<h3 class=\"wp-block-heading\">Zonta Foundation for Women<\/h3>\n\n\n\n<p>The Zonta Foundation for Women is Zonta&#039;s fundraising organization. Its mission is to collect and manage funds for the projects that the world meeting decides on. The funds collected will be used to support women&#039;s right to good health, education and a fair legal, political and economic position in the world.&nbsp;<\/p>\n\n\n\n<p>The board of Zonta Foundation for Women is the same as that of Zonta International.<\/p>\n\n\n\n<h3 class=\"wp-block-heading\">Zonta International Committees<\/h3>\n\n\n\n<p>Zonta International has more than 20 different committees. In cooperation with the board, the committees have a key role in implementing the two-year goals decided by the world meeting.<\/p>\n<\/div>\n\n\n\n<div class=\"wp-block-column is-layout-flow wp-block-column-is-layout-flow\">\n<figure class=\"wp-block-image size-large\"><img loading=\"lazy\" decoding=\"async\" width=\"686\" height=\"1200\" src=\"https:\/\/zonta.se\/wp-content\/uploads\/2022\/08\/zonta-karta-over-struktur-inom-organisationen-686x1200.jpeg\" alt=\"Karta \u00f6ver strukturen inom Zonta som organisation\" class=\"wp-image-43317\" srcset=\"https:\/\/zonta.se\/wp-content\/uploads\/2022\/08\/zonta-karta-over-struktur-inom-organisationen-686x1200.jpeg 686w, https:\/\/zonta.se\/wp-content\/uploads\/2022\/08\/zonta-karta-over-struktur-inom-organisationen-343x600.jpeg 343w, https:\/\/zonta.se\/wp-content\/uploads\/2022\/08\/zonta-karta-over-struktur-inom-organisationen-768x1344.jpeg 768w, https:\/\/zonta.se\/wp-content\/uploads\/2022\/08\/zonta-karta-over-struktur-inom-organisationen-469x820.jpeg 469w, https:\/\/zonta.se\/wp-content\/uploads\/2022\/08\/zonta-karta-over-struktur-inom-organisationen.jpeg 800w\" sizes=\"auto, (max-width: 686px) 100vw, 686px\" \/><\/figure>\n<\/div>\n<\/div>\n<\/div><\/div>\n\n\n\n<div class=\"wp-block-group is-style-cta\"><div class=\"wp-block-group__inner-container is-layout-flow wp-block-group-is-layout-flow\">\n<h2 class=\"has-text-align-center wp-block-heading\">Engage yourself!<\/h2>\n\n\n\n<p class=\"has-text-align-center\">As a member of Zonta, you are part of a wide network of people from different professional groups who are creating a better future for girls and women all over the world.<\/p>\n\n\n\n<div class=\"wp-block-buttons is-content-justification-center is-layout-flex wp-container-core-buttons-is-layout-16018d1d wp-block-buttons-is-layout-flex\">\n<div class=\"wp-block-button is-style-outline is-style-outline--1\"><a class=\"wp-block-button__link\" href=\"\/en\/bli-medlem\/\">Sign up<\/a><\/div>\n<\/div>\n<\/div><\/div>","protected":false},"excerpt":{"rendered":"<p>Om oss Zonta International \u00e4r en ledande global organisation av personer fr\u00e5n olika yrkesgrupper som arbetar f\u00f6r att fr\u00e4mja kvinnors r\u00e4ttigheter genom st\u00f6djande insatser och p\u00e5verkansarbete. Vi \u00e4r partipolitiskt och religi\u00f6st obundna och har i dag omkring 25 000 medlemmar i mer \u00e4n 1100 klubbar i cirka 60 l\u00e4nder. Distrikt 21, som best\u00e5r av Sverige [&hellip;]<\/p>\n","protected":false},"author":1,"featured_media":0,"parent":0,"menu_order":0,"comment_status":"closed","ping_status":"closed","template":"","meta":{"_acf_changed":false,"footnotes":""},"class_list":["post-19","page","type-page","status-publish","hentry"],"acf":[],"yoast_head":"<!-- This site is optimized with the Yoast SEO plugin v27.2 - https:\/\/yoast.com\/product\/yoast-seo-wordpress\/ -->\n<title>Om oss - Zonta Distrikt 21<\/title>\n<meta name=\"robots\" content=\"index, follow, max-snippet:-1, max-image-preview:large, max-video-preview:-1\" \/>\n<link rel=\"canonical\" href=\"https:\/\/zonta.se\/en\/om-oss\/\" \/>\n<meta property=\"og:locale\" content=\"en_US\" \/>\n<meta property=\"og:type\" content=\"article\" \/>\n<meta property=\"og:title\" content=\"Om oss - Zonta Distrikt 21\" \/>\n<meta property=\"og:description\" content=\"Om oss Zonta International \u00e4r en ledande global organisation av personer fr\u00e5n olika yrkesgrupper som arbetar f\u00f6r att fr\u00e4mja kvinnors r\u00e4ttigheter genom st\u00f6djande insatser och p\u00e5verkansarbete. Vi \u00e4r partipolitiskt och religi\u00f6st obundna och har i dag omkring 25 000 medlemmar i mer \u00e4n 1100 klubbar i cirka 60 l\u00e4nder. Distrikt 21, som best\u00e5r av Sverige [&hellip;]\" \/>\n<meta property=\"og:url\" content=\"https:\/\/zonta.se\/en\/om-oss\/\" \/>\n<meta property=\"og:site_name\" content=\"Zonta Distrikt 21\" \/>\n<meta property=\"article:modified_time\" content=\"2022-10-05T18:07:44+00:00\" \/>\n<meta property=\"og:image\" content=\"https:\/\/zonta.se\/wp-content\/uploads\/2022\/08\/zonta-hero-om-oss-1200x800.jpg\" \/>\n<meta name=\"twitter:card\" content=\"summary_large_image\" \/>\n<meta name=\"twitter:label1\" content=\"Est. reading time\" \/>\n\t<meta name=\"twitter:data1\" content=\"5 minutes\" \/>\n<script type=\"application\/ld+json\" class=\"yoast-schema-graph\">{\"@context\":\"https:\/\/schema.org\",\"@graph\":[{\"@type\":\"WebPage\",\"@id\":\"https:\/\/zonta.se\/om-oss\/\",\"url\":\"https:\/\/zonta.se\/om-oss\/\",\"name\":\"Om oss - Zonta Distrikt 21\",\"isPartOf\":{\"@id\":\"https:\/\/zonta.se\/#website\"},\"primaryImageOfPage\":{\"@id\":\"https:\/\/zonta.se\/om-oss\/#primaryimage\"},\"image\":{\"@id\":\"https:\/\/zonta.se\/om-oss\/#primaryimage\"},\"thumbnailUrl\":\"https:\/\/zonta.se\/wp-content\/uploads\/2022\/08\/zonta-hero-om-oss-1200x800.jpg\",\"datePublished\":\"2022-08-09T11:43:39+00:00\",\"dateModified\":\"2022-10-05T18:07:44+00:00\",\"breadcrumb\":{\"@id\":\"https:\/\/zonta.se\/om-oss\/#breadcrumb\"},\"inLanguage\":\"en-US\",\"potentialAction\":[{\"@type\":\"ReadAction\",\"target\":[\"https:\/\/zonta.se\/om-oss\/\"]}]},{\"@type\":\"ImageObject\",\"inLanguage\":\"en-US\",\"@id\":\"https:\/\/zonta.se\/om-oss\/#primaryimage\",\"url\":\"https:\/\/zonta.se\/wp-content\/uploads\/2022\/08\/zonta-hero-om-oss-1200x800.jpg\",\"contentUrl\":\"https:\/\/zonta.se\/wp-content\/uploads\/2022\/08\/zonta-hero-om-oss-1200x800.jpg\"},{\"@type\":\"BreadcrumbList\",\"@id\":\"https:\/\/zonta.se\/om-oss\/#breadcrumb\",\"itemListElement\":[{\"@type\":\"ListItem\",\"position\":1,\"name\":\"Hem\",\"item\":\"https:\/\/zonta.se\/\"},{\"@type\":\"ListItem\",\"position\":2,\"name\":\"Om oss\"}]},{\"@type\":\"WebSite\",\"@id\":\"https:\/\/zonta.se\/#website\",\"url\":\"https:\/\/zonta.se\/\",\"name\":\"Zonta Distrikt 21\",\"description\":\"\",\"publisher\":{\"@id\":\"https:\/\/zonta.se\/#organization\"},\"potentialAction\":[{\"@type\":\"SearchAction\",\"target\":{\"@type\":\"EntryPoint\",\"urlTemplate\":\"https:\/\/zonta.se\/?s={search_term_string}\"},\"query-input\":{\"@type\":\"PropertyValueSpecification\",\"valueRequired\":true,\"valueName\":\"search_term_string\"}}],\"inLanguage\":\"en-US\"},{\"@type\":\"Organization\",\"@id\":\"https:\/\/zonta.se\/#organization\",\"name\":\"Zonta Distrikt 21\",\"url\":\"https:\/\/zonta.se\/\",\"logo\":{\"@type\":\"ImageObject\",\"inLanguage\":\"en-US\",\"@id\":\"https:\/\/zonta.se\/#\/schema\/logo\/image\/\",\"url\":\"https:\/\/zonta.se\/wp-content\/uploads\/2022\/09\/zonta-logo-color-1.svg\",\"contentUrl\":\"https:\/\/zonta.se\/wp-content\/uploads\/2022\/09\/zonta-logo-color-1.svg\",\"width\":1136,\"height\":355,\"caption\":\"Zonta Distrikt 21\"},\"image\":{\"@id\":\"https:\/\/zonta.se\/#\/schema\/logo\/image\/\"}}]}<\/script>\n<!-- \/ Yoast SEO plugin. -->","yoast_head_json":{"title":"About Us - Zonta District 21","robots":{"index":"index","follow":"follow","max-snippet":"max-snippet:-1","max-image-preview":"max-image-preview:large","max-video-preview":"max-video-preview:-1"},"canonical":"https:\/\/zonta.se\/en\/om-oss\/","og_locale":"en_US","og_type":"article","og_title":"Om oss - Zonta Distrikt 21","og_description":"Om oss Zonta International \u00e4r en ledande global organisation av personer fr\u00e5n olika yrkesgrupper som arbetar f\u00f6r att fr\u00e4mja kvinnors r\u00e4ttigheter genom st\u00f6djande insatser och p\u00e5verkansarbete. Vi \u00e4r partipolitiskt och religi\u00f6st obundna och har i dag omkring 25 000 medlemmar i mer \u00e4n 1100 klubbar i cirka 60 l\u00e4nder. Distrikt 21, som best\u00e5r av Sverige [&hellip;]","og_url":"https:\/\/zonta.se\/en\/om-oss\/","og_site_name":"Zonta Distrikt 21","article_modified_time":"2022-10-05T18:07:44+00:00","og_image":[{"url":"https:\/\/zonta.se\/wp-content\/uploads\/2022\/08\/zonta-hero-om-oss-1200x800.jpg","type":"","width":"","height":""}],"twitter_card":"summary_large_image","twitter_misc":{"Est. reading time":"5 minutes"},"schema":{"@context":"https:\/\/schema.org","@graph":[{"@type":"WebPage","@id":"https:\/\/zonta.se\/om-oss\/","url":"https:\/\/zonta.se\/om-oss\/","name":"About Us - Zonta District 21","isPartOf":{"@id":"https:\/\/zonta.se\/#website"},"primaryImageOfPage":{"@id":"https:\/\/zonta.se\/om-oss\/#primaryimage"},"image":{"@id":"https:\/\/zonta.se\/om-oss\/#primaryimage"},"thumbnailUrl":"https:\/\/zonta.se\/wp-content\/uploads\/2022\/08\/zonta-hero-om-oss-1200x800.jpg","datePublished":"2022-08-09T11:43:39+00:00","dateModified":"2022-10-05T18:07:44+00:00","breadcrumb":{"@id":"https:\/\/zonta.se\/om-oss\/#breadcrumb"},"inLanguage":"en-US","potentialAction":[{"@type":"ReadAction","target":["https:\/\/zonta.se\/om-oss\/"]}]},{"@type":"ImageObject","inLanguage":"en-US","@id":"https:\/\/zonta.se\/om-oss\/#primaryimage","url":"https:\/\/zonta.se\/wp-content\/uploads\/2022\/08\/zonta-hero-om-oss-1200x800.jpg","contentUrl":"https:\/\/zonta.se\/wp-content\/uploads\/2022\/08\/zonta-hero-om-oss-1200x800.jpg"},{"@type":"BreadcrumbList","@id":"https:\/\/zonta.se\/om-oss\/#breadcrumb","itemListElement":[{"@type":"ListItem","position":1,"name":"Hem","item":"https:\/\/zonta.se\/"},{"@type":"ListItem","position":2,"name":"Om oss"}]},{"@type":"WebSite","@id":"https:\/\/zonta.se\/#website","url":"https:\/\/zonta.se\/","name":"Zonta District 21","description":"","publisher":{"@id":"https:\/\/zonta.se\/#organization"},"potentialAction":[{"@type":"SearchAction","target":{"@type":"EntryPoint","urlTemplate":"https:\/\/zonta.se\/?s={search_term_string}"},"query-input":{"@type":"PropertyValueSpecification","valueRequired":true,"valueName":"search_term_string"}}],"inLanguage":"en-US"},{"@type":"Organization","@id":"https:\/\/zonta.se\/#organization","name":"Zonta District 21","url":"https:\/\/zonta.se\/","logo":{"@type":"ImageObject","inLanguage":"en-US","@id":"https:\/\/zonta.se\/#\/schema\/logo\/image\/","url":"https:\/\/zonta.se\/wp-content\/uploads\/2022\/09\/zonta-logo-color-1.svg","contentUrl":"https:\/\/zonta.se\/wp-content\/uploads\/2022\/09\/zonta-logo-color-1.svg","width":1136,"height":355,"caption":"Zonta Distrikt 21"},"image":{"@id":"https:\/\/zonta.se\/#\/schema\/logo\/image\/"}}]}},"_links":{"self":[{"href":"https:\/\/zonta.se\/en\/wp-json\/wp\/v2\/pages\/19","targetHints":{"allow":["GET"]}}],"collection":[{"href":"https:\/\/zonta.se\/en\/wp-json\/wp\/v2\/pages"}],"about":[{"href":"https:\/\/zonta.se\/en\/wp-json\/wp\/v2\/types\/page"}],"author":[{"embeddable":true,"href":"https:\/\/zonta.se\/en\/wp-json\/wp\/v2\/users\/1"}],"replies":[{"embeddable":true,"href":"https:\/\/zonta.se\/en\/wp-json\/wp\/v2\/comments?post=19"}],"version-history":[{"count":30,"href":"https:\/\/zonta.se\/en\/wp-json\/wp\/v2\/pages\/19\/revisions"}],"predecessor-version":[{"id":46174,"href":"https:\/\/zonta.se\/en\/wp-json\/wp\/v2\/pages\/19\/revisions\/46174"}],"wp:attachment":[{"href":"https:\/\/zonta.se\/en\/wp-json\/wp\/v2\/media?parent=19"}],"curies":[{"name":"wp","href":"https:\/\/api.w.org\/{rel}","templated":true}]}}