{"id":23,"date":"2022-08-09T13:43:59","date_gmt":"2022-08-09T11:43:59","guid":{"rendered":"https:\/\/zonta.se\/?page_id=23"},"modified":"2024-10-29T12:34:40","modified_gmt":"2024-10-29T11:34:40","slug":"pressrum","status":"publish","type":"page","link":"https:\/\/zonta.se\/en\/pressrum\/","title":{"rendered":"Press room"},"content":{"rendered":"<div class=\"wp-block-group is-style-default\"><div class=\"wp-block-group__inner-container is-layout-flow wp-block-group-is-layout-flow\">\n<div class=\"wp-block-group is-style-container-small\"><div class=\"wp-block-group__inner-container is-layout-flow wp-block-group-is-layout-flow\">\n<h1 class=\"wp-block-heading has-text-align-center\">Press room<\/h1>\n\n\n\n<p class=\"has-text-align-center\">Here you will find our contact persons for media matters. Welcome to contact us!<\/p>\n<\/div><\/div>\n\n\n\n<div class=\"wp-block-group is-style-container-medium\"><div class=\"wp-block-group__inner-container is-layout-flow wp-block-group-is-layout-flow\">\n<div class=\"board-members\">\n\n    \n    \n        <div class=\"board-members-item\">\n\n                        \n            <div class=\"board-members-image stretch-image\">\n                <figure class=\"wp-block-image\">\n                    <img loading=\"lazy\" decoding=\"async\" src=\"https:\/\/zonta.se\/wp-content\/uploads\/2024\/07\/Margareta-Munge-1-546x820.jpg\" alt=\"\" width=\"546\" height=\"820\" \/>\n                <\/figure>\n            <\/div>\n\n            \n            <div class=\"board-members-content\">\n                <h3 class=\"name\">Margaret Munge<\/h3>\n                <p class=\"title\">Governor, 2024-2026<\/p>\n                <p class=\"email\">E-mail: <a href=\"mailto:margaretamungezonta@gmail.com\">margaretamungezonta@gmail.com<\/a><\/p>\n                <p class=\"phone\">Phone: <a href=\"tel:070-531 56 56\">070-531 56 56<\/a><\/p>\n            <\/div>\t\n\t\t\t<div class=\"vice-ad\">\n\t\t\t\t\t\t<\/div>\n        <\/div>\n\t\n            \n<\/div><\/div><\/div>\n<\/div><\/div>\n\n\n\n<div class=\"wp-block-group\"><div class=\"wp-block-group__inner-container is-layout-flow wp-block-group-is-layout-flow\">\n<div class=\"wp-block-group is-style-container-small\"><div class=\"wp-block-group__inner-container is-layout-flow wp-block-group-is-layout-flow\">\n<h2 class=\"wp-block-heading has-text-align-center\">Area Directors<\/h2>\n\n\n\n<p class=\"has-text-align-center\">Zonta&#039;s Area directors support and coordinate the clubs&#039; work within their geographical area (area). All Area Directors are also part of the District Board.<\/p>\n<\/div><\/div>\n\n\n\n<div class=\"wp-block-group is-style-container-medium\"><div class=\"wp-block-group__inner-container is-layout-flow wp-block-group-is-layout-flow\">\n<div class=\"board-members\">\n\n    \n    \n        <div class=\"board-members-item\">\n\n                        \n            <div class=\"board-members-image stretch-image\">\n                <figure class=\"wp-block-image\">\n                    <img loading=\"lazy\" decoding=\"async\" src=\"https:\/\/zonta.se\/wp-content\/uploads\/2022\/09\/Marjola-Kock-556x820.jpg\" alt=\"\" width=\"556\" height=\"820\" \/>\n                <\/figure>\n            <\/div>\n\n            \n            <div class=\"board-members-content\">\n                <h3 class=\"name\">Marjola Cook<\/h3>\n                <p class=\"title\">Deputy Governor, 2024\u20132026<\/p>\n                <p class=\"email\">E-mail: <a href=\"mailto:marjola@hotmail.se\">marjola@hotmail.se<\/a><\/p>\n                <p class=\"phone\">Phone: <a href=\"tel:076-832 05 74\">076-832 05 74<\/a><\/p>\n            <\/div>\t\n\t\t\t<div class=\"vice-ad\">\n\t\t\t\t\t\t<\/div>\n        <\/div>\n\t\n        \n        <div class=\"board-members-item\">\n\n                        \n            <div class=\"board-members-image stretch-image\">\n                <figure class=\"wp-block-image\">\n                    <img loading=\"lazy\" decoding=\"async\" src=\"https:\/\/zonta.se\/wp-content\/uploads\/2024\/07\/Susanne-Andersson--546x820.jpg\" alt=\"\" width=\"546\" height=\"820\" \/>\n                <\/figure>\n            <\/div>\n\n            \n            <div class=\"board-members-content\">\n                <h3 class=\"name\">Susanne Andersson<\/h3>\n                <p class=\"title\">Area director (AD) AREA 1 \u2013 Norrbottens, V\u00e4sterbottens, J\u00e4mtland and V\u00e4sternorrland counties and H\u00e4lsingland, 2024\u20132026<\/p>\n                <p class=\"email\">E-mail: <a href=\"mailto:susanne@danema.se\">susanne@danema.se<\/a><\/p>\n                <p class=\"phone\">Phone: <a href=\"tel:070-552 61 17\">070-552 61 17<\/a><\/p>\n            <\/div>\t\n\t\t\t<div class=\"vice-ad\">\n\t\t\t<p>Deputy AD is Ida Viderlund, e-mail: ida.viderlund@gmail.com<\/p>\n\t\t\t<\/div>\n        <\/div>\n\t\n        \n        <div class=\"board-members-item\">\n\n                        \n            <div class=\"board-members-image stretch-image\">\n                <figure class=\"wp-block-image\">\n                    <img loading=\"lazy\" decoding=\"async\" src=\"https:\/\/zonta.se\/wp-content\/uploads\/2024\/07\/Carola-Mattson-1-1-546x820.jpg\" alt=\"\" width=\"546\" height=\"820\" \/>\n                <\/figure>\n            <\/div>\n\n            \n            <div class=\"board-members-content\">\n                <h3 class=\"name\">Carol Mattson<\/h3>\n                <p class=\"title\">Area director (AD) AREA 2 \u2013 G\u00e4strikland and the counties of Dalarna, V\u00e4stmanland, Uppsala, Stockholm and Gotland, 2024-2026<\/p>\n                <p class=\"email\">E-mail: <a href=\"mailto:carola@mattsons.se\">carola@mattsons.se<\/a><\/p>\n                <p class=\"phone\">Phone: <a href=\"tel:072-341 64 41\">072-341 64 41<\/a><\/p>\n            <\/div>\t\n\t\t\t<div class=\"vice-ad\">\n\t\t\t<p>Deputy AD is Ulrika B\u00e4ckstr\u00f6m, e-mail: ubackstrom.gavle@gmail.com<\/p>\n\t\t\t<\/div>\n        <\/div>\n\t\n        \n        <div class=\"board-members-item\">\n\n                        \n            <div class=\"board-members-image stretch-image\">\n                <figure class=\"wp-block-image\">\n                    <img loading=\"lazy\" decoding=\"async\" src=\"https:\/\/zonta.se\/wp-content\/uploads\/2024\/07\/Catharina-Benzel-1-1-546x820.jpg\" alt=\"\" width=\"546\" height=\"820\" \/>\n                <\/figure>\n            <\/div>\n\n            \n            <div class=\"board-members-content\">\n                <h3 class=\"name\">Catharina Benzel<\/h3>\n                <p class=\"title\">Area director (AD) AREA 3 \u2013 V\u00e4stra G\u00f6taland County and V\u00e4rmland County, 2024-2026<\/p>\n                <p class=\"email\">E-mail: <a href=\"mailto:cbenzel@hotmail.com\">cbenzel@hotmail.com<\/a><\/p>\n                <p class=\"phone\">Phone: <a href=\"tel:070-940 04 75\">070-940 04 75<\/a><\/p>\n            <\/div>\t\n\t\t\t<div class=\"vice-ad\">\n\t\t\t<p>Deputy AD is Anna Westling, email: anna@westling.org<\/p>\n\t\t\t<\/div>\n        <\/div>\n\t\n        \n        <div class=\"board-members-item\">\n\n                        \n            <div class=\"board-members-image stretch-image\">\n                <figure class=\"wp-block-image\">\n                    <img loading=\"lazy\" decoding=\"async\" src=\"https:\/\/zonta.se\/wp-content\/uploads\/2024\/07\/Margaretha-Ekelund-Svensson--546x820.jpg\" alt=\"\" width=\"546\" height=\"820\" \/>\n                <\/figure>\n            <\/div>\n\n            \n            <div class=\"board-members-content\">\n                <h3 class=\"name\">Margaretha Ekelund Svensson <\/h3>\n                <p class=\"title\">Area director (AD) AREA 4 \u2013 Halland county except Kungsbacka municipality, Blekinge, Sk\u00e5ne and southern Sm\u00e5land, 2024-2026<\/p>\n                <p class=\"email\">E-mail: <a href=\"mailto:margaretha.ekelundsvensson@gmail.com\">margaretha.ekelundsvensson@gmail.com<\/a><\/p>\n                <p class=\"phone\">Phone: <a href=\"tel:073-968 24 90\">073-968 24 90<\/a><\/p>\n            <\/div>\t\n\t\t\t<div class=\"vice-ad\">\n\t\t\t<p>Deputy AD is Anneli Andersson, e-mail:anneli_e_andersson@hotmail.com<\/p>\n\t\t\t<\/div>\n        <\/div>\n\t\n        \n        <div class=\"board-members-item\">\n\n                        \n            <div class=\"board-members-image stretch-image\">\n                <figure class=\"wp-block-image\">\n                    <img loading=\"lazy\" decoding=\"async\" src=\"https:\/\/zonta.se\/wp-content\/uploads\/2024\/07\/Renee-Allvin-kopia-546x820.jpg\" alt=\"\" width=\"546\" height=\"820\" \/>\n                <\/figure>\n            <\/div>\n\n            \n            <div class=\"board-members-content\">\n                <h3 class=\"name\">Renee Allvin<\/h3>\n                <p class=\"title\">Area director (AD) AREA 5 \u2013 S\u00f6rmland, \u00d6sterg\u00f6tland and \u00d6rebro counties and northern Sm\u00e5land, 2024-2026<\/p>\n                <p class=\"email\">E-mail: <a href=\"mailto:renee.allvin@gmail.com\">renee.allvin@gmail.com<\/a><\/p>\n                <p class=\"phone\">Phone: <a href=\"tel:070-418 50 66\">070-418 50 66<\/a><\/p>\n            <\/div>\t\n\t\t\t<div class=\"vice-ad\">\n\t\t\t<p>Deputy AD is Marie Portstr\u00f6m, e-mail: marie.portstrom@gmail.com<\/p>\n\t\t\t<\/div>\n        <\/div>\n\t\n        \n        <div class=\"board-members-item\">\n\n                        \n            <div class=\"board-members-image stretch-image\">\n                <figure class=\"wp-block-image\">\n                    <img loading=\"lazy\" decoding=\"async\" src=\"https:\/\/zonta.se\/wp-content\/uploads\/2024\/07\/Signe-Rotberga-1-1-546x820.jpg\" alt=\"\" width=\"546\" height=\"820\" \/>\n                <\/figure>\n            <\/div>\n\n            \n            <div class=\"board-members-content\">\n                <h3 class=\"name\">Signe Rotberga<\/h3>\n                <p class=\"title\">Area director (AD) AREA 6 \u2013 Latvia (Valmiera, Riga, Ogre, Jelgava), 2024-2026<\/p>\n                <p class=\"email\">E-mail: <a href=\"mailto:signe.rotberga@gmail.com\">signe.rotberga@gmail.com<\/a><\/p>\n                <p class=\"phone\">Phone: <a href=\"tel:+371-292 695 60\">+371-292 695 60<\/a><\/p>\n            <\/div>\t\n\t\t\t<div class=\"vice-ad\">\n\t\t\t<p>Deputy AD is Ligita Azena, email: azenaligita@gmail.com<\/p>\n\t\t\t<\/div>\n        <\/div>\n\t\n            \n<\/div><\/div><\/div>\n<\/div><\/div>\n\n\n\n<div class=\"wp-block-group is-style-container-small\"><div class=\"wp-block-group__inner-container is-layout-flow wp-block-group-is-layout-flow\">\n<h2 class=\"wp-block-heading has-text-align-center\">Contact a specific club<\/h2>\n\n\n\n<p class=\"has-text-align-center\">Fill in your information and write a message to a specific club. Here you will find one <a href=\"\/en\/hitta-en-klubb\/\">list of all district clubs<\/a>.<\/p>\n\n\n\n<div class=\"wp-block-contact-form-7-contact-form-selector\">\n<div class=\"wpcf7 no-js\" id=\"wpcf7-f286-o1\" lang=\"sv-SE\" dir=\"ltr\" data-wpcf7-id=\"286\">\n<div class=\"screen-reader-response\"><p role=\"status\" aria-live=\"polite\" aria-atomic=\"true\"><\/p> <ul><\/ul><\/div>\n<form action=\"\/en\/wp-json\/wp\/v2\/pages\/23#wpcf7-f286-o1\" method=\"post\" class=\"wpcf7-form init\" aria-label=\"Contact form\" novalidate=\"novalidate\" data-status=\"init\" data-trp-original-action=\"\/en\/wp-json\/wp\/v2\/pages\/23#wpcf7-f286-o1\">\n<fieldset class=\"hidden-fields-container\"><input type=\"hidden\" name=\"_wpcf7\" value=\"286\" \/><input type=\"hidden\" name=\"_wpcf7_version\" value=\"6.1.5\" \/><input type=\"hidden\" name=\"_wpcf7_locale\" value=\"sv_SE\" \/><input type=\"hidden\" name=\"_wpcf7_unit_tag\" value=\"wpcf7-f286-o1\" \/><input type=\"hidden\" name=\"_wpcf7_container_post\" value=\"0\" \/><input type=\"hidden\" name=\"_wpcf7_posted_data_hash\" value=\"\" \/>\n<\/fieldset>\n<p><label>First and last name:<\/label><span class=\"wpcf7-form-control-wrap\" data-name=\"input-namn\"><input size=\"40\" maxlength=\"400\" class=\"wpcf7-form-control wpcf7-text wpcf7-validates-as-required\" aria-required=\"true\" aria-invalid=\"false\" value=\"\" type=\"text\" name=\"input-namn\" \/><\/span>\n<\/p>\n<p><label>E-mail:<\/label><span class=\"wpcf7-form-control-wrap\" data-name=\"input-epost\"><input size=\"40\" maxlength=\"400\" class=\"wpcf7-form-control wpcf7-email wpcf7-validates-as-required wpcf7-text wpcf7-validates-as-email\" aria-required=\"true\" aria-invalid=\"false\" value=\"\" type=\"email\" name=\"input-epost\" \/><\/span>\n<\/p>\n<p><label>Select club:<\/label><span><select name=\"input-zontaclub\"><option selected disabled hiddenvalue=\"Ingen klubb vald\">No club selected<\/option><option value=\"Bj\u00e4re\">Bj\u00e4re<\/option><option value=\"Eskilstuna\">Eskilstuna<\/option><option value=\"Falun-Borl\u00e4nge\">Falun-Borl\u00e4nge<\/option><option value=\"Flen-Malmk\u00f6ping\">Flen-Malmk\u00f6ping<\/option><option value=\"G\u00e4llivare\">G\u00e4llivare<\/option><option value=\"G\u00e4vle\">G\u00e4vle<\/option><option value=\"G\u00f6teborg I\">Gothenburg I<\/option><option value=\"G\u00f6teborg II\">Gothenburg II<\/option><option value=\"Halmstad\">Halmstad<\/option><option value=\"H\u00e4ssleholm\">H\u00e4ssleholm<\/option><option value=\"Jelgava (Latvija)\">Jelgava (Latvia)<\/option><option value=\"J\u00f6nk\u00f6ping\">J\u00f6nk\u00f6ping<\/option><option value=\"Kalmar\">Kalmar<\/option><option value=\"Karlskrona-Ronneby\">Karlskrona-Ronneby<\/option><option value=\"Karlstad I\">Karlstad I<\/option><option value=\"Katrineholm-Ving\u00e5ker\">Katrineholm-Ving\u00e5ker<\/option><option value=\"Kristianstad\">Kristianstad<\/option><option value=\"Kung\u00e4lv\">Kung\u00e4lv<\/option><option value=\"Liding\u00f6\">Liding\u00f6<\/option><option value=\"Link\u00f6ping\">Link\u00f6ping<\/option><option value=\"Ludvika-Smedjebacken\">Ludvika-Smedjebacken<\/option><option value=\"Lund\">Lund<\/option><option value=\"Lunds Zontaklubb\">Lund&#039;s Zonta Club<\/option><option value=\"M\u00f6lndal\">M\u00f6lndal<\/option><option value=\"Norrk\u00f6ping\">Norrk\u00f6ping<\/option><option value=\"Nyk\u00f6ping-Oxel\u00f6sund I\">Nyk\u00f6ping-Oxel\u00f6sund I<\/option><option value=\"Nyk\u00f6ping-Oxel\u00f6sund II\">Nyk\u00f6ping-Oxel\u00f6sund II<\/option><option value=\"Ogre (Latvija)\">Ogre (Latvia)<\/option><option value=\"\u00d6rebro\">\u00d6rebro<\/option><option value=\"\u00d6stersund\">\u00d6stersund<\/option><option value=\"Riga (Latvija)\">Riga (Latvia)<\/option><option value=\"S\u00e4ffle-\u00c5m\u00e5l\">S\u00e4ffle-\u00c5m\u00e5l<\/option><option value=\"Skellefte\u00e5\">Skellefte\u00e5<\/option><option value=\"S\u00f6dert\u00e4lje\">S\u00f6dert\u00e4lje<\/option><option value=\"Stockholm I\">Stockholm I<\/option><option value=\"Stockholm II\">Stockholm II<\/option><option value=\"Stockholm VI\">Stockholm VI<\/option><option value=\"Sundsvall\">Sundsvall<\/option><option value=\"Trelleborg-Vellinge\">Trelleborg-Vellinge<\/option><option value=\"Uppsala II\">Uppsala II<\/option><option value=\"Valmiera (Latvija)\">Valmiera (Latvia)<\/option><option value=\"V\u00e4nersborg\">V\u00e4nersborg<\/option><option value=\"V\u00e4rnamo\">V\u00e4rnamo<\/option><option value=\"V\u00e4ster\u00e5s\">V\u00e4ster\u00e5s<\/option><option value=\"V\u00e4xj\u00f6\">V\u00e4xj\u00f6<\/option><\/select><\/span>\n<\/p>\n<p><label>Message:<\/label><span class=\"wpcf7-form-control-wrap\" data-name=\"input-meddelande\"><textarea cols=\"40\" rows=\"4\" maxlength=\"2000\" class=\"wpcf7-form-control wpcf7-textarea wpcf7-validates-as-required\" aria-required=\"true\" aria-invalid=\"false\" name=\"input-meddelande\"><\/textarea><\/span>\n<\/p>\n<p class=\"acceptance\">By clicking &quot;Send&quot; you agree that Zonta District 21 saves your personal data and that we use it in accordance with our privacy policy. This page is protected by reCAPTCHA and <a href=\"https:\/\/policies.google.com\/privacy?hl=sv\" rel=\"nofollow noopener\" target=\"_blank\">Google privacy policy<\/a> and <a href=\"https:\/\/policies.google.com\/terms?hl=sv\" rel=\"nofollow noopener\" target=\"_blank\">terms<\/a> applies.\n<\/p>\n<div class=\"submit\">\n\t<p><input class=\"wpcf7-form-control wpcf7-submit has-spinner\" type=\"submit\" value=\"Send\" \/>\n\t<\/p>\n<\/div><div class=\"wpcf7-response-output\" aria-hidden=\"true\"><\/div>\n<input type=\"hidden\" name=\"trp-form-language\" value=\"en\"\/><\/form>\n<\/div>\n<\/div>\n<\/div><\/div>","protected":false},"excerpt":{"rendered":"<p>Pressrum H\u00e4r hittar du v\u00e5ra kontaktpersoner i mediefr\u00e5gor. V\u00e4lkommen att h\u00f6ra av dig! Area Directors Zontas Area directors st\u00f6djer och samordnar klubbarnas arbete inom sitt geografiska omr\u00e5de (area). Alla Area directors ing\u00e5r \u00e4ven i distriktsstyrelsen. Kontakta en specifik klubb Fyll i dina uppgifter och skriv ett meddelande till en specifik klubb. H\u00e4r hittar du en [&hellip;]<\/p>\n","protected":false},"author":1,"featured_media":0,"parent":0,"menu_order":0,"comment_status":"closed","ping_status":"closed","template":"","meta":{"_acf_changed":false,"footnotes":""},"class_list":["post-23","page","type-page","status-publish","hentry"],"acf":[],"yoast_head":"<!-- This site is optimized with the Yoast SEO plugin v27.3 - https:\/\/yoast.com\/product\/yoast-seo-wordpress\/ -->\n<title>Pressrum - Zonta Distrikt 21<\/title>\n<meta name=\"robots\" content=\"index, follow, max-snippet:-1, max-image-preview:large, max-video-preview:-1\" \/>\n<link rel=\"canonical\" href=\"https:\/\/zonta.se\/en\/pressrum\/\" \/>\n<meta property=\"og:locale\" content=\"en_US\" \/>\n<meta property=\"og:type\" content=\"article\" \/>\n<meta property=\"og:title\" content=\"Pressrum - Zonta Distrikt 21\" \/>\n<meta property=\"og:description\" content=\"Pressrum H\u00e4r hittar du v\u00e5ra kontaktpersoner i mediefr\u00e5gor. V\u00e4lkommen att h\u00f6ra av dig! Area Directors Zontas Area directors st\u00f6djer och samordnar klubbarnas arbete inom sitt geografiska omr\u00e5de (area). Alla Area directors ing\u00e5r \u00e4ven i distriktsstyrelsen. Kontakta en specifik klubb Fyll i dina uppgifter och skriv ett meddelande till en specifik klubb. H\u00e4r hittar du en [&hellip;]\" \/>\n<meta property=\"og:url\" content=\"https:\/\/zonta.se\/en\/pressrum\/\" \/>\n<meta property=\"og:site_name\" content=\"Zonta Distrikt 21\" \/>\n<meta property=\"article:modified_time\" content=\"2024-10-29T11:34:40+00:00\" \/>\n<meta name=\"twitter:card\" content=\"summary_large_image\" \/>\n<meta name=\"twitter:label1\" content=\"Est. reading time\" \/>\n\t<meta name=\"twitter:data1\" content=\"1 minute\" \/>\n<script type=\"application\/ld+json\" class=\"yoast-schema-graph\">{\"@context\":\"https:\\\/\\\/schema.org\",\"@graph\":[{\"@type\":\"WebPage\",\"@id\":\"https:\\\/\\\/zonta.se\\\/pressrum\\\/\",\"url\":\"https:\\\/\\\/zonta.se\\\/pressrum\\\/\",\"name\":\"Pressrum - Zonta Distrikt 21\",\"isPartOf\":{\"@id\":\"https:\\\/\\\/zonta.se\\\/#website\"},\"datePublished\":\"2022-08-09T11:43:59+00:00\",\"dateModified\":\"2024-10-29T11:34:40+00:00\",\"breadcrumb\":{\"@id\":\"https:\\\/\\\/zonta.se\\\/pressrum\\\/#breadcrumb\"},\"inLanguage\":\"en-US\",\"potentialAction\":[{\"@type\":\"ReadAction\",\"target\":[\"https:\\\/\\\/zonta.se\\\/pressrum\\\/\"]}]},{\"@type\":\"BreadcrumbList\",\"@id\":\"https:\\\/\\\/zonta.se\\\/pressrum\\\/#breadcrumb\",\"itemListElement\":[{\"@type\":\"ListItem\",\"position\":1,\"name\":\"Hem\",\"item\":\"https:\\\/\\\/zonta.se\\\/\"},{\"@type\":\"ListItem\",\"position\":2,\"name\":\"Pressrum\"}]},{\"@type\":\"WebSite\",\"@id\":\"https:\\\/\\\/zonta.se\\\/#website\",\"url\":\"https:\\\/\\\/zonta.se\\\/\",\"name\":\"Zonta Distrikt 21\",\"description\":\"\",\"publisher\":{\"@id\":\"https:\\\/\\\/zonta.se\\\/#organization\"},\"potentialAction\":[{\"@type\":\"SearchAction\",\"target\":{\"@type\":\"EntryPoint\",\"urlTemplate\":\"https:\\\/\\\/zonta.se\\\/?s={search_term_string}\"},\"query-input\":{\"@type\":\"PropertyValueSpecification\",\"valueRequired\":true,\"valueName\":\"search_term_string\"}}],\"inLanguage\":\"en-US\"},{\"@type\":\"Organization\",\"@id\":\"https:\\\/\\\/zonta.se\\\/#organization\",\"name\":\"Zonta Distrikt 21\",\"url\":\"https:\\\/\\\/zonta.se\\\/\",\"logo\":{\"@type\":\"ImageObject\",\"inLanguage\":\"en-US\",\"@id\":\"https:\\\/\\\/zonta.se\\\/#\\\/schema\\\/logo\\\/image\\\/\",\"url\":\"https:\\\/\\\/zonta.se\\\/wp-content\\\/uploads\\\/2022\\\/09\\\/zonta-logo-color-1.svg\",\"contentUrl\":\"https:\\\/\\\/zonta.se\\\/wp-content\\\/uploads\\\/2022\\\/09\\\/zonta-logo-color-1.svg\",\"width\":1136,\"height\":355,\"caption\":\"Zonta Distrikt 21\"},\"image\":{\"@id\":\"https:\\\/\\\/zonta.se\\\/#\\\/schema\\\/logo\\\/image\\\/\"}}]}<\/script>\n<!-- \/ Yoast SEO plugin. -->","yoast_head_json":{"title":"Press Room - Zonta District 21","robots":{"index":"index","follow":"follow","max-snippet":"max-snippet:-1","max-image-preview":"max-image-preview:large","max-video-preview":"max-video-preview:-1"},"canonical":"https:\/\/zonta.se\/en\/pressrum\/","og_locale":"en_US","og_type":"article","og_title":"Pressrum - Zonta Distrikt 21","og_description":"Pressrum H\u00e4r hittar du v\u00e5ra kontaktpersoner i mediefr\u00e5gor. V\u00e4lkommen att h\u00f6ra av dig! Area Directors Zontas Area directors st\u00f6djer och samordnar klubbarnas arbete inom sitt geografiska omr\u00e5de (area). Alla Area directors ing\u00e5r \u00e4ven i distriktsstyrelsen. Kontakta en specifik klubb Fyll i dina uppgifter och skriv ett meddelande till en specifik klubb. H\u00e4r hittar du en [&hellip;]","og_url":"https:\/\/zonta.se\/en\/pressrum\/","og_site_name":"Zonta Distrikt 21","article_modified_time":"2024-10-29T11:34:40+00:00","twitter_card":"summary_large_image","twitter_misc":{"Est. reading time":"1 minute"},"schema":{"@context":"https:\/\/schema.org","@graph":[{"@type":"WebPage","@id":"https:\/\/zonta.se\/pressrum\/","url":"https:\/\/zonta.se\/pressrum\/","name":"Press Room - Zonta District 21","isPartOf":{"@id":"https:\/\/zonta.se\/#website"},"datePublished":"2022-08-09T11:43:59+00:00","dateModified":"2024-10-29T11:34:40+00:00","breadcrumb":{"@id":"https:\/\/zonta.se\/pressrum\/#breadcrumb"},"inLanguage":"en-US","potentialAction":[{"@type":"ReadAction","target":["https:\/\/zonta.se\/pressrum\/"]}]},{"@type":"BreadcrumbList","@id":"https:\/\/zonta.se\/pressrum\/#breadcrumb","itemListElement":[{"@type":"ListItem","position":1,"name":"Hem","item":"https:\/\/zonta.se\/"},{"@type":"ListItem","position":2,"name":"Pressrum"}]},{"@type":"WebSite","@id":"https:\/\/zonta.se\/#website","url":"https:\/\/zonta.se\/","name":"Zonta District 21","description":"","publisher":{"@id":"https:\/\/zonta.se\/#organization"},"potentialAction":[{"@type":"SearchAction","target":{"@type":"EntryPoint","urlTemplate":"https:\/\/zonta.se\/?s={search_term_string}"},"query-input":{"@type":"PropertyValueSpecification","valueRequired":true,"valueName":"search_term_string"}}],"inLanguage":"en-US"},{"@type":"Organization","@id":"https:\/\/zonta.se\/#organization","name":"Zonta District 21","url":"https:\/\/zonta.se\/","logo":{"@type":"ImageObject","inLanguage":"en-US","@id":"https:\/\/zonta.se\/#\/schema\/logo\/image\/","url":"https:\/\/zonta.se\/wp-content\/uploads\/2022\/09\/zonta-logo-color-1.svg","contentUrl":"https:\/\/zonta.se\/wp-content\/uploads\/2022\/09\/zonta-logo-color-1.svg","width":1136,"height":355,"caption":"Zonta Distrikt 21"},"image":{"@id":"https:\/\/zonta.se\/#\/schema\/logo\/image\/"}}]}},"_links":{"self":[{"href":"https:\/\/zonta.se\/en\/wp-json\/wp\/v2\/pages\/23","targetHints":{"allow":["GET"]}}],"collection":[{"href":"https:\/\/zonta.se\/en\/wp-json\/wp\/v2\/pages"}],"about":[{"href":"https:\/\/zonta.se\/en\/wp-json\/wp\/v2\/types\/page"}],"author":[{"embeddable":true,"href":"https:\/\/zonta.se\/en\/wp-json\/wp\/v2\/users\/1"}],"replies":[{"embeddable":true,"href":"https:\/\/zonta.se\/en\/wp-json\/wp\/v2\/comments?post=23"}],"version-history":[{"count":52,"href":"https:\/\/zonta.se\/en\/wp-json\/wp\/v2\/pages\/23\/revisions"}],"predecessor-version":[{"id":49915,"href":"https:\/\/zonta.se\/en\/wp-json\/wp\/v2\/pages\/23\/revisions\/49915"}],"wp:attachment":[{"href":"https:\/\/zonta.se\/en\/wp-json\/wp\/v2\/media?parent=23"}],"curies":[{"name":"wp","href":"https:\/\/api.w.org\/{rel}","templated":true}]}}