{"id":29,"date":"2022-08-09T13:45:52","date_gmt":"2022-08-09T11:45:52","guid":{"rendered":"https:\/\/zonta.se\/?page_id=29"},"modified":"2024-11-26T14:56:43","modified_gmt":"2024-11-26T13:56:43","slug":"det-har-gor-vi","status":"publish","type":"page","link":"https:\/\/zonta.se\/en\/det-har-gor-vi\/","title":{"rendered":"This is what we do"},"content":{"rendered":"<div class=\"wp-block-group is-style-subhero\"><div class=\"wp-block-group__inner-container is-layout-flow wp-block-group-is-layout-flow\">\n<div class=\"wp-block-group is-style-split-text\"><div class=\"wp-block-group__inner-container is-layout-flow wp-block-group-is-layout-flow\">\n<h1 class=\"wp-block-heading is-style-default\">What Zonta does<\/h1>\n\n\n\n<p>We want every woman in the world to be able to reach her full potential. We want a world where women have access to all resources on the same terms as men and where no woman is afraid of violence. In order for this to become a reality, we have a close collaboration with the UN and work with international projects for equality and human rights, with a focus on women&#039;s and girls&#039; health, education and the economy.<\/p>\n<\/div><\/div>\n\n\n\n<div class=\"wp-block-group is-style-split-image\"><div class=\"wp-block-group__inner-container is-layout-flow wp-block-group-is-layout-flow\">\n<figure class=\"wp-block-image size-large\"><img loading=\"lazy\" decoding=\"async\" width=\"1200\" height=\"800\" src=\"https:\/\/zonta.se\/wp-content\/uploads\/2022\/08\/zonta-hero-det-har-gor-vi-1200x800.jpg\" alt=\"Zonta arbetar med internationella projekt f\u00f6r j\u00e4mst\u00e4lldhet och m\u00e4nskliga r\u00e4ttigheter, med fokus p\u00e5 kvinnor och flickors h\u00e4lsa, utbildning och ekonomi.\" class=\"wp-image-335\" srcset=\"https:\/\/zonta.se\/wp-content\/uploads\/2022\/08\/zonta-hero-det-har-gor-vi-1200x800.jpg 1200w, https:\/\/zonta.se\/wp-content\/uploads\/2022\/08\/zonta-hero-det-har-gor-vi-600x400.jpg 600w, https:\/\/zonta.se\/wp-content\/uploads\/2022\/08\/zonta-hero-det-har-gor-vi-768x512.jpg 768w, https:\/\/zonta.se\/wp-content\/uploads\/2022\/08\/zonta-hero-det-har-gor-vi-820x547.jpg 820w, https:\/\/zonta.se\/wp-content\/uploads\/2022\/08\/zonta-hero-det-har-gor-vi.jpg 1500w\" sizes=\"auto, (max-width: 1200px) 100vw, 1200px\" \/><\/figure>\n<\/div><\/div>\n<\/div><\/div>\n\n\n\n<div class=\"wp-block-group is-style-default\"><div class=\"wp-block-group__inner-container is-layout-flow wp-block-group-is-layout-flow\">\n<div class=\"wp-block-group is-style-container-small-left\"><div class=\"wp-block-group__inner-container is-layout-flow wp-block-group-is-layout-flow\">\n<figure class=\"wp-block-image size-large is-style-image-pb\"><img decoding=\"async\" src=\"https:\/\/zonta.se\/wp-content\/uploads\/2022\/08\/zonta-icon-vi-stodjer-kvinnor.svg\" alt=\"\" class=\"wp-image-270\" \/><\/figure>\n\n\n\n<h2 class=\"wp-block-heading\">We support women and girls<\/h2>\n\n\n\n<p>Zonta provides financial support to several projects for human rights and gender equality, often in collaboration with various UN agencies. The projects we are involved in are, among other things, about promoting women&#039;s health, education and economic situation. We also work with projects to abolish gender-based violence, child marriage and human trafficking.<a href=\"https:\/\/zonta.se\/en\/engagera-flickor-i-klimatforandringar-pa-madagaskar\/\"><\/a><\/p>\n<\/div><\/div>\n\n\n\n<div class=\"wp-block-group\"><div class=\"wp-block-group__inner-container is-layout-flow wp-block-group-is-layout-flow\">\n<div class=\"wp-block-columns has-4-columns chosen-projects\">\n\n\n\n    <div class=\"wp-block-column\">\n\n        \n        <div class=\"card-image stretch-image\">\n            <figure class=\"wp-block-image\">\n                <img loading=\"lazy\" decoding=\"async\" src=\"https:\/\/zonta.se\/wp-content\/uploads\/2022\/08\/zonta_stoppa_barnaktenskap-820x452.jpeg\" alt=\"\" width=\"820\" height=\"452\" \/>\n            <\/figure>\n        <\/div>\n\n        <div class=\"card-content\">\n            <h3>Stop child marriage<\/h3>\n            <p class=\"link\"><a href=\"https:\/\/zonta.se\/en\/vara-projekt\/stoppa-barnaktenskap\/\">Read more<\/a><\/p>\n        <\/div>\n\n    <\/div>\n     \n    \n    <div class=\"wp-block-column\">\n\n        \n        <div class=\"card-image stretch-image\">\n            <figure class=\"wp-block-image\">\n                <img loading=\"lazy\" decoding=\"async\" src=\"https:\/\/zonta.se\/wp-content\/uploads\/2024\/11\/Laaha_WebAbout_Discover.jpg\" alt=\"\" width=\"580\" height=\"286\" \/>\n            <\/figure>\n        <\/div>\n\n        <div class=\"card-content\">\n            <h3>Laaha \u2013 A safe place online<\/h3>\n            <p class=\"link\"><a href=\"https:\/\/zonta.se\/en\/vara-projekt\/laaha\/\">Read more<\/a><\/p>\n        <\/div>\n\n    <\/div>\n     \n    \n    <div class=\"wp-block-column\">\n\n        \n        <div class=\"card-image stretch-image\">\n            <figure class=\"wp-block-image\">\n                <img loading=\"lazy\" decoding=\"async\" src=\"https:\/\/zonta.se\/wp-content\/uploads\/2024\/11\/ISP_ClimateEmpower_header.jpg\" alt=\"\" width=\"780\" height=\"430\" \/>\n            <\/figure>\n        <\/div>\n\n        <div class=\"card-content\">\n            <h3>Climate knowledge and innovation against violence<\/h3>\n            <p class=\"link\"><a href=\"https:\/\/zonta.se\/en\/vara-projekt\/klimatkunskap-och-innovation-mot-vald\/\">Read more<\/a><\/p>\n        <\/div>\n\n    <\/div>\n     \n    \n<\/div>\n\n<\/div><\/div>\n<\/div><\/div>\n\n\n\n<div class=\"wp-block-group\"><div class=\"wp-block-group__inner-container is-layout-flow wp-block-group-is-layout-flow\">\n<div class=\"wp-block-columns has-2-columns is-style-cols-reverse is-layout-flex wp-container-core-columns-is-layout-9d6595d7 wp-block-columns has-2-columns-is-layout-flex\">\n<div class=\"wp-block-column is-layout-flow wp-block-column-is-layout-flow\">\n<figure class=\"wp-block-image size-full\"><img loading=\"lazy\" decoding=\"async\" width=\"1200\" height=\"800\" src=\"https:\/\/zonta.se\/wp-content\/uploads\/2022\/08\/zonta-vad-zonta-gor-vi-paverkar-matkhavare-och-attityder.jpg\" alt=\"Zonta f\u00f6r\u00e4ndrar attityder och v\u00e4rderingar f\u00f6r att fler ska st\u00e4rka och skydda kvinnors och flickors m\u00e4nskliga r\u00e4ttigheter.\" class=\"wp-image-334\" srcset=\"https:\/\/zonta.se\/wp-content\/uploads\/2022\/08\/zonta-vad-zonta-gor-vi-paverkar-matkhavare-och-attityder.jpg 1200w, https:\/\/zonta.se\/wp-content\/uploads\/2022\/08\/zonta-vad-zonta-gor-vi-paverkar-matkhavare-och-attityder-600x400.jpg 600w, https:\/\/zonta.se\/wp-content\/uploads\/2022\/08\/zonta-vad-zonta-gor-vi-paverkar-matkhavare-och-attityder-768x512.jpg 768w, https:\/\/zonta.se\/wp-content\/uploads\/2022\/08\/zonta-vad-zonta-gor-vi-paverkar-matkhavare-och-attityder-820x547.jpg 820w\" sizes=\"auto, (max-width: 1200px) 100vw, 1200px\" \/><\/figure>\n<\/div>\n\n\n\n<div class=\"wp-block-column is-layout-flow wp-block-column-is-layout-flow\">\n<figure class=\"wp-block-image size-large is-style-image-pb\"><img decoding=\"async\" src=\"https:\/\/zonta.se\/wp-content\/uploads\/2022\/08\/zonta-icon-vi-forandrar.svg\" alt=\"\" class=\"wp-image-269\" \/><\/figure>\n\n\n\n<h2 class=\"wp-block-heading\">We influence those in power and attitudes<\/h2>\n\n\n\n<p>Zonta changes attitudes and values so that more people will strengthen and protect the human rights of women and girls. We act internationally, nationally and locally by influencing legislation and raising awareness of equality issues.<a href=\"https:\/\/zonta.se\/en\/zonta-says-no-paverka\/\" target=\"_blank\" rel=\"noreferrer noopener\"><\/a><\/p>\n\n\n\n<div class=\"wp-block-buttons is-layout-flex wp-block-buttons-is-layout-flex\">\n<div class=\"wp-block-button\"><a class=\"wp-block-button__link wp-element-button\" href=\"\/en\/zonta-says-no-paverka\/\">Read about the campaign Zonta Says No<\/a><\/div>\n<\/div>\n<\/div>\n<\/div>\n<\/div><\/div>\n\n\n\n<div class=\"wp-block-group\"><div class=\"wp-block-group__inner-container is-layout-flow wp-block-group-is-layout-flow\">\n<div class=\"wp-block-columns has-2-columns is-layout-flex wp-container-core-columns-is-layout-9d6595d7 wp-block-columns has-2-columns-is-layout-flex\">\n<div class=\"wp-block-column is-layout-flow wp-block-column-is-layout-flow\">\n<figure class=\"wp-block-image size-large is-style-image-pb\"><img decoding=\"async\" src=\"https:\/\/zonta.se\/wp-content\/uploads\/2022\/08\/zonta-icon-stipendier.svg\" alt=\"\" class=\"wp-image-268\" \/><\/figure>\n\n\n\n<h2 class=\"wp-block-heading\">We award scholarships<\/h2>\n\n\n\n<p>With our scholarships, we want to support education and commitment for women and girls as part of our work for an equal society.<\/p>\n\n\n\n<div class=\"wp-block-buttons is-layout-flex wp-block-buttons-is-layout-flex\">\n<div class=\"wp-block-button\"><a class=\"wp-block-button__link wp-element-button\" href=\"\/en\/sok-stipendier\/\">See current scholarships<\/a><\/div>\n<\/div>\n<\/div>\n\n\n\n<div class=\"wp-block-column is-layout-flow wp-block-column-is-layout-flow\">\n<figure class=\"wp-block-image size-full\"><img loading=\"lazy\" decoding=\"async\" width=\"1200\" height=\"800\" src=\"https:\/\/zonta.se\/wp-content\/uploads\/2022\/08\/zonta-vad-zonta-gor-delar-ut-stipendier.jpg\" alt=\"Zonta delar ut stipendier f\u00f6r att st\u00f6dja utbildning och engagemang f\u00f6r kvinnor och flickor.\" class=\"wp-image-333\" srcset=\"https:\/\/zonta.se\/wp-content\/uploads\/2022\/08\/zonta-vad-zonta-gor-delar-ut-stipendier.jpg 1200w, https:\/\/zonta.se\/wp-content\/uploads\/2022\/08\/zonta-vad-zonta-gor-delar-ut-stipendier-600x400.jpg 600w, https:\/\/zonta.se\/wp-content\/uploads\/2022\/08\/zonta-vad-zonta-gor-delar-ut-stipendier-768x512.jpg 768w, https:\/\/zonta.se\/wp-content\/uploads\/2022\/08\/zonta-vad-zonta-gor-delar-ut-stipendier-820x547.jpg 820w\" sizes=\"auto, (max-width: 1200px) 100vw, 1200px\" \/><\/figure>\n<\/div>\n<\/div>\n<\/div><\/div>\n\n\n\n<div class=\"wp-block-group\"><div class=\"wp-block-group__inner-container is-layout-flow wp-block-group-is-layout-flow\">\n<div class=\"wp-block-columns has-2-columns is-style-cols-reverse is-layout-flex wp-container-core-columns-is-layout-9d6595d7 wp-block-columns has-2-columns-is-layout-flex\">\n<div class=\"wp-block-column is-layout-flow wp-block-column-is-layout-flow\">\n<figure class=\"wp-block-embed is-type-video is-provider-youtube wp-block-embed-youtube wp-embed-aspect-16-9 wp-has-aspect-ratio\"><div class=\"wp-block-embed__wrapper\">\n<iframe loading=\"lazy\" title=\"This is Zonta!\" width=\"500\" height=\"281\" src=\"https:\/\/www.youtube.com\/embed\/eb5fVtq1Lm0?start=3&#038;feature=oembed\" frameborder=\"0\" allow=\"accelerometer; autoplay; clipboard-write; encrypted-media; gyroscope; picture-in-picture; web-share\" referrerpolicy=\"strict-origin-when-cross-origin\" allowfullscreen><\/iframe>\n<\/div><\/figure>\n<\/div>\n\n\n\n<div class=\"wp-block-column is-layout-flow wp-block-column-is-layout-flow\">\n<figure class=\"wp-block-image size-large is-style-image-pb\"><img decoding=\"async\" src=\"https:\/\/zonta.se\/wp-content\/uploads\/2022\/08\/zonta-icon-vi-natverkar.svg\" alt=\"\" class=\"wp-image-267\" \/><\/figure>\n\n\n\n<h2 class=\"wp-block-heading\">We network and strengthen each other<\/h2>\n\n\n\n<p>Through Zonta, you make new friends and contacts both locally and internationally, and thanks to exciting lectures and study visits in your club, you gain new knowledge in various fields. We are around 25,000 members in around sixty countries working towards the same goal.<\/p>\n\n\n\n<p><a href=\"https:\/\/www.youtube.com\/watch?v=d34z3ii40Xs\" target=\"_blank\" rel=\"noreferrer noopener nofollow\">Zonta D21 video, Latvian subtitles<\/a><\/p>\n\n\n\n<p><a href=\"https:\/\/www.youtube.com\/watch?v=obZiAmPL9sA\" target=\"_blank\" rel=\"noreferrer noopener nofollow\">Zonta D21 video, English subtitles<\/a><\/p>\n<\/div>\n<\/div>\n<\/div><\/div>\n\n\n\n<div class=\"wp-block-group is-style-cta\"><div class=\"wp-block-group__inner-container is-layout-flow wp-block-group-is-layout-flow\">\n<h2 class=\"wp-block-heading has-text-align-center\">Support our work<\/h2>\n\n\n\n<p class=\"has-text-align-center\">A contribution to the Zonta Foundation for Women goes directly to running our international projects and awarding scholarships to support women and girls worldwide.<\/p>\n\n\n\n<div class=\"wp-block-buttons is-content-justification-center is-layout-flex wp-container-core-buttons-is-layout-16018d1d wp-block-buttons-is-layout-flex\">\n<div class=\"wp-block-button is-style-outline aligncenter is-style-outline--1\"><a class=\"wp-block-button__link wp-element-button\" href=\"\/en\/stod-oss\/\">Give a gift<\/a><\/div>\n<\/div>\n<\/div><\/div>","protected":false},"excerpt":{"rendered":"<p>Vad Zonta g\u00f6r Vi vill att varje kvinna i v\u00e4rlden ska kunna n\u00e5 sin fulla potential. Vi vill ha en v\u00e4rld d\u00e4r kvinnor har tillg\u00e5ng till alla resurser p\u00e5 samma villkor som m\u00e4n och d\u00e4r ingen kvinna \u00e4r r\u00e4dd f\u00f6r v\u00e5ld. F\u00f6r att detta ska bli verklighet har vi ett n\u00e4ra samarbete med FN och [&hellip;]<\/p>\n","protected":false},"author":1,"featured_media":0,"parent":0,"menu_order":0,"comment_status":"closed","ping_status":"closed","template":"","meta":{"_acf_changed":false,"footnotes":""},"class_list":["post-29","page","type-page","status-publish","hentry"],"acf":[],"yoast_head":"<!-- This site is optimized with the Yoast SEO plugin v27.2 - https:\/\/yoast.com\/product\/yoast-seo-wordpress\/ -->\n<title>Det h\u00e4r g\u00f6r vi - Zonta Distrikt 21<\/title>\n<meta name=\"robots\" content=\"index, follow, max-snippet:-1, max-image-preview:large, max-video-preview:-1\" \/>\n<link rel=\"canonical\" href=\"https:\/\/zonta.se\/en\/det-har-gor-vi\/\" \/>\n<meta property=\"og:locale\" content=\"en_US\" \/>\n<meta property=\"og:type\" content=\"article\" \/>\n<meta property=\"og:title\" content=\"Det h\u00e4r g\u00f6r vi - Zonta Distrikt 21\" \/>\n<meta property=\"og:description\" content=\"Vad Zonta g\u00f6r Vi vill att varje kvinna i v\u00e4rlden ska kunna n\u00e5 sin fulla potential. Vi vill ha en v\u00e4rld d\u00e4r kvinnor har tillg\u00e5ng till alla resurser p\u00e5 samma villkor som m\u00e4n och d\u00e4r ingen kvinna \u00e4r r\u00e4dd f\u00f6r v\u00e5ld. F\u00f6r att detta ska bli verklighet har vi ett n\u00e4ra samarbete med FN och [&hellip;]\" \/>\n<meta property=\"og:url\" content=\"https:\/\/zonta.se\/en\/det-har-gor-vi\/\" \/>\n<meta property=\"og:site_name\" content=\"Zonta Distrikt 21\" \/>\n<meta property=\"article:modified_time\" content=\"2024-11-26T13:56:43+00:00\" \/>\n<meta property=\"og:image\" content=\"https:\/\/zonta.se\/wp-content\/uploads\/2022\/08\/zonta-hero-det-har-gor-vi.jpg\" \/>\n\t<meta property=\"og:image:width\" content=\"1500\" \/>\n\t<meta property=\"og:image:height\" content=\"1000\" \/>\n\t<meta property=\"og:image:type\" content=\"image\/jpeg\" \/>\n<meta name=\"twitter:card\" content=\"summary_large_image\" \/>\n<meta name=\"twitter:label1\" content=\"Est. reading time\" \/>\n\t<meta name=\"twitter:data1\" content=\"3 minutes\" \/>\n<script type=\"application\/ld+json\" class=\"yoast-schema-graph\">{\"@context\":\"https:\/\/schema.org\",\"@graph\":[{\"@type\":\"WebPage\",\"@id\":\"https:\/\/zonta.se\/det-har-gor-vi\/\",\"url\":\"https:\/\/zonta.se\/det-har-gor-vi\/\",\"name\":\"Det h\u00e4r g\u00f6r vi - Zonta Distrikt 21\",\"isPartOf\":{\"@id\":\"https:\/\/zonta.se\/#website\"},\"primaryImageOfPage\":{\"@id\":\"https:\/\/zonta.se\/det-har-gor-vi\/#primaryimage\"},\"image\":{\"@id\":\"https:\/\/zonta.se\/det-har-gor-vi\/#primaryimage\"},\"thumbnailUrl\":\"https:\/\/zonta.se\/wp-content\/uploads\/2022\/08\/zonta-hero-det-har-gor-vi-1200x800.jpg\",\"datePublished\":\"2022-08-09T11:45:52+00:00\",\"dateModified\":\"2024-11-26T13:56:43+00:00\",\"breadcrumb\":{\"@id\":\"https:\/\/zonta.se\/det-har-gor-vi\/#breadcrumb\"},\"inLanguage\":\"en-US\",\"potentialAction\":[{\"@type\":\"ReadAction\",\"target\":[\"https:\/\/zonta.se\/det-har-gor-vi\/\"]}]},{\"@type\":\"ImageObject\",\"inLanguage\":\"en-US\",\"@id\":\"https:\/\/zonta.se\/det-har-gor-vi\/#primaryimage\",\"url\":\"https:\/\/zonta.se\/wp-content\/uploads\/2022\/08\/zonta-hero-det-har-gor-vi-1200x800.jpg\",\"contentUrl\":\"https:\/\/zonta.se\/wp-content\/uploads\/2022\/08\/zonta-hero-det-har-gor-vi-1200x800.jpg\"},{\"@type\":\"BreadcrumbList\",\"@id\":\"https:\/\/zonta.se\/det-har-gor-vi\/#breadcrumb\",\"itemListElement\":[{\"@type\":\"ListItem\",\"position\":1,\"name\":\"Hem\",\"item\":\"https:\/\/zonta.se\/\"},{\"@type\":\"ListItem\",\"position\":2,\"name\":\"Det h\u00e4r g\u00f6r vi\"}]},{\"@type\":\"WebSite\",\"@id\":\"https:\/\/zonta.se\/#website\",\"url\":\"https:\/\/zonta.se\/\",\"name\":\"Zonta Distrikt 21\",\"description\":\"\",\"publisher\":{\"@id\":\"https:\/\/zonta.se\/#organization\"},\"potentialAction\":[{\"@type\":\"SearchAction\",\"target\":{\"@type\":\"EntryPoint\",\"urlTemplate\":\"https:\/\/zonta.se\/?s={search_term_string}\"},\"query-input\":{\"@type\":\"PropertyValueSpecification\",\"valueRequired\":true,\"valueName\":\"search_term_string\"}}],\"inLanguage\":\"en-US\"},{\"@type\":\"Organization\",\"@id\":\"https:\/\/zonta.se\/#organization\",\"name\":\"Zonta Distrikt 21\",\"url\":\"https:\/\/zonta.se\/\",\"logo\":{\"@type\":\"ImageObject\",\"inLanguage\":\"en-US\",\"@id\":\"https:\/\/zonta.se\/#\/schema\/logo\/image\/\",\"url\":\"https:\/\/zonta.se\/wp-content\/uploads\/2022\/09\/zonta-logo-color-1.svg\",\"contentUrl\":\"https:\/\/zonta.se\/wp-content\/uploads\/2022\/09\/zonta-logo-color-1.svg\",\"width\":1136,\"height\":355,\"caption\":\"Zonta Distrikt 21\"},\"image\":{\"@id\":\"https:\/\/zonta.se\/#\/schema\/logo\/image\/\"}}]}<\/script>\n<!-- \/ Yoast SEO plugin. -->","yoast_head_json":{"title":"This is what we do - Zonta District 21","robots":{"index":"index","follow":"follow","max-snippet":"max-snippet:-1","max-image-preview":"max-image-preview:large","max-video-preview":"max-video-preview:-1"},"canonical":"https:\/\/zonta.se\/en\/det-har-gor-vi\/","og_locale":"en_US","og_type":"article","og_title":"Det h\u00e4r g\u00f6r vi - Zonta Distrikt 21","og_description":"Vad Zonta g\u00f6r Vi vill att varje kvinna i v\u00e4rlden ska kunna n\u00e5 sin fulla potential. Vi vill ha en v\u00e4rld d\u00e4r kvinnor har tillg\u00e5ng till alla resurser p\u00e5 samma villkor som m\u00e4n och d\u00e4r ingen kvinna \u00e4r r\u00e4dd f\u00f6r v\u00e5ld. F\u00f6r att detta ska bli verklighet har vi ett n\u00e4ra samarbete med FN och [&hellip;]","og_url":"https:\/\/zonta.se\/en\/det-har-gor-vi\/","og_site_name":"Zonta Distrikt 21","article_modified_time":"2024-11-26T13:56:43+00:00","og_image":[{"width":1500,"height":1000,"url":"https:\/\/zonta.se\/wp-content\/uploads\/2022\/08\/zonta-hero-det-har-gor-vi.jpg","type":"image\/jpeg"}],"twitter_card":"summary_large_image","twitter_misc":{"Est. reading time":"3 minutes"},"schema":{"@context":"https:\/\/schema.org","@graph":[{"@type":"WebPage","@id":"https:\/\/zonta.se\/det-har-gor-vi\/","url":"https:\/\/zonta.se\/det-har-gor-vi\/","name":"This is what we do - Zonta District 21","isPartOf":{"@id":"https:\/\/zonta.se\/#website"},"primaryImageOfPage":{"@id":"https:\/\/zonta.se\/det-har-gor-vi\/#primaryimage"},"image":{"@id":"https:\/\/zonta.se\/det-har-gor-vi\/#primaryimage"},"thumbnailUrl":"https:\/\/zonta.se\/wp-content\/uploads\/2022\/08\/zonta-hero-det-har-gor-vi-1200x800.jpg","datePublished":"2022-08-09T11:45:52+00:00","dateModified":"2024-11-26T13:56:43+00:00","breadcrumb":{"@id":"https:\/\/zonta.se\/det-har-gor-vi\/#breadcrumb"},"inLanguage":"en-US","potentialAction":[{"@type":"ReadAction","target":["https:\/\/zonta.se\/det-har-gor-vi\/"]}]},{"@type":"ImageObject","inLanguage":"en-US","@id":"https:\/\/zonta.se\/det-har-gor-vi\/#primaryimage","url":"https:\/\/zonta.se\/wp-content\/uploads\/2022\/08\/zonta-hero-det-har-gor-vi-1200x800.jpg","contentUrl":"https:\/\/zonta.se\/wp-content\/uploads\/2022\/08\/zonta-hero-det-har-gor-vi-1200x800.jpg"},{"@type":"BreadcrumbList","@id":"https:\/\/zonta.se\/det-har-gor-vi\/#breadcrumb","itemListElement":[{"@type":"ListItem","position":1,"name":"Hem","item":"https:\/\/zonta.se\/"},{"@type":"ListItem","position":2,"name":"Det h\u00e4r g\u00f6r vi"}]},{"@type":"WebSite","@id":"https:\/\/zonta.se\/#website","url":"https:\/\/zonta.se\/","name":"Zonta District 21","description":"","publisher":{"@id":"https:\/\/zonta.se\/#organization"},"potentialAction":[{"@type":"SearchAction","target":{"@type":"EntryPoint","urlTemplate":"https:\/\/zonta.se\/?s={search_term_string}"},"query-input":{"@type":"PropertyValueSpecification","valueRequired":true,"valueName":"search_term_string"}}],"inLanguage":"en-US"},{"@type":"Organization","@id":"https:\/\/zonta.se\/#organization","name":"Zonta District 21","url":"https:\/\/zonta.se\/","logo":{"@type":"ImageObject","inLanguage":"en-US","@id":"https:\/\/zonta.se\/#\/schema\/logo\/image\/","url":"https:\/\/zonta.se\/wp-content\/uploads\/2022\/09\/zonta-logo-color-1.svg","contentUrl":"https:\/\/zonta.se\/wp-content\/uploads\/2022\/09\/zonta-logo-color-1.svg","width":1136,"height":355,"caption":"Zonta Distrikt 21"},"image":{"@id":"https:\/\/zonta.se\/#\/schema\/logo\/image\/"}}]}},"_links":{"self":[{"href":"https:\/\/zonta.se\/en\/wp-json\/wp\/v2\/pages\/29","targetHints":{"allow":["GET"]}}],"collection":[{"href":"https:\/\/zonta.se\/en\/wp-json\/wp\/v2\/pages"}],"about":[{"href":"https:\/\/zonta.se\/en\/wp-json\/wp\/v2\/types\/page"}],"author":[{"embeddable":true,"href":"https:\/\/zonta.se\/en\/wp-json\/wp\/v2\/users\/1"}],"replies":[{"embeddable":true,"href":"https:\/\/zonta.se\/en\/wp-json\/wp\/v2\/comments?post=29"}],"version-history":[{"count":44,"href":"https:\/\/zonta.se\/en\/wp-json\/wp\/v2\/pages\/29\/revisions"}],"predecessor-version":[{"id":50088,"href":"https:\/\/zonta.se\/en\/wp-json\/wp\/v2\/pages\/29\/revisions\/50088"}],"wp:attachment":[{"href":"https:\/\/zonta.se\/en\/wp-json\/wp\/v2\/media?parent=29"}],"curies":[{"name":"wp","href":"https:\/\/api.w.org\/{rel}","templated":true}]}}