{"id":3,"date":"2022-08-09T10:58:12","date_gmt":"2022-08-09T08:58:12","guid":{"rendered":"https:\/\/zonta.se\/?page_id=3"},"modified":"2022-11-04T10:17:51","modified_gmt":"2022-11-04T09:17:51","slug":"integritetspolicy","status":"publish","type":"page","link":"https:\/\/zonta.se\/en\/integritetspolicy\/","title":{"rendered":"Privacy Policy"},"content":{"rendered":"<div class=\"wp-block-group is-style-container-medium\"><div class=\"wp-block-group__inner-container is-layout-flow wp-block-group-is-layout-flow\">\n<div class=\"wp-block-group\"><div class=\"wp-block-group__inner-container is-layout-flow wp-block-group-is-layout-flow\">\n<h1 class=\"has-text-align-center wp-block-heading\">Privacy Policy<\/h1>\n<\/div><\/div>\n\n\n\n<div class=\"wp-block-group\"><div class=\"wp-block-group__inner-container is-layout-flow wp-block-group-is-layout-flow\">\n<p>The Zonta clubs in Sweden and Latvia make up Zonta International District 21 (hereinafter D21).<\/p>\n\n\n\n<p>D21 believes that your personal privacy is very important. Our goal is for you to feel safe when we process your personal data. In our role as data controller, we therefore ensure that the applicable legislation on the protection of your data is followed.<\/p>\n\n\n\n<p>The privacy policy applies to D21&#039;s use of personal data within the scope of our business in relation to you as a member.<\/p>\n<\/div><\/div>\n\n\n\n<div class=\"wp-block-group\"><div class=\"wp-block-group__inner-container is-layout-flow wp-block-group-is-layout-flow\">\n<h2 class=\"is-style-no-decoration wp-block-heading\">Personal data to administer your membership<\/h2>\n\n\n\n<p>Personal data processed are: social security number, name, e-mail address, telephone number, postal address, profession and membership number.<\/p>\n\n\n\n<p>In order to administer your membership, your personal data is used for the following purposes:<\/p>\n\n\n\n<ul class=\"wp-block-list\">\n<li>Contact with you, such as invitations to activities, sending out newsletters and other information regarding activities and projects.<\/li>\n\n\n\n<li>Administration to manage member-related transactions, such as member registers, membership fees and more.<\/li>\n\n\n\n<li>At events you participate in, such as meetings and training courses.<\/li>\n\n\n\n<li>Application for grants.<\/li>\n\n\n\n<li>Compilation of statistics and follow-up.<\/li>\n\n\n\n<li>Login details for visiting the web.<\/li>\n\n\n\n<li>Handling and distribution of surveys.<\/li>\n\n\n\n<li>To register donors.<\/li>\n<\/ul>\n\n\n\n<p>We save your personal data only as long as it is necessary.<\/p>\n\n\n\n<p>In some cases, we may disclose your personal data to companies that we cooperate with to provide services to us in our business.<\/p>\n\n\n\n<p>We will not sell your personal data to anyone else.<\/p>\n<\/div><\/div>\n\n\n\n<div class=\"wp-block-group\"><div class=\"wp-block-group__inner-container is-layout-flow wp-block-group-is-layout-flow\">\n<h2 class=\"is-style-no-decoration wp-block-heading\">Transfer of data to third countries (i.e. countries outside the EU\/EEA)<\/h2>\n\n\n\n<p>D21 acts as an administrative body for Zonta International in the USA, which in turn administers personal data about you in a membership register. <\/p>\n\n\n\n<p>D21 hereby transfers personal data to Zonta International, i.e. to parties outside the European Economic Area, EEA. This means that personal data is transferred to a country with a different level of protection for personal data than applies within the EEA. On Zonta.org, the &quot;Privacy Policy&quot; describes how your personal data is processed by Zonta International.<\/p>\n<\/div><\/div>\n\n\n\n<div class=\"wp-block-group\"><div class=\"wp-block-group__inner-container is-layout-flow wp-block-group-is-layout-flow\">\n<h2 class=\"is-style-no-decoration wp-block-heading\">Your rights<\/h2>\n\n\n\n<p>D21 is responsible for the processing of your personal data. You have the right to know what personal data D21 has about you and can request a copy of this.<\/p>\n\n\n\n<p>You have the right to have your personal data corrected if it is incorrect, incomplete or misleading and the right to restrict the processing of the personal data until it is changed.<\/p>\n\n\n\n<p>Under certain circumstances, you have the right to be deleted:<\/p>\n\n\n\n<ul class=\"wp-block-list\">\n<li>If the data is no longer needed for the purposes for which it was collected.<\/li>\n\n\n\n<li>If the processing is based on your consent and you withdraw the consent.<\/li>\n\n\n\n<li>If you object to our use of your data which takes place after a balancing of interests and D21 does not have important interests that outweigh your interests and rights.<\/li>\n\n\n\n<li>If D21 has used the personal data in an unauthorized manner.<\/li>\n\n\n\n<li>If D21 has a legal obligation to delete the personal data.<\/li>\n<\/ul>\n\n\n\n<p>If you are dissatisfied with the handling, you have the right to report this to the Swedish Data Protection Authority.<\/p>\n<\/div><\/div>\n\n\n\n<div class=\"wp-block-group\"><div class=\"wp-block-group__inner-container is-layout-flow wp-block-group-is-layout-flow\">\n<h2 class=\"is-style-no-decoration wp-block-heading\">Contact information<\/h2>\n\n\n\n<p>If you have any questions about D21&#039;s privacy policy or have any other question regarding our personal data processing or wish to invoke your rights under applicable data protection legislation, please contact us at: gdpr@zonta.se<\/p>\n<\/div><\/div>\n\n\n\n<div class=\"wp-block-group\"><div class=\"wp-block-group__inner-container is-layout-flow wp-block-group-is-layout-flow\">\n<h2 class=\"is-style-no-decoration wp-block-heading\">Changes to this Privacy Policy<\/h2>\n\n\n\n<p>D21 has the right to change this privacy policy at any time.<\/p>\n<\/div><\/div>\n<\/div><\/div>","protected":false},"excerpt":{"rendered":"<p>Integritetspolicy Zontaklubbarna i Sverige och Lettland utg\u00f6r Zonta International District 21 (nedan D21). D21 anser att din personliga integritet \u00e4r mycket viktig. V\u00e5rt m\u00e5l \u00e4r att du ska k\u00e4nna dig trygg n\u00e4r vi behandlar dina personuppgifter. I v\u00e5r roll som personuppgiftsansvarig ser vi d\u00e4rf\u00f6r till att till\u00e4mplig lagstiftning om skydd f\u00f6r dina uppgifter f\u00f6ljs. Integritetspolicyn [&hellip;]<\/p>\n","protected":false},"author":1,"featured_media":0,"parent":0,"menu_order":0,"comment_status":"closed","ping_status":"closed","template":"","meta":{"_acf_changed":false,"footnotes":""},"class_list":["post-3","page","type-page","status-publish","hentry"],"acf":[],"yoast_head":"<!-- This site is optimized with the Yoast SEO plugin v27.3 - https:\/\/yoast.com\/product\/yoast-seo-wordpress\/ -->\n<title>Integritetspolicy - Zonta Distrikt 21<\/title>\n<meta name=\"robots\" content=\"index, follow, max-snippet:-1, max-image-preview:large, max-video-preview:-1\" \/>\n<link rel=\"canonical\" href=\"https:\/\/zonta.se\/en\/integritetspolicy\/\" \/>\n<meta property=\"og:locale\" content=\"en_US\" \/>\n<meta property=\"og:type\" content=\"article\" \/>\n<meta property=\"og:title\" content=\"Integritetspolicy - Zonta Distrikt 21\" \/>\n<meta property=\"og:description\" content=\"Integritetspolicy Zontaklubbarna i Sverige och Lettland utg\u00f6r Zonta International District 21 (nedan D21). D21 anser att din personliga integritet \u00e4r mycket viktig. V\u00e5rt m\u00e5l \u00e4r att du ska k\u00e4nna dig trygg n\u00e4r vi behandlar dina personuppgifter. I v\u00e5r roll som personuppgiftsansvarig ser vi d\u00e4rf\u00f6r till att till\u00e4mplig lagstiftning om skydd f\u00f6r dina uppgifter f\u00f6ljs. Integritetspolicyn [&hellip;]\" \/>\n<meta property=\"og:url\" content=\"https:\/\/zonta.se\/en\/integritetspolicy\/\" \/>\n<meta property=\"og:site_name\" content=\"Zonta Distrikt 21\" \/>\n<meta property=\"article:modified_time\" content=\"2022-11-04T09:17:51+00:00\" \/>\n<meta name=\"twitter:card\" content=\"summary_large_image\" \/>\n<meta name=\"twitter:label1\" content=\"Est. reading time\" \/>\n\t<meta name=\"twitter:data1\" content=\"3 minutes\" \/>\n<script type=\"application\/ld+json\" class=\"yoast-schema-graph\">{\"@context\":\"https:\\\/\\\/schema.org\",\"@graph\":[{\"@type\":\"WebPage\",\"@id\":\"https:\\\/\\\/zonta.se\\\/integritetspolicy\\\/\",\"url\":\"https:\\\/\\\/zonta.se\\\/integritetspolicy\\\/\",\"name\":\"Integritetspolicy - Zonta Distrikt 21\",\"isPartOf\":{\"@id\":\"https:\\\/\\\/zonta.se\\\/#website\"},\"datePublished\":\"2022-08-09T08:58:12+00:00\",\"dateModified\":\"2022-11-04T09:17:51+00:00\",\"breadcrumb\":{\"@id\":\"https:\\\/\\\/zonta.se\\\/integritetspolicy\\\/#breadcrumb\"},\"inLanguage\":\"en-US\",\"potentialAction\":[{\"@type\":\"ReadAction\",\"target\":[\"https:\\\/\\\/zonta.se\\\/integritetspolicy\\\/\"]}]},{\"@type\":\"BreadcrumbList\",\"@id\":\"https:\\\/\\\/zonta.se\\\/integritetspolicy\\\/#breadcrumb\",\"itemListElement\":[{\"@type\":\"ListItem\",\"position\":1,\"name\":\"Hem\",\"item\":\"https:\\\/\\\/zonta.se\\\/\"},{\"@type\":\"ListItem\",\"position\":2,\"name\":\"Integritetspolicy\"}]},{\"@type\":\"WebSite\",\"@id\":\"https:\\\/\\\/zonta.se\\\/#website\",\"url\":\"https:\\\/\\\/zonta.se\\\/\",\"name\":\"Zonta Distrikt 21\",\"description\":\"\",\"publisher\":{\"@id\":\"https:\\\/\\\/zonta.se\\\/#organization\"},\"potentialAction\":[{\"@type\":\"SearchAction\",\"target\":{\"@type\":\"EntryPoint\",\"urlTemplate\":\"https:\\\/\\\/zonta.se\\\/?s={search_term_string}\"},\"query-input\":{\"@type\":\"PropertyValueSpecification\",\"valueRequired\":true,\"valueName\":\"search_term_string\"}}],\"inLanguage\":\"en-US\"},{\"@type\":\"Organization\",\"@id\":\"https:\\\/\\\/zonta.se\\\/#organization\",\"name\":\"Zonta Distrikt 21\",\"url\":\"https:\\\/\\\/zonta.se\\\/\",\"logo\":{\"@type\":\"ImageObject\",\"inLanguage\":\"en-US\",\"@id\":\"https:\\\/\\\/zonta.se\\\/#\\\/schema\\\/logo\\\/image\\\/\",\"url\":\"https:\\\/\\\/zonta.se\\\/wp-content\\\/uploads\\\/2022\\\/09\\\/zonta-logo-color-1.svg\",\"contentUrl\":\"https:\\\/\\\/zonta.se\\\/wp-content\\\/uploads\\\/2022\\\/09\\\/zonta-logo-color-1.svg\",\"width\":1136,\"height\":355,\"caption\":\"Zonta Distrikt 21\"},\"image\":{\"@id\":\"https:\\\/\\\/zonta.se\\\/#\\\/schema\\\/logo\\\/image\\\/\"}}]}<\/script>\n<!-- \/ Yoast SEO plugin. -->","yoast_head_json":{"title":"Privacy Policy - Zonta District 21","robots":{"index":"index","follow":"follow","max-snippet":"max-snippet:-1","max-image-preview":"max-image-preview:large","max-video-preview":"max-video-preview:-1"},"canonical":"https:\/\/zonta.se\/en\/integritetspolicy\/","og_locale":"en_US","og_type":"article","og_title":"Integritetspolicy - Zonta Distrikt 21","og_description":"Integritetspolicy Zontaklubbarna i Sverige och Lettland utg\u00f6r Zonta International District 21 (nedan D21). D21 anser att din personliga integritet \u00e4r mycket viktig. V\u00e5rt m\u00e5l \u00e4r att du ska k\u00e4nna dig trygg n\u00e4r vi behandlar dina personuppgifter. I v\u00e5r roll som personuppgiftsansvarig ser vi d\u00e4rf\u00f6r till att till\u00e4mplig lagstiftning om skydd f\u00f6r dina uppgifter f\u00f6ljs. Integritetspolicyn [&hellip;]","og_url":"https:\/\/zonta.se\/en\/integritetspolicy\/","og_site_name":"Zonta Distrikt 21","article_modified_time":"2022-11-04T09:17:51+00:00","twitter_card":"summary_large_image","twitter_misc":{"Est. reading time":"3 minutes"},"schema":{"@context":"https:\/\/schema.org","@graph":[{"@type":"WebPage","@id":"https:\/\/zonta.se\/integritetspolicy\/","url":"https:\/\/zonta.se\/integritetspolicy\/","name":"Privacy Policy - Zonta District 21","isPartOf":{"@id":"https:\/\/zonta.se\/#website"},"datePublished":"2022-08-09T08:58:12+00:00","dateModified":"2022-11-04T09:17:51+00:00","breadcrumb":{"@id":"https:\/\/zonta.se\/integritetspolicy\/#breadcrumb"},"inLanguage":"en-US","potentialAction":[{"@type":"ReadAction","target":["https:\/\/zonta.se\/integritetspolicy\/"]}]},{"@type":"BreadcrumbList","@id":"https:\/\/zonta.se\/integritetspolicy\/#breadcrumb","itemListElement":[{"@type":"ListItem","position":1,"name":"Hem","item":"https:\/\/zonta.se\/"},{"@type":"ListItem","position":2,"name":"Integritetspolicy"}]},{"@type":"WebSite","@id":"https:\/\/zonta.se\/#website","url":"https:\/\/zonta.se\/","name":"Zonta District 21","description":"","publisher":{"@id":"https:\/\/zonta.se\/#organization"},"potentialAction":[{"@type":"SearchAction","target":{"@type":"EntryPoint","urlTemplate":"https:\/\/zonta.se\/?s={search_term_string}"},"query-input":{"@type":"PropertyValueSpecification","valueRequired":true,"valueName":"search_term_string"}}],"inLanguage":"en-US"},{"@type":"Organization","@id":"https:\/\/zonta.se\/#organization","name":"Zonta District 21","url":"https:\/\/zonta.se\/","logo":{"@type":"ImageObject","inLanguage":"en-US","@id":"https:\/\/zonta.se\/#\/schema\/logo\/image\/","url":"https:\/\/zonta.se\/wp-content\/uploads\/2022\/09\/zonta-logo-color-1.svg","contentUrl":"https:\/\/zonta.se\/wp-content\/uploads\/2022\/09\/zonta-logo-color-1.svg","width":1136,"height":355,"caption":"Zonta Distrikt 21"},"image":{"@id":"https:\/\/zonta.se\/#\/schema\/logo\/image\/"}}]}},"_links":{"self":[{"href":"https:\/\/zonta.se\/en\/wp-json\/wp\/v2\/pages\/3","targetHints":{"allow":["GET"]}}],"collection":[{"href":"https:\/\/zonta.se\/en\/wp-json\/wp\/v2\/pages"}],"about":[{"href":"https:\/\/zonta.se\/en\/wp-json\/wp\/v2\/types\/page"}],"author":[{"embeddable":true,"href":"https:\/\/zonta.se\/en\/wp-json\/wp\/v2\/users\/1"}],"replies":[{"embeddable":true,"href":"https:\/\/zonta.se\/en\/wp-json\/wp\/v2\/comments?post=3"}],"version-history":[{"count":15,"href":"https:\/\/zonta.se\/en\/wp-json\/wp\/v2\/pages\/3\/revisions"}],"predecessor-version":[{"id":46541,"href":"https:\/\/zonta.se\/en\/wp-json\/wp\/v2\/pages\/3\/revisions\/46541"}],"wp:attachment":[{"href":"https:\/\/zonta.se\/en\/wp-json\/wp\/v2\/media?parent=3"}],"curies":[{"name":"wp","href":"https:\/\/api.w.org\/{rel}","templated":true}]}}