{"id":31,"date":"2022-08-09T13:46:01","date_gmt":"2022-08-09T11:46:01","guid":{"rendered":"https:\/\/zonta.se\/?page_id=31"},"modified":"2024-11-25T17:31:22","modified_gmt":"2024-11-25T16:31:22","slug":"stod-oss","status":"publish","type":"page","link":"https:\/\/zonta.se\/en\/stod-oss\/","title":{"rendered":"Support us"},"content":{"rendered":"<div class=\"wp-block-group is-style-subhero\"><div class=\"wp-block-group__inner-container is-layout-flow wp-block-group-is-layout-flow\">\n<div class=\"wp-block-group is-style-split-text\"><div class=\"wp-block-group__inner-container is-layout-flow wp-block-group-is-layout-flow\">\n<h1 class=\"wp-block-heading is-style-default\">Support Zonta&#039;s work for an equal world<\/h1>\n\n\n\n<p>A contribution to the Zonta Foundation for Women goes directly to running our international projects and awarding scholarships to support women and girls worldwide.<\/p>\n\n\n\n<p>Over the past 100 years, Zonta has contributed more than $50 million to projects and scholarships that have supported millions of women and girls in 66 countries.<\/p>\n<\/div><\/div>\n\n\n\n<div class=\"wp-block-group is-style-split-image\"><div class=\"wp-block-group__inner-container is-layout-flow wp-block-group-is-layout-flow\">\n<figure class=\"wp-block-image size-large\"><img loading=\"lazy\" decoding=\"async\" width=\"1200\" height=\"800\" src=\"https:\/\/zonta.se\/wp-content\/uploads\/2022\/08\/zonta-hero-stod-oss-1200x800.jpg\" alt=\"St\u00f6d Zontas arbete f\u00f6r en j\u00e4mst\u00e4lld v\u00e4rld\" class=\"wp-image-342\" srcset=\"https:\/\/zonta.se\/wp-content\/uploads\/2022\/08\/zonta-hero-stod-oss-1200x800.jpg 1200w, https:\/\/zonta.se\/wp-content\/uploads\/2022\/08\/zonta-hero-stod-oss-600x400.jpg 600w, https:\/\/zonta.se\/wp-content\/uploads\/2022\/08\/zonta-hero-stod-oss-768x512.jpg 768w, https:\/\/zonta.se\/wp-content\/uploads\/2022\/08\/zonta-hero-stod-oss-820x547.jpg 820w, https:\/\/zonta.se\/wp-content\/uploads\/2022\/08\/zonta-hero-stod-oss.jpg 1500w\" sizes=\"auto, (max-width: 1200px) 100vw, 1200px\" \/><\/figure>\n<\/div><\/div>\n<\/div><\/div>\n\n\n\n<div class=\"wp-block-group\"><div class=\"wp-block-group__inner-container is-layout-flow wp-block-group-is-layout-flow\">\n<div class=\"wp-block-columns has-3-columns is-layout-flex wp-container-core-columns-is-layout-9d6595d7 wp-block-columns has-3-columns-is-layout-flex\">\n<div class=\"wp-block-column is-vertically-aligned-top is-layout-flow wp-block-column-is-layout-flow\">\n<div class=\"wp-block-group\"><div class=\"wp-block-group__inner-container is-layout-flow wp-block-group-is-layout-flow\">\n<figure class=\"wp-block-image size-full is-style-img-400\"><img loading=\"lazy\" decoding=\"async\" width=\"706\" height=\"800\" src=\"https:\/\/zonta.se\/wp-content\/uploads\/2022\/08\/zonta-stod-oss-swisha-ditt-bidrag.jpg\" alt=\"Swisha ditt bidrag till Zonta\" class=\"wp-image-339\" srcset=\"https:\/\/zonta.se\/wp-content\/uploads\/2022\/08\/zonta-stod-oss-swisha-ditt-bidrag.jpg 706w, https:\/\/zonta.se\/wp-content\/uploads\/2022\/08\/zonta-stod-oss-swisha-ditt-bidrag-530x600.jpg 530w\" sizes=\"auto, (max-width: 706px) 100vw, 706px\" \/><\/figure>\n<\/div><\/div>\n\n\n\n<div class=\"wp-block-group\"><div class=\"wp-block-group__inner-container is-layout-flow wp-block-group-is-layout-flow\">\n<h2 class=\"wp-block-heading is-style-no-decoration\">Contribute via Swish<\/h2>\n\n\n\n<p>When you make a gift via Swish, the money goes via our district to our international projects and scholarships. Swish your gift to 123 320 40 13, or scan the QR code above from your Swish app.<\/p>\n<\/div><\/div>\n<\/div>\n\n\n\n<div class=\"wp-block-column is-vertically-aligned-top is-layout-flow wp-block-column-is-layout-flow\">\n<div class=\"wp-block-group\"><div class=\"wp-block-group__inner-container is-layout-flow wp-block-group-is-layout-flow\">\n<figure class=\"wp-block-image alignwide size-full is-style-img-400\"><img loading=\"lazy\" decoding=\"async\" width=\"1811\" height=\"2560\" src=\"https:\/\/zonta.se\/wp-content\/uploads\/2024\/10\/Zonta_GODJUL_A4_okt24_Form-scaled.jpg\" alt=\"\" class=\"wp-image-49887\" srcset=\"https:\/\/zonta.se\/wp-content\/uploads\/2024\/10\/Zonta_GODJUL_A4_okt24_Form-scaled.jpg 1811w, https:\/\/zonta.se\/wp-content\/uploads\/2024\/10\/Zonta_GODJUL_A4_okt24_Form-424x600.jpg 424w, https:\/\/zonta.se\/wp-content\/uploads\/2024\/10\/Zonta_GODJUL_A4_okt24_Form-849x1200.jpg 849w, https:\/\/zonta.se\/wp-content\/uploads\/2024\/10\/Zonta_GODJUL_A4_okt24_Form-768x1086.jpg 768w, https:\/\/zonta.se\/wp-content\/uploads\/2024\/10\/Zonta_GODJUL_A4_okt24_Form-1086x1536.jpg 1086w, https:\/\/zonta.se\/wp-content\/uploads\/2024\/10\/Zonta_GODJUL_A4_okt24_Form-1448x2048.jpg 1448w, https:\/\/zonta.se\/wp-content\/uploads\/2024\/10\/Zonta_GODJUL_A4_okt24_Form-8x12.jpg 8w, https:\/\/zonta.se\/wp-content\/uploads\/2024\/10\/Zonta_GODJUL_A4_okt24_Form-580x820.jpg 580w\" sizes=\"auto, (max-width: 1811px) 100vw, 1811px\" \/><\/figure>\n<\/div><\/div>\n\n\n\n<div class=\"wp-block-group\"><div class=\"wp-block-group__inner-container is-layout-flow wp-block-group-is-layout-flow\">\n<h2 class=\"wp-block-heading is-style-no-decoration\">Print a gift certificate<\/h2>\n\n\n\n<p>If you want to give a gift, for example as a holiday or memorial gift, you can download one of our gift certificates. If you open the file in Acrobat Reader, you can write in the recipient&#039;s name, your own text and the sender&#039;s name before printing or sending the gift certificate.<\/p>\n\n\n\n<p><a href=\"\/en\/stod-oss\/gavobevis\/\">Choose gift certificate<\/a><\/p>\n<\/div><\/div>\n<\/div>\n\n\n\n<div class=\"wp-block-column is-vertically-aligned-top is-layout-flow wp-block-column-is-layout-flow\">\n<div class=\"wp-block-group\"><div class=\"wp-block-group__inner-container is-layout-flow wp-block-group-is-layout-flow\">\n<figure class=\"wp-block-image size-full is-style-img-400\"><img loading=\"lazy\" decoding=\"async\" width=\"766\" height=\"590\" src=\"https:\/\/zonta.se\/wp-content\/uploads\/2022\/08\/zonta-stod-oss-internationellt.png\" alt=\"St\u00f6d Zonta internationellt\" class=\"wp-image-337\" srcset=\"https:\/\/zonta.se\/wp-content\/uploads\/2022\/08\/zonta-stod-oss-internationellt.png 766w, https:\/\/zonta.se\/wp-content\/uploads\/2022\/08\/zonta-stod-oss-internationellt-600x462.png 600w\" sizes=\"auto, (max-width: 766px) 100vw, 766px\" \/><\/figure>\n<\/div><\/div>\n\n\n\n<div class=\"wp-block-group\"><div class=\"wp-block-group__inner-container is-layout-flow wp-block-group-is-layout-flow\">\n<h2 class=\"wp-block-heading is-style-no-decoration\">Make a gift through zonta.org<\/h2>\n\n\n\n<p>You can also make your gift directly to the Zonta Foundation for Women. Choose whether you want to support our international projects or one of our scholarships.<\/p>\n\n\n\n<p><a href=\"https:\/\/secure2.convio.net\/zonta\/site\/Donation2;jsessionid=00000000.app223a?1400.donation=form1&amp;df_id=1400&amp;mfc_pref=T&amp;NONCE_TOKEN=320C2D408833EA312B6FD7E1D48AD807\" target=\"_blank\" rel=\"noreferrer noopener nofollow\">Make a gift through zonta.org<\/a><\/p>\n<\/div><\/div>\n<\/div>\n<\/div>\n<\/div><\/div>\n\n\n\n<div class=\"wp-block-group\"><div class=\"wp-block-group__inner-container is-layout-flow wp-block-group-is-layout-flow\">\n<div class=\"wp-block-columns has-2-columns is-style-cols-reverse is-layout-flex wp-container-core-columns-is-layout-9d6595d7 wp-block-columns has-2-columns-is-layout-flex\">\n<div class=\"wp-block-column is-layout-flow wp-block-column-is-layout-flow\">\n<figure class=\"wp-block-image size-full\"><img loading=\"lazy\" decoding=\"async\" width=\"1200\" height=\"800\" src=\"https:\/\/zonta.se\/wp-content\/uploads\/2022\/08\/zonta-stod-oss-zonta-foundation-for-women.jpg\" alt=\"Insamlingsorganisationen Zonta Foundation for Women samlar in och f\u00f6rvaltar medel f\u00f6r att ge ekonomiskt st\u00f6d till projekt och program som f\u00f6rb\u00e4ttrar kvinnors m\u00f6jligheter till utbildning och f\u00f6rb\u00e4ttrad h\u00e4lsa.\" class=\"wp-image-341\" srcset=\"https:\/\/zonta.se\/wp-content\/uploads\/2022\/08\/zonta-stod-oss-zonta-foundation-for-women.jpg 1200w, https:\/\/zonta.se\/wp-content\/uploads\/2022\/08\/zonta-stod-oss-zonta-foundation-for-women-600x400.jpg 600w, https:\/\/zonta.se\/wp-content\/uploads\/2022\/08\/zonta-stod-oss-zonta-foundation-for-women-768x512.jpg 768w, https:\/\/zonta.se\/wp-content\/uploads\/2022\/08\/zonta-stod-oss-zonta-foundation-for-women-820x547.jpg 820w\" sizes=\"auto, (max-width: 1200px) 100vw, 1200px\" \/><\/figure>\n<\/div>\n\n\n\n<div class=\"wp-block-column is-layout-flow wp-block-column-is-layout-flow\">\n<h2 class=\"wp-block-heading\">Zonta Foundation for Women<\/h2>\n\n\n\n<p>The mission of our fundraising organization Zonta Foundation for Women is to raise and manage funds to provide financial support for projects and scholarships that improve women&#039;s opportunities for education and improved health, as well as for projects that can eliminate violence against women through advocacy and legislation.<\/p>\n<\/div>\n<\/div>\n<\/div><\/div>\n\n\n\n<div class=\"wp-block-group\"><div class=\"wp-block-group__inner-container is-layout-flow wp-block-group-is-layout-flow\">\n<div class=\"wp-block-columns has-2-columns is-layout-flex wp-container-core-columns-is-layout-9d6595d7 wp-block-columns has-2-columns-is-layout-flex\">\n<div class=\"wp-block-column is-layout-flow wp-block-column-is-layout-flow\">\n<h2 class=\"wp-block-heading\">We follow up on the results<\/h2>\n\n\n\n<p>All contributions to the Zonta Foundation for Women go to the projects and scholarships that we decide on at the Zonta World Meeting. The projects we support are usually run in collaboration with various UN agencies. The Zonta Foundation for Women receives regular reports on how our grants are used. In addition, people from Zonta International visit the projects on site at regular intervals. We typically disburse funds in stages and require interim results before continuing to fund a decided project.<\/p>\n<\/div>\n\n\n\n<div class=\"wp-block-column is-layout-flow wp-block-column-is-layout-flow\">\n<figure class=\"wp-block-image size-full\"><img loading=\"lazy\" decoding=\"async\" width=\"1200\" height=\"800\" src=\"https:\/\/zonta.se\/wp-content\/uploads\/2022\/08\/zonta-stod-oss-vi-foljer-upp-resultaten.jpg\" alt=\"Alla bidrag till Zonta Foundation for Women g\u00e5r till de projekt och stipendier som vi beslutar om p\u00e5 Zontas v\u00e4rldsm\u00f6te och f\u00f6ljs upp med rapporter..\" class=\"wp-image-340\" srcset=\"https:\/\/zonta.se\/wp-content\/uploads\/2022\/08\/zonta-stod-oss-vi-foljer-upp-resultaten.jpg 1200w, https:\/\/zonta.se\/wp-content\/uploads\/2022\/08\/zonta-stod-oss-vi-foljer-upp-resultaten-600x400.jpg 600w, https:\/\/zonta.se\/wp-content\/uploads\/2022\/08\/zonta-stod-oss-vi-foljer-upp-resultaten-768x512.jpg 768w, https:\/\/zonta.se\/wp-content\/uploads\/2022\/08\/zonta-stod-oss-vi-foljer-upp-resultaten-820x547.jpg 820w\" sizes=\"auto, (max-width: 1200px) 100vw, 1200px\" \/><\/figure>\n<\/div>\n<\/div>\n<\/div><\/div>\n\n\n\n<div class=\"wp-block-group is-style-container-small\"><div class=\"wp-block-group__inner-container is-layout-flow wp-block-group-is-layout-flow\">\n<h2 class=\"wp-block-heading has-text-align-center\">More information<\/h2>\n\n\n\n<p class=\"has-text-align-center\">For questions about gifts please contact Christina Rylander Bergqvist at <a href=\"mailto:christina.zonta@telia.com\">christina.zonta@telia.com<\/a> or telephone <a href=\"phone: +46705810001\">070-581 00 01<\/a>. You can also use the form below to get in touch with us.<\/p>\n\n\n\n<div class=\"wp-block-contact-form-7-contact-form-selector\">\n<div class=\"wpcf7 no-js\" id=\"wpcf7-f9-o1\" lang=\"sv-SE\" dir=\"ltr\" data-wpcf7-id=\"9\">\n<div class=\"screen-reader-response\"><p role=\"status\" aria-live=\"polite\" aria-atomic=\"true\"><\/p> <ul><\/ul><\/div>\n<form action=\"\/en\/wp-json\/wp\/v2\/pages\/31#wpcf7-f9-o1\" method=\"post\" class=\"wpcf7-form init\" aria-label=\"Contact form\" novalidate=\"novalidate\" data-status=\"init\" data-trp-original-action=\"\/en\/wp-json\/wp\/v2\/pages\/31#wpcf7-f9-o1\">\n<fieldset class=\"hidden-fields-container\"><input type=\"hidden\" name=\"_wpcf7\" value=\"9\" \/><input type=\"hidden\" name=\"_wpcf7_version\" value=\"6.1.5\" \/><input type=\"hidden\" name=\"_wpcf7_locale\" value=\"sv_SE\" \/><input type=\"hidden\" name=\"_wpcf7_unit_tag\" value=\"wpcf7-f9-o1\" \/><input type=\"hidden\" name=\"_wpcf7_container_post\" value=\"0\" \/><input type=\"hidden\" name=\"_wpcf7_posted_data_hash\" value=\"\" \/>\n<\/fieldset>\n<p><label>First and last name:<\/label><span class=\"wpcf7-form-control-wrap\" data-name=\"input-namn\"><input size=\"40\" maxlength=\"400\" class=\"wpcf7-form-control wpcf7-text wpcf7-validates-as-required\" aria-required=\"true\" aria-invalid=\"false\" value=\"\" type=\"text\" name=\"input-namn\" \/><\/span>\n<\/p>\n<p><label>E-mail:<\/label><span class=\"wpcf7-form-control-wrap\" data-name=\"input-epost\"><input size=\"40\" maxlength=\"400\" class=\"wpcf7-form-control wpcf7-email wpcf7-validates-as-required wpcf7-text wpcf7-validates-as-email\" aria-required=\"true\" aria-invalid=\"false\" value=\"\" type=\"email\" name=\"input-epost\" \/><\/span>\n<\/p>\n<p><label>Message:<\/label><span class=\"wpcf7-form-control-wrap\" data-name=\"input-meddelande\"><textarea cols=\"40\" rows=\"4\" maxlength=\"2000\" class=\"wpcf7-form-control wpcf7-textarea wpcf7-validates-as-required\" aria-required=\"true\" aria-invalid=\"false\" name=\"input-meddelande\"><\/textarea><\/span>\n<\/p>\n<p class=\"acceptance\">By clicking &quot;Send&quot; you agree that Zonta District 21 saves your personal data and that we use it in accordance with our privacy policy. This page is protected by reCAPTCHA and <a href=\"https:\/\/policies.google.com\/privacy?hl=sv\" rel=\"nofollow noopener\" target=\"_blank\">Google privacy policy<\/a> and <a href=\"https:\/\/policies.google.com\/terms?hl=sv\" rel=\"nofollow noopener\" target=\"_blank\">terms<\/a> applies.\n<\/p>\n<div class=\"submit\">\n\t<p><input class=\"wpcf7-form-control wpcf7-submit has-spinner\" type=\"submit\" value=\"Send\" \/>\n\t<\/p>\n<\/div><div class=\"wpcf7-response-output\" aria-hidden=\"true\"><\/div>\n<input type=\"hidden\" name=\"trp-form-language\" value=\"en\"\/><\/form>\n<\/div>\n<\/div>\n<\/div><\/div>\n\n\n\n<div class=\"wp-block-group is-style-cta\"><div class=\"wp-block-group__inner-container is-layout-flow wp-block-group-is-layout-flow\">\n<h2 class=\"wp-block-heading has-text-align-center\">Engage yourself!<\/h2>\n\n\n\n<p class=\"has-text-align-center\">As a member of Zonta, you are part of a wide network of people from different professional groups who are creating a better future for girls and women all over the world.<\/p>\n\n\n\n<div class=\"wp-block-buttons is-content-justification-center is-layout-flex wp-container-core-buttons-is-layout-16018d1d wp-block-buttons-is-layout-flex\">\n<div class=\"wp-block-button is-style-outline is-style-outline--1\"><a class=\"wp-block-button__link wp-element-button\" href=\"\/en\/bli-medlem\/\">Sign up<\/a><\/div>\n<\/div>\n<\/div><\/div>","protected":false},"excerpt":{"rendered":"<p>St\u00f6d Zontas arbete f\u00f6r en j\u00e4mst\u00e4lld v\u00e4rld Ett bidrag till Zonta Foundation for Women g\u00e5r oavkortat till att driva v\u00e5ra internationella projekt och dela ut stipendier f\u00f6r att st\u00f6tta kvinnor och flickor i hela v\u00e4rlden. De senaste 100 \u00e5ren har Zonta bidragit med mer \u00e4n 50 miljoner USD till projekt och stipendier som st\u00f6ttat miljoner [&hellip;]<\/p>\n","protected":false},"author":1,"featured_media":0,"parent":0,"menu_order":0,"comment_status":"closed","ping_status":"closed","template":"","meta":{"_acf_changed":false,"footnotes":""},"class_list":["post-31","page","type-page","status-publish","hentry"],"acf":[],"yoast_head":"<!-- This site is optimized with the Yoast SEO plugin v27.3 - https:\/\/yoast.com\/product\/yoast-seo-wordpress\/ -->\n<title>St\u00f6d oss - Zonta Distrikt 21<\/title>\n<meta name=\"robots\" content=\"index, follow, max-snippet:-1, max-image-preview:large, max-video-preview:-1\" \/>\n<link rel=\"canonical\" href=\"https:\/\/zonta.se\/en\/stod-oss\/\" \/>\n<meta property=\"og:locale\" content=\"en_US\" \/>\n<meta property=\"og:type\" content=\"article\" \/>\n<meta property=\"og:title\" content=\"St\u00f6d oss - Zonta Distrikt 21\" \/>\n<meta property=\"og:description\" content=\"St\u00f6d Zontas arbete f\u00f6r en j\u00e4mst\u00e4lld v\u00e4rld Ett bidrag till Zonta Foundation for Women g\u00e5r oavkortat till att driva v\u00e5ra internationella projekt och dela ut stipendier f\u00f6r att st\u00f6tta kvinnor och flickor i hela v\u00e4rlden. De senaste 100 \u00e5ren har Zonta bidragit med mer \u00e4n 50 miljoner USD till projekt och stipendier som st\u00f6ttat miljoner [&hellip;]\" \/>\n<meta property=\"og:url\" content=\"https:\/\/zonta.se\/en\/stod-oss\/\" \/>\n<meta property=\"og:site_name\" content=\"Zonta Distrikt 21\" \/>\n<meta property=\"article:modified_time\" content=\"2024-11-25T16:31:22+00:00\" \/>\n<meta property=\"og:image\" content=\"https:\/\/zonta.se\/wp-content\/uploads\/2022\/08\/zonta-hero-stod-oss.jpg\" \/>\n\t<meta property=\"og:image:width\" content=\"1500\" \/>\n\t<meta property=\"og:image:height\" content=\"1000\" \/>\n\t<meta property=\"og:image:type\" content=\"image\/jpeg\" \/>\n<meta name=\"twitter:card\" content=\"summary_large_image\" \/>\n<meta name=\"twitter:label1\" content=\"Est. reading time\" \/>\n\t<meta name=\"twitter:data1\" content=\"4 minutes\" \/>\n<script type=\"application\/ld+json\" class=\"yoast-schema-graph\">{\"@context\":\"https:\\\/\\\/schema.org\",\"@graph\":[{\"@type\":\"WebPage\",\"@id\":\"https:\\\/\\\/zonta.se\\\/stod-oss\\\/\",\"url\":\"https:\\\/\\\/zonta.se\\\/stod-oss\\\/\",\"name\":\"St\u00f6d oss - Zonta Distrikt 21\",\"isPartOf\":{\"@id\":\"https:\\\/\\\/zonta.se\\\/#website\"},\"primaryImageOfPage\":{\"@id\":\"https:\\\/\\\/zonta.se\\\/stod-oss\\\/#primaryimage\"},\"image\":{\"@id\":\"https:\\\/\\\/zonta.se\\\/stod-oss\\\/#primaryimage\"},\"thumbnailUrl\":\"https:\\\/\\\/zonta.se\\\/wp-content\\\/uploads\\\/2022\\\/08\\\/zonta-hero-stod-oss-1200x800.jpg\",\"datePublished\":\"2022-08-09T11:46:01+00:00\",\"dateModified\":\"2024-11-25T16:31:22+00:00\",\"breadcrumb\":{\"@id\":\"https:\\\/\\\/zonta.se\\\/stod-oss\\\/#breadcrumb\"},\"inLanguage\":\"en-US\",\"potentialAction\":[{\"@type\":\"ReadAction\",\"target\":[\"https:\\\/\\\/zonta.se\\\/stod-oss\\\/\"]}]},{\"@type\":\"ImageObject\",\"inLanguage\":\"en-US\",\"@id\":\"https:\\\/\\\/zonta.se\\\/stod-oss\\\/#primaryimage\",\"url\":\"https:\\\/\\\/zonta.se\\\/wp-content\\\/uploads\\\/2022\\\/08\\\/zonta-hero-stod-oss-1200x800.jpg\",\"contentUrl\":\"https:\\\/\\\/zonta.se\\\/wp-content\\\/uploads\\\/2022\\\/08\\\/zonta-hero-stod-oss-1200x800.jpg\"},{\"@type\":\"BreadcrumbList\",\"@id\":\"https:\\\/\\\/zonta.se\\\/stod-oss\\\/#breadcrumb\",\"itemListElement\":[{\"@type\":\"ListItem\",\"position\":1,\"name\":\"Hem\",\"item\":\"https:\\\/\\\/zonta.se\\\/\"},{\"@type\":\"ListItem\",\"position\":2,\"name\":\"St\u00f6d oss\"}]},{\"@type\":\"WebSite\",\"@id\":\"https:\\\/\\\/zonta.se\\\/#website\",\"url\":\"https:\\\/\\\/zonta.se\\\/\",\"name\":\"Zonta Distrikt 21\",\"description\":\"\",\"publisher\":{\"@id\":\"https:\\\/\\\/zonta.se\\\/#organization\"},\"potentialAction\":[{\"@type\":\"SearchAction\",\"target\":{\"@type\":\"EntryPoint\",\"urlTemplate\":\"https:\\\/\\\/zonta.se\\\/?s={search_term_string}\"},\"query-input\":{\"@type\":\"PropertyValueSpecification\",\"valueRequired\":true,\"valueName\":\"search_term_string\"}}],\"inLanguage\":\"en-US\"},{\"@type\":\"Organization\",\"@id\":\"https:\\\/\\\/zonta.se\\\/#organization\",\"name\":\"Zonta Distrikt 21\",\"url\":\"https:\\\/\\\/zonta.se\\\/\",\"logo\":{\"@type\":\"ImageObject\",\"inLanguage\":\"en-US\",\"@id\":\"https:\\\/\\\/zonta.se\\\/#\\\/schema\\\/logo\\\/image\\\/\",\"url\":\"https:\\\/\\\/zonta.se\\\/wp-content\\\/uploads\\\/2022\\\/09\\\/zonta-logo-color-1.svg\",\"contentUrl\":\"https:\\\/\\\/zonta.se\\\/wp-content\\\/uploads\\\/2022\\\/09\\\/zonta-logo-color-1.svg\",\"width\":1136,\"height\":355,\"caption\":\"Zonta Distrikt 21\"},\"image\":{\"@id\":\"https:\\\/\\\/zonta.se\\\/#\\\/schema\\\/logo\\\/image\\\/\"}}]}<\/script>\n<!-- \/ Yoast SEO plugin. -->","yoast_head_json":{"title":"Support Us - Zonta District 21","robots":{"index":"index","follow":"follow","max-snippet":"max-snippet:-1","max-image-preview":"max-image-preview:large","max-video-preview":"max-video-preview:-1"},"canonical":"https:\/\/zonta.se\/en\/stod-oss\/","og_locale":"en_US","og_type":"article","og_title":"St\u00f6d oss - Zonta Distrikt 21","og_description":"St\u00f6d Zontas arbete f\u00f6r en j\u00e4mst\u00e4lld v\u00e4rld Ett bidrag till Zonta Foundation for Women g\u00e5r oavkortat till att driva v\u00e5ra internationella projekt och dela ut stipendier f\u00f6r att st\u00f6tta kvinnor och flickor i hela v\u00e4rlden. De senaste 100 \u00e5ren har Zonta bidragit med mer \u00e4n 50 miljoner USD till projekt och stipendier som st\u00f6ttat miljoner [&hellip;]","og_url":"https:\/\/zonta.se\/en\/stod-oss\/","og_site_name":"Zonta Distrikt 21","article_modified_time":"2024-11-25T16:31:22+00:00","og_image":[{"width":1500,"height":1000,"url":"https:\/\/zonta.se\/wp-content\/uploads\/2022\/08\/zonta-hero-stod-oss.jpg","type":"image\/jpeg"}],"twitter_card":"summary_large_image","twitter_misc":{"Est. reading time":"4 minutes"},"schema":{"@context":"https:\/\/schema.org","@graph":[{"@type":"WebPage","@id":"https:\/\/zonta.se\/stod-oss\/","url":"https:\/\/zonta.se\/stod-oss\/","name":"Support Us - Zonta District 21","isPartOf":{"@id":"https:\/\/zonta.se\/#website"},"primaryImageOfPage":{"@id":"https:\/\/zonta.se\/stod-oss\/#primaryimage"},"image":{"@id":"https:\/\/zonta.se\/stod-oss\/#primaryimage"},"thumbnailUrl":"https:\/\/zonta.se\/wp-content\/uploads\/2022\/08\/zonta-hero-stod-oss-1200x800.jpg","datePublished":"2022-08-09T11:46:01+00:00","dateModified":"2024-11-25T16:31:22+00:00","breadcrumb":{"@id":"https:\/\/zonta.se\/stod-oss\/#breadcrumb"},"inLanguage":"en-US","potentialAction":[{"@type":"ReadAction","target":["https:\/\/zonta.se\/stod-oss\/"]}]},{"@type":"ImageObject","inLanguage":"en-US","@id":"https:\/\/zonta.se\/stod-oss\/#primaryimage","url":"https:\/\/zonta.se\/wp-content\/uploads\/2022\/08\/zonta-hero-stod-oss-1200x800.jpg","contentUrl":"https:\/\/zonta.se\/wp-content\/uploads\/2022\/08\/zonta-hero-stod-oss-1200x800.jpg"},{"@type":"BreadcrumbList","@id":"https:\/\/zonta.se\/stod-oss\/#breadcrumb","itemListElement":[{"@type":"ListItem","position":1,"name":"Hem","item":"https:\/\/zonta.se\/"},{"@type":"ListItem","position":2,"name":"St\u00f6d oss"}]},{"@type":"WebSite","@id":"https:\/\/zonta.se\/#website","url":"https:\/\/zonta.se\/","name":"Zonta District 21","description":"","publisher":{"@id":"https:\/\/zonta.se\/#organization"},"potentialAction":[{"@type":"SearchAction","target":{"@type":"EntryPoint","urlTemplate":"https:\/\/zonta.se\/?s={search_term_string}"},"query-input":{"@type":"PropertyValueSpecification","valueRequired":true,"valueName":"search_term_string"}}],"inLanguage":"en-US"},{"@type":"Organization","@id":"https:\/\/zonta.se\/#organization","name":"Zonta District 21","url":"https:\/\/zonta.se\/","logo":{"@type":"ImageObject","inLanguage":"en-US","@id":"https:\/\/zonta.se\/#\/schema\/logo\/image\/","url":"https:\/\/zonta.se\/wp-content\/uploads\/2022\/09\/zonta-logo-color-1.svg","contentUrl":"https:\/\/zonta.se\/wp-content\/uploads\/2022\/09\/zonta-logo-color-1.svg","width":1136,"height":355,"caption":"Zonta Distrikt 21"},"image":{"@id":"https:\/\/zonta.se\/#\/schema\/logo\/image\/"}}]}},"_links":{"self":[{"href":"https:\/\/zonta.se\/en\/wp-json\/wp\/v2\/pages\/31","targetHints":{"allow":["GET"]}}],"collection":[{"href":"https:\/\/zonta.se\/en\/wp-json\/wp\/v2\/pages"}],"about":[{"href":"https:\/\/zonta.se\/en\/wp-json\/wp\/v2\/types\/page"}],"author":[{"embeddable":true,"href":"https:\/\/zonta.se\/en\/wp-json\/wp\/v2\/users\/1"}],"replies":[{"embeddable":true,"href":"https:\/\/zonta.se\/en\/wp-json\/wp\/v2\/comments?post=31"}],"version-history":[{"count":58,"href":"https:\/\/zonta.se\/en\/wp-json\/wp\/v2\/pages\/31\/revisions"}],"predecessor-version":[{"id":50057,"href":"https:\/\/zonta.se\/en\/wp-json\/wp\/v2\/pages\/31\/revisions\/50057"}],"wp:attachment":[{"href":"https:\/\/zonta.se\/en\/wp-json\/wp\/v2\/media?parent=31"}],"curies":[{"name":"wp","href":"https:\/\/api.w.org\/{rel}","templated":true}]}}