{"id":43328,"date":"2022-08-18T13:18:26","date_gmt":"2022-08-18T11:18:26","guid":{"rendered":"https:\/\/zonta.se\/?page_id=43328"},"modified":"2025-05-31T14:48:39","modified_gmt":"2025-05-31T12:48:39","slug":"zonta-says-no-paverka","status":"publish","type":"page","link":"https:\/\/zonta.se\/en\/zonta-says-no-paverka\/","title":{"rendered":"Zonta Says No"},"content":{"rendered":"<div class=\"wp-block-group is-style-container-medium\"><div class=\"wp-block-group__inner-container is-layout-flow wp-block-group-is-layout-flow\">\n<div class=\"wp-block-group\"><div class=\"wp-block-group__inner-container is-layout-flow wp-block-group-is-layout-flow\">\n<figure class=\"wp-block-image size-full\"><img loading=\"lazy\" decoding=\"async\" width=\"978\" height=\"294\" src=\"https:\/\/zonta.se\/wp-content\/uploads\/2022\/08\/zonta-says-no-logo.jpeg\" alt=\"Zonta says no to violence against women\" class=\"wp-image-43340\" srcset=\"https:\/\/zonta.se\/wp-content\/uploads\/2022\/08\/zonta-says-no-logo.jpeg 978w, https:\/\/zonta.se\/wp-content\/uploads\/2022\/08\/zonta-says-no-logo-600x180.jpeg 600w, https:\/\/zonta.se\/wp-content\/uploads\/2022\/08\/zonta-says-no-logo-768x231.jpeg 768w, https:\/\/zonta.se\/wp-content\/uploads\/2022\/08\/zonta-says-no-logo-820x247.jpeg 820w\" sizes=\"auto, (max-width: 978px) 100vw, 978px\" \/><\/figure>\n<\/div><\/div>\n\n\n\n<div class=\"wp-block-group\"><div class=\"wp-block-group__inner-container is-layout-flow wp-block-group-is-layout-flow\">\n<div class=\"wp-block-group\"><div class=\"wp-block-group__inner-container is-layout-flow wp-block-group-is-layout-flow\">\n<h1 class=\"wp-block-heading is-style-no-decoration\">Zonta Says No<\/h1>\n\n\n\n<p><strong>On November 25 each year, a 16-day long campaign starts to draw attention to violence against women and girls. Zonta members are participating worldwide through Zonta Says No to Violence Against Women. For us Zontas, the Zonta Says No campaign is one of the most important times of the year. Then we demonstrate for a better world for women and girls.<\/strong><\/p>\n\n\n\n<p>Zonta works in different ways to change attitudes and values so that more people will strengthen and protect the rights of women and girls. The members do this both internationally, nationally and locally by trying to influence decision-makers and increase awareness of equality issues.<\/p>\n\n\n\n<p>Zonta International&#039;s congress in June 2022 brought together Zonta members from all over the world. It was then decided to focus our advocacy work on three areas for the next two years:<\/p>\n\n\n\n<ul class=\"wp-block-list\">\n<li><strong>Violence against women and children<\/strong> \u2013 which includes stopping child and forced marriage, intimate partner violence and digital violence.<\/li>\n\n\n\n<li><strong>Female leadership<\/strong> - which includes women in the workplace and women as representatives at all levels of government.<\/li>\n\n\n\n<li><strong>Climate change <\/strong>- an important gender equality issue.<\/li>\n<\/ul>\n\n\n\n<p>By writing submissions and debate articles for daily newspapers as well as posts on our social media, we carry out advocacy work all year round. But above all through various activities during the Zonta Says No campaign and on International Women&#039;s Day on March 8. Then we arrange events, lectures, demonstrations, display windows with different themes, book tables in libraries and more, all to create awareness about women&#039;s rights.<\/p>\n\n\n\n<p>Join us and create a change! Come to an event that we organize or contact a club in your area.<\/p>\n<\/div><\/div>\n<\/div><\/div>\n<\/div><\/div>","protected":false},"excerpt":{"rendered":"<p>Zonta Says No Den 25 november varje \u00e5r startar en 16 dagars l\u00e5ng kampanj f\u00f6r att uppm\u00e4rksamma v\u00e5ldet mot kvinnor och flickor. Zontamedlemmar deltar \u00f6ver hela v\u00e4rlden genom Zonta Says No to Violence Against Women. F\u00f6r oss zontor \u00e4r kampanjen Zonta Says No en av de viktigaste tidpunkterna p\u00e5 \u00e5ret. D\u00e5 manifesterar vi f\u00f6r en [&hellip;]<\/p>\n","protected":false},"author":1,"featured_media":0,"parent":0,"menu_order":0,"comment_status":"closed","ping_status":"closed","template":"","meta":{"_acf_changed":false,"footnotes":""},"class_list":["post-43328","page","type-page","status-publish","hentry"],"acf":[],"yoast_head":"<!-- This site is optimized with the Yoast SEO plugin v27.4 - https:\/\/yoast.com\/product\/yoast-seo-wordpress\/ -->\n<title>Zonta Says No - Zonta Distrikt 21<\/title>\n<meta name=\"description\" content=\"Den 25 november varje \u00e5r startar en 16 dagars l\u00e5ng kampanj f\u00f6r att uppm\u00e4rksamma v\u00e5ldet mot kvinnor och flickor. Zontamedlemmar deltar \u00f6ver hela v\u00e4rlden genom Zonta Says No to Violence Against Women. F\u00f6r oss zontor \u00e4r kampanjen Zonta Says No en av de viktigaste tidpunkterna p\u00e5 \u00e5ret. D\u00e5 manifesterar vi f\u00f6r en b\u00e4ttre v\u00e4rld f\u00f6r kvinnor och flickor.\" \/>\n<meta name=\"robots\" content=\"index, follow, max-snippet:-1, max-image-preview:large, max-video-preview:-1\" \/>\n<link rel=\"canonical\" href=\"https:\/\/zonta.se\/en\/zonta-says-no-paverka\/\" \/>\n<meta property=\"og:locale\" content=\"en_US\" \/>\n<meta property=\"og:type\" content=\"article\" \/>\n<meta property=\"og:title\" content=\"Zonta Says No - Zonta Distrikt 21\" \/>\n<meta property=\"og:description\" content=\"Den 25 november varje \u00e5r startar en 16 dagars l\u00e5ng kampanj f\u00f6r att uppm\u00e4rksamma v\u00e5ldet mot kvinnor och flickor. Zontamedlemmar deltar \u00f6ver hela v\u00e4rlden genom Zonta Says No to Violence Against Women. F\u00f6r oss zontor \u00e4r kampanjen Zonta Says No en av de viktigaste tidpunkterna p\u00e5 \u00e5ret. D\u00e5 manifesterar vi f\u00f6r en b\u00e4ttre v\u00e4rld f\u00f6r kvinnor och flickor.\" \/>\n<meta property=\"og:url\" content=\"https:\/\/zonta.se\/en\/zonta-says-no-paverka\/\" \/>\n<meta property=\"og:site_name\" content=\"Zonta Distrikt 21\" \/>\n<meta property=\"article:modified_time\" content=\"2025-05-31T12:48:39+00:00\" \/>\n<meta property=\"og:image\" content=\"https:\/\/zonta.se\/wp-content\/uploads\/2022\/08\/zonta-says-no-logo.jpeg\" \/>\n\t<meta property=\"og:image:width\" content=\"978\" \/>\n\t<meta property=\"og:image:height\" content=\"294\" \/>\n\t<meta property=\"og:image:type\" content=\"image\/jpeg\" \/>\n<meta name=\"twitter:card\" content=\"summary_large_image\" \/>\n<meta name=\"twitter:label1\" content=\"Est. reading time\" \/>\n\t<meta name=\"twitter:data1\" content=\"2 minutes\" \/>\n<script type=\"application\/ld+json\" class=\"yoast-schema-graph\">{\"@context\":\"https:\\\/\\\/schema.org\",\"@graph\":[{\"@type\":\"WebPage\",\"@id\":\"https:\\\/\\\/zonta.se\\\/zonta-says-no-paverka\\\/\",\"url\":\"https:\\\/\\\/zonta.se\\\/zonta-says-no-paverka\\\/\",\"name\":\"Zonta Says No - Zonta Distrikt 21\",\"isPartOf\":{\"@id\":\"https:\\\/\\\/zonta.se\\\/#website\"},\"primaryImageOfPage\":{\"@id\":\"https:\\\/\\\/zonta.se\\\/zonta-says-no-paverka\\\/#primaryimage\"},\"image\":{\"@id\":\"https:\\\/\\\/zonta.se\\\/zonta-says-no-paverka\\\/#primaryimage\"},\"thumbnailUrl\":\"https:\\\/\\\/zonta.se\\\/wp-content\\\/uploads\\\/2022\\\/08\\\/zonta-says-no-logo.jpeg\",\"datePublished\":\"2022-08-18T11:18:26+00:00\",\"dateModified\":\"2025-05-31T12:48:39+00:00\",\"description\":\"Den 25 november varje \u00e5r startar en 16 dagars l\u00e5ng kampanj f\u00f6r att uppm\u00e4rksamma v\u00e5ldet mot kvinnor och flickor. Zontamedlemmar deltar \u00f6ver hela v\u00e4rlden genom Zonta Says No to Violence Against Women. F\u00f6r oss zontor \u00e4r kampanjen Zonta Says No en av de viktigaste tidpunkterna p\u00e5 \u00e5ret. D\u00e5 manifesterar vi f\u00f6r en b\u00e4ttre v\u00e4rld f\u00f6r kvinnor och flickor.\",\"breadcrumb\":{\"@id\":\"https:\\\/\\\/zonta.se\\\/zonta-says-no-paverka\\\/#breadcrumb\"},\"inLanguage\":\"en-US\",\"potentialAction\":[{\"@type\":\"ReadAction\",\"target\":[\"https:\\\/\\\/zonta.se\\\/zonta-says-no-paverka\\\/\"]}]},{\"@type\":\"ImageObject\",\"inLanguage\":\"en-US\",\"@id\":\"https:\\\/\\\/zonta.se\\\/zonta-says-no-paverka\\\/#primaryimage\",\"url\":\"https:\\\/\\\/zonta.se\\\/wp-content\\\/uploads\\\/2022\\\/08\\\/zonta-says-no-logo.jpeg\",\"contentUrl\":\"https:\\\/\\\/zonta.se\\\/wp-content\\\/uploads\\\/2022\\\/08\\\/zonta-says-no-logo.jpeg\"},{\"@type\":\"BreadcrumbList\",\"@id\":\"https:\\\/\\\/zonta.se\\\/zonta-says-no-paverka\\\/#breadcrumb\",\"itemListElement\":[{\"@type\":\"ListItem\",\"position\":1,\"name\":\"Hem\",\"item\":\"https:\\\/\\\/zonta.se\\\/\"},{\"@type\":\"ListItem\",\"position\":2,\"name\":\"Zonta Says No\"}]},{\"@type\":\"WebSite\",\"@id\":\"https:\\\/\\\/zonta.se\\\/#website\",\"url\":\"https:\\\/\\\/zonta.se\\\/\",\"name\":\"Zonta Distrikt 21\",\"description\":\"\",\"publisher\":{\"@id\":\"https:\\\/\\\/zonta.se\\\/#organization\"},\"potentialAction\":[{\"@type\":\"SearchAction\",\"target\":{\"@type\":\"EntryPoint\",\"urlTemplate\":\"https:\\\/\\\/zonta.se\\\/?s={search_term_string}\"},\"query-input\":{\"@type\":\"PropertyValueSpecification\",\"valueRequired\":true,\"valueName\":\"search_term_string\"}}],\"inLanguage\":\"en-US\"},{\"@type\":\"Organization\",\"@id\":\"https:\\\/\\\/zonta.se\\\/#organization\",\"name\":\"Zonta Distrikt 21\",\"url\":\"https:\\\/\\\/zonta.se\\\/\",\"logo\":{\"@type\":\"ImageObject\",\"inLanguage\":\"en-US\",\"@id\":\"https:\\\/\\\/zonta.se\\\/#\\\/schema\\\/logo\\\/image\\\/\",\"url\":\"https:\\\/\\\/zonta.se\\\/wp-content\\\/uploads\\\/2022\\\/09\\\/zonta-logo-color-1.svg\",\"contentUrl\":\"https:\\\/\\\/zonta.se\\\/wp-content\\\/uploads\\\/2022\\\/09\\\/zonta-logo-color-1.svg\",\"width\":1136,\"height\":355,\"caption\":\"Zonta Distrikt 21\"},\"image\":{\"@id\":\"https:\\\/\\\/zonta.se\\\/#\\\/schema\\\/logo\\\/image\\\/\"}}]}<\/script>\n<!-- \/ Yoast SEO plugin. -->","yoast_head_json":{"title":"Zonta Says No - Zonta District 21","description":"On November 25 each year, a 16-day long campaign starts to draw attention to violence against women and girls. Zonta members are participating worldwide through Zonta Says No to Violence Against Women. For us Zontas, the Zonta Says No campaign is one of the most important times of the year. Then we demonstrate for a better world for women and girls.","robots":{"index":"index","follow":"follow","max-snippet":"max-snippet:-1","max-image-preview":"max-image-preview:large","max-video-preview":"max-video-preview:-1"},"canonical":"https:\/\/zonta.se\/en\/zonta-says-no-paverka\/","og_locale":"en_US","og_type":"article","og_title":"Zonta Says No - Zonta Distrikt 21","og_description":"Den 25 november varje \u00e5r startar en 16 dagars l\u00e5ng kampanj f\u00f6r att uppm\u00e4rksamma v\u00e5ldet mot kvinnor och flickor. Zontamedlemmar deltar \u00f6ver hela v\u00e4rlden genom Zonta Says No to Violence Against Women. F\u00f6r oss zontor \u00e4r kampanjen Zonta Says No en av de viktigaste tidpunkterna p\u00e5 \u00e5ret. D\u00e5 manifesterar vi f\u00f6r en b\u00e4ttre v\u00e4rld f\u00f6r kvinnor och flickor.","og_url":"https:\/\/zonta.se\/en\/zonta-says-no-paverka\/","og_site_name":"Zonta Distrikt 21","article_modified_time":"2025-05-31T12:48:39+00:00","og_image":[{"width":978,"height":294,"url":"https:\/\/zonta.se\/wp-content\/uploads\/2022\/08\/zonta-says-no-logo.jpeg","type":"image\/jpeg"}],"twitter_card":"summary_large_image","twitter_misc":{"Est. reading time":"2 minutes"},"schema":{"@context":"https:\/\/schema.org","@graph":[{"@type":"WebPage","@id":"https:\/\/zonta.se\/zonta-says-no-paverka\/","url":"https:\/\/zonta.se\/zonta-says-no-paverka\/","name":"Zonta Says No - Zonta District 21","isPartOf":{"@id":"https:\/\/zonta.se\/#website"},"primaryImageOfPage":{"@id":"https:\/\/zonta.se\/zonta-says-no-paverka\/#primaryimage"},"image":{"@id":"https:\/\/zonta.se\/zonta-says-no-paverka\/#primaryimage"},"thumbnailUrl":"https:\/\/zonta.se\/wp-content\/uploads\/2022\/08\/zonta-says-no-logo.jpeg","datePublished":"2022-08-18T11:18:26+00:00","dateModified":"2025-05-31T12:48:39+00:00","description":"On November 25 each year, a 16-day long campaign starts to draw attention to violence against women and girls. Zonta members are participating worldwide through Zonta Says No to Violence Against Women. For us Zontas, the Zonta Says No campaign is one of the most important times of the year. Then we demonstrate for a better world for women and girls.","breadcrumb":{"@id":"https:\/\/zonta.se\/zonta-says-no-paverka\/#breadcrumb"},"inLanguage":"en-US","potentialAction":[{"@type":"ReadAction","target":["https:\/\/zonta.se\/zonta-says-no-paverka\/"]}]},{"@type":"ImageObject","inLanguage":"en-US","@id":"https:\/\/zonta.se\/zonta-says-no-paverka\/#primaryimage","url":"https:\/\/zonta.se\/wp-content\/uploads\/2022\/08\/zonta-says-no-logo.jpeg","contentUrl":"https:\/\/zonta.se\/wp-content\/uploads\/2022\/08\/zonta-says-no-logo.jpeg"},{"@type":"BreadcrumbList","@id":"https:\/\/zonta.se\/zonta-says-no-paverka\/#breadcrumb","itemListElement":[{"@type":"ListItem","position":1,"name":"Hem","item":"https:\/\/zonta.se\/"},{"@type":"ListItem","position":2,"name":"Zonta Says No"}]},{"@type":"WebSite","@id":"https:\/\/zonta.se\/#website","url":"https:\/\/zonta.se\/","name":"Zonta District 21","description":"","publisher":{"@id":"https:\/\/zonta.se\/#organization"},"potentialAction":[{"@type":"SearchAction","target":{"@type":"EntryPoint","urlTemplate":"https:\/\/zonta.se\/?s={search_term_string}"},"query-input":{"@type":"PropertyValueSpecification","valueRequired":true,"valueName":"search_term_string"}}],"inLanguage":"en-US"},{"@type":"Organization","@id":"https:\/\/zonta.se\/#organization","name":"Zonta District 21","url":"https:\/\/zonta.se\/","logo":{"@type":"ImageObject","inLanguage":"en-US","@id":"https:\/\/zonta.se\/#\/schema\/logo\/image\/","url":"https:\/\/zonta.se\/wp-content\/uploads\/2022\/09\/zonta-logo-color-1.svg","contentUrl":"https:\/\/zonta.se\/wp-content\/uploads\/2022\/09\/zonta-logo-color-1.svg","width":1136,"height":355,"caption":"Zonta Distrikt 21"},"image":{"@id":"https:\/\/zonta.se\/#\/schema\/logo\/image\/"}}]}},"_links":{"self":[{"href":"https:\/\/zonta.se\/en\/wp-json\/wp\/v2\/pages\/43328","targetHints":{"allow":["GET"]}}],"collection":[{"href":"https:\/\/zonta.se\/en\/wp-json\/wp\/v2\/pages"}],"about":[{"href":"https:\/\/zonta.se\/en\/wp-json\/wp\/v2\/types\/page"}],"author":[{"embeddable":true,"href":"https:\/\/zonta.se\/en\/wp-json\/wp\/v2\/users\/1"}],"replies":[{"embeddable":true,"href":"https:\/\/zonta.se\/en\/wp-json\/wp\/v2\/comments?post=43328"}],"version-history":[{"count":11,"href":"https:\/\/zonta.se\/en\/wp-json\/wp\/v2\/pages\/43328\/revisions"}],"predecessor-version":[{"id":50786,"href":"https:\/\/zonta.se\/en\/wp-json\/wp\/v2\/pages\/43328\/revisions\/50786"}],"wp:attachment":[{"href":"https:\/\/zonta.se\/en\/wp-json\/wp\/v2\/media?parent=43328"}],"curies":[{"name":"wp","href":"https:\/\/api.w.org\/{rel}","templated":true}]}}