{"id":15,"date":"2022-08-09T13:43:21","date_gmt":"2022-08-09T11:43:21","guid":{"rendered":"https:\/\/zonta.se\/?page_id=15"},"modified":"2022-11-08T10:39:38","modified_gmt":"2022-11-08T09:39:38","slug":"bli-medlem","status":"publish","type":"page","link":"https:\/\/zonta.se\/lv\/bli-medlem\/","title":{"rendered":"Pierakst\u012bties"},"content":{"rendered":"<div class=\"wp-block-group is-style-subhero\"><div class=\"wp-block-group__inner-container is-layout-flow wp-block-group-is-layout-flow\">\n<div class=\"wp-block-group is-style-split-text\"><div class=\"wp-block-group__inner-container is-layout-flow wp-block-group-is-layout-flow\">\n<h1 class=\"is-style-default wp-block-heading\">K\u013c\u016bsti par biedru \u2013 kop\u0101 m\u0113s main\u0101m<\/h1>\n\n\n\n<p>K\u0101 Zonta dal\u012bbnieks j\u016bs esat da\u013ca no glob\u0101l\u0101 t\u012bkla, kur\u0101 ir aptuveni 25\u00a0000 cilv\u0113ku, kuriem visiem ir kop\u012bga j\u016bsu ap\u0146em\u0161an\u0101s iev\u0113rot sievie\u0161u ties\u012bbas.<\/p>\n\n\n\n<div class=\"wp-block-buttons is-layout-flex wp-block-buttons-is-layout-flex\">\n<div class=\"wp-block-button\"><a class=\"wp-block-button__link wp-element-button\" href=\"#bli-medlem-i-zonta\">Pieteikties dal\u012bbai<\/a><\/div>\n<\/div>\n<\/div><\/div>\n\n\n\n<div class=\"wp-block-group is-style-split-image\"><div class=\"wp-block-group__inner-container is-layout-flow wp-block-group-is-layout-flow\">\n<figure class=\"wp-block-image size-large\"><img loading=\"lazy\" decoding=\"async\" width=\"1200\" height=\"800\" src=\"https:\/\/zonta.se\/wp-content\/uploads\/2022\/08\/zonta-hero-bli-medlem-1200x800.jpg\" alt=\"Zonta arbetar med internationella projekt f\u00f6r j\u00e4mst\u00e4lldhet och m\u00e4nskliga r\u00e4ttigheter, med fokus p\u00e5 kvinnor och flickors h\u00e4lsa, utbildning och ekonomi.\" class=\"wp-image-421\" srcset=\"https:\/\/zonta.se\/wp-content\/uploads\/2022\/08\/zonta-hero-bli-medlem-1200x800.jpg 1200w, https:\/\/zonta.se\/wp-content\/uploads\/2022\/08\/zonta-hero-bli-medlem-600x400.jpg 600w, https:\/\/zonta.se\/wp-content\/uploads\/2022\/08\/zonta-hero-bli-medlem-768x512.jpg 768w, https:\/\/zonta.se\/wp-content\/uploads\/2022\/08\/zonta-hero-bli-medlem-820x547.jpg 820w, https:\/\/zonta.se\/wp-content\/uploads\/2022\/08\/zonta-hero-bli-medlem.jpg 1500w\" sizes=\"auto, (max-width: 1200px) 100vw, 1200px\" \/><\/figure>\n<\/div><\/div>\n<\/div><\/div>\n\n\n\n<div class=\"wp-block-group\"><div class=\"wp-block-group__inner-container is-layout-flow wp-block-group-is-layout-flow\">\n<div class=\"wp-block-columns has-2-columns is-style-cols-reverse is-layout-flex wp-container-core-columns-is-layout-9d6595d7 wp-block-columns has-2-columns-is-layout-flex\">\n<div class=\"wp-block-column is-layout-flow wp-block-column-is-layout-flow\">\n<figure class=\"wp-block-image size-full\"><img loading=\"lazy\" decoding=\"async\" width=\"1200\" height=\"800\" src=\"https:\/\/zonta.se\/wp-content\/uploads\/2022\/08\/zonta-bli-medlem-starker-andra-och-varandra.jpg\" alt=\"Alla Zontaklubbar v\u00e4rlden \u00f6ver arbetar mot ett gemensamt m\u00e5l: att st\u00e4rka kvinnor och flickor.\" class=\"wp-image-422\" srcset=\"https:\/\/zonta.se\/wp-content\/uploads\/2022\/08\/zonta-bli-medlem-starker-andra-och-varandra.jpg 1200w, https:\/\/zonta.se\/wp-content\/uploads\/2022\/08\/zonta-bli-medlem-starker-andra-och-varandra-600x400.jpg 600w, https:\/\/zonta.se\/wp-content\/uploads\/2022\/08\/zonta-bli-medlem-starker-andra-och-varandra-768x512.jpg 768w, https:\/\/zonta.se\/wp-content\/uploads\/2022\/08\/zonta-bli-medlem-starker-andra-och-varandra-820x547.jpg 820w\" sizes=\"auto, (max-width: 1200px) 100vw, 1200px\" \/><\/figure>\n<\/div>\n\n\n\n<div class=\"wp-block-column is-layout-flow wp-block-column-is-layout-flow\">\n<div class=\"wp-block-group\"><div class=\"wp-block-group__inner-container is-layout-flow wp-block-group-is-layout-flow\">\n<h2 class=\"wp-block-heading\">M\u0113s dodam sp\u0113ku citiem<\/h2>\n\n\n\n<p>Visi Zonta klubi vis\u0101 pasaul\u0113 str\u0101d\u0101, lai sasniegtu kop\u012bgu m\u0113r\u0137i: dot iesp\u0113ju sieviet\u0113m un meiten\u0113m. Tas var b\u016bt ar v\u0101k\u0161anu, atbalsta centieniem vai da\u017e\u0101du veidu ietekm\u0113\u0161anu pie varas vai priv\u0101tperson\u0101m, lai vi\u0146i ie\u0146emtu nost\u0101ju par sievie\u0161u ties\u012bb\u0101m un pret vardarb\u012bbu.<\/p>\n<\/div><\/div>\n\n\n\n<div class=\"wp-block-group\"><div class=\"wp-block-group__inner-container is-layout-flow wp-block-group-is-layout-flow\">\n<h2 class=\"is-style-no-decoration wp-block-heading\">\u2026un viens otram<\/h2>\n\n\n\n<p>Taj\u0101 pa\u0161\u0101 laik\u0101 dal\u012bba noz\u012bm\u0113, ka m\u0113s viens otru atbalst\u0101m un stiprin\u0101m. Zonta sniedz jaunus draugus un ieskatu citu cilv\u0113ku profesij\u0101s. Aizraujo\u0161o lekciju un m\u0101c\u012bbu viz\u012b\u0161u laik\u0101 j\u016bs ieg\u016bstat jaunas zin\u0101\u0161anas jom\u0101s, ar kur\u0101m cit\u0101di nesazin\u0101tos.<\/p>\n<\/div><\/div>\n<\/div>\n<\/div>\n<\/div><\/div>\n\n\n\n<div class=\"wp-block-group\"><div class=\"wp-block-group__inner-container is-layout-flow wp-block-group-is-layout-flow\">\n<div class=\"wp-block-columns has-2-columns is-layout-flex wp-container-core-columns-is-layout-9d6595d7 wp-block-columns has-2-columns-is-layout-flex\">\n<div class=\"wp-block-column is-layout-flow wp-block-column-is-layout-flow\">\n<h2 class=\"wp-block-heading\">K\u0101 Zonta biedrs j\u016bs sa\u0146emat:<\/h2>\n\n\n\n<ul class=\"wp-block-list\">\n<li>Reizi m\u0113nes\u012b piedalieties interesant\u0101s un pat\u012bkam\u0101s kluba san\u0101ksm\u0113s.<\/li>\n\n\n\n<li>Organiz\u0113jiet viet\u0113j\u0101s aktivit\u0101tes, kas atbalsta sievietes un meitenes.<\/li>\n\n\n\n<li>Piedal\u012bties kluba valdes darb\u0101 un citos fiduci\u0101rajos pien\u0101kumos.<\/li>\n\n\n\n<li>Iesp\u0113ja sazin\u0101ties ar cit\u0101m zon\u0101m Zviedrij\u0101 un pasaul\u0113.<\/li>\n\n\n\n<li>ce\u013cot un apmain\u012bties pieredz\u0113 Zontas nacion\u0101lajos un starptautiskajos saietos.<\/li>\n\n\n\n<li>Ietekme, pie kuriem starptautiskajiem projektiem Zonta str\u0101d\u0101s.<\/li>\n<\/ul>\n<\/div>\n\n\n\n<div class=\"wp-block-column is-layout-flow wp-block-column-is-layout-flow\">\n<figure class=\"wp-block-image size-full\"><img loading=\"lazy\" decoding=\"async\" width=\"1200\" height=\"800\" src=\"https:\/\/zonta.se\/wp-content\/uploads\/2022\/08\/zonta-bli-medlem-medlemsformaner.jpg\" alt=\"Zonta delar ut stipendier f\u00f6r att st\u00f6dja utbildning och engagemang f\u00f6r kvinnor och flickor.\" class=\"wp-image-423\" srcset=\"https:\/\/zonta.se\/wp-content\/uploads\/2022\/08\/zonta-bli-medlem-medlemsformaner.jpg 1200w, https:\/\/zonta.se\/wp-content\/uploads\/2022\/08\/zonta-bli-medlem-medlemsformaner-600x400.jpg 600w, https:\/\/zonta.se\/wp-content\/uploads\/2022\/08\/zonta-bli-medlem-medlemsformaner-768x512.jpg 768w, https:\/\/zonta.se\/wp-content\/uploads\/2022\/08\/zonta-bli-medlem-medlemsformaner-820x547.jpg 820w\" sizes=\"auto, (max-width: 1200px) 100vw, 1200px\" \/><\/figure>\n<\/div>\n<\/div>\n<\/div><\/div>\n\n\n\n<div class=\"wp-block-group has-lightgray-background-color has-background\"><div class=\"wp-block-group__inner-container is-layout-flow wp-block-group-is-layout-flow\">\n<div class=\"wp-block-columns has-3-columns is-layout-flex wp-container-core-columns-is-layout-9d6595d7 wp-block-columns has-3-columns-is-layout-flex\">\n<div class=\"wp-block-column is-layout-flow wp-block-column-is-layout-flow\">\n<h2 class=\"is-style-no-decoration wp-block-heading\">Kur\u0161 var pievienoties?<\/h2>\n\n\n\n<p>Zont\u0101 gaid\u012btas gan sievietes, gan v\u012brie\u0161i. K\u0101 dal\u012bbniecei jums ir j\u0101b\u016bt ap\u0146\u0113m\u012bbai iev\u0113rot sievie\u0161u ties\u012bbas un v\u0113laties dot ieguld\u012bjumu Zonta m\u0113r\u0137u un darba sasnieg\u0161an\u0101. Jums ir j\u0101b\u016bt 18 gadus vecam un profesion\u0101lai pieredzei. Ja esat jaun\u0101ks par 30 gadiem, dal\u012bbas maksa tiek samazin\u0101ta.<\/p>\n<\/div>\n\n\n\n<div class=\"wp-block-column is-layout-flow wp-block-column-is-layout-flow\">\n<h2 class=\"is-style-no-decoration wp-block-heading\">K\u0101 izv\u0113l\u0113ties klubu?<\/h2>\n\n\n\n<p>J\u016bs piesak\u0101ties dal\u012bbai Zonta klub\u0101, kur\u0101 dz\u012bvojat. Da\u017e\u0101s pils\u0113t\u0101s j\u016bs varat izv\u0113l\u0113ties starp vair\u0101kiem klubiem. Ja tuvum\u0101 nav neviena kluba, varat izv\u0113l\u0113ties dal\u012bbu e-klub\u0101, kur\u0101 b\u016bt\u012bb\u0101 ir digit\u0101las tik\u0161an\u0101s. Iesl\u0113gts <a href=\"https:\/\/zonta.se\/lv\/vara-klubbar\/\">klubu lapas<\/a> J\u016bs atrad\u012bsiet inform\u0101ciju un kontaktinform\u0101ciju.<\/p>\n<\/div>\n\n\n\n<div class=\"wp-block-column is-layout-flow wp-block-column-is-layout-flow\">\n<h2 class=\"is-style-no-decoration wp-block-heading\">K\u0101 es varu k\u013c\u016bt par biedru?<\/h2>\n\n\n\n<p><a href=\"https:\/\/zonta.se\/lv\/vara-klubbar\/\">Sazinieties ar tuv\u0101ko klubu<\/a> tikt uzaicin\u0101ta uz kluba san\u0101ksmi. Tad j\u016bs uzzin\u0101siet vair\u0101k par m\u016bsu viet\u0113jiem centieniem un satiksiet kluba biedrus. Kad esat guvis ieskatu Zont\u0101, laipni aicin\u0101m pieteikties dal\u012bbai. J\u016bs varat ar\u012b ieteikt k\u0101 dal\u012bbnieku.<\/p>\n<\/div>\n<\/div>\n<\/div><\/div>\n\n\n\n<div id=\"bli-medlem-i-zonta\" class=\"wp-block-group is-style-container-small\"><div class=\"wp-block-group__inner-container is-layout-flow wp-block-group-is-layout-flow\">\n<h2 class=\"has-text-align-center wp-block-heading\">Pieteikties dal\u012bbai<\/h2>\n\n\n\n<p class=\"has-text-align-center\">Ievadiet savus datus, lai ar jums sazin\u0101tos tuv\u0101kais klubs. Izv\u0113lieties <a href=\"https:\/\/zonta.se\/lv\/vara-klubbar\/\">tas klubs<\/a> v\u0113laties, lai j\u016bsu pieteikums tiktu nos\u016bt\u012bts uz.<\/p>\n\n\n\n<div class=\"wp-block-contact-form-7-contact-form-selector\">\n<div class=\"wpcf7 no-js\" id=\"wpcf7-f286-o1\" lang=\"sv-SE\" dir=\"ltr\" data-wpcf7-id=\"286\">\n<div class=\"screen-reader-response\"><p role=\"status\" aria-live=\"polite\" aria-atomic=\"true\"><\/p> <ul><\/ul><\/div>\n<form action=\"\/lv\/wp-json\/wp\/v2\/pages\/15#wpcf7-f286-o1\" method=\"post\" class=\"wpcf7-form init\" aria-label=\"Sazi\u0146as veidlapa\" novalidate=\"novalidate\" data-status=\"init\" data-trp-original-action=\"\/lv\/wp-json\/wp\/v2\/pages\/15#wpcf7-f286-o1\">\n<fieldset class=\"hidden-fields-container\"><input type=\"hidden\" name=\"_wpcf7\" value=\"286\" \/><input type=\"hidden\" name=\"_wpcf7_version\" value=\"6.1.5\" \/><input type=\"hidden\" name=\"_wpcf7_locale\" value=\"sv_SE\" \/><input type=\"hidden\" name=\"_wpcf7_unit_tag\" value=\"wpcf7-f286-o1\" \/><input type=\"hidden\" name=\"_wpcf7_container_post\" value=\"0\" \/><input type=\"hidden\" name=\"_wpcf7_posted_data_hash\" value=\"\" \/>\n<\/fieldset>\n<p><label>V\u0101rds un uzv\u0101rds:<\/label><span class=\"wpcf7-form-control-wrap\" data-name=\"input-namn\"><input size=\"40\" maxlength=\"400\" class=\"wpcf7-form-control wpcf7-text wpcf7-validates-as-required\" aria-required=\"true\" aria-invalid=\"false\" value=\"\" type=\"text\" name=\"input-namn\" \/><\/span>\n<\/p>\n<p><label>E-pasts:<\/label><span class=\"wpcf7-form-control-wrap\" data-name=\"input-epost\"><input size=\"40\" maxlength=\"400\" class=\"wpcf7-form-control wpcf7-email wpcf7-validates-as-required wpcf7-text wpcf7-validates-as-email\" aria-required=\"true\" aria-invalid=\"false\" value=\"\" type=\"email\" name=\"input-epost\" \/><\/span>\n<\/p>\n<p><label>Izv\u0113lieties klubu:<\/label><span><select name=\"input-zontaclub\"><option selected disabled hiddenvalue=\"Ingen klubb vald\">Nav izv\u0113l\u0113ts neviens klubs<\/option><option value=\"Bj\u00e4re\">L\u0101cis<\/option><option value=\"Eskilstuna\">Eskilstuna<\/option><option value=\"Falun-Borl\u00e4nge\">Falu\u0146-Borlenge<\/option><option value=\"Flen-Malmk\u00f6ping\">Flen-Malm\u010d\u0113pinga<\/option><option value=\"G\u00e4llivare\">Aknas<\/option><option value=\"G\u00e4vle\">Gable<\/option><option value=\"G\u00f6teborg I\">G\u0113teborga I<\/option><option value=\"G\u00f6teborg II\">G\u0113teborga II<\/option><option value=\"Halmstad\">Halmstade<\/option><option value=\"H\u00e4ssleholm\">H\u00e4sleholma<\/option><option value=\"Jelgava (Latvija)\">Jelgava (Latvija)<\/option><option value=\"J\u00f6nk\u00f6ping\">Jen\u0161\u0113pinga<\/option><option value=\"Kalmar\">Kalm\u0101ra<\/option><option value=\"Karlskrona-Ronneby\">Karlskrona-Ronneb\u012b<\/option><option value=\"Karlstad I\">K\u0101rlst\u0101de I<\/option><option value=\"Katrineholm-Ving\u00e5ker\">Katrineholm-Ving\u00e5ker<\/option><option value=\"Kristianstad\">Kristianstade<\/option><option value=\"Kung\u00e4lv\">Kara\u013ca upe<\/option><option value=\"Liding\u00f6\">Liding\u00f6<\/option><option value=\"Link\u00f6ping\">Link\u0113pinga<\/option><option value=\"Ludvika-Smedjebacken\">Ludvika-Smedjebacken<\/option><option value=\"Lund\">Grove<\/option><option value=\"Lunds Zontaklubb\">Lund Zonta klubs<\/option><option value=\"M\u00f6lndal\">Molndal<\/option><option value=\"Norrk\u00f6ping\">Nor\u010d\u0113pinga<\/option><option value=\"Nyk\u00f6ping-Oxel\u00f6sund I\">N\u012b\u010d\u0113pinga-Okselosunda I<\/option><option value=\"Nyk\u00f6ping-Oxel\u00f6sund II\">Nyk\u00f6ping-Oxel\u00f6sund II<\/option><option value=\"Ogre (Latvija)\">Ogre (Latvija)<\/option><option value=\"\u00d6rebro\">\u00d6rebro<\/option><option value=\"\u00d6stersund\">Esterzunda<\/option><option value=\"Riga (Latvija)\">R\u012bga (Latvija)<\/option><option value=\"S\u00e4ffle-\u00c5m\u00e5l\">S\u00e4ffle-\u00c5m\u00e5l<\/option><option value=\"Skellefte\u00e5\">Skellefte\u00e5<\/option><option value=\"S\u00f6dert\u00e4lje\">S\u0113dert\u0101lje<\/option><option value=\"Stockholm I\">Stokholma I<\/option><option value=\"Stockholm II\">Stokholma II<\/option><option value=\"Stockholm VI\">Stokholma VI<\/option><option value=\"Sundsvall\">Sundsvall<\/option><option value=\"Trelleborg-Vellinge\">Trelleborga-Vellinge<\/option><option value=\"Uppsala II\">Upsala II<\/option><option value=\"Valmiera (Latvija)\">Valmiera (Latvija)<\/option><option value=\"V\u00e4nersborg\">V\u0113nersborga<\/option><option value=\"V\u00e4rnamo\">Vernamo<\/option><option value=\"V\u00e4ster\u00e5s\">V\u00e4ster\u00e5s<\/option><option value=\"V\u00e4xj\u00f6\">V\u00e4xj\u00f6<\/option><\/select><\/span>\n<\/p>\n<p><label>Zi\u0146a:<\/label><span class=\"wpcf7-form-control-wrap\" data-name=\"input-meddelande\"><textarea cols=\"40\" rows=\"4\" maxlength=\"2000\" class=\"wpcf7-form-control wpcf7-textarea wpcf7-validates-as-required\" aria-required=\"true\" aria-invalid=\"false\" name=\"input-meddelande\"><\/textarea><\/span>\n<\/p>\n<p class=\"acceptance\">Noklik\u0161\u0137inot uz &quot;S\u016bt\u012bt&quot;, j\u016bs piekr\u012btat, ka Zonta District 21 saglab\u0101 j\u016bsu personas datus un ka m\u0113s tos izmantojam saska\u0146\u0101 ar m\u016bsu priv\u0101tuma politiku. \u0160o lapu aizsarg\u0101 reCAPTCHA un <a href=\"https:\/\/policies.google.com\/privacy?hl=sv\" rel=\"nofollow noopener\" target=\"_blank\">Google konfidencialit\u0101tes politika<\/a> un <a href=\"https:\/\/policies.google.com\/terms?hl=sv\" rel=\"nofollow noopener\" target=\"_blank\">noteikumiem<\/a> attiecas.\n<\/p>\n<div class=\"submit\">\n\t<p><input class=\"wpcf7-form-control wpcf7-submit has-spinner\" type=\"submit\" value=\"S\u016bt\u012bt\" \/>\n\t<\/p>\n<\/div><div class=\"wpcf7-response-output\" aria-hidden=\"true\"><\/div>\n<input type=\"hidden\" name=\"trp-form-language\" value=\"lv\"\/><\/form>\n<\/div>\n<\/div>\n<\/div><\/div>","protected":false},"excerpt":{"rendered":"<p>Bli medlem &#8211; Tillsammans g\u00f6r vi skillnad Som medlem i Zonta ing\u00e5r du i ett globalt n\u00e4tverk av omkring 25 000 personer som alla delar ditt engagemang f\u00f6r kvinnors r\u00e4ttigheter. Vi st\u00e4rker andra Alla Zontaklubbar v\u00e4rlden \u00f6ver arbetar mot ett gemensamt m\u00e5l: att st\u00e4rka kvinnor och flickor. Det kan vara genom insamlingar, st\u00f6djande insatser eller [&hellip;]<\/p>\n","protected":false},"author":1,"featured_media":0,"parent":0,"menu_order":0,"comment_status":"closed","ping_status":"closed","template":"","meta":{"_acf_changed":false,"footnotes":""},"class_list":["post-15","page","type-page","status-publish","hentry"],"acf":[],"yoast_head":"<!-- This site is optimized with the Yoast SEO plugin v27.4 - https:\/\/yoast.com\/product\/yoast-seo-wordpress\/ -->\n<title>Bli medlem - Zonta Distrikt 21<\/title>\n<meta name=\"robots\" content=\"index, follow, max-snippet:-1, max-image-preview:large, max-video-preview:-1\" \/>\n<link rel=\"canonical\" href=\"https:\/\/zonta.se\/lv\/bli-medlem\/\" \/>\n<meta property=\"og:locale\" content=\"lv_LV\" \/>\n<meta property=\"og:type\" content=\"article\" \/>\n<meta property=\"og:title\" content=\"Bli medlem - Zonta Distrikt 21\" \/>\n<meta property=\"og:description\" content=\"Bli medlem &#8211; Tillsammans g\u00f6r vi skillnad Som medlem i Zonta ing\u00e5r du i ett globalt n\u00e4tverk av omkring 25 000 personer som alla delar ditt engagemang f\u00f6r kvinnors r\u00e4ttigheter. Vi st\u00e4rker andra Alla Zontaklubbar v\u00e4rlden \u00f6ver arbetar mot ett gemensamt m\u00e5l: att st\u00e4rka kvinnor och flickor. Det kan vara genom insamlingar, st\u00f6djande insatser eller [&hellip;]\" \/>\n<meta property=\"og:url\" content=\"https:\/\/zonta.se\/lv\/bli-medlem\/\" \/>\n<meta property=\"og:site_name\" content=\"Zonta Distrikt 21\" \/>\n<meta property=\"article:modified_time\" content=\"2022-11-08T09:39:38+00:00\" \/>\n<meta property=\"og:image\" content=\"https:\/\/zonta.se\/wp-content\/uploads\/2022\/08\/zonta-hero-bli-medlem-1200x800.jpg\" \/>\n<meta name=\"twitter:card\" content=\"summary_large_image\" \/>\n<meta name=\"twitter:label1\" content=\"Est. reading time\" \/>\n\t<meta name=\"twitter:data1\" content=\"3 min\u016btes\" \/>\n<script type=\"application\/ld+json\" class=\"yoast-schema-graph\">{\"@context\":\"https:\\\/\\\/schema.org\",\"@graph\":[{\"@type\":\"WebPage\",\"@id\":\"https:\\\/\\\/zonta.se\\\/bli-medlem\\\/\",\"url\":\"https:\\\/\\\/zonta.se\\\/bli-medlem\\\/\",\"name\":\"Bli medlem - Zonta Distrikt 21\",\"isPartOf\":{\"@id\":\"https:\\\/\\\/zonta.se\\\/#website\"},\"primaryImageOfPage\":{\"@id\":\"https:\\\/\\\/zonta.se\\\/bli-medlem\\\/#primaryimage\"},\"image\":{\"@id\":\"https:\\\/\\\/zonta.se\\\/bli-medlem\\\/#primaryimage\"},\"thumbnailUrl\":\"https:\\\/\\\/zonta.se\\\/wp-content\\\/uploads\\\/2022\\\/08\\\/zonta-hero-bli-medlem-1200x800.jpg\",\"datePublished\":\"2022-08-09T11:43:21+00:00\",\"dateModified\":\"2022-11-08T09:39:38+00:00\",\"breadcrumb\":{\"@id\":\"https:\\\/\\\/zonta.se\\\/bli-medlem\\\/#breadcrumb\"},\"inLanguage\":\"lv-LV\",\"potentialAction\":[{\"@type\":\"ReadAction\",\"target\":[\"https:\\\/\\\/zonta.se\\\/bli-medlem\\\/\"]}]},{\"@type\":\"ImageObject\",\"inLanguage\":\"lv-LV\",\"@id\":\"https:\\\/\\\/zonta.se\\\/bli-medlem\\\/#primaryimage\",\"url\":\"https:\\\/\\\/zonta.se\\\/wp-content\\\/uploads\\\/2022\\\/08\\\/zonta-hero-bli-medlem-1200x800.jpg\",\"contentUrl\":\"https:\\\/\\\/zonta.se\\\/wp-content\\\/uploads\\\/2022\\\/08\\\/zonta-hero-bli-medlem-1200x800.jpg\"},{\"@type\":\"BreadcrumbList\",\"@id\":\"https:\\\/\\\/zonta.se\\\/bli-medlem\\\/#breadcrumb\",\"itemListElement\":[{\"@type\":\"ListItem\",\"position\":1,\"name\":\"Hem\",\"item\":\"https:\\\/\\\/zonta.se\\\/\"},{\"@type\":\"ListItem\",\"position\":2,\"name\":\"Bli medlem\"}]},{\"@type\":\"WebSite\",\"@id\":\"https:\\\/\\\/zonta.se\\\/#website\",\"url\":\"https:\\\/\\\/zonta.se\\\/\",\"name\":\"Zonta Distrikt 21\",\"description\":\"\",\"publisher\":{\"@id\":\"https:\\\/\\\/zonta.se\\\/#organization\"},\"potentialAction\":[{\"@type\":\"SearchAction\",\"target\":{\"@type\":\"EntryPoint\",\"urlTemplate\":\"https:\\\/\\\/zonta.se\\\/?s={search_term_string}\"},\"query-input\":{\"@type\":\"PropertyValueSpecification\",\"valueRequired\":true,\"valueName\":\"search_term_string\"}}],\"inLanguage\":\"lv-LV\"},{\"@type\":\"Organization\",\"@id\":\"https:\\\/\\\/zonta.se\\\/#organization\",\"name\":\"Zonta Distrikt 21\",\"url\":\"https:\\\/\\\/zonta.se\\\/\",\"logo\":{\"@type\":\"ImageObject\",\"inLanguage\":\"lv-LV\",\"@id\":\"https:\\\/\\\/zonta.se\\\/#\\\/schema\\\/logo\\\/image\\\/\",\"url\":\"https:\\\/\\\/zonta.se\\\/wp-content\\\/uploads\\\/2022\\\/09\\\/zonta-logo-color-1.svg\",\"contentUrl\":\"https:\\\/\\\/zonta.se\\\/wp-content\\\/uploads\\\/2022\\\/09\\\/zonta-logo-color-1.svg\",\"width\":1136,\"height\":355,\"caption\":\"Zonta Distrikt 21\"},\"image\":{\"@id\":\"https:\\\/\\\/zonta.se\\\/#\\\/schema\\\/logo\\\/image\\\/\"}}]}<\/script>\n<!-- \/ Yoast SEO plugin. -->","yoast_head_json":{"title":"K\u013c\u016bsti par biedru \u2014 Zonta 21. rajons","robots":{"index":"index","follow":"follow","max-snippet":"max-snippet:-1","max-image-preview":"max-image-preview:large","max-video-preview":"max-video-preview:-1"},"canonical":"https:\/\/zonta.se\/lv\/bli-medlem\/","og_locale":"lv_LV","og_type":"article","og_title":"Bli medlem - Zonta Distrikt 21","og_description":"Bli medlem &#8211; Tillsammans g\u00f6r vi skillnad Som medlem i Zonta ing\u00e5r du i ett globalt n\u00e4tverk av omkring 25 000 personer som alla delar ditt engagemang f\u00f6r kvinnors r\u00e4ttigheter. Vi st\u00e4rker andra Alla Zontaklubbar v\u00e4rlden \u00f6ver arbetar mot ett gemensamt m\u00e5l: att st\u00e4rka kvinnor och flickor. Det kan vara genom insamlingar, st\u00f6djande insatser eller [&hellip;]","og_url":"https:\/\/zonta.se\/lv\/bli-medlem\/","og_site_name":"Zonta Distrikt 21","article_modified_time":"2022-11-08T09:39:38+00:00","og_image":[{"url":"https:\/\/zonta.se\/wp-content\/uploads\/2022\/08\/zonta-hero-bli-medlem-1200x800.jpg","type":"","width":"","height":""}],"twitter_card":"summary_large_image","twitter_misc":{"Est. reading time":"3 min\u016btes"},"schema":{"@context":"https:\/\/schema.org","@graph":[{"@type":"WebPage","@id":"https:\/\/zonta.se\/bli-medlem\/","url":"https:\/\/zonta.se\/bli-medlem\/","name":"K\u013c\u016bsti par biedru \u2014 Zonta 21. rajons","isPartOf":{"@id":"https:\/\/zonta.se\/#website"},"primaryImageOfPage":{"@id":"https:\/\/zonta.se\/bli-medlem\/#primaryimage"},"image":{"@id":"https:\/\/zonta.se\/bli-medlem\/#primaryimage"},"thumbnailUrl":"https:\/\/zonta.se\/wp-content\/uploads\/2022\/08\/zonta-hero-bli-medlem-1200x800.jpg","datePublished":"2022-08-09T11:43:21+00:00","dateModified":"2022-11-08T09:39:38+00:00","breadcrumb":{"@id":"https:\/\/zonta.se\/bli-medlem\/#breadcrumb"},"inLanguage":"lv-LV","potentialAction":[{"@type":"ReadAction","target":["https:\/\/zonta.se\/bli-medlem\/"]}]},{"@type":"ImageObject","inLanguage":"lv-LV","@id":"https:\/\/zonta.se\/bli-medlem\/#primaryimage","url":"https:\/\/zonta.se\/wp-content\/uploads\/2022\/08\/zonta-hero-bli-medlem-1200x800.jpg","contentUrl":"https:\/\/zonta.se\/wp-content\/uploads\/2022\/08\/zonta-hero-bli-medlem-1200x800.jpg"},{"@type":"BreadcrumbList","@id":"https:\/\/zonta.se\/bli-medlem\/#breadcrumb","itemListElement":[{"@type":"ListItem","position":1,"name":"Hem","item":"https:\/\/zonta.se\/"},{"@type":"ListItem","position":2,"name":"Bli medlem"}]},{"@type":"WebSite","@id":"https:\/\/zonta.se\/#website","url":"https:\/\/zonta.se\/","name":"Zontas rajons 21","description":"","publisher":{"@id":"https:\/\/zonta.se\/#organization"},"potentialAction":[{"@type":"SearchAction","target":{"@type":"EntryPoint","urlTemplate":"https:\/\/zonta.se\/?s={search_term_string}"},"query-input":{"@type":"PropertyValueSpecification","valueRequired":true,"valueName":"search_term_string"}}],"inLanguage":"lv-LV"},{"@type":"Organization","@id":"https:\/\/zonta.se\/#organization","name":"Zontas rajons 21","url":"https:\/\/zonta.se\/","logo":{"@type":"ImageObject","inLanguage":"lv-LV","@id":"https:\/\/zonta.se\/#\/schema\/logo\/image\/","url":"https:\/\/zonta.se\/wp-content\/uploads\/2022\/09\/zonta-logo-color-1.svg","contentUrl":"https:\/\/zonta.se\/wp-content\/uploads\/2022\/09\/zonta-logo-color-1.svg","width":1136,"height":355,"caption":"Zonta Distrikt 21"},"image":{"@id":"https:\/\/zonta.se\/#\/schema\/logo\/image\/"}}]}},"_links":{"self":[{"href":"https:\/\/zonta.se\/lv\/wp-json\/wp\/v2\/pages\/15","targetHints":{"allow":["GET"]}}],"collection":[{"href":"https:\/\/zonta.se\/lv\/wp-json\/wp\/v2\/pages"}],"about":[{"href":"https:\/\/zonta.se\/lv\/wp-json\/wp\/v2\/types\/page"}],"author":[{"embeddable":true,"href":"https:\/\/zonta.se\/lv\/wp-json\/wp\/v2\/users\/1"}],"replies":[{"embeddable":true,"href":"https:\/\/zonta.se\/lv\/wp-json\/wp\/v2\/comments?post=15"}],"version-history":[{"count":29,"href":"https:\/\/zonta.se\/lv\/wp-json\/wp\/v2\/pages\/15\/revisions"}],"predecessor-version":[{"id":46590,"href":"https:\/\/zonta.se\/lv\/wp-json\/wp\/v2\/pages\/15\/revisions\/46590"}],"wp:attachment":[{"href":"https:\/\/zonta.se\/lv\/wp-json\/wp\/v2\/media?parent=15"}],"curies":[{"name":"wp","href":"https:\/\/api.w.org\/{rel}","templated":true}]}}