{"id":19,"date":"2022-08-09T13:43:39","date_gmt":"2022-08-09T11:43:39","guid":{"rendered":"https:\/\/zonta.se\/?page_id=19"},"modified":"2022-10-05T20:07:44","modified_gmt":"2022-10-05T18:07:44","slug":"om-oss","status":"publish","type":"page","link":"https:\/\/zonta.se\/lv\/om-oss\/","title":{"rendered":"Par mums"},"content":{"rendered":"<div class=\"wp-block-group is-style-subhero\"><div class=\"wp-block-group__inner-container is-layout-flow wp-block-group-is-layout-flow\">\n<div class=\"wp-block-group is-style-split-text\"><div class=\"wp-block-group__inner-container is-layout-flow wp-block-group-is-layout-flow\">\n<h1 class=\"is-style-default wp-block-heading\">Par mums<\/h1>\n\n\n\n<p>Zonta International ir vado\u0161\u0101 glob\u0101la organiz\u0101cija, kur\u0101 apvienoju\u0161ies cilv\u0113ki no da\u017e\u0101d\u0101m profesion\u0101laj\u0101m grup\u0101m, kas str\u0101d\u0101, lai veicin\u0101tu sievie\u0161u ties\u012bbas, izmantojot atbalsta un intere\u0161u aizst\u0101v\u012bbas pas\u0101kumus. M\u0113s neesam politiski un reli\u0123iski saist\u012bti, un \u0161odien mums ir aptuveni 25\u00a0000 biedru vair\u0101k nek\u0101 1100 klubos aptuveni 60 valst\u012bs.<\/p>\n\n\n\n<p>21. apgabal\u0101, ko veido Zviedrija un Latvija, ir ap 1500 biedru.<\/p>\n<\/div><\/div>\n\n\n\n<div class=\"wp-block-group is-style-split-image\"><div class=\"wp-block-group__inner-container is-layout-flow wp-block-group-is-layout-flow\">\n<figure class=\"wp-block-image size-large\"><img loading=\"lazy\" decoding=\"async\" width=\"1200\" height=\"800\" src=\"https:\/\/zonta.se\/wp-content\/uploads\/2022\/08\/zonta-hero-om-oss-1200x800.jpg\" alt=\"Zonta International \u00e4r en ledande global organisation av personer fr\u00e5n olika yrkesgrupper som arbetar f\u00f6r att fr\u00e4mja kvinnors r\u00e4ttigheter genom st\u00f6djande insatser och p\u00e5verkansarbete.\" class=\"wp-image-43326\" srcset=\"https:\/\/zonta.se\/wp-content\/uploads\/2022\/08\/zonta-hero-om-oss-1200x800.jpg 1200w, https:\/\/zonta.se\/wp-content\/uploads\/2022\/08\/zonta-hero-om-oss-600x400.jpg 600w, https:\/\/zonta.se\/wp-content\/uploads\/2022\/08\/zonta-hero-om-oss-768x512.jpg 768w, https:\/\/zonta.se\/wp-content\/uploads\/2022\/08\/zonta-hero-om-oss-820x547.jpg 820w, https:\/\/zonta.se\/wp-content\/uploads\/2022\/08\/zonta-hero-om-oss.jpg 1500w\" sizes=\"auto, (max-width: 1200px) 100vw, 1200px\" \/><\/figure>\n<\/div><\/div>\n<\/div><\/div>\n\n\n\n<div id=\"vision-och-mal\" class=\"wp-block-group\"><div class=\"wp-block-group__inner-container is-layout-flow wp-block-group-is-layout-flow\">\n<div class=\"wp-block-columns has-2-columns is-style-cols-reverse is-layout-flex wp-container-core-columns-is-layout-9d6595d7 wp-block-columns has-2-columns-is-layout-flex\">\n<div class=\"wp-block-column is-layout-flow wp-block-column-is-layout-flow\">\n<figure class=\"wp-block-image size-full\"><img loading=\"lazy\" decoding=\"async\" width=\"903\" height=\"586\" src=\"https:\/\/zonta.se\/wp-content\/uploads\/2022\/08\/zonta-om-oss-var-vision.jpg\" alt=\"V\u00e5r vision \u00e4r en v\u00e4rld d\u00e4r alla erk\u00e4nner kvinnors r\u00e4ttigheter som m\u00e4nskliga r\u00e4ttigheter och d\u00e4r varje kvinna har m\u00f6jlighet att n\u00e5 sin fulla potential.\" class=\"wp-image-43324\" srcset=\"https:\/\/zonta.se\/wp-content\/uploads\/2022\/08\/zonta-om-oss-var-vision.jpg 903w, https:\/\/zonta.se\/wp-content\/uploads\/2022\/08\/zonta-om-oss-var-vision-600x389.jpg 600w, https:\/\/zonta.se\/wp-content\/uploads\/2022\/08\/zonta-om-oss-var-vision-768x498.jpg 768w, https:\/\/zonta.se\/wp-content\/uploads\/2022\/08\/zonta-om-oss-var-vision-820x532.jpg 820w\" sizes=\"auto, (max-width: 903px) 100vw, 903px\" \/><\/figure>\n<\/div>\n\n\n\n<div class=\"wp-block-column is-layout-flow wp-block-column-is-layout-flow\">\n<h2 class=\"wp-block-heading\">M\u016bsu redz\u0113jums<\/h2>\n\n\n\n<p>M\u016bsu v\u012bzija ir pasaule, kur\u0101 visi atz\u012bst sievie\u0161u ties\u012bbas k\u0101 cilv\u0113kties\u012bbas un kur\u0101 katrai sievietei ir iesp\u0113ja piln\u012bb\u0101 izmantot savu potenci\u0101lu.<\/p>\n\n\n\n<p>\u0160aj\u0101 pasaul\u0113 sieviet\u0113m ir pieejami visi resursi, un vi\u0146as ir p\u0101rst\u0101v\u0113tas visos l\u0113mumu pie\u0146em\u0161anas amatos ar t\u0101diem pa\u0161iem noteikumiem k\u0101 v\u012brie\u0161i.<\/p>\n\n\n\n<p>Taj\u0101 pasaul\u0113 neviena sieviete nebaid\u0101s no vardarb\u012bbas.<\/p>\n<\/div>\n<\/div>\n<\/div><\/div>\n\n\n\n<div class=\"wp-block-group has-lightgray-background-color has-background\"><div class=\"wp-block-group__inner-container is-layout-flow wp-block-group-is-layout-flow\">\n<div class=\"wp-block-columns has-3-columns is-layout-flex wp-container-core-columns-is-layout-9d6595d7 wp-block-columns has-3-columns-is-layout-flex\">\n<div class=\"wp-block-column is-vertically-aligned-top is-layout-flow wp-block-column-is-layout-flow\">\n<h2 class=\"is-style-no-decoration wp-block-heading\">M\u0113s dodam iesp\u0113ju sieviet\u0113m<\/h2>\n\n\n\n<p>T\u0101 k\u0101 m\u0113s str\u0101d\u0101jam vienl\u012bdz\u012bgas pasaules lab\u0101, m\u0113s sniedzam sieviet\u0113m iesp\u0113jas:<\/p>\n\n\n\n<ul class=\"wp-block-list\"><li>Ietekme lok\u0101li un glob\u0101li<\/li><li>Invest\u0113jiet n\u0101kotn\u0113<\/li><li>Radiet ilgsto\u0161as p\u0101rmai\u0146as<\/li><li>Att\u012bst\u012bt l\u012bderus<\/li><\/ul>\n<\/div>\n\n\n\n<div class=\"wp-block-column is-vertically-aligned-top is-layout-flow wp-block-column-is-layout-flow\">\n<h2 class=\"is-style-no-decoration wp-block-heading\">Atbalstot centienus<\/h2>\n\n\n\n<p>M\u0113s sniedzam finansi\u0101lu atbalstu vair\u0101kiem l\u012bdzties\u012bbas un cilv\u0113kties\u012bbu projektiem, bie\u017ei sadarbojoties ar da\u017e\u0101d\u0101m ANO a\u0123ent\u016br\u0101m. Projekti, cita starp\u0101, ir v\u0113rsti uz sievie\u0161u vesel\u012bbas, izgl\u012bt\u012bbas un ekonomikas veicin\u0101\u0161anu un ar dzimumu saist\u012btas vardarb\u012bbas, b\u0113rnu laul\u012bbu un cilv\u0113ku tirdzniec\u012bbas izskau\u0161anu.<\/p>\n<\/div>\n\n\n\n<div class=\"wp-block-column is-vertically-aligned-top is-layout-flow wp-block-column-is-layout-flow\">\n<h2 class=\"is-style-no-decoration wp-block-heading\">Ietekm\u0113t darbu<\/h2>\n\n\n\n<p>M\u0113s v\u0113lamies ilgtermi\u0146\u0101 main\u012bt attieksmi un v\u0113rt\u012bbas, lai uzlabotu apst\u0101k\u013cus sieviet\u0113m un meiten\u0113m un stiprin\u0101tu un aizsarg\u0101tu vi\u0146u cilv\u0113kties\u012bbas. M\u0113s darbojamies starptautisk\u0101, nacion\u0101l\u0101 un viet\u0113j\u0101 l\u012bmen\u012b cilv\u0113kties\u012bbu un dzimumu l\u012bdzties\u012bbas jaut\u0101jumos.<\/p>\n<\/div>\n<\/div>\n<\/div><\/div>\n\n\n\n<div class=\"wp-block-group\"><div class=\"wp-block-group__inner-container is-layout-flow wp-block-group-is-layout-flow\">\n<div class=\"wp-block-columns has-2-columns is-style-default is-layout-flex wp-container-core-columns-is-layout-9d6595d7 wp-block-columns has-2-columns-is-layout-flex\">\n<div class=\"wp-block-column is-layout-flow wp-block-column-is-layout-flow\">\n<h2 class=\"wp-block-heading\">m\u016bsu v\u0113sturi<\/h2>\n\n\n\n<p>Jau 1919. gad\u0101 Bufalo, \u0145ujork\u0101, tika dibin\u0101ta &quot;Zonta klubu konfeder\u0101cija&quot;. Starp organiz\u0101cijas agr\u0101kaj\u0101m dal\u012bbniec\u0113m bija pirm\u0101 koled\u017e\u0101 izgl\u012btoto sievie\u0161u paaudze un pirm\u0101 sievie\u0161u paaudze Amerikas Savienotaj\u0101s Valst\u012bs, kam bija balssties\u012bbas. Daudzas pieder\u0113ja augo\u0161ai, bet joproj\u0101m sal\u012bdzino\u0161i nelielai str\u0101d\u0101jo\u0161u sievie\u0161u grupai. Vi\u0146i ap\u0146\u0113m\u0101s nodro\u0161in\u0101t sievie\u0161u l\u012bdzties\u012bbu un sievie\u0161u ties\u012bbas uz lab\u0101ku dz\u012bvi.<\/p>\n\n\n\n<p>Par piemi\u0146u dibin\u0101\u0161anai 8. novembris tika noteikts par Zonta dienu. Gadu v\u0113l\u0101k ASV tika izveidoti devi\u0146i klubi, kuros kopum\u0101 bija 600 biedru. Gandr\u012bz 100 gadu laik\u0101 Zonta International ir k\u013cuvusi par vado\u0161u glob\u0101lu organiz\u0101ciju ar aptuveni 25 000 akt\u012bvu un kompetentu sievie\u0161u un v\u012brie\u0161u.<\/p>\n\n\n\n<p>Zonta Zviedrij\u0101 ierad\u0101s jau 1935. gad\u0101, kad Stokholm\u0101 tika izveidots pirmais klubs. \u0160odien Zviedrija kop\u0101 ar Latviju veido 21. apgabalu, kur\u0101 ir aptuveni 1500 biedru.<\/p>\n\n\n\n<div class=\"wp-block-buttons is-layout-flex wp-block-buttons-is-layout-flex\">\n<div class=\"wp-block-button\"><a class=\"wp-block-button__link\" href=\"\/lv\/historia\/\">Lasiet vair\u0101k par m\u016bsu v\u0113sturi<\/a><\/div>\n<\/div>\n<\/div>\n\n\n\n<div class=\"wp-block-column is-layout-flow wp-block-column-is-layout-flow\">\n<figure class=\"wp-block-image size-full\"><img loading=\"lazy\" decoding=\"async\" width=\"912\" height=\"525\" src=\"https:\/\/zonta.se\/wp-content\/uploads\/2022\/08\/zonta-om-oss-historia.jpg\" alt=\"Till Sverige kom Zonta redan 1935, d\u00e5 den f\u00f6rsta klubben etablerades i Stockholm. Idag bildar Sverige tillsammans med Lettland Distrikt 21 med omkring 1 500 medlemmar.\" class=\"wp-image-43321\" srcset=\"https:\/\/zonta.se\/wp-content\/uploads\/2022\/08\/zonta-om-oss-historia.jpg 912w, https:\/\/zonta.se\/wp-content\/uploads\/2022\/08\/zonta-om-oss-historia-600x345.jpg 600w, https:\/\/zonta.se\/wp-content\/uploads\/2022\/08\/zonta-om-oss-historia-768x442.jpg 768w, https:\/\/zonta.se\/wp-content\/uploads\/2022\/08\/zonta-om-oss-historia-820x472.jpg 820w\" sizes=\"auto, (max-width: 912px) 100vw, 912px\" \/><\/figure>\n<\/div>\n<\/div>\n<\/div><\/div>\n\n\n\n<div id=\"organisation\" class=\"wp-block-group\"><div class=\"wp-block-group__inner-container is-layout-flow wp-block-group-is-layout-flow\">\n<div class=\"wp-block-columns has-2-columns is-style-cols-reverse is-layout-flex wp-container-core-columns-is-layout-9d6595d7 wp-block-columns has-2-columns-is-layout-flex\">\n<div class=\"wp-block-column is-layout-flow wp-block-column-is-layout-flow\">\n<figure class=\"wp-block-image size-full\"><img loading=\"lazy\" decoding=\"async\" width=\"767\" height=\"477\" src=\"https:\/\/zonta.se\/wp-content\/uploads\/2022\/08\/zonta-karta-organisation.png\" alt=\"Zonta International \u00e4r indelat i 31 distrikt och 1 region \u00f6ver hela v\u00e4rlden. \" class=\"wp-image-43316\" srcset=\"https:\/\/zonta.se\/wp-content\/uploads\/2022\/08\/zonta-karta-organisation.png 767w, https:\/\/zonta.se\/wp-content\/uploads\/2022\/08\/zonta-karta-organisation-600x373.png 600w\" sizes=\"auto, (max-width: 767px) 100vw, 767px\" \/><\/figure>\n<\/div>\n\n\n\n<div class=\"wp-block-column is-layout-flow wp-block-column-is-layout-flow\">\n<h2 class=\"wp-block-heading\">Organiz\u0101cija<\/h2>\n\n\n\n<p>Zonta International ir sadal\u012bta 31 rajon\u0101 un 1 re\u0123ion\u0101 vis\u0101 pasaul\u0113. Katrs rajons sast\u0101v no vair\u0101kiem t\u0101 sauktajiem apgabaliem vai \u0123eogr\u0101fiskajiem apgabaliem, un katr\u0101 apgabal\u0101 ir vair\u0101ki klubi. Kopum\u0101 mums ir aptuveni 1100 klubi vis\u0101 pasaul\u0113. M\u016bsu rajon\u0101, ar numuru 21, ietilpst Zviedrija un Latvija un aptuveni 60 klubi.<\/p>\n<\/div>\n<\/div>\n<\/div><\/div>\n\n\n\n<div class=\"wp-block-group\"><div class=\"wp-block-group__inner-container is-layout-flow wp-block-group-is-layout-flow\">\n<div class=\"wp-block-columns has-2-columns is-style-default is-layout-flex wp-container-core-columns-is-layout-9d6595d7 wp-block-columns has-2-columns-is-layout-flex\">\n<div class=\"wp-block-column is-layout-flow wp-block-column-is-layout-flow\">\n<h2 class=\"wp-block-heading\">Zonta tiek p\u0101rvald\u012bta demokr\u0101tiski<\/h2>\n\n\n\n<p>Zonta International iev\u0113ro demokr\u0101tiskas proced\u016bras, un m\u0113s mudin\u0101m savus biedrus b\u016bt akt\u012bviem l\u0113mumu pie\u0146em\u0161an\u0101 visos l\u012bme\u0146os.<\/p>\n\n\n\n<h3 class=\"wp-block-heading\">Starptautisk\u0101s pasaules san\u0101ksmes<\/h3>\n\n\n\n<p>Reizi divos gados tiek r\u012bkota starptautiska pasaules san\u0101ksme - Zonta International Convention. Tur lietas un l\u0113mumi tiek k\u0101rtoti gan dal\u012bborganiz\u0101cijas Zonta International, gan l\u012bdzek\u013cu v\u0101k\u0161anas organiz\u0101cijas Zonta Foundation for Women ietvaros. Pasaules san\u0101ksm\u0113 piedal\u0101s Zonta klubu deleg\u0101ti vis\u0101 pasaul\u0113, lai p\u0101rst\u0101v\u0113tu, balsotu, iev\u0113l\u0113tu valdi un pie\u0146emtu l\u0113mumus, kas nodro\u0161ina, ka Zonta atbilst savai misijai un v\u012bzijai.<\/p>\n\n\n\n<h3 class=\"wp-block-heading\">Rajona san\u0101ksmes<\/h3>\n\n\n\n<p>Ik p\u0113c diviem gadiem, starp div\u0101m pasaules san\u0101ksm\u0113m, m\u0113s r\u012bkojam savu rajona san\u0101ksmi. Ar\u012b tad tie\u0161i klubu deleg\u0101ti balso un pie\u0146em l\u0113mumus, tostarp par valdi un n\u0101kam\u0101 gada bud\u017eetu.<\/p>\n\n\n\n<h3 class=\"wp-block-heading\">Zonta starptautisk\u0101 direktoru padome<\/h3>\n\n\n\n<p>Zontu vada starptautiska padome, Zonta International Board, kas tiek iev\u0113l\u0113ta pasaules san\u0101ksm\u0113 reizi divos gados. Valdes uzdevums ir noteikt politikas un lemt par visp\u0101r\u0113jo Zonta virz\u012bbu glob\u0101li.<\/p>\n\n\n\n<h3 class=\"wp-block-heading\">Zonta fonds sieviet\u0113m<\/h3>\n\n\n\n<p>Sievie\u0161u fonds Zonta ir Zonta l\u012bdzek\u013cu v\u0101k\u0161anas organiz\u0101cija. T\u0101s misija ir v\u0101kt un p\u0101rvald\u012bt l\u012bdzek\u013cus projektiem, par kuriem lemj Pasaules san\u0101ksme. Ieg\u016btie l\u012bdzek\u013ci tiks izmantoti, lai atbalst\u012btu sievie\u0161u ties\u012bbas uz labu vesel\u012bbu, izgl\u012bt\u012bbu un god\u012bgu juridisko, politisko un ekonomisko st\u0101vokli pasaul\u0113.&nbsp;<\/p>\n\n\n\n<p>Zonta Foundation for Women valde ir t\u0101da pati k\u0101 Zonta International valde.<\/p>\n\n\n\n<h3 class=\"wp-block-heading\">Zonta starptautisk\u0101s komitejas<\/h3>\n\n\n\n<p>Zonta International ir vair\u0101k nek\u0101 20 da\u017e\u0101das komitejas. Sadarb\u012bb\u0101 ar valdi komitej\u0101m ir galven\u0101 loma pasaules san\u0101ksm\u0113 noteikto divu gadu m\u0113r\u0137u \u012bsteno\u0161an\u0101.<\/p>\n<\/div>\n\n\n\n<div class=\"wp-block-column is-layout-flow wp-block-column-is-layout-flow\">\n<figure class=\"wp-block-image size-large\"><img loading=\"lazy\" decoding=\"async\" width=\"686\" height=\"1200\" src=\"https:\/\/zonta.se\/wp-content\/uploads\/2022\/08\/zonta-karta-over-struktur-inom-organisationen-686x1200.jpeg\" alt=\"Karta \u00f6ver strukturen inom Zonta som organisation\" class=\"wp-image-43317\" srcset=\"https:\/\/zonta.se\/wp-content\/uploads\/2022\/08\/zonta-karta-over-struktur-inom-organisationen-686x1200.jpeg 686w, https:\/\/zonta.se\/wp-content\/uploads\/2022\/08\/zonta-karta-over-struktur-inom-organisationen-343x600.jpeg 343w, https:\/\/zonta.se\/wp-content\/uploads\/2022\/08\/zonta-karta-over-struktur-inom-organisationen-768x1344.jpeg 768w, https:\/\/zonta.se\/wp-content\/uploads\/2022\/08\/zonta-karta-over-struktur-inom-organisationen-469x820.jpeg 469w, https:\/\/zonta.se\/wp-content\/uploads\/2022\/08\/zonta-karta-over-struktur-inom-organisationen.jpeg 800w\" sizes=\"auto, (max-width: 686px) 100vw, 686px\" \/><\/figure>\n<\/div>\n<\/div>\n<\/div><\/div>\n\n\n\n<div class=\"wp-block-group is-style-cta\"><div class=\"wp-block-group__inner-container is-layout-flow wp-block-group-is-layout-flow\">\n<h2 class=\"has-text-align-center wp-block-heading\">Iesaistiet sevi!<\/h2>\n\n\n\n<p class=\"has-text-align-center\">K\u0101 Zonta dal\u012bbnieks j\u016bs esat da\u013ca no pla\u0161a cilv\u0113ku t\u012bkla no da\u017e\u0101d\u0101m profesion\u0101laj\u0101m grup\u0101m, kas veido lab\u0101ku n\u0101kotni meiten\u0113m un sieviet\u0113m vis\u0101 pasaul\u0113.<\/p>\n\n\n\n<div class=\"wp-block-buttons is-content-justification-center is-layout-flex wp-container-core-buttons-is-layout-16018d1d wp-block-buttons-is-layout-flex\">\n<div class=\"wp-block-button is-style-outline is-style-outline--1\"><a class=\"wp-block-button__link\" href=\"\/lv\/bli-medlem\/\">Pierakst\u012bties<\/a><\/div>\n<\/div>\n<\/div><\/div>","protected":false},"excerpt":{"rendered":"<p>Om oss Zonta International \u00e4r en ledande global organisation av personer fr\u00e5n olika yrkesgrupper som arbetar f\u00f6r att fr\u00e4mja kvinnors r\u00e4ttigheter genom st\u00f6djande insatser och p\u00e5verkansarbete. Vi \u00e4r partipolitiskt och religi\u00f6st obundna och har i dag omkring 25 000 medlemmar i mer \u00e4n 1100 klubbar i cirka 60 l\u00e4nder. Distrikt 21, som best\u00e5r av Sverige [&hellip;]<\/p>\n","protected":false},"author":1,"featured_media":0,"parent":0,"menu_order":0,"comment_status":"closed","ping_status":"closed","template":"","meta":{"_acf_changed":false,"footnotes":""},"class_list":["post-19","page","type-page","status-publish","hentry"],"acf":[],"yoast_head":"<!-- This site is optimized with the Yoast SEO plugin v27.3 - https:\/\/yoast.com\/product\/yoast-seo-wordpress\/ -->\n<title>Om oss - Zonta Distrikt 21<\/title>\n<meta name=\"robots\" content=\"index, follow, max-snippet:-1, max-image-preview:large, max-video-preview:-1\" \/>\n<link rel=\"canonical\" href=\"https:\/\/zonta.se\/lv\/om-oss\/\" \/>\n<meta property=\"og:locale\" content=\"lv_LV\" \/>\n<meta property=\"og:type\" content=\"article\" \/>\n<meta property=\"og:title\" content=\"Om oss - Zonta Distrikt 21\" \/>\n<meta property=\"og:description\" content=\"Om oss Zonta International \u00e4r en ledande global organisation av personer fr\u00e5n olika yrkesgrupper som arbetar f\u00f6r att fr\u00e4mja kvinnors r\u00e4ttigheter genom st\u00f6djande insatser och p\u00e5verkansarbete. Vi \u00e4r partipolitiskt och religi\u00f6st obundna och har i dag omkring 25 000 medlemmar i mer \u00e4n 1100 klubbar i cirka 60 l\u00e4nder. Distrikt 21, som best\u00e5r av Sverige [&hellip;]\" \/>\n<meta property=\"og:url\" content=\"https:\/\/zonta.se\/lv\/om-oss\/\" \/>\n<meta property=\"og:site_name\" content=\"Zonta Distrikt 21\" \/>\n<meta property=\"article:modified_time\" content=\"2022-10-05T18:07:44+00:00\" \/>\n<meta property=\"og:image\" content=\"https:\/\/zonta.se\/wp-content\/uploads\/2022\/08\/zonta-hero-om-oss-1200x800.jpg\" \/>\n<meta name=\"twitter:card\" content=\"summary_large_image\" \/>\n<meta name=\"twitter:label1\" content=\"Est. reading time\" \/>\n\t<meta name=\"twitter:data1\" content=\"5 min\u016btes\" \/>\n<script type=\"application\/ld+json\" class=\"yoast-schema-graph\">{\"@context\":\"https:\\\/\\\/schema.org\",\"@graph\":[{\"@type\":\"WebPage\",\"@id\":\"https:\\\/\\\/zonta.se\\\/om-oss\\\/\",\"url\":\"https:\\\/\\\/zonta.se\\\/om-oss\\\/\",\"name\":\"Om oss - Zonta Distrikt 21\",\"isPartOf\":{\"@id\":\"https:\\\/\\\/zonta.se\\\/#website\"},\"primaryImageOfPage\":{\"@id\":\"https:\\\/\\\/zonta.se\\\/om-oss\\\/#primaryimage\"},\"image\":{\"@id\":\"https:\\\/\\\/zonta.se\\\/om-oss\\\/#primaryimage\"},\"thumbnailUrl\":\"https:\\\/\\\/zonta.se\\\/wp-content\\\/uploads\\\/2022\\\/08\\\/zonta-hero-om-oss-1200x800.jpg\",\"datePublished\":\"2022-08-09T11:43:39+00:00\",\"dateModified\":\"2022-10-05T18:07:44+00:00\",\"breadcrumb\":{\"@id\":\"https:\\\/\\\/zonta.se\\\/om-oss\\\/#breadcrumb\"},\"inLanguage\":\"lv-LV\",\"potentialAction\":[{\"@type\":\"ReadAction\",\"target\":[\"https:\\\/\\\/zonta.se\\\/om-oss\\\/\"]}]},{\"@type\":\"ImageObject\",\"inLanguage\":\"lv-LV\",\"@id\":\"https:\\\/\\\/zonta.se\\\/om-oss\\\/#primaryimage\",\"url\":\"https:\\\/\\\/zonta.se\\\/wp-content\\\/uploads\\\/2022\\\/08\\\/zonta-hero-om-oss-1200x800.jpg\",\"contentUrl\":\"https:\\\/\\\/zonta.se\\\/wp-content\\\/uploads\\\/2022\\\/08\\\/zonta-hero-om-oss-1200x800.jpg\"},{\"@type\":\"BreadcrumbList\",\"@id\":\"https:\\\/\\\/zonta.se\\\/om-oss\\\/#breadcrumb\",\"itemListElement\":[{\"@type\":\"ListItem\",\"position\":1,\"name\":\"Hem\",\"item\":\"https:\\\/\\\/zonta.se\\\/\"},{\"@type\":\"ListItem\",\"position\":2,\"name\":\"Om oss\"}]},{\"@type\":\"WebSite\",\"@id\":\"https:\\\/\\\/zonta.se\\\/#website\",\"url\":\"https:\\\/\\\/zonta.se\\\/\",\"name\":\"Zonta Distrikt 21\",\"description\":\"\",\"publisher\":{\"@id\":\"https:\\\/\\\/zonta.se\\\/#organization\"},\"potentialAction\":[{\"@type\":\"SearchAction\",\"target\":{\"@type\":\"EntryPoint\",\"urlTemplate\":\"https:\\\/\\\/zonta.se\\\/?s={search_term_string}\"},\"query-input\":{\"@type\":\"PropertyValueSpecification\",\"valueRequired\":true,\"valueName\":\"search_term_string\"}}],\"inLanguage\":\"lv-LV\"},{\"@type\":\"Organization\",\"@id\":\"https:\\\/\\\/zonta.se\\\/#organization\",\"name\":\"Zonta Distrikt 21\",\"url\":\"https:\\\/\\\/zonta.se\\\/\",\"logo\":{\"@type\":\"ImageObject\",\"inLanguage\":\"lv-LV\",\"@id\":\"https:\\\/\\\/zonta.se\\\/#\\\/schema\\\/logo\\\/image\\\/\",\"url\":\"https:\\\/\\\/zonta.se\\\/wp-content\\\/uploads\\\/2022\\\/09\\\/zonta-logo-color-1.svg\",\"contentUrl\":\"https:\\\/\\\/zonta.se\\\/wp-content\\\/uploads\\\/2022\\\/09\\\/zonta-logo-color-1.svg\",\"width\":1136,\"height\":355,\"caption\":\"Zonta Distrikt 21\"},\"image\":{\"@id\":\"https:\\\/\\\/zonta.se\\\/#\\\/schema\\\/logo\\\/image\\\/\"}}]}<\/script>\n<!-- \/ Yoast SEO plugin. -->","yoast_head_json":{"title":"Par mums \u2014 Zonta 21. rajons","robots":{"index":"index","follow":"follow","max-snippet":"max-snippet:-1","max-image-preview":"max-image-preview:large","max-video-preview":"max-video-preview:-1"},"canonical":"https:\/\/zonta.se\/lv\/om-oss\/","og_locale":"lv_LV","og_type":"article","og_title":"Om oss - Zonta Distrikt 21","og_description":"Om oss Zonta International \u00e4r en ledande global organisation av personer fr\u00e5n olika yrkesgrupper som arbetar f\u00f6r att fr\u00e4mja kvinnors r\u00e4ttigheter genom st\u00f6djande insatser och p\u00e5verkansarbete. Vi \u00e4r partipolitiskt och religi\u00f6st obundna och har i dag omkring 25 000 medlemmar i mer \u00e4n 1100 klubbar i cirka 60 l\u00e4nder. Distrikt 21, som best\u00e5r av Sverige [&hellip;]","og_url":"https:\/\/zonta.se\/lv\/om-oss\/","og_site_name":"Zonta Distrikt 21","article_modified_time":"2022-10-05T18:07:44+00:00","og_image":[{"url":"https:\/\/zonta.se\/wp-content\/uploads\/2022\/08\/zonta-hero-om-oss-1200x800.jpg","type":"","width":"","height":""}],"twitter_card":"summary_large_image","twitter_misc":{"Est. reading time":"5 min\u016btes"},"schema":{"@context":"https:\/\/schema.org","@graph":[{"@type":"WebPage","@id":"https:\/\/zonta.se\/om-oss\/","url":"https:\/\/zonta.se\/om-oss\/","name":"Par mums \u2014 Zonta 21. rajons","isPartOf":{"@id":"https:\/\/zonta.se\/#website"},"primaryImageOfPage":{"@id":"https:\/\/zonta.se\/om-oss\/#primaryimage"},"image":{"@id":"https:\/\/zonta.se\/om-oss\/#primaryimage"},"thumbnailUrl":"https:\/\/zonta.se\/wp-content\/uploads\/2022\/08\/zonta-hero-om-oss-1200x800.jpg","datePublished":"2022-08-09T11:43:39+00:00","dateModified":"2022-10-05T18:07:44+00:00","breadcrumb":{"@id":"https:\/\/zonta.se\/om-oss\/#breadcrumb"},"inLanguage":"lv-LV","potentialAction":[{"@type":"ReadAction","target":["https:\/\/zonta.se\/om-oss\/"]}]},{"@type":"ImageObject","inLanguage":"lv-LV","@id":"https:\/\/zonta.se\/om-oss\/#primaryimage","url":"https:\/\/zonta.se\/wp-content\/uploads\/2022\/08\/zonta-hero-om-oss-1200x800.jpg","contentUrl":"https:\/\/zonta.se\/wp-content\/uploads\/2022\/08\/zonta-hero-om-oss-1200x800.jpg"},{"@type":"BreadcrumbList","@id":"https:\/\/zonta.se\/om-oss\/#breadcrumb","itemListElement":[{"@type":"ListItem","position":1,"name":"Hem","item":"https:\/\/zonta.se\/"},{"@type":"ListItem","position":2,"name":"Om oss"}]},{"@type":"WebSite","@id":"https:\/\/zonta.se\/#website","url":"https:\/\/zonta.se\/","name":"Zontas rajons 21","description":"","publisher":{"@id":"https:\/\/zonta.se\/#organization"},"potentialAction":[{"@type":"SearchAction","target":{"@type":"EntryPoint","urlTemplate":"https:\/\/zonta.se\/?s={search_term_string}"},"query-input":{"@type":"PropertyValueSpecification","valueRequired":true,"valueName":"search_term_string"}}],"inLanguage":"lv-LV"},{"@type":"Organization","@id":"https:\/\/zonta.se\/#organization","name":"Zontas rajons 21","url":"https:\/\/zonta.se\/","logo":{"@type":"ImageObject","inLanguage":"lv-LV","@id":"https:\/\/zonta.se\/#\/schema\/logo\/image\/","url":"https:\/\/zonta.se\/wp-content\/uploads\/2022\/09\/zonta-logo-color-1.svg","contentUrl":"https:\/\/zonta.se\/wp-content\/uploads\/2022\/09\/zonta-logo-color-1.svg","width":1136,"height":355,"caption":"Zonta Distrikt 21"},"image":{"@id":"https:\/\/zonta.se\/#\/schema\/logo\/image\/"}}]}},"_links":{"self":[{"href":"https:\/\/zonta.se\/lv\/wp-json\/wp\/v2\/pages\/19","targetHints":{"allow":["GET"]}}],"collection":[{"href":"https:\/\/zonta.se\/lv\/wp-json\/wp\/v2\/pages"}],"about":[{"href":"https:\/\/zonta.se\/lv\/wp-json\/wp\/v2\/types\/page"}],"author":[{"embeddable":true,"href":"https:\/\/zonta.se\/lv\/wp-json\/wp\/v2\/users\/1"}],"replies":[{"embeddable":true,"href":"https:\/\/zonta.se\/lv\/wp-json\/wp\/v2\/comments?post=19"}],"version-history":[{"count":30,"href":"https:\/\/zonta.se\/lv\/wp-json\/wp\/v2\/pages\/19\/revisions"}],"predecessor-version":[{"id":46174,"href":"https:\/\/zonta.se\/lv\/wp-json\/wp\/v2\/pages\/19\/revisions\/46174"}],"wp:attachment":[{"href":"https:\/\/zonta.se\/lv\/wp-json\/wp\/v2\/media?parent=19"}],"curies":[{"name":"wp","href":"https:\/\/api.w.org\/{rel}","templated":true}]}}