{"id":21,"date":"2022-08-09T13:43:50","date_gmt":"2022-08-09T11:43:50","guid":{"rendered":"https:\/\/zonta.se\/?page_id=21"},"modified":"2025-10-10T18:29:09","modified_gmt":"2025-10-10T16:29:09","slug":"sok-stipendier","status":"publish","type":"page","link":"https:\/\/zonta.se\/lv\/sok-stipendier\/","title":{"rendered":"Mekl\u0113t stipendijas"},"content":{"rendered":"<div class=\"wp-block-group is-style-subhero\"><div class=\"wp-block-group__inner-container is-layout-flow wp-block-group-is-layout-flow\">\n<div class=\"wp-block-group is-style-split-text\"><div class=\"wp-block-group__inner-container is-layout-flow wp-block-group-is-layout-flow\">\n<h1 class=\"wp-block-heading is-style-default\">Zontas stipendijas<\/h1>\n\n\n\n<p>Zonta pie\u0161\u0137ir stipendijas meiten\u0113m un sieviet\u0113m, kuras v\u0113las att\u012bst\u012bties un uz\u0146emties vado\u0161as lomas sabiedr\u012bb\u0101 un darba viet\u0101. M\u016bsu stipendijas ir \u012bpa\u0161i paredz\u0113tas tiem, kas str\u0101d\u0101 jom\u0101s, kur sievietes ir nepietiekami p\u0101rst\u0101v\u0113tas.<\/p>\n\n\n\n<p>Lai pieteiktos, nav j\u0101b\u016bt Zonta biedram. Diem\u017e\u0113l noteikumi paredz, ka biedri vai biedru radinieki nevar pieteikties m\u016bsu stipendij\u0101m.<\/p>\n\n\n\n<p>Lasiet vair\u0101k par da\u017e\u0101d\u0101m stipendij\u0101m zem\u0101k, lai atrastu sev piem\u0113rot\u0101ko.<br>Vai jums ir k\u0101di jaut\u0101jumi vai v\u0113laties uzzin\u0101t, kuram klubam pieteikties? Sazinieties ar mums, izmantojot <strong><a>stipendier@zonta.se<\/a><\/strong>.<\/p>\n<\/div><\/div>\n\n\n\n<div class=\"wp-block-group is-style-split-image\"><div class=\"wp-block-group__inner-container is-layout-flow wp-block-group-is-layout-flow\">\n<figure class=\"wp-block-image size-full\"><img loading=\"lazy\" decoding=\"async\" width=\"1200\" height=\"800\" src=\"https:\/\/zonta.se\/wp-content\/uploads\/2024\/02\/TheaStaxhammar_YWPA2023-scaled-1.jpg\" alt=\"En tjej som h\u00e5ller en gul ros och ett diplom.\" class=\"wp-image-49010\" srcset=\"https:\/\/zonta.se\/wp-content\/uploads\/2024\/02\/TheaStaxhammar_YWPA2023-scaled-1.jpg 1200w, https:\/\/zonta.se\/wp-content\/uploads\/2024\/02\/TheaStaxhammar_YWPA2023-scaled-1-600x400.jpg 600w, https:\/\/zonta.se\/wp-content\/uploads\/2024\/02\/TheaStaxhammar_YWPA2023-scaled-1-768x512.jpg 768w, https:\/\/zonta.se\/wp-content\/uploads\/2024\/02\/TheaStaxhammar_YWPA2023-scaled-1-18x12.jpg 18w, https:\/\/zonta.se\/wp-content\/uploads\/2024\/02\/TheaStaxhammar_YWPA2023-scaled-1-820x547.jpg 820w\" sizes=\"auto, (max-width: 1200px) 100vw, 1200px\" \/><\/figure>\n<\/div><\/div>\n<\/div><\/div>\n\n\n\n<div class=\"wp-block-group has-lightgray-background-color has-background\"><div class=\"wp-block-group__inner-container is-layout-flow wp-block-group-is-layout-flow\">\n<h2 class=\"wp-block-heading has-text-align-center\">Pa\u0161reiz\u0113j\u0101s stipendijas<\/h2>\n\n\n\n    <div class=\"wp-block-columns has-3-columns card-container\">\n                    \n\n<div class=\"wp-block-column\">\n\n    \n    <div class=\"card-image stretch-image\">\n        <figure class=\"wp-block-image\">\n            <img loading=\"lazy\" decoding=\"async\" src=\"https:\/\/zonta.se\/wp-content\/uploads\/2022\/08\/zonta-stipendium-women-in-technology-scholarship-820x547.jpg\" alt=\"S\u00f6k stipendium Women in Technology Scholarship\" width=\"820\" height=\"547\" \/>\n        <\/figure>\n    <\/div>\n\n    <div class=\"card-content\">\n        <h3>Zonta sievietes STEM balv\u0101<\/h3>\n        <p>Zonta Women in STEM Award balvai var pieteikties j\u016bs vecum\u0101 no 18 l\u012bdz 35 gadiem, kas demonstr\u0113 revolucion\u0101rus p\u0113t\u012bjumus vai atkl\u0101jumus sav\u0101s studij\u0101s vai darba dz\u012bv\u0113.<\/p>\n        <p class=\"link\"><a href=\"https:\/\/zonta.se\/lv\/sok-stipendier\/women-in-stem-award\/\">Las\u012bt vair\u0101k<\/a><\/p>\n    <\/div>\n\n<\/div>                    \n\n<div class=\"wp-block-column\">\n\n    \n    <div class=\"card-image stretch-image\">\n        <figure class=\"wp-block-image\">\n            <img loading=\"lazy\" decoding=\"async\" src=\"https:\/\/zonta.se\/wp-content\/uploads\/2022\/08\/zonta-stipendium-young-women-in-public-affairs-award-820x547.jpg\" alt=\"Young Women in Public Affairs Award \u00e4r till f\u00f6r att st\u00f6dja dig som engagerar dig i n\u00e5got offentligt projekt eller i en frivilligorganisation.\" width=\"820\" height=\"547\" \/>\n        <\/figure>\n    <\/div>\n\n    <div class=\"card-content\">\n        <h3>Zonta jauno sievie\u0161u balva vad\u012bb\u0101<\/h3>\n        <p>Balvai Zonta Young Women in Leadership Award var pieteikties j\u016bs vecum\u0101 no 16 l\u012bdz 19 gadiem, kas ir pier\u0101d\u012bju\u0161i l\u012bdera prasmes un ap\u0146em\u0161anos risin\u0101t sabiedriskos un sabiedriskos jaut\u0101jumus.<\/p>\n        <p class=\"link\"><a href=\"https:\/\/zonta.se\/lv\/sok-stipendier\/zonta-young-women-in-leadership-award\/\">Las\u012bt vair\u0101k<\/a><\/p>\n    <\/div>\n\n<\/div>                    \n\n<div class=\"wp-block-column\">\n\n    \n    <div class=\"card-image stretch-image\">\n        <figure class=\"wp-block-image\">\n            <img loading=\"lazy\" decoding=\"async\" src=\"https:\/\/zonta.se\/wp-content\/uploads\/2022\/08\/zonta-stipendium-amelia-earhart-fellowship-820x547.jpg\" alt=\"Amelia Earhart Fellowship \u00e4r ett internationellt stipendium som kan s\u00f6kas av kvinnor som bedriver kvalificerad forskning p\u00e5 doktorandniv\u00e5 inom flygteknik, rymdvetenskap och n\u00e4rliggande omr\u00e5den.\" width=\"820\" height=\"547\" \/>\n        <\/figure>\n    <\/div>\n\n    <div class=\"card-content\">\n        <h3>Am\u0113lijas Erhartas stipendija<\/h3>\n        <p>Amelia Earhart stipendija ir starptautiska stipendija tiem, kas stud\u0113 doktorant\u016br\u0101 un veic p\u0113t\u012bjumus, ko var izmantot avi\u0101cijas vai kosmosa zin\u0101tn\u0113.<\/p>\n        <p class=\"link\"><a href=\"https:\/\/zonta.se\/lv\/sok-stipendier\/amelia-earhart-fellowship\/\">Las\u012bt vair\u0101k<\/a><\/p>\n    <\/div>\n\n<\/div>                    \n\n<div class=\"wp-block-column\">\n\n    \n    <div class=\"card-image stretch-image\">\n        <figure class=\"wp-block-image\">\n            <img loading=\"lazy\" decoding=\"async\" src=\"https:\/\/zonta.se\/wp-content\/uploads\/2022\/08\/zonta-stipendium-jane-m-klausman-women-in-business-sholarship-820x547.jpg\" alt=\"1998 instiftade Zonta stipendiet Women in Business Scholarship f\u00f6r att uppmuntra och st\u00f6dja kvinnliga ekonomistudenter.\" width=\"820\" height=\"547\" \/>\n        <\/figure>\n    <\/div>\n\n    <div class=\"card-content\">\n        <h3>Zonta Women in Business Leadership balva<\/h3>\n        <p>Zonta Women in Business Leadership Award balvai var pretend\u0113t j\u016bs vecum\u0101 no 18 l\u012bdz 35 gadiem, kas m\u0101c\u012bb\u0101s vai darba dz\u012bv\u0113 demonstr\u0113 izcilu l\u012bder\u012bbu, uz\u0146\u0113m\u0113jdarb\u012bbas garu un \u0113tisku r\u012bc\u012bbu. <\/p>\n        <p class=\"link\"><a href=\"https:\/\/zonta.se\/lv\/sok-stipendier\/zonta-women-in-business-leadership-award\/\">Las\u012bt vair\u0101k<\/a><\/p>\n    <\/div>\n\n<\/div>            <\/div>\n\n    \n<\/div><\/div>\n\n\n\n<blockquote class=\"wp-block-quote is-layout-flow wp-block-quote-is-layout-flow\">\n<blockquote class=\"wp-block-quote is-layout-flow wp-block-quote-is-layout-flow\">\n<p><\/p>\n<\/blockquote>\n<\/blockquote>\n\n\n\n<div class=\"wp-block-group is-style-cta\"><div class=\"wp-block-group__inner-container is-layout-flow wp-block-group-is-layout-flow\">\n<h2 class=\"wp-block-heading has-text-align-center\">Iesaistiet sevi!<\/h2>\n\n\n\n<p class=\"has-text-align-center\">K\u0101 Zonta dal\u012bbnieks j\u016bs esat da\u013ca no pla\u0161a cilv\u0113ku t\u012bkla no da\u017e\u0101d\u0101m profesion\u0101laj\u0101m grup\u0101m, kas veido lab\u0101ku n\u0101kotni meiten\u0113m un sieviet\u0113m vis\u0101 pasaul\u0113.<\/p>\n\n\n\n<div class=\"wp-block-buttons is-content-justification-center is-layout-flex wp-container-core-buttons-is-layout-16018d1d wp-block-buttons-is-layout-flex\">\n<div class=\"wp-block-button is-style-outline aligncenter is-style-outline--1\"><a class=\"wp-block-button__link wp-element-button\" href=\"\/lv\/bli-medlem\/\">Pierakst\u012bties<\/a><\/div>\n<\/div>\n<\/div><\/div>","protected":false},"excerpt":{"rendered":"<p>Zontas stipendier Zonta delar ut stipendier till flickor och kvinnor som vill utvecklas och ta ledande roller i samh\u00e4llet och arbetslivet. V\u00e5ra stipendier riktar sig s\u00e4rskilt till dig som satsar inom omr\u00e5den d\u00e4r kvinnor \u00e4r underrepresenterade. Du beh\u00f6ver inte vara medlem i Zonta f\u00f6r att s\u00f6ka. Dessv\u00e4rre \u00e4r reglerna s\u00e5 att medlem eller sl\u00e4kting till [&hellip;]<\/p>\n","protected":false},"author":1,"featured_media":0,"parent":0,"menu_order":0,"comment_status":"closed","ping_status":"closed","template":"","meta":{"_acf_changed":false,"footnotes":""},"class_list":["post-21","page","type-page","status-publish","hentry"],"acf":[],"yoast_head":"<!-- This site is optimized with the Yoast SEO plugin v27.3 - https:\/\/yoast.com\/product\/yoast-seo-wordpress\/ -->\n<title>S\u00f6k stipendier - Zonta Distrikt 21<\/title>\n<meta name=\"robots\" content=\"index, follow, max-snippet:-1, max-image-preview:large, max-video-preview:-1\" \/>\n<link rel=\"canonical\" href=\"https:\/\/zonta.se\/lv\/sok-stipendier\/\" \/>\n<meta property=\"og:locale\" content=\"lv_LV\" \/>\n<meta property=\"og:type\" content=\"article\" \/>\n<meta property=\"og:title\" content=\"S\u00f6k stipendier - Zonta Distrikt 21\" \/>\n<meta property=\"og:description\" content=\"Zontas stipendier Zonta delar ut stipendier till flickor och kvinnor som vill utvecklas och ta ledande roller i samh\u00e4llet och arbetslivet. V\u00e5ra stipendier riktar sig s\u00e4rskilt till dig som satsar inom omr\u00e5den d\u00e4r kvinnor \u00e4r underrepresenterade. Du beh\u00f6ver inte vara medlem i Zonta f\u00f6r att s\u00f6ka. Dessv\u00e4rre \u00e4r reglerna s\u00e5 att medlem eller sl\u00e4kting till [&hellip;]\" \/>\n<meta property=\"og:url\" content=\"https:\/\/zonta.se\/lv\/sok-stipendier\/\" \/>\n<meta property=\"og:site_name\" content=\"Zonta Distrikt 21\" \/>\n<meta property=\"article:modified_time\" content=\"2025-10-10T16:29:09+00:00\" \/>\n<meta property=\"og:image\" content=\"https:\/\/zonta.se\/wp-content\/uploads\/2024\/02\/TheaStaxhammar_YWPA2023-scaled-1.jpg\" \/>\n\t<meta property=\"og:image:width\" content=\"1200\" \/>\n\t<meta property=\"og:image:height\" content=\"800\" \/>\n\t<meta property=\"og:image:type\" content=\"image\/jpeg\" \/>\n<meta name=\"twitter:card\" content=\"summary_large_image\" \/>\n<meta name=\"twitter:label1\" content=\"Est. reading time\" \/>\n\t<meta name=\"twitter:data1\" content=\"1 min\u016bte\" \/>\n<script type=\"application\/ld+json\" class=\"yoast-schema-graph\">{\"@context\":\"https:\\\/\\\/schema.org\",\"@graph\":[{\"@type\":\"WebPage\",\"@id\":\"https:\\\/\\\/zonta.se\\\/sok-stipendier\\\/\",\"url\":\"https:\\\/\\\/zonta.se\\\/sok-stipendier\\\/\",\"name\":\"S\u00f6k stipendier - Zonta Distrikt 21\",\"isPartOf\":{\"@id\":\"https:\\\/\\\/zonta.se\\\/#website\"},\"primaryImageOfPage\":{\"@id\":\"https:\\\/\\\/zonta.se\\\/sok-stipendier\\\/#primaryimage\"},\"image\":{\"@id\":\"https:\\\/\\\/zonta.se\\\/sok-stipendier\\\/#primaryimage\"},\"thumbnailUrl\":\"https:\\\/\\\/zonta.se\\\/wp-content\\\/uploads\\\/2024\\\/02\\\/TheaStaxhammar_YWPA2023-scaled-1.jpg\",\"datePublished\":\"2022-08-09T11:43:50+00:00\",\"dateModified\":\"2025-10-10T16:29:09+00:00\",\"breadcrumb\":{\"@id\":\"https:\\\/\\\/zonta.se\\\/sok-stipendier\\\/#breadcrumb\"},\"inLanguage\":\"lv-LV\",\"potentialAction\":[{\"@type\":\"ReadAction\",\"target\":[\"https:\\\/\\\/zonta.se\\\/sok-stipendier\\\/\"]}]},{\"@type\":\"ImageObject\",\"inLanguage\":\"lv-LV\",\"@id\":\"https:\\\/\\\/zonta.se\\\/sok-stipendier\\\/#primaryimage\",\"url\":\"https:\\\/\\\/zonta.se\\\/wp-content\\\/uploads\\\/2024\\\/02\\\/TheaStaxhammar_YWPA2023-scaled-1.jpg\",\"contentUrl\":\"https:\\\/\\\/zonta.se\\\/wp-content\\\/uploads\\\/2024\\\/02\\\/TheaStaxhammar_YWPA2023-scaled-1.jpg\"},{\"@type\":\"BreadcrumbList\",\"@id\":\"https:\\\/\\\/zonta.se\\\/sok-stipendier\\\/#breadcrumb\",\"itemListElement\":[{\"@type\":\"ListItem\",\"position\":1,\"name\":\"Hem\",\"item\":\"https:\\\/\\\/zonta.se\\\/\"},{\"@type\":\"ListItem\",\"position\":2,\"name\":\"S\u00f6k stipendier\"}]},{\"@type\":\"WebSite\",\"@id\":\"https:\\\/\\\/zonta.se\\\/#website\",\"url\":\"https:\\\/\\\/zonta.se\\\/\",\"name\":\"Zonta Distrikt 21\",\"description\":\"\",\"publisher\":{\"@id\":\"https:\\\/\\\/zonta.se\\\/#organization\"},\"potentialAction\":[{\"@type\":\"SearchAction\",\"target\":{\"@type\":\"EntryPoint\",\"urlTemplate\":\"https:\\\/\\\/zonta.se\\\/?s={search_term_string}\"},\"query-input\":{\"@type\":\"PropertyValueSpecification\",\"valueRequired\":true,\"valueName\":\"search_term_string\"}}],\"inLanguage\":\"lv-LV\"},{\"@type\":\"Organization\",\"@id\":\"https:\\\/\\\/zonta.se\\\/#organization\",\"name\":\"Zonta Distrikt 21\",\"url\":\"https:\\\/\\\/zonta.se\\\/\",\"logo\":{\"@type\":\"ImageObject\",\"inLanguage\":\"lv-LV\",\"@id\":\"https:\\\/\\\/zonta.se\\\/#\\\/schema\\\/logo\\\/image\\\/\",\"url\":\"https:\\\/\\\/zonta.se\\\/wp-content\\\/uploads\\\/2022\\\/09\\\/zonta-logo-color-1.svg\",\"contentUrl\":\"https:\\\/\\\/zonta.se\\\/wp-content\\\/uploads\\\/2022\\\/09\\\/zonta-logo-color-1.svg\",\"width\":1136,\"height\":355,\"caption\":\"Zonta Distrikt 21\"},\"image\":{\"@id\":\"https:\\\/\\\/zonta.se\\\/#\\\/schema\\\/logo\\\/image\\\/\"}}]}<\/script>\n<!-- \/ Yoast SEO plugin. -->","yoast_head_json":{"title":"Pieteikties stipendij\u0101m \u2014 Zonta 21. rajons","robots":{"index":"index","follow":"follow","max-snippet":"max-snippet:-1","max-image-preview":"max-image-preview:large","max-video-preview":"max-video-preview:-1"},"canonical":"https:\/\/zonta.se\/lv\/sok-stipendier\/","og_locale":"lv_LV","og_type":"article","og_title":"S\u00f6k stipendier - Zonta Distrikt 21","og_description":"Zontas stipendier Zonta delar ut stipendier till flickor och kvinnor som vill utvecklas och ta ledande roller i samh\u00e4llet och arbetslivet. V\u00e5ra stipendier riktar sig s\u00e4rskilt till dig som satsar inom omr\u00e5den d\u00e4r kvinnor \u00e4r underrepresenterade. Du beh\u00f6ver inte vara medlem i Zonta f\u00f6r att s\u00f6ka. Dessv\u00e4rre \u00e4r reglerna s\u00e5 att medlem eller sl\u00e4kting till [&hellip;]","og_url":"https:\/\/zonta.se\/lv\/sok-stipendier\/","og_site_name":"Zonta Distrikt 21","article_modified_time":"2025-10-10T16:29:09+00:00","og_image":[{"width":1200,"height":800,"url":"https:\/\/zonta.se\/wp-content\/uploads\/2024\/02\/TheaStaxhammar_YWPA2023-scaled-1.jpg","type":"image\/jpeg"}],"twitter_card":"summary_large_image","twitter_misc":{"Est. reading time":"1 min\u016bte"},"schema":{"@context":"https:\/\/schema.org","@graph":[{"@type":"WebPage","@id":"https:\/\/zonta.se\/sok-stipendier\/","url":"https:\/\/zonta.se\/sok-stipendier\/","name":"Pieteikties stipendij\u0101m \u2014 Zonta 21. rajons","isPartOf":{"@id":"https:\/\/zonta.se\/#website"},"primaryImageOfPage":{"@id":"https:\/\/zonta.se\/sok-stipendier\/#primaryimage"},"image":{"@id":"https:\/\/zonta.se\/sok-stipendier\/#primaryimage"},"thumbnailUrl":"https:\/\/zonta.se\/wp-content\/uploads\/2024\/02\/TheaStaxhammar_YWPA2023-scaled-1.jpg","datePublished":"2022-08-09T11:43:50+00:00","dateModified":"2025-10-10T16:29:09+00:00","breadcrumb":{"@id":"https:\/\/zonta.se\/sok-stipendier\/#breadcrumb"},"inLanguage":"lv-LV","potentialAction":[{"@type":"ReadAction","target":["https:\/\/zonta.se\/sok-stipendier\/"]}]},{"@type":"ImageObject","inLanguage":"lv-LV","@id":"https:\/\/zonta.se\/sok-stipendier\/#primaryimage","url":"https:\/\/zonta.se\/wp-content\/uploads\/2024\/02\/TheaStaxhammar_YWPA2023-scaled-1.jpg","contentUrl":"https:\/\/zonta.se\/wp-content\/uploads\/2024\/02\/TheaStaxhammar_YWPA2023-scaled-1.jpg"},{"@type":"BreadcrumbList","@id":"https:\/\/zonta.se\/sok-stipendier\/#breadcrumb","itemListElement":[{"@type":"ListItem","position":1,"name":"Hem","item":"https:\/\/zonta.se\/"},{"@type":"ListItem","position":2,"name":"S\u00f6k stipendier"}]},{"@type":"WebSite","@id":"https:\/\/zonta.se\/#website","url":"https:\/\/zonta.se\/","name":"Zontas rajons 21","description":"","publisher":{"@id":"https:\/\/zonta.se\/#organization"},"potentialAction":[{"@type":"SearchAction","target":{"@type":"EntryPoint","urlTemplate":"https:\/\/zonta.se\/?s={search_term_string}"},"query-input":{"@type":"PropertyValueSpecification","valueRequired":true,"valueName":"search_term_string"}}],"inLanguage":"lv-LV"},{"@type":"Organization","@id":"https:\/\/zonta.se\/#organization","name":"Zontas rajons 21","url":"https:\/\/zonta.se\/","logo":{"@type":"ImageObject","inLanguage":"lv-LV","@id":"https:\/\/zonta.se\/#\/schema\/logo\/image\/","url":"https:\/\/zonta.se\/wp-content\/uploads\/2022\/09\/zonta-logo-color-1.svg","contentUrl":"https:\/\/zonta.se\/wp-content\/uploads\/2022\/09\/zonta-logo-color-1.svg","width":1136,"height":355,"caption":"Zonta Distrikt 21"},"image":{"@id":"https:\/\/zonta.se\/#\/schema\/logo\/image\/"}}]}},"_links":{"self":[{"href":"https:\/\/zonta.se\/lv\/wp-json\/wp\/v2\/pages\/21","targetHints":{"allow":["GET"]}}],"collection":[{"href":"https:\/\/zonta.se\/lv\/wp-json\/wp\/v2\/pages"}],"about":[{"href":"https:\/\/zonta.se\/lv\/wp-json\/wp\/v2\/types\/page"}],"author":[{"embeddable":true,"href":"https:\/\/zonta.se\/lv\/wp-json\/wp\/v2\/users\/1"}],"replies":[{"embeddable":true,"href":"https:\/\/zonta.se\/lv\/wp-json\/wp\/v2\/comments?post=21"}],"version-history":[{"count":21,"href":"https:\/\/zonta.se\/lv\/wp-json\/wp\/v2\/pages\/21\/revisions"}],"predecessor-version":[{"id":51371,"href":"https:\/\/zonta.se\/lv\/wp-json\/wp\/v2\/pages\/21\/revisions\/51371"}],"wp:attachment":[{"href":"https:\/\/zonta.se\/lv\/wp-json\/wp\/v2\/media?parent=21"}],"curies":[{"name":"wp","href":"https:\/\/api.w.org\/{rel}","templated":true}]}}