{"id":23,"date":"2022-08-09T13:43:59","date_gmt":"2022-08-09T11:43:59","guid":{"rendered":"https:\/\/zonta.se\/?page_id=23"},"modified":"2024-10-29T12:34:40","modified_gmt":"2024-10-29T11:34:40","slug":"pressrum","status":"publish","type":"page","link":"https:\/\/zonta.se\/lv\/pressrum\/","title":{"rendered":"preses telpa"},"content":{"rendered":"<div class=\"wp-block-group is-style-default\"><div class=\"wp-block-group__inner-container is-layout-flow wp-block-group-is-layout-flow\">\n<div class=\"wp-block-group is-style-container-small\"><div class=\"wp-block-group__inner-container is-layout-flow wp-block-group-is-layout-flow\">\n<h1 class=\"wp-block-heading has-text-align-center\">preses telpa<\/h1>\n\n\n\n<p class=\"has-text-align-center\">\u0160eit j\u016bs atrad\u012bsiet m\u016bsu kontaktpersonas mediju jaut\u0101jumos. Laipni l\u016bdzam sazin\u0101ties ar mums!<\/p>\n<\/div><\/div>\n\n\n\n<div class=\"wp-block-group is-style-container-medium\"><div class=\"wp-block-group__inner-container is-layout-flow wp-block-group-is-layout-flow\">\n<div class=\"board-members\">\n\n    \n    \n        <div class=\"board-members-item\">\n\n                        \n            <div class=\"board-members-image stretch-image\">\n                <figure class=\"wp-block-image\">\n                    <img loading=\"lazy\" decoding=\"async\" src=\"https:\/\/zonta.se\/wp-content\/uploads\/2024\/07\/Margareta-Munge-1-546x820.jpg\" alt=\"\" width=\"546\" height=\"820\" \/>\n                <\/figure>\n            <\/div>\n\n            \n            <div class=\"board-members-content\">\n                <h3 class=\"name\">M\u0101rgareta Munge<\/h3>\n                <p class=\"title\">Gubernators, 2024.-2026<\/p>\n                <p class=\"email\">E-pasts: <a href=\"mailto:margaretamungezonta@gmail.com\">margaretamungezonta@gmail.com<\/a><\/p>\n                <p class=\"phone\">T\u0101lrunis: <a href=\"tel:070-531 56 56\">070-531 56 56<\/a><\/p>\n            <\/div>\t\n\t\t\t<div class=\"vice-ad\">\n\t\t\t\t\t\t<\/div>\n        <\/div>\n\t\n            \n<\/div><\/div><\/div>\n<\/div><\/div>\n\n\n\n<div class=\"wp-block-group\"><div class=\"wp-block-group__inner-container is-layout-flow wp-block-group-is-layout-flow\">\n<div class=\"wp-block-group is-style-container-small\"><div class=\"wp-block-group__inner-container is-layout-flow wp-block-group-is-layout-flow\">\n<h2 class=\"wp-block-heading has-text-align-center\">Teritorijas direktori<\/h2>\n\n\n\n<p class=\"has-text-align-center\">Zontas apgabala direktori atbalsta un koordin\u0113 klubu darbu sav\u0101 \u0123eogr\u0101fiskaj\u0101 apgabal\u0101 (apgabal\u0101). Visi apgabala direktori ir ar\u012b rajona padomes locek\u013ci.<\/p>\n<\/div><\/div>\n\n\n\n<div class=\"wp-block-group is-style-container-medium\"><div class=\"wp-block-group__inner-container is-layout-flow wp-block-group-is-layout-flow\">\n<div class=\"board-members\">\n\n    \n    \n        <div class=\"board-members-item\">\n\n                        \n            <div class=\"board-members-image stretch-image\">\n                <figure class=\"wp-block-image\">\n                    <img loading=\"lazy\" decoding=\"async\" src=\"https:\/\/zonta.se\/wp-content\/uploads\/2022\/09\/Marjola-Kock-556x820.jpg\" alt=\"\" width=\"556\" height=\"820\" \/>\n                <\/figure>\n            <\/div>\n\n            \n            <div class=\"board-members-content\">\n                <h3 class=\"name\">Marjola Kuka<\/h3>\n                <p class=\"title\">gubernatora vietnieks, 2024.\u20132026<\/p>\n                <p class=\"email\">E-pasts: <a href=\"mailto:marjola@hotmail.se\">marjola@hotmail.se<\/a><\/p>\n                <p class=\"phone\">T\u0101lrunis: <a href=\"tel:076-832 05 74\">076-832 05 74<\/a><\/p>\n            <\/div>\t\n\t\t\t<div class=\"vice-ad\">\n\t\t\t\t\t\t<\/div>\n        <\/div>\n\t\n        \n        <div class=\"board-members-item\">\n\n                        \n            <div class=\"board-members-image stretch-image\">\n                <figure class=\"wp-block-image\">\n                    <img loading=\"lazy\" decoding=\"async\" src=\"https:\/\/zonta.se\/wp-content\/uploads\/2024\/07\/Susanne-Andersson--546x820.jpg\" alt=\"\" width=\"546\" height=\"820\" \/>\n                <\/figure>\n            <\/div>\n\n            \n            <div class=\"board-members-content\">\n                <h3 class=\"name\">Susanne Andersson<\/h3>\n                <p class=\"title\">Teritorijas direktors (AD) AREA 1\u00a0\u2014 Norbotens, V\u00e4sterbottens, J\u00e4mtland un V\u00e4sternorrland gr\u0101fistes un H\u00e4lsingland, 2024.\u20132026.<\/p>\n                <p class=\"email\">E-pasts: <a href=\"mailto:susanne@danema.se\">susanne@danema.se<\/a><\/p>\n                <p class=\"phone\">T\u0101lrunis: <a href=\"tel:070-552 61 17\">070-552 61 17<\/a><\/p>\n            <\/div>\t\n\t\t\t<div class=\"vice-ad\">\n\t\t\t<p>AD vietniece ir Ida Viderlund, e-pasts: ida.viderlund@gmail.com<\/p>\n\t\t\t<\/div>\n        <\/div>\n\t\n        \n        <div class=\"board-members-item\">\n\n                        \n            <div class=\"board-members-image stretch-image\">\n                <figure class=\"wp-block-image\">\n                    <img loading=\"lazy\" decoding=\"async\" src=\"https:\/\/zonta.se\/wp-content\/uploads\/2024\/07\/Carola-Mattson-1-1-546x820.jpg\" alt=\"\" width=\"546\" height=\"820\" \/>\n                <\/figure>\n            <\/div>\n\n            \n            <div class=\"board-members-content\">\n                <h3 class=\"name\">Kerola Metsone<\/h3>\n                <p class=\"title\">Teritorijas direktors (AD) AREA 2\u00a0\u2014 G\u00e4strikland un Dalarnas, Vestmanlandes, Upsalas, Stokholmas un Gotlandes gr\u0101fistes, 2024.\u20132026.<\/p>\n                <p class=\"email\">E-pasts: <a href=\"mailto:carola@mattsons.se\">carola@mattsons.se<\/a><\/p>\n                <p class=\"phone\">T\u0101lrunis: <a href=\"tel:072-341 64 41\">072-341 64 41<\/a><\/p>\n            <\/div>\t\n\t\t\t<div class=\"vice-ad\">\n\t\t\t<p>AD vietniece ir Ulrika Bekstr\u0113ma, e-pasts: ubackstrom.gavle@gmail.com<\/p>\n\t\t\t<\/div>\n        <\/div>\n\t\n        \n        <div class=\"board-members-item\">\n\n                        \n            <div class=\"board-members-image stretch-image\">\n                <figure class=\"wp-block-image\">\n                    <img loading=\"lazy\" decoding=\"async\" src=\"https:\/\/zonta.se\/wp-content\/uploads\/2024\/07\/Catharina-Benzel-1-1-546x820.jpg\" alt=\"\" width=\"546\" height=\"820\" \/>\n                <\/figure>\n            <\/div>\n\n            \n            <div class=\"board-members-content\">\n                <h3 class=\"name\">Katr\u012bna Benzela<\/h3>\n                <p class=\"title\">Teritorijas direktors (AD) AREA 3\u00a0\u2014 V\u00e4stra G\u00f6taland County un Vermland County, 2024-2026<\/p>\n                <p class=\"email\">E-pasts: <a href=\"mailto:cbenzel@hotmail.com\">cbenzel@hotmail.com<\/a><\/p>\n                <p class=\"phone\">T\u0101lrunis: <a href=\"tel:070-940 04 75\">070-940 04 75<\/a><\/p>\n            <\/div>\t\n\t\t\t<div class=\"vice-ad\">\n\t\t\t<p>AD vietniece ir Anna Vestlinga, e-pasts: anna@westling.org<\/p>\n\t\t\t<\/div>\n        <\/div>\n\t\n        \n        <div class=\"board-members-item\">\n\n                        \n            <div class=\"board-members-image stretch-image\">\n                <figure class=\"wp-block-image\">\n                    <img loading=\"lazy\" decoding=\"async\" src=\"https:\/\/zonta.se\/wp-content\/uploads\/2024\/07\/Margaretha-Ekelund-Svensson--546x820.jpg\" alt=\"\" width=\"546\" height=\"820\" \/>\n                <\/figure>\n            <\/div>\n\n            \n            <div class=\"board-members-content\">\n                <h3 class=\"name\">Margareta Ekelunda Svensone <\/h3>\n                <p class=\"title\">Teritorijas direktors (AD) 4. APRAKSTS\u00a0\u2014 Hallandas apgabals, iz\u0146emot Kungsbacka pa\u0161vald\u012bbu, Blekinge, Skone un Smolandes dienvidu da\u013ca, 2024.\u20132026.<\/p>\n                <p class=\"email\">E-pasts: <a href=\"mailto:margaretha.ekelundsvensson@gmail.com\">margaretha.ekelundsvensson@gmail.com<\/a><\/p>\n                <p class=\"phone\">T\u0101lrunis: <a href=\"tel:073-968 24 90\">073-968 24 90<\/a><\/p>\n            <\/div>\t\n\t\t\t<div class=\"vice-ad\">\n\t\t\t<p>AD vietniece ir Anneli Andersone, e-pasts: anneli_e_andersson@hotmail.com<\/p>\n\t\t\t<\/div>\n        <\/div>\n\t\n        \n        <div class=\"board-members-item\">\n\n                        \n            <div class=\"board-members-image stretch-image\">\n                <figure class=\"wp-block-image\">\n                    <img loading=\"lazy\" decoding=\"async\" src=\"https:\/\/zonta.se\/wp-content\/uploads\/2024\/07\/Renee-Allvin-kopia-546x820.jpg\" alt=\"\" width=\"546\" height=\"820\" \/>\n                <\/figure>\n            <\/div>\n\n            \n            <div class=\"board-members-content\">\n                <h3 class=\"name\">Ren\u0113 Allvina<\/h3>\n                <p class=\"title\">Teritorijas direktors (AD) AREA 5\u00a0\u2014 S\u00f6rmland, \u00d6sterg\u00f6tland un \u00d6rebro gr\u0101fistes un zieme\u013cu Smolande, 2024.\u20132026.<\/p>\n                <p class=\"email\">E-pasts: <a href=\"mailto:renee.allvin@gmail.com\">renee.allvin@gmail.com<\/a><\/p>\n                <p class=\"phone\">T\u0101lrunis: <a href=\"tel:070-418 50 66\">070-418 50 66<\/a><\/p>\n            <\/div>\t\n\t\t\t<div class=\"vice-ad\">\n\t\t\t<p>AD vietniece ir Marie Portstr\u00f6m, e-pasts: marie.portstrom@gmail.com<\/p>\n\t\t\t<\/div>\n        <\/div>\n\t\n        \n        <div class=\"board-members-item\">\n\n                        \n            <div class=\"board-members-image stretch-image\">\n                <figure class=\"wp-block-image\">\n                    <img loading=\"lazy\" decoding=\"async\" src=\"https:\/\/zonta.se\/wp-content\/uploads\/2024\/07\/Signe-Rotberga-1-1-546x820.jpg\" alt=\"\" width=\"546\" height=\"820\" \/>\n                <\/figure>\n            <\/div>\n\n            \n            <div class=\"board-members-content\">\n                <h3 class=\"name\">Signe Rotberga<\/h3>\n                <p class=\"title\">Teritorijas direktors (AD) AREA 6 \u2013 Latvija (Valmiera, R\u012bga, Ogre, Jelgava), 2024.-2026.<\/p>\n                <p class=\"email\">E-pasts: <a href=\"mailto:signe.rotberga@gmail.com\">signe.rotberga@gmail.com<\/a><\/p>\n                <p class=\"phone\">T\u0101lrunis: <a href=\"tel:+371-292 695 60\">+371-292 695 60<\/a><\/p>\n            <\/div>\t\n\t\t\t<div class=\"vice-ad\">\n\t\t\t<p>AD vietniece ir Ligita Az\u0113na, e-pasts: azenaligita@gmail.com<\/p>\n\t\t\t<\/div>\n        <\/div>\n\t\n            \n<\/div><\/div><\/div>\n<\/div><\/div>\n\n\n\n<div class=\"wp-block-group is-style-container-small\"><div class=\"wp-block-group__inner-container is-layout-flow wp-block-group-is-layout-flow\">\n<h2 class=\"wp-block-heading has-text-align-center\">Sazinieties ar konkr\u0113tu klubu<\/h2>\n\n\n\n<p class=\"has-text-align-center\">Aizpildiet savu inform\u0101ciju un uzrakstiet zi\u0146u konkr\u0113tam klubam. \u0160eit j\u016bs atrad\u012bsit vienu <a href=\"\/lv\/hitta-en-klubb\/\">visu rajona klubu saraksts<\/a>.<\/p>\n\n\n\n<div class=\"wp-block-contact-form-7-contact-form-selector\">\n<div class=\"wpcf7 no-js\" id=\"wpcf7-f286-o1\" lang=\"sv-SE\" dir=\"ltr\" data-wpcf7-id=\"286\">\n<div class=\"screen-reader-response\"><p role=\"status\" aria-live=\"polite\" aria-atomic=\"true\"><\/p> <ul><\/ul><\/div>\n<form action=\"\/lv\/wp-json\/wp\/v2\/pages\/23#wpcf7-f286-o1\" method=\"post\" class=\"wpcf7-form init\" aria-label=\"Sazi\u0146as veidlapa\" novalidate=\"novalidate\" data-status=\"init\" data-trp-original-action=\"\/lv\/wp-json\/wp\/v2\/pages\/23#wpcf7-f286-o1\">\n<fieldset class=\"hidden-fields-container\"><input type=\"hidden\" name=\"_wpcf7\" value=\"286\" \/><input type=\"hidden\" name=\"_wpcf7_version\" value=\"6.1.5\" \/><input type=\"hidden\" name=\"_wpcf7_locale\" value=\"sv_SE\" \/><input type=\"hidden\" name=\"_wpcf7_unit_tag\" value=\"wpcf7-f286-o1\" \/><input type=\"hidden\" name=\"_wpcf7_container_post\" value=\"0\" \/><input type=\"hidden\" name=\"_wpcf7_posted_data_hash\" value=\"\" \/>\n<\/fieldset>\n<p><label>V\u0101rds un uzv\u0101rds:<\/label><span class=\"wpcf7-form-control-wrap\" data-name=\"input-namn\"><input size=\"40\" maxlength=\"400\" class=\"wpcf7-form-control wpcf7-text wpcf7-validates-as-required\" aria-required=\"true\" aria-invalid=\"false\" value=\"\" type=\"text\" name=\"input-namn\" \/><\/span>\n<\/p>\n<p><label>E-pasts:<\/label><span class=\"wpcf7-form-control-wrap\" data-name=\"input-epost\"><input size=\"40\" maxlength=\"400\" class=\"wpcf7-form-control wpcf7-email wpcf7-validates-as-required wpcf7-text wpcf7-validates-as-email\" aria-required=\"true\" aria-invalid=\"false\" value=\"\" type=\"email\" name=\"input-epost\" \/><\/span>\n<\/p>\n<p><label>Izv\u0113lieties klubu:<\/label><span><select name=\"input-zontaclub\"><option selected disabled hiddenvalue=\"Ingen klubb vald\">Nav izv\u0113l\u0113ts neviens klubs<\/option><option value=\"Bj\u00e4re\">L\u0101cis<\/option><option value=\"Eskilstuna\">Eskilstuna<\/option><option value=\"Falun-Borl\u00e4nge\">Falu\u0146-Borlenge<\/option><option value=\"Flen-Malmk\u00f6ping\">Flen-Malm\u010d\u0113pinga<\/option><option value=\"G\u00e4llivare\">Aknas<\/option><option value=\"G\u00e4vle\">Gable<\/option><option value=\"G\u00f6teborg I\">G\u0113teborga I<\/option><option value=\"G\u00f6teborg II\">G\u0113teborga II<\/option><option value=\"Halmstad\">Halmstade<\/option><option value=\"H\u00e4ssleholm\">H\u00e4sleholma<\/option><option value=\"Jelgava (Latvija)\">Jelgava (Latvija)<\/option><option value=\"J\u00f6nk\u00f6ping\">Jen\u0161\u0113pinga<\/option><option value=\"Kalmar\">Kalm\u0101ra<\/option><option value=\"Karlskrona-Ronneby\">Karlskrona-Ronneb\u012b<\/option><option value=\"Karlstad I\">K\u0101rlst\u0101de I<\/option><option value=\"Katrineholm-Ving\u00e5ker\">Katrineholm-Ving\u00e5ker<\/option><option value=\"Kristianstad\">Kristianstade<\/option><option value=\"Kung\u00e4lv\">Kara\u013ca upe<\/option><option value=\"Liding\u00f6\">Liding\u00f6<\/option><option value=\"Link\u00f6ping\">Link\u0113pinga<\/option><option value=\"Ludvika-Smedjebacken\">Ludvika-Smedjebacken<\/option><option value=\"Lund\">Grove<\/option><option value=\"Lunds Zontaklubb\">Lund Zonta klubs<\/option><option value=\"M\u00f6lndal\">Molndal<\/option><option value=\"Norrk\u00f6ping\">Nor\u010d\u0113pinga<\/option><option value=\"Nyk\u00f6ping-Oxel\u00f6sund I\">N\u012b\u010d\u0113pinga-Okselosunda I<\/option><option value=\"Nyk\u00f6ping-Oxel\u00f6sund II\">Nyk\u00f6ping-Oxel\u00f6sund II<\/option><option value=\"Ogre (Latvija)\">Ogre (Latvija)<\/option><option value=\"\u00d6rebro\">\u00d6rebro<\/option><option value=\"\u00d6stersund\">Esterzunda<\/option><option value=\"Riga (Latvija)\">R\u012bga (Latvija)<\/option><option value=\"S\u00e4ffle-\u00c5m\u00e5l\">S\u00e4ffle-\u00c5m\u00e5l<\/option><option value=\"Skellefte\u00e5\">Skellefte\u00e5<\/option><option value=\"S\u00f6dert\u00e4lje\">S\u0113dert\u0101lje<\/option><option value=\"Stockholm I\">Stokholma I<\/option><option value=\"Stockholm II\">Stokholma II<\/option><option value=\"Stockholm VI\">Stokholma VI<\/option><option value=\"Sundsvall\">Sundsvall<\/option><option value=\"Trelleborg-Vellinge\">Trelleborga-Vellinge<\/option><option value=\"Uppsala II\">Upsala II<\/option><option value=\"Valmiera (Latvija)\">Valmiera (Latvija)<\/option><option value=\"V\u00e4nersborg\">V\u0113nersborga<\/option><option value=\"V\u00e4rnamo\">Vernamo<\/option><option value=\"V\u00e4ster\u00e5s\">V\u00e4ster\u00e5s<\/option><option value=\"V\u00e4xj\u00f6\">V\u00e4xj\u00f6<\/option><\/select><\/span>\n<\/p>\n<p><label>Zi\u0146a:<\/label><span class=\"wpcf7-form-control-wrap\" data-name=\"input-meddelande\"><textarea cols=\"40\" rows=\"4\" maxlength=\"2000\" class=\"wpcf7-form-control wpcf7-textarea wpcf7-validates-as-required\" aria-required=\"true\" aria-invalid=\"false\" name=\"input-meddelande\"><\/textarea><\/span>\n<\/p>\n<p class=\"acceptance\">Noklik\u0161\u0137inot uz &quot;S\u016bt\u012bt&quot;, j\u016bs piekr\u012btat, ka Zonta District 21 saglab\u0101 j\u016bsu personas datus un ka m\u0113s tos izmantojam saska\u0146\u0101 ar m\u016bsu priv\u0101tuma politiku. \u0160o lapu aizsarg\u0101 reCAPTCHA un <a href=\"https:\/\/policies.google.com\/privacy?hl=sv\" rel=\"nofollow noopener\" target=\"_blank\">Google konfidencialit\u0101tes politika<\/a> un <a href=\"https:\/\/policies.google.com\/terms?hl=sv\" rel=\"nofollow noopener\" target=\"_blank\">noteikumiem<\/a> attiecas.\n<\/p>\n<div class=\"submit\">\n\t<p><input class=\"wpcf7-form-control wpcf7-submit has-spinner\" type=\"submit\" value=\"S\u016bt\u012bt\" \/>\n\t<\/p>\n<\/div><div class=\"wpcf7-response-output\" aria-hidden=\"true\"><\/div>\n<input type=\"hidden\" name=\"trp-form-language\" value=\"lv\"\/><\/form>\n<\/div>\n<\/div>\n<\/div><\/div>","protected":false},"excerpt":{"rendered":"<p>Pressrum H\u00e4r hittar du v\u00e5ra kontaktpersoner i mediefr\u00e5gor. V\u00e4lkommen att h\u00f6ra av dig! Area Directors Zontas Area directors st\u00f6djer och samordnar klubbarnas arbete inom sitt geografiska omr\u00e5de (area). Alla Area directors ing\u00e5r \u00e4ven i distriktsstyrelsen. Kontakta en specifik klubb Fyll i dina uppgifter och skriv ett meddelande till en specifik klubb. H\u00e4r hittar du en [&hellip;]<\/p>\n","protected":false},"author":1,"featured_media":0,"parent":0,"menu_order":0,"comment_status":"closed","ping_status":"closed","template":"","meta":{"_acf_changed":false,"footnotes":""},"class_list":["post-23","page","type-page","status-publish","hentry"],"acf":[],"yoast_head":"<!-- This site is optimized with the Yoast SEO plugin v27.3 - https:\/\/yoast.com\/product\/yoast-seo-wordpress\/ -->\n<title>Pressrum - Zonta Distrikt 21<\/title>\n<meta name=\"robots\" content=\"index, follow, max-snippet:-1, max-image-preview:large, max-video-preview:-1\" \/>\n<link rel=\"canonical\" href=\"https:\/\/zonta.se\/lv\/pressrum\/\" \/>\n<meta property=\"og:locale\" content=\"lv_LV\" \/>\n<meta property=\"og:type\" content=\"article\" \/>\n<meta property=\"og:title\" content=\"Pressrum - Zonta Distrikt 21\" \/>\n<meta property=\"og:description\" content=\"Pressrum H\u00e4r hittar du v\u00e5ra kontaktpersoner i mediefr\u00e5gor. V\u00e4lkommen att h\u00f6ra av dig! Area Directors Zontas Area directors st\u00f6djer och samordnar klubbarnas arbete inom sitt geografiska omr\u00e5de (area). Alla Area directors ing\u00e5r \u00e4ven i distriktsstyrelsen. Kontakta en specifik klubb Fyll i dina uppgifter och skriv ett meddelande till en specifik klubb. H\u00e4r hittar du en [&hellip;]\" \/>\n<meta property=\"og:url\" content=\"https:\/\/zonta.se\/lv\/pressrum\/\" \/>\n<meta property=\"og:site_name\" content=\"Zonta Distrikt 21\" \/>\n<meta property=\"article:modified_time\" content=\"2024-10-29T11:34:40+00:00\" \/>\n<meta name=\"twitter:card\" content=\"summary_large_image\" \/>\n<meta name=\"twitter:label1\" content=\"Est. reading time\" \/>\n\t<meta name=\"twitter:data1\" content=\"1 min\u016bte\" \/>\n<script type=\"application\/ld+json\" class=\"yoast-schema-graph\">{\"@context\":\"https:\\\/\\\/schema.org\",\"@graph\":[{\"@type\":\"WebPage\",\"@id\":\"https:\\\/\\\/zonta.se\\\/pressrum\\\/\",\"url\":\"https:\\\/\\\/zonta.se\\\/pressrum\\\/\",\"name\":\"Pressrum - Zonta Distrikt 21\",\"isPartOf\":{\"@id\":\"https:\\\/\\\/zonta.se\\\/#website\"},\"datePublished\":\"2022-08-09T11:43:59+00:00\",\"dateModified\":\"2024-10-29T11:34:40+00:00\",\"breadcrumb\":{\"@id\":\"https:\\\/\\\/zonta.se\\\/pressrum\\\/#breadcrumb\"},\"inLanguage\":\"lv-LV\",\"potentialAction\":[{\"@type\":\"ReadAction\",\"target\":[\"https:\\\/\\\/zonta.se\\\/pressrum\\\/\"]}]},{\"@type\":\"BreadcrumbList\",\"@id\":\"https:\\\/\\\/zonta.se\\\/pressrum\\\/#breadcrumb\",\"itemListElement\":[{\"@type\":\"ListItem\",\"position\":1,\"name\":\"Hem\",\"item\":\"https:\\\/\\\/zonta.se\\\/\"},{\"@type\":\"ListItem\",\"position\":2,\"name\":\"Pressrum\"}]},{\"@type\":\"WebSite\",\"@id\":\"https:\\\/\\\/zonta.se\\\/#website\",\"url\":\"https:\\\/\\\/zonta.se\\\/\",\"name\":\"Zonta Distrikt 21\",\"description\":\"\",\"publisher\":{\"@id\":\"https:\\\/\\\/zonta.se\\\/#organization\"},\"potentialAction\":[{\"@type\":\"SearchAction\",\"target\":{\"@type\":\"EntryPoint\",\"urlTemplate\":\"https:\\\/\\\/zonta.se\\\/?s={search_term_string}\"},\"query-input\":{\"@type\":\"PropertyValueSpecification\",\"valueRequired\":true,\"valueName\":\"search_term_string\"}}],\"inLanguage\":\"lv-LV\"},{\"@type\":\"Organization\",\"@id\":\"https:\\\/\\\/zonta.se\\\/#organization\",\"name\":\"Zonta Distrikt 21\",\"url\":\"https:\\\/\\\/zonta.se\\\/\",\"logo\":{\"@type\":\"ImageObject\",\"inLanguage\":\"lv-LV\",\"@id\":\"https:\\\/\\\/zonta.se\\\/#\\\/schema\\\/logo\\\/image\\\/\",\"url\":\"https:\\\/\\\/zonta.se\\\/wp-content\\\/uploads\\\/2022\\\/09\\\/zonta-logo-color-1.svg\",\"contentUrl\":\"https:\\\/\\\/zonta.se\\\/wp-content\\\/uploads\\\/2022\\\/09\\\/zonta-logo-color-1.svg\",\"width\":1136,\"height\":355,\"caption\":\"Zonta Distrikt 21\"},\"image\":{\"@id\":\"https:\\\/\\\/zonta.se\\\/#\\\/schema\\\/logo\\\/image\\\/\"}}]}<\/script>\n<!-- \/ Yoast SEO plugin. -->","yoast_head_json":{"title":"Preses telpa - Zonta rajons 21","robots":{"index":"index","follow":"follow","max-snippet":"max-snippet:-1","max-image-preview":"max-image-preview:large","max-video-preview":"max-video-preview:-1"},"canonical":"https:\/\/zonta.se\/lv\/pressrum\/","og_locale":"lv_LV","og_type":"article","og_title":"Pressrum - Zonta Distrikt 21","og_description":"Pressrum H\u00e4r hittar du v\u00e5ra kontaktpersoner i mediefr\u00e5gor. V\u00e4lkommen att h\u00f6ra av dig! Area Directors Zontas Area directors st\u00f6djer och samordnar klubbarnas arbete inom sitt geografiska omr\u00e5de (area). Alla Area directors ing\u00e5r \u00e4ven i distriktsstyrelsen. Kontakta en specifik klubb Fyll i dina uppgifter och skriv ett meddelande till en specifik klubb. H\u00e4r hittar du en [&hellip;]","og_url":"https:\/\/zonta.se\/lv\/pressrum\/","og_site_name":"Zonta Distrikt 21","article_modified_time":"2024-10-29T11:34:40+00:00","twitter_card":"summary_large_image","twitter_misc":{"Est. reading time":"1 min\u016bte"},"schema":{"@context":"https:\/\/schema.org","@graph":[{"@type":"WebPage","@id":"https:\/\/zonta.se\/pressrum\/","url":"https:\/\/zonta.se\/pressrum\/","name":"Preses telpa - Zonta rajons 21","isPartOf":{"@id":"https:\/\/zonta.se\/#website"},"datePublished":"2022-08-09T11:43:59+00:00","dateModified":"2024-10-29T11:34:40+00:00","breadcrumb":{"@id":"https:\/\/zonta.se\/pressrum\/#breadcrumb"},"inLanguage":"lv-LV","potentialAction":[{"@type":"ReadAction","target":["https:\/\/zonta.se\/pressrum\/"]}]},{"@type":"BreadcrumbList","@id":"https:\/\/zonta.se\/pressrum\/#breadcrumb","itemListElement":[{"@type":"ListItem","position":1,"name":"Hem","item":"https:\/\/zonta.se\/"},{"@type":"ListItem","position":2,"name":"Pressrum"}]},{"@type":"WebSite","@id":"https:\/\/zonta.se\/#website","url":"https:\/\/zonta.se\/","name":"Zontas rajons 21","description":"","publisher":{"@id":"https:\/\/zonta.se\/#organization"},"potentialAction":[{"@type":"SearchAction","target":{"@type":"EntryPoint","urlTemplate":"https:\/\/zonta.se\/?s={search_term_string}"},"query-input":{"@type":"PropertyValueSpecification","valueRequired":true,"valueName":"search_term_string"}}],"inLanguage":"lv-LV"},{"@type":"Organization","@id":"https:\/\/zonta.se\/#organization","name":"Zontas rajons 21","url":"https:\/\/zonta.se\/","logo":{"@type":"ImageObject","inLanguage":"lv-LV","@id":"https:\/\/zonta.se\/#\/schema\/logo\/image\/","url":"https:\/\/zonta.se\/wp-content\/uploads\/2022\/09\/zonta-logo-color-1.svg","contentUrl":"https:\/\/zonta.se\/wp-content\/uploads\/2022\/09\/zonta-logo-color-1.svg","width":1136,"height":355,"caption":"Zonta Distrikt 21"},"image":{"@id":"https:\/\/zonta.se\/#\/schema\/logo\/image\/"}}]}},"_links":{"self":[{"href":"https:\/\/zonta.se\/lv\/wp-json\/wp\/v2\/pages\/23","targetHints":{"allow":["GET"]}}],"collection":[{"href":"https:\/\/zonta.se\/lv\/wp-json\/wp\/v2\/pages"}],"about":[{"href":"https:\/\/zonta.se\/lv\/wp-json\/wp\/v2\/types\/page"}],"author":[{"embeddable":true,"href":"https:\/\/zonta.se\/lv\/wp-json\/wp\/v2\/users\/1"}],"replies":[{"embeddable":true,"href":"https:\/\/zonta.se\/lv\/wp-json\/wp\/v2\/comments?post=23"}],"version-history":[{"count":52,"href":"https:\/\/zonta.se\/lv\/wp-json\/wp\/v2\/pages\/23\/revisions"}],"predecessor-version":[{"id":49915,"href":"https:\/\/zonta.se\/lv\/wp-json\/wp\/v2\/pages\/23\/revisions\/49915"}],"wp:attachment":[{"href":"https:\/\/zonta.se\/lv\/wp-json\/wp\/v2\/media?parent=23"}],"curies":[{"name":"wp","href":"https:\/\/api.w.org\/{rel}","templated":true}]}}