{"id":27,"date":"2022-08-09T13:45:27","date_gmt":"2022-08-09T11:45:27","guid":{"rendered":"https:\/\/zonta.se\/?page_id=27"},"modified":"2022-10-22T11:27:21","modified_gmt":"2022-10-22T09:27:21","slug":"aktuellt","status":"publish","type":"page","link":"https:\/\/zonta.se\/lv\/aktuellt\/","title":{"rendered":"Pa\u0161reiz\u0113jais"},"content":{"rendered":"<div class=\"wp-block-group is-style-default\"><div class=\"wp-block-group__inner-container is-layout-flow wp-block-group-is-layout-flow\">\n<div class=\"wp-block-group is-style-container-small\"><div class=\"wp-block-group__inner-container is-layout-flow wp-block-group-is-layout-flow\">\n<h1 class=\"has-text-align-center wp-block-heading\">Pa\u0161reiz\u0113jais<\/h1>\n\n\n\n<p class=\"has-text-align-center\">\u0160eit var las\u012bt par Zontas aktualit\u0101t\u0113m un piedal\u012bties interesantos pas\u0101kumos, ar kuriem str\u0101d\u0101jam Zviedrij\u0101 un Latvij\u0101. <\/p>\n<\/div><\/div>\n\n\n\n<div class=\"wp-block-group\"><div class=\"wp-block-group__inner-container is-layout-flow wp-block-group-is-layout-flow\">\n        <div class=\"wp-block-columns has-3-columns card-container\">\n                            \n\n<div class=\"wp-block-column\">\n    \n    <div class=\"card-image stretch-image\">\n        <figure class=\"wp-block-image\">\n            <img loading=\"lazy\" decoding=\"async\" width=\"600\" height=\"459\" src=\"https:\/\/zonta.se\/wp-content\/uploads\/2026\/03\/pexels-pixabay-260413-600x459.jpg\" class=\"attachment-medium size-medium wp-post-image\" alt=\"\" srcset=\"https:\/\/zonta.se\/wp-content\/uploads\/2026\/03\/pexels-pixabay-260413-600x459.jpg 600w, https:\/\/zonta.se\/wp-content\/uploads\/2026\/03\/pexels-pixabay-260413-1200x919.jpg 1200w, https:\/\/zonta.se\/wp-content\/uploads\/2026\/03\/pexels-pixabay-260413-768x588.jpg 768w, https:\/\/zonta.se\/wp-content\/uploads\/2026\/03\/pexels-pixabay-260413-1536x1176.jpg 1536w, https:\/\/zonta.se\/wp-content\/uploads\/2026\/03\/pexels-pixabay-260413-2048x1568.jpg 2048w, https:\/\/zonta.se\/wp-content\/uploads\/2026\/03\/pexels-pixabay-260413-16x12.jpg 16w, https:\/\/zonta.se\/wp-content\/uploads\/2026\/03\/pexels-pixabay-260413-820x628.jpg 820w\" sizes=\"auto, (max-width: 600px) 100vw, 600px\" \/>        <\/figure>\n    <\/div>\n\n    <div class=\"card-content\">\n        <h3>Zonta 21. rajons v\u0113las dot savu ieguld\u012bjumu sievie\u0161u miera darb\u0101<\/h2>\n\n        \t\t<p>2026-03-06<\/p>\n        <p>Zonta starptautiskais 21. apgabals, kur\u0101 ietilpst Zviedrija un Latvija, ir nos\u016bt\u012bjis v\u0113stuli Zviedrijas...<\/p>\n                <p class=\"link\"><a href=\"https:\/\/zonta.se\/lv\/zonta-distrikt-21-vill-bidra-i-arbetet-for-kvinnofrid\/\">Las\u012bt vair\u0101k<\/a><\/p>\n    <\/div>\n<\/div>\n\n                            \n\n<div class=\"wp-block-column\">\n    \n    <div class=\"card-image stretch-image\">\n        <figure class=\"wp-block-image\">\n            <img loading=\"lazy\" decoding=\"async\" width=\"600\" height=\"600\" src=\"https:\/\/zonta.se\/wp-content\/uploads\/2026\/01\/Faisa_Abdi-600x600.jpg\" class=\"attachment-medium size-medium wp-post-image\" alt=\"Bild p\u00e5 en kvinna med.\" srcset=\"https:\/\/zonta.se\/wp-content\/uploads\/2026\/01\/Faisa_Abdi-600x600.jpg 600w, https:\/\/zonta.se\/wp-content\/uploads\/2026\/01\/Faisa_Abdi-150x150.jpg 150w, https:\/\/zonta.se\/wp-content\/uploads\/2026\/01\/Faisa_Abdi-768x768.jpg 768w, https:\/\/zonta.se\/wp-content\/uploads\/2026\/01\/Faisa_Abdi-12x12.jpg 12w, https:\/\/zonta.se\/wp-content\/uploads\/2026\/01\/Faisa_Abdi.jpg 774w\" sizes=\"auto, (max-width: 600px) 100vw, 600px\" \/>        <\/figure>\n    <\/div>\n\n    <div class=\"card-content\">\n        <h3>Pasaules l\u012bme\u0146a ilgtsp\u0113j\u012bga uz\u0146\u0113m\u0113jdarb\u012bba \u2013 Faisa Abdi sa\u0146em Zonta International apbalvojumu<\/h2>\n\n        \t\t<p>2026-01-05<\/p>\n        <p>Ar neticamu lepnumu pazi\u0146ojam, ka Faisa Abdi, kuru nomin\u0113ja Falun-Borl\u00e4nge...<\/p>\n                <p class=\"link\"><a href=\"https:\/\/zonta.se\/lv\/hallbart-entreprenorskap-i-varldsklass-faisa-abdi-belonas-av-zonta-international\/\">Las\u012bt vair\u0101k<\/a><\/p>\n    <\/div>\n<\/div>\n\n                            \n\n<div class=\"wp-block-column\">\n    \n    <div class=\"card-image stretch-image\">\n        <figure class=\"wp-block-image\">\n            <img loading=\"lazy\" decoding=\"async\" width=\"600\" height=\"400\" src=\"https:\/\/zonta.se\/wp-content\/uploads\/2025\/11\/hands-1283076_1920-600x400.jpg\" class=\"attachment-medium size-medium wp-post-image\" alt=\"Delar av tv\u00e5 personer st\u00e5ende j\u00e4mte varandra och d\u00e4r deras h\u00e4nder m\u00f6ts och formar ett gemensamt hj\u00e4rta.\" srcset=\"https:\/\/zonta.se\/wp-content\/uploads\/2025\/11\/hands-1283076_1920-600x400.jpg 600w, https:\/\/zonta.se\/wp-content\/uploads\/2025\/11\/hands-1283076_1920-1200x800.jpg 1200w, https:\/\/zonta.se\/wp-content\/uploads\/2025\/11\/hands-1283076_1920-768x512.jpg 768w, https:\/\/zonta.se\/wp-content\/uploads\/2025\/11\/hands-1283076_1920-1536x1024.jpg 1536w, https:\/\/zonta.se\/wp-content\/uploads\/2025\/11\/hands-1283076_1920-18x12.jpg 18w, https:\/\/zonta.se\/wp-content\/uploads\/2025\/11\/hands-1283076_1920-820x547.jpg 820w, https:\/\/zonta.se\/wp-content\/uploads\/2025\/11\/hands-1283076_1920.jpg 1920w\" sizes=\"auto, (max-width: 600px) 100vw, 600px\" \/>        <\/figure>\n    <\/div>\n\n    <div class=\"card-content\">\n        <h3>M\u012blest\u012bba nekad nes\u0101kas ar str\u012bdu<\/h2>\n\n        \t\t<p>2025-11-24<\/p>\n        <p>M\u016bsdien\u0101s daudzas jaunas sievietes uzskata, ka no vi\u0146\u0101m sagaida piekri\u0161anu no\u017e\u0146aug\u0161anai ar savu partneri. \u0160\u012b par\u0101d\u012bba ir k\u013cuvusi...<\/p>\n                <p class=\"link\"><a href=\"https:\/\/zonta.se\/lv\/karlek-borjar-aldrig-med-brak\/\">Las\u012bt vair\u0101k<\/a><\/p>\n    <\/div>\n<\/div>\n\n                            \n\n<div class=\"wp-block-column\">\n    \n    <div class=\"card-image stretch-image\">\n        <figure class=\"wp-block-image\">\n            <img loading=\"lazy\" decoding=\"async\" width=\"600\" height=\"400\" src=\"https:\/\/zonta.se\/wp-content\/uploads\/2025\/11\/pexels-yan-krukov-600x400.jpg\" class=\"attachment-medium size-medium wp-post-image\" alt=\"Tv\u00e5 barn p\u00e5 en matta sedda uppifr\u00e5n.\" srcset=\"https:\/\/zonta.se\/wp-content\/uploads\/2025\/11\/pexels-yan-krukov-600x400.jpg 600w, https:\/\/zonta.se\/wp-content\/uploads\/2025\/11\/pexels-yan-krukov-1200x800.jpg 1200w, https:\/\/zonta.se\/wp-content\/uploads\/2025\/11\/pexels-yan-krukov-768x512.jpg 768w, https:\/\/zonta.se\/wp-content\/uploads\/2025\/11\/pexels-yan-krukov-1536x1024.jpg 1536w, https:\/\/zonta.se\/wp-content\/uploads\/2025\/11\/pexels-yan-krukov-2048x1365.jpg 2048w, https:\/\/zonta.se\/wp-content\/uploads\/2025\/11\/pexels-yan-krukov-18x12.jpg 18w, https:\/\/zonta.se\/wp-content\/uploads\/2025\/11\/pexels-yan-krukov-820x547.jpg 820w\" sizes=\"auto, (max-width: 600px) 100vw, 600px\" \/>        <\/figure>\n    <\/div>\n\n    <div class=\"card-content\">\n        <h3>Starptautisk\u0101 b\u0113rnu diena 2025<\/h2>\n\n        \t\t<p>2025-11-19<\/p>\n        <p>20. novembr\u012b tiek atz\u012bm\u0113ta ANO Starptautisk\u0101 b\u0113rnu diena, lai izceltu b\u0113rnus vis\u0101 pasaul\u0113 un stiprin\u0101tu...<\/p>\n                <p class=\"link\"><a href=\"https:\/\/zonta.se\/lv\/internationella-barnsdagen-2025\/\">Las\u012bt vair\u0101k<\/a><\/p>\n    <\/div>\n<\/div>\n\n                            \n\n<div class=\"wp-block-column\">\n    \n    <div class=\"card-image stretch-image\">\n        <figure class=\"wp-block-image\">\n            <img loading=\"lazy\" decoding=\"async\" width=\"600\" height=\"361\" src=\"https:\/\/zonta.se\/wp-content\/uploads\/2025\/11\/Lettlandflaggafolkhav-kopiera-600x361.jpg\" class=\"attachment-medium size-medium wp-post-image\" alt=\"Transparent lettisk flagga \u00f6ver ett folkhav med orden: protect women against violence, prevent abuse, punish perpetrators\" srcset=\"https:\/\/zonta.se\/wp-content\/uploads\/2025\/11\/Lettlandflaggafolkhav-kopiera-600x361.jpg 600w, https:\/\/zonta.se\/wp-content\/uploads\/2025\/11\/Lettlandflaggafolkhav-kopiera-1200x721.jpg 1200w, https:\/\/zonta.se\/wp-content\/uploads\/2025\/11\/Lettlandflaggafolkhav-kopiera-768x462.jpg 768w, https:\/\/zonta.se\/wp-content\/uploads\/2025\/11\/Lettlandflaggafolkhav-kopiera-1536x923.jpg 1536w, https:\/\/zonta.se\/wp-content\/uploads\/2025\/11\/Lettlandflaggafolkhav-kopiera-18x12.jpg 18w, https:\/\/zonta.se\/wp-content\/uploads\/2025\/11\/Lettlandflaggafolkhav-kopiera-820x493.jpg 820w, https:\/\/zonta.se\/wp-content\/uploads\/2025\/11\/Lettlandflaggafolkhav-kopiera.jpg 1599w\" sizes=\"auto, (max-width: 600px) 100vw, 600px\" \/>        <\/figure>\n    <\/div>\n\n    <div class=\"card-content\">\n        <h3>Ietekme Latvij\u0101!<\/h2>\n\n        \t\t<p>2025-11-01<\/p>\n        <p>Vakar vakar\u0101 Saeimas deput\u0101tu vair\u0101kums nobalsoja par Latvijas izst\u0101\u0161anos no ES...<\/p>\n                <p class=\"link\"><a href=\"https:\/\/zonta.se\/lv\/paverkan-i-lettland\/\">Las\u012bt vair\u0101k<\/a><\/p>\n    <\/div>\n<\/div>\n\n                            \n\n<div class=\"wp-block-column\">\n    \n    <div class=\"card-image stretch-image\">\n        <figure class=\"wp-block-image\">\n            <img loading=\"lazy\" decoding=\"async\" width=\"450\" height=\"600\" src=\"https:\/\/zonta.se\/wp-content\/uploads\/2025\/10\/image002-450x600.jpg\" class=\"attachment-medium size-medium wp-post-image\" alt=\"Flera m\u00e4nniskor sitter i ett parlament med en kvinna p\u00e5 en sk\u00e4rm.\" srcset=\"https:\/\/zonta.se\/wp-content\/uploads\/2025\/10\/image002-450x600.jpg 450w, https:\/\/zonta.se\/wp-content\/uploads\/2025\/10\/image002-900x1200.jpg 900w, https:\/\/zonta.se\/wp-content\/uploads\/2025\/10\/image002-768x1024.jpg 768w, https:\/\/zonta.se\/wp-content\/uploads\/2025\/10\/image002-1152x1536.jpg 1152w, https:\/\/zonta.se\/wp-content\/uploads\/2025\/10\/image002-9x12.jpg 9w, https:\/\/zonta.se\/wp-content\/uploads\/2025\/10\/image002-615x820.jpg 615w, https:\/\/zonta.se\/wp-content\/uploads\/2025\/10\/image002.jpg 1200w\" sizes=\"auto, (max-width: 450px) 100vw, 450px\" \/>        <\/figure>\n    <\/div>\n\n    <div class=\"card-content\">\n        <h3>Apvienoto N\u0101ciju Organiz\u0101cijas diena \u2013 2025. gada 24. oktobris<\/h2>\n\n        \t\t<p>2025-10-24<\/p>\n        <p>24. oktobr\u012b Zonta International svin Apvienoto N\u0101ciju Organiz\u0101cijas dienu, kas iez\u012bm\u0113 Apvienoto N\u0101ciju Organiz\u0101cijas dibin\u0101\u0161anas gadadienu...<\/p>\n                <p class=\"link\"><a href=\"https:\/\/zonta.se\/lv\/fn-dagen-24-oktober-2025\/\">Las\u012bt vair\u0101k<\/a><\/p>\n    <\/div>\n<\/div>\n\n                            \n\n<div class=\"wp-block-column\">\n    \n    <div class=\"card-image stretch-image\">\n        <figure class=\"wp-block-image\">\n            <img loading=\"lazy\" decoding=\"async\" width=\"600\" height=\"400\" src=\"https:\/\/zonta.se\/wp-content\/uploads\/2025\/10\/pexels-karola-g-600x400.jpg\" class=\"attachment-medium size-medium wp-post-image\" alt=\"Flicka som ligger ner, f\u00f6rsjunken i sin mobiltelefon.\" srcset=\"https:\/\/zonta.se\/wp-content\/uploads\/2025\/10\/pexels-karola-g-600x400.jpg 600w, https:\/\/zonta.se\/wp-content\/uploads\/2025\/10\/pexels-karola-g-1200x800.jpg 1200w, https:\/\/zonta.se\/wp-content\/uploads\/2025\/10\/pexels-karola-g-768x512.jpg 768w, https:\/\/zonta.se\/wp-content\/uploads\/2025\/10\/pexels-karola-g-1536x1024.jpg 1536w, https:\/\/zonta.se\/wp-content\/uploads\/2025\/10\/pexels-karola-g-2048x1365.jpg 2048w, https:\/\/zonta.se\/wp-content\/uploads\/2025\/10\/pexels-karola-g-18x12.jpg 18w, https:\/\/zonta.se\/wp-content\/uploads\/2025\/10\/pexels-karola-g-820x547.jpg 820w\" sizes=\"auto, (max-width: 600px) 100vw, 600px\" \/>        <\/figure>\n    <\/div>\n\n    <div class=\"card-content\">\n        <h3>Dzimumu l\u012bdzties\u012bba ir apdraud\u0113ta, ja meitenes atpaliek skol\u0101<\/h2>\n\n        \t\t<p>2025-10-20<\/p>\n        <p>Kam\u0113r jaun\u0101m meiten\u0113m skol\u0101 sekmes ir slikt\u0101kas, skaistuma ide\u0101li stiprina vi\u0146u gar\u012bgo vesel\u012bbu. Zonta...<\/p>\n                <p class=\"link\"><a href=\"https:\/\/zonta.se\/lv\/jamstalldheten-hotad-nar-flickor-halkar-efter-i-skolan\/\">Las\u012bt vair\u0101k<\/a><\/p>\n    <\/div>\n<\/div>\n\n                            \n\n<div class=\"wp-block-column\">\n    \n    <div class=\"card-image stretch-image\">\n        <figure class=\"wp-block-image\">\n            <img loading=\"lazy\" decoding=\"async\" width=\"495\" height=\"600\" src=\"https:\/\/zonta.se\/wp-content\/uploads\/2025\/10\/IMG_5591-495x600.jpg\" class=\"attachment-medium size-medium wp-post-image\" alt=\"Ett konstverk f\u00f6rest\u00e4llande tv\u00e5 nakna kvinnor, en mager och en \u00f6verviktig, som st\u00e5r mittemot varandra i ett vinterlandskap.\" srcset=\"https:\/\/zonta.se\/wp-content\/uploads\/2025\/10\/IMG_5591-495x600.jpg 495w, https:\/\/zonta.se\/wp-content\/uploads\/2025\/10\/IMG_5591-989x1200.jpg 989w, https:\/\/zonta.se\/wp-content\/uploads\/2025\/10\/IMG_5591-768x932.jpg 768w, https:\/\/zonta.se\/wp-content\/uploads\/2025\/10\/IMG_5591-1266x1536.jpg 1266w, https:\/\/zonta.se\/wp-content\/uploads\/2025\/10\/IMG_5591-10x12.jpg 10w, https:\/\/zonta.se\/wp-content\/uploads\/2025\/10\/IMG_5591-676x820.jpg 676w, https:\/\/zonta.se\/wp-content\/uploads\/2025\/10\/IMG_5591.jpg 1296w\" sizes=\"auto, (max-width: 495px) 100vw, 495px\" \/>        <\/figure>\n    <\/div>\n\n    <div class=\"card-content\">\n        <h3>Starptautisk\u0101 nabadz\u012bbas izskau\u0161anas diena \u2013 2025. gada 17. oktobris<\/h2>\n\n        \t\t<p>2025-10-17<\/p>\n        <p>17. oktobr\u012b m\u0113s atz\u012bm\u0113jam Starptautisko nabadz\u012bbas izskau\u0161anas dienu \u2013 dienu, kad...<\/p>\n                <p class=\"link\"><a href=\"https:\/\/zonta.se\/lv\/internationella-dagen-for-utrotande-av-fattigdom-17-oktober-2025\/\">Las\u012bt vair\u0101k<\/a><\/p>\n    <\/div>\n<\/div>\n\n                            \n\n<div class=\"wp-block-column\">\n    \n    <div class=\"card-image stretch-image\">\n        <figure class=\"wp-block-image\">\n            <img loading=\"lazy\" decoding=\"async\" width=\"600\" height=\"331\" src=\"https:\/\/zonta.se\/wp-content\/uploads\/2025\/04\/ZontaSaysNOW-600x331.png\" class=\"attachment-medium size-medium wp-post-image\" alt=\"\" srcset=\"https:\/\/zonta.se\/wp-content\/uploads\/2025\/04\/ZontaSaysNOW-600x331.png 600w, https:\/\/zonta.se\/wp-content\/uploads\/2025\/04\/ZontaSaysNOW-768x423.png 768w, https:\/\/zonta.se\/wp-content\/uploads\/2025\/04\/ZontaSaysNOW-18x10.png 18w, https:\/\/zonta.se\/wp-content\/uploads\/2025\/04\/ZontaSaysNOW.png 780w\" sizes=\"auto, (max-width: 600px) 100vw, 600px\" \/>        <\/figure>\n    <\/div>\n\n    <div class=\"card-content\">\n        <h3>Iedvesmojo\u0161a tik\u0161an\u0101s par klimatu, \u016bdeni un m\u016bsu kop\u012bgo n\u0101kotni<\/h2>\n\n        \t\t<p>2025-09-27<\/p>\n        <p>4. oktobr\u012b no plkst. 13:00 l\u012bdz 14:30 Klimata komiteja r\u012bko digit\u0101l\u0101s iedvesmas san\u0101ksmi, kuras uzman\u012bbas centr\u0101 b\u016bs \u016bdens...<\/p>\n                <p class=\"link\"><a href=\"https:\/\/zonta.se\/lv\/inspirationmote-om-klimatet-vattnet-och-framtiden-vi-delar\/\">Las\u012bt vair\u0101k<\/a><\/p>\n    <\/div>\n<\/div>\n\n                    <\/div>\n\n        <div class=\"pagination\"><span aria-current=\"page\" class=\"page-numbers current\">1<\/span>\n<a class=\"page-numbers\" href=\"https:\/\/zonta.se\/lv\/wp-json\/wp\/v2\/pages\/27\/page\/2\/\">2<\/a>\n<a class=\"page-numbers\" href=\"https:\/\/zonta.se\/lv\/wp-json\/wp\/v2\/pages\/27\/page\/3\/\">3<\/a>\n<span class=\"page-numbers dots\">\u2026<\/span>\n<a class=\"page-numbers\" href=\"https:\/\/zonta.se\/lv\/wp-json\/wp\/v2\/pages\/27\/page\/10\/\">10<\/a>\n<a class=\"next page-numbers\" href=\"https:\/\/zonta.se\/lv\/wp-json\/wp\/v2\/pages\/27\/page\/2\/\">><\/a><\/div>\n    \n    \n<\/div><\/div>\n<\/div><\/div>","protected":false},"excerpt":{"rendered":"<p>Jaunumi \u0160eit varat las\u012bt par Zontas aktualit\u0101t\u0113m un piedal\u012bties interesantos pas\u0101kumos, ar kuriem str\u0101d\u0101jam Zviedrij\u0101 un Latvij\u0101.<\/p>","protected":false},"author":1,"featured_media":0,"parent":0,"menu_order":0,"comment_status":"closed","ping_status":"closed","template":"","meta":{"_acf_changed":false,"footnotes":""},"class_list":["post-27","page","type-page","status-publish","hentry"],"acf":[],"yoast_head":"<!-- This site is optimized with the Yoast SEO plugin v27.4 - https:\/\/yoast.com\/product\/yoast-seo-wordpress\/ -->\n<title>Aktuellt - Zonta Distrikt 21<\/title>\n<meta name=\"robots\" content=\"index, follow, max-snippet:-1, max-image-preview:large, max-video-preview:-1\" \/>\n<link rel=\"canonical\" href=\"https:\/\/zonta.se\/lv\/aktuellt\/\" \/>\n<meta property=\"og:locale\" content=\"lv_LV\" \/>\n<meta property=\"og:type\" content=\"article\" \/>\n<meta property=\"og:title\" content=\"Aktuellt - Zonta Distrikt 21\" \/>\n<meta property=\"og:description\" content=\"Aktuellt H\u00e4r kan du l\u00e4sa om vad som \u00e4r aktuellt inom Zonta och ta del av intressanta h\u00e4ndelser som vi arbetar med i Sverige och Lettland.\" \/>\n<meta property=\"og:url\" content=\"https:\/\/zonta.se\/lv\/aktuellt\/\" \/>\n<meta property=\"og:site_name\" content=\"Zonta Distrikt 21\" \/>\n<meta property=\"article:modified_time\" content=\"2022-10-22T09:27:21+00:00\" \/>\n<meta name=\"twitter:card\" content=\"summary_large_image\" \/>\n<meta name=\"twitter:label1\" content=\"Est. reading time\" \/>\n\t<meta name=\"twitter:data1\" content=\"1 min\u016bte\" \/>\n<script type=\"application\/ld+json\" class=\"yoast-schema-graph\">{\"@context\":\"https:\\\/\\\/schema.org\",\"@graph\":[{\"@type\":\"WebPage\",\"@id\":\"https:\\\/\\\/zonta.se\\\/aktuellt\\\/\",\"url\":\"https:\\\/\\\/zonta.se\\\/aktuellt\\\/\",\"name\":\"Aktuellt - Zonta Distrikt 21\",\"isPartOf\":{\"@id\":\"https:\\\/\\\/zonta.se\\\/#website\"},\"datePublished\":\"2022-08-09T11:45:27+00:00\",\"dateModified\":\"2022-10-22T09:27:21+00:00\",\"breadcrumb\":{\"@id\":\"https:\\\/\\\/zonta.se\\\/aktuellt\\\/#breadcrumb\"},\"inLanguage\":\"lv-LV\",\"potentialAction\":[{\"@type\":\"ReadAction\",\"target\":[\"https:\\\/\\\/zonta.se\\\/aktuellt\\\/\"]}]},{\"@type\":\"BreadcrumbList\",\"@id\":\"https:\\\/\\\/zonta.se\\\/aktuellt\\\/#breadcrumb\",\"itemListElement\":[{\"@type\":\"ListItem\",\"position\":1,\"name\":\"Hem\",\"item\":\"https:\\\/\\\/zonta.se\\\/\"},{\"@type\":\"ListItem\",\"position\":2,\"name\":\"Aktuellt\"}]},{\"@type\":\"WebSite\",\"@id\":\"https:\\\/\\\/zonta.se\\\/#website\",\"url\":\"https:\\\/\\\/zonta.se\\\/\",\"name\":\"Zonta Distrikt 21\",\"description\":\"\",\"publisher\":{\"@id\":\"https:\\\/\\\/zonta.se\\\/#organization\"},\"potentialAction\":[{\"@type\":\"SearchAction\",\"target\":{\"@type\":\"EntryPoint\",\"urlTemplate\":\"https:\\\/\\\/zonta.se\\\/?s={search_term_string}\"},\"query-input\":{\"@type\":\"PropertyValueSpecification\",\"valueRequired\":true,\"valueName\":\"search_term_string\"}}],\"inLanguage\":\"lv-LV\"},{\"@type\":\"Organization\",\"@id\":\"https:\\\/\\\/zonta.se\\\/#organization\",\"name\":\"Zonta Distrikt 21\",\"url\":\"https:\\\/\\\/zonta.se\\\/\",\"logo\":{\"@type\":\"ImageObject\",\"inLanguage\":\"lv-LV\",\"@id\":\"https:\\\/\\\/zonta.se\\\/#\\\/schema\\\/logo\\\/image\\\/\",\"url\":\"https:\\\/\\\/zonta.se\\\/wp-content\\\/uploads\\\/2022\\\/09\\\/zonta-logo-color-1.svg\",\"contentUrl\":\"https:\\\/\\\/zonta.se\\\/wp-content\\\/uploads\\\/2022\\\/09\\\/zonta-logo-color-1.svg\",\"width\":1136,\"height\":355,\"caption\":\"Zonta Distrikt 21\"},\"image\":{\"@id\":\"https:\\\/\\\/zonta.se\\\/#\\\/schema\\\/logo\\\/image\\\/\"}}]}<\/script>\n<!-- \/ Yoast SEO plugin. -->","yoast_head_json":{"title":"Aktu\u0101lie notikumi \u2014 Zonta 21. rajons","robots":{"index":"index","follow":"follow","max-snippet":"max-snippet:-1","max-image-preview":"max-image-preview:large","max-video-preview":"max-video-preview:-1"},"canonical":"https:\/\/zonta.se\/lv\/aktuellt\/","og_locale":"lv_LV","og_type":"article","og_title":"Aktuellt - Zonta Distrikt 21","og_description":"Aktuellt H\u00e4r kan du l\u00e4sa om vad som \u00e4r aktuellt inom Zonta och ta del av intressanta h\u00e4ndelser som vi arbetar med i Sverige och Lettland.","og_url":"https:\/\/zonta.se\/lv\/aktuellt\/","og_site_name":"Zonta Distrikt 21","article_modified_time":"2022-10-22T09:27:21+00:00","twitter_card":"summary_large_image","twitter_misc":{"Est. reading time":"1 min\u016bte"},"schema":{"@context":"https:\/\/schema.org","@graph":[{"@type":"WebPage","@id":"https:\/\/zonta.se\/aktuellt\/","url":"https:\/\/zonta.se\/aktuellt\/","name":"Aktu\u0101lie notikumi \u2014 Zonta 21. rajons","isPartOf":{"@id":"https:\/\/zonta.se\/#website"},"datePublished":"2022-08-09T11:45:27+00:00","dateModified":"2022-10-22T09:27:21+00:00","breadcrumb":{"@id":"https:\/\/zonta.se\/aktuellt\/#breadcrumb"},"inLanguage":"lv-LV","potentialAction":[{"@type":"ReadAction","target":["https:\/\/zonta.se\/aktuellt\/"]}]},{"@type":"BreadcrumbList","@id":"https:\/\/zonta.se\/aktuellt\/#breadcrumb","itemListElement":[{"@type":"ListItem","position":1,"name":"Hem","item":"https:\/\/zonta.se\/"},{"@type":"ListItem","position":2,"name":"Aktuellt"}]},{"@type":"WebSite","@id":"https:\/\/zonta.se\/#website","url":"https:\/\/zonta.se\/","name":"Zontas rajons 21","description":"","publisher":{"@id":"https:\/\/zonta.se\/#organization"},"potentialAction":[{"@type":"SearchAction","target":{"@type":"EntryPoint","urlTemplate":"https:\/\/zonta.se\/?s={search_term_string}"},"query-input":{"@type":"PropertyValueSpecification","valueRequired":true,"valueName":"search_term_string"}}],"inLanguage":"lv-LV"},{"@type":"Organization","@id":"https:\/\/zonta.se\/#organization","name":"Zontas rajons 21","url":"https:\/\/zonta.se\/","logo":{"@type":"ImageObject","inLanguage":"lv-LV","@id":"https:\/\/zonta.se\/#\/schema\/logo\/image\/","url":"https:\/\/zonta.se\/wp-content\/uploads\/2022\/09\/zonta-logo-color-1.svg","contentUrl":"https:\/\/zonta.se\/wp-content\/uploads\/2022\/09\/zonta-logo-color-1.svg","width":1136,"height":355,"caption":"Zonta Distrikt 21"},"image":{"@id":"https:\/\/zonta.se\/#\/schema\/logo\/image\/"}}]}},"_links":{"self":[{"href":"https:\/\/zonta.se\/lv\/wp-json\/wp\/v2\/pages\/27","targetHints":{"allow":["GET"]}}],"collection":[{"href":"https:\/\/zonta.se\/lv\/wp-json\/wp\/v2\/pages"}],"about":[{"href":"https:\/\/zonta.se\/lv\/wp-json\/wp\/v2\/types\/page"}],"author":[{"embeddable":true,"href":"https:\/\/zonta.se\/lv\/wp-json\/wp\/v2\/users\/1"}],"replies":[{"embeddable":true,"href":"https:\/\/zonta.se\/lv\/wp-json\/wp\/v2\/comments?post=27"}],"version-history":[{"count":15,"href":"https:\/\/zonta.se\/lv\/wp-json\/wp\/v2\/pages\/27\/revisions"}],"predecessor-version":[{"id":46370,"href":"https:\/\/zonta.se\/lv\/wp-json\/wp\/v2\/pages\/27\/revisions\/46370"}],"wp:attachment":[{"href":"https:\/\/zonta.se\/lv\/wp-json\/wp\/v2\/media?parent=27"}],"curies":[{"name":"wp","href":"https:\/\/api.w.org\/{rel}","templated":true}]}}