{"id":3,"date":"2022-08-09T10:58:12","date_gmt":"2022-08-09T08:58:12","guid":{"rendered":"https:\/\/zonta.se\/?page_id=3"},"modified":"2022-11-04T10:17:51","modified_gmt":"2022-11-04T09:17:51","slug":"integritetspolicy","status":"publish","type":"page","link":"https:\/\/zonta.se\/lv\/integritetspolicy\/","title":{"rendered":"Priv\u0101tuma politika"},"content":{"rendered":"<div class=\"wp-block-group is-style-container-medium\"><div class=\"wp-block-group__inner-container is-layout-flow wp-block-group-is-layout-flow\">\n<div class=\"wp-block-group\"><div class=\"wp-block-group__inner-container is-layout-flow wp-block-group-is-layout-flow\">\n<h1 class=\"has-text-align-center wp-block-heading\">Priv\u0101tuma politika<\/h1>\n<\/div><\/div>\n\n\n\n<div class=\"wp-block-group\"><div class=\"wp-block-group__inner-container is-layout-flow wp-block-group-is-layout-flow\">\n<p>Zonta klubi Zviedrij\u0101 un Latvij\u0101 veido Zonta International District 21 (turpm\u0101k D21).<\/p>\n\n\n\n<p>D21 uzskata, ka j\u016bsu priv\u0101tums ir \u013coti svar\u012bgs. M\u016bsu m\u0113r\u0137is ir, lai j\u016bs justos dro\u0161i, kad m\u0113s apstr\u0101d\u0101jam j\u016bsu personas datus. T\u0101p\u0113c, pildot m\u016bsu datu p\u0101rzi\u0146a lomu, m\u0113s nodro\u0161in\u0101m, ka tiek iev\u0113roti piem\u0113rojamie ties\u012bbu akti par j\u016bsu datu aizsardz\u012bbu.<\/p>\n\n\n\n<p>Priv\u0101tuma politika attiecas uz D21 personas datu izmanto\u0161anu m\u016bsu uz\u0146\u0113m\u0113jdarb\u012bbas ietvaros saist\u012bb\u0101 ar jums k\u0101 dal\u012bbnieku.<\/p>\n<\/div><\/div>\n\n\n\n<div class=\"wp-block-group\"><div class=\"wp-block-group__inner-container is-layout-flow wp-block-group-is-layout-flow\">\n<h2 class=\"is-style-no-decoration wp-block-heading\">Personas dati, lai p\u0101rvald\u012btu j\u016bsu dal\u012bbu<\/h2>\n\n\n\n<p>Apstr\u0101d\u0101jamie personas dati ir: soci\u0101l\u0101s apdro\u0161in\u0101\u0161anas numurs, v\u0101rds, uzv\u0101rds, e-pasta adrese, t\u0101lru\u0146a numurs, pasta adrese, profesija un biedra numurs.<\/p>\n\n\n\n<p>Lai administr\u0113tu j\u016bsu dal\u012bbu, j\u016bsu personas dati tiek izmantoti \u0161\u0101diem m\u0113r\u0137iem:<\/p>\n\n\n\n<ul class=\"wp-block-list\">\n<li>Sazi\u0146a ar jums, piem\u0113ram, uzaicin\u0101jumi uz aktivit\u0101t\u0113m, bi\u013cetenu izs\u016bt\u012b\u0161ana un cita inform\u0101cija par aktivit\u0101t\u0113m un projektiem.<\/li>\n\n\n\n<li>Administr\u0101cija, lai p\u0101rvald\u012btu ar dal\u012bbniekiem saist\u012btus dar\u012bjumus, piem\u0113ram, biedru re\u0123istrus, dal\u012bbas maksas un daudz ko citu.<\/li>\n\n\n\n<li>Pas\u0101kumos, kuros piedal\u0101ties, piem\u0113ram, san\u0101ksm\u0113s un apm\u0101c\u012bb\u0101s.<\/li>\n\n\n\n<li>Pieteikums dot\u0101ciju sa\u0146em\u0161anai.<\/li>\n\n\n\n<li>Statistikas apkopo\u0161ana un p\u0113cp\u0101rbaude.<\/li>\n\n\n\n<li>Pieteik\u0161an\u0101s inform\u0101cija t\u012bmek\u013ca apmekl\u0113\u0161anai.<\/li>\n\n\n\n<li>Aptauju apstr\u0101de un izplat\u012b\u0161ana.<\/li>\n\n\n\n<li>Lai re\u0123istr\u0113tu donorus.<\/li>\n<\/ul>\n\n\n\n<p>M\u0113s saglab\u0101jam j\u016bsu personas datus tikai tik ilgi, cik tas ir nepiecie\u0161ams.<\/p>\n\n\n\n<p>Da\u017eos gad\u012bjumos m\u0113s varam izpaust j\u016bsu personas datus uz\u0146\u0113mumiem, ar kuriem sadarbojamies, lai sniegtu mums pakalpojumus m\u016bsu uz\u0146\u0113m\u0113jdarb\u012bb\u0101.<\/p>\n\n\n\n<p>M\u0113s nep\u0101rdosim j\u016bsu personas datus nevienam citam.<\/p>\n<\/div><\/div>\n\n\n\n<div class=\"wp-block-group\"><div class=\"wp-block-group__inner-container is-layout-flow wp-block-group-is-layout-flow\">\n<h2 class=\"is-style-no-decoration wp-block-heading\">Datu p\u0101rs\u016bt\u012b\u0161ana uz tre\u0161aj\u0101m valst\u012bm (t.i., valst\u012bm \u0101rpus ES\/EEZ)<\/h2>\n\n\n\n<p>D21 darbojas k\u0101 Zonta International administrat\u012bv\u0101 iest\u0101de ASV, kas savuk\u0101rt p\u0101rvalda personas datus par jums dal\u012bbas re\u0123istr\u0101. <\/p>\n\n\n\n<p>Ar \u0161o D21 nodod personas datus Zonta International, t.i. pus\u0113m \u0101rpus Eiropas Ekonomikas zonas, EEZ. Tas noz\u012bm\u0113, ka personas dati tiek p\u0101rs\u016bt\u012bti uz valsti, kur\u0101 personas datu aizsardz\u012bbas l\u012bmenis at\u0161\u0137iras no EEZ. Vietn\u0113 Zonta.org \u201cPriv\u0101tuma politik\u0101\u201d ir aprakst\u012bts, k\u0101 Zonta International apstr\u0101d\u0101 j\u016bsu personas datus.<\/p>\n<\/div><\/div>\n\n\n\n<div class=\"wp-block-group\"><div class=\"wp-block-group__inner-container is-layout-flow wp-block-group-is-layout-flow\">\n<h2 class=\"is-style-no-decoration wp-block-heading\">J\u016bsu ties\u012bbas<\/h2>\n\n\n\n<p>D21 ir atbild\u012bgs par j\u016bsu personas datu apstr\u0101di. Jums ir ties\u012bbas uzzin\u0101t, k\u0101di personas dati par jums ir D21, un varat piepras\u012bt to kopiju.<\/p>\n\n\n\n<p>Jums ir ties\u012bbas uz j\u016bsu personas datu labo\u0161anu, ja tie ir nepareizi, nepiln\u012bgi vai maldino\u0161i, un ties\u012bbas ierobe\u017eot personas datu apstr\u0101di, l\u012bdz tie tiek main\u012bti.<\/p>\n\n\n\n<p>Noteiktos apst\u0101k\u013cos jums ir ties\u012bbas tikt dz\u0113stam:<\/p>\n\n\n\n<ul class=\"wp-block-list\">\n<li>Ja dati vairs nav vajadz\u012bgi m\u0113r\u0137iem, k\u0101diem tie tika v\u0101kti.<\/li>\n\n\n\n<li>Ja apstr\u0101de ir balst\u012bta uz j\u016bsu piekri\u0161anu un j\u016bs atsaucat piekri\u0161anu.<\/li>\n\n\n\n<li>Ja iebilstat pret to, ka m\u0113s izmantojam j\u016bsu datus, kas notiek p\u0113c intere\u0161u l\u012bdzsvaro\u0161anas un D21 nav svar\u012bgu intere\u0161u, kas atsver j\u016bsu intereses un ties\u012bbas.<\/li>\n\n\n\n<li>Ja D21 ir izmantojis personas datus neat\u013caut\u0101 veid\u0101.<\/li>\n\n\n\n<li>Ja D21 ir juridisks pien\u0101kums dz\u0113st personas datus.<\/li>\n<\/ul>\n\n\n\n<p>Ja neesat apmierin\u0101ts ar apstr\u0101di, jums ir ties\u012bbas zi\u0146ot par to Zviedrijas datu aizsardz\u012bbas iest\u0101dei.<\/p>\n<\/div><\/div>\n\n\n\n<div class=\"wp-block-group\"><div class=\"wp-block-group__inner-container is-layout-flow wp-block-group-is-layout-flow\">\n<h2 class=\"is-style-no-decoration wp-block-heading\">Kontaktinform\u0101cija<\/h2>\n\n\n\n<p>Ja jums ir k\u0101di jaut\u0101jumi par D21 priv\u0101tuma politiku vai ir k\u0101di citi jaut\u0101jumi par m\u016bsu personas datu apstr\u0101di vai v\u0113laties atsaukties uz sav\u0101m ties\u012bb\u0101m saska\u0146\u0101 ar piem\u0113rojamajiem datu aizsardz\u012bbas ties\u012bbu aktiem, l\u016bdzu, sazinieties ar mums pa e-pastu: gdpr@zonta.se<\/p>\n<\/div><\/div>\n\n\n\n<div class=\"wp-block-group\"><div class=\"wp-block-group__inner-container is-layout-flow wp-block-group-is-layout-flow\">\n<h2 class=\"is-style-no-decoration wp-block-heading\">Izmai\u0146as \u0161aj\u0101 Priv\u0101tuma politik\u0101<\/h2>\n\n\n\n<p>D21 ir ties\u012bbas jebkur\u0101 laik\u0101 main\u012bt \u0161o priv\u0101tuma politiku.<\/p>\n<\/div><\/div>\n<\/div><\/div>","protected":false},"excerpt":{"rendered":"<p>Integritetspolicy Zontaklubbarna i Sverige och Lettland utg\u00f6r Zonta International District 21 (nedan D21). D21 anser att din personliga integritet \u00e4r mycket viktig. V\u00e5rt m\u00e5l \u00e4r att du ska k\u00e4nna dig trygg n\u00e4r vi behandlar dina personuppgifter. I v\u00e5r roll som personuppgiftsansvarig ser vi d\u00e4rf\u00f6r till att till\u00e4mplig lagstiftning om skydd f\u00f6r dina uppgifter f\u00f6ljs. Integritetspolicyn [&hellip;]<\/p>\n","protected":false},"author":1,"featured_media":0,"parent":0,"menu_order":0,"comment_status":"closed","ping_status":"closed","template":"","meta":{"_acf_changed":false,"footnotes":""},"class_list":["post-3","page","type-page","status-publish","hentry"],"acf":[],"yoast_head":"<!-- This site is optimized with the Yoast SEO plugin v27.3 - https:\/\/yoast.com\/product\/yoast-seo-wordpress\/ -->\n<title>Integritetspolicy - Zonta Distrikt 21<\/title>\n<meta name=\"robots\" content=\"index, follow, max-snippet:-1, max-image-preview:large, max-video-preview:-1\" \/>\n<link rel=\"canonical\" href=\"https:\/\/zonta.se\/lv\/integritetspolicy\/\" \/>\n<meta property=\"og:locale\" content=\"lv_LV\" \/>\n<meta property=\"og:type\" content=\"article\" \/>\n<meta property=\"og:title\" content=\"Integritetspolicy - Zonta Distrikt 21\" \/>\n<meta property=\"og:description\" content=\"Integritetspolicy Zontaklubbarna i Sverige och Lettland utg\u00f6r Zonta International District 21 (nedan D21). D21 anser att din personliga integritet \u00e4r mycket viktig. V\u00e5rt m\u00e5l \u00e4r att du ska k\u00e4nna dig trygg n\u00e4r vi behandlar dina personuppgifter. I v\u00e5r roll som personuppgiftsansvarig ser vi d\u00e4rf\u00f6r till att till\u00e4mplig lagstiftning om skydd f\u00f6r dina uppgifter f\u00f6ljs. Integritetspolicyn [&hellip;]\" \/>\n<meta property=\"og:url\" content=\"https:\/\/zonta.se\/lv\/integritetspolicy\/\" \/>\n<meta property=\"og:site_name\" content=\"Zonta Distrikt 21\" \/>\n<meta property=\"article:modified_time\" content=\"2022-11-04T09:17:51+00:00\" \/>\n<meta name=\"twitter:card\" content=\"summary_large_image\" \/>\n<meta name=\"twitter:label1\" content=\"Est. reading time\" \/>\n\t<meta name=\"twitter:data1\" content=\"3 min\u016btes\" \/>\n<script type=\"application\/ld+json\" class=\"yoast-schema-graph\">{\"@context\":\"https:\\\/\\\/schema.org\",\"@graph\":[{\"@type\":\"WebPage\",\"@id\":\"https:\\\/\\\/zonta.se\\\/integritetspolicy\\\/\",\"url\":\"https:\\\/\\\/zonta.se\\\/integritetspolicy\\\/\",\"name\":\"Integritetspolicy - Zonta Distrikt 21\",\"isPartOf\":{\"@id\":\"https:\\\/\\\/zonta.se\\\/#website\"},\"datePublished\":\"2022-08-09T08:58:12+00:00\",\"dateModified\":\"2022-11-04T09:17:51+00:00\",\"breadcrumb\":{\"@id\":\"https:\\\/\\\/zonta.se\\\/integritetspolicy\\\/#breadcrumb\"},\"inLanguage\":\"lv-LV\",\"potentialAction\":[{\"@type\":\"ReadAction\",\"target\":[\"https:\\\/\\\/zonta.se\\\/integritetspolicy\\\/\"]}]},{\"@type\":\"BreadcrumbList\",\"@id\":\"https:\\\/\\\/zonta.se\\\/integritetspolicy\\\/#breadcrumb\",\"itemListElement\":[{\"@type\":\"ListItem\",\"position\":1,\"name\":\"Hem\",\"item\":\"https:\\\/\\\/zonta.se\\\/\"},{\"@type\":\"ListItem\",\"position\":2,\"name\":\"Integritetspolicy\"}]},{\"@type\":\"WebSite\",\"@id\":\"https:\\\/\\\/zonta.se\\\/#website\",\"url\":\"https:\\\/\\\/zonta.se\\\/\",\"name\":\"Zonta Distrikt 21\",\"description\":\"\",\"publisher\":{\"@id\":\"https:\\\/\\\/zonta.se\\\/#organization\"},\"potentialAction\":[{\"@type\":\"SearchAction\",\"target\":{\"@type\":\"EntryPoint\",\"urlTemplate\":\"https:\\\/\\\/zonta.se\\\/?s={search_term_string}\"},\"query-input\":{\"@type\":\"PropertyValueSpecification\",\"valueRequired\":true,\"valueName\":\"search_term_string\"}}],\"inLanguage\":\"lv-LV\"},{\"@type\":\"Organization\",\"@id\":\"https:\\\/\\\/zonta.se\\\/#organization\",\"name\":\"Zonta Distrikt 21\",\"url\":\"https:\\\/\\\/zonta.se\\\/\",\"logo\":{\"@type\":\"ImageObject\",\"inLanguage\":\"lv-LV\",\"@id\":\"https:\\\/\\\/zonta.se\\\/#\\\/schema\\\/logo\\\/image\\\/\",\"url\":\"https:\\\/\\\/zonta.se\\\/wp-content\\\/uploads\\\/2022\\\/09\\\/zonta-logo-color-1.svg\",\"contentUrl\":\"https:\\\/\\\/zonta.se\\\/wp-content\\\/uploads\\\/2022\\\/09\\\/zonta-logo-color-1.svg\",\"width\":1136,\"height\":355,\"caption\":\"Zonta Distrikt 21\"},\"image\":{\"@id\":\"https:\\\/\\\/zonta.se\\\/#\\\/schema\\\/logo\\\/image\\\/\"}}]}<\/script>\n<!-- \/ Yoast SEO plugin. -->","yoast_head_json":{"title":"Priv\u0101tuma politika \u2014 Zonta 21. rajons","robots":{"index":"index","follow":"follow","max-snippet":"max-snippet:-1","max-image-preview":"max-image-preview:large","max-video-preview":"max-video-preview:-1"},"canonical":"https:\/\/zonta.se\/lv\/integritetspolicy\/","og_locale":"lv_LV","og_type":"article","og_title":"Integritetspolicy - Zonta Distrikt 21","og_description":"Integritetspolicy Zontaklubbarna i Sverige och Lettland utg\u00f6r Zonta International District 21 (nedan D21). D21 anser att din personliga integritet \u00e4r mycket viktig. V\u00e5rt m\u00e5l \u00e4r att du ska k\u00e4nna dig trygg n\u00e4r vi behandlar dina personuppgifter. I v\u00e5r roll som personuppgiftsansvarig ser vi d\u00e4rf\u00f6r till att till\u00e4mplig lagstiftning om skydd f\u00f6r dina uppgifter f\u00f6ljs. Integritetspolicyn [&hellip;]","og_url":"https:\/\/zonta.se\/lv\/integritetspolicy\/","og_site_name":"Zonta Distrikt 21","article_modified_time":"2022-11-04T09:17:51+00:00","twitter_card":"summary_large_image","twitter_misc":{"Est. reading time":"3 min\u016btes"},"schema":{"@context":"https:\/\/schema.org","@graph":[{"@type":"WebPage","@id":"https:\/\/zonta.se\/integritetspolicy\/","url":"https:\/\/zonta.se\/integritetspolicy\/","name":"Priv\u0101tuma politika \u2014 Zonta 21. rajons","isPartOf":{"@id":"https:\/\/zonta.se\/#website"},"datePublished":"2022-08-09T08:58:12+00:00","dateModified":"2022-11-04T09:17:51+00:00","breadcrumb":{"@id":"https:\/\/zonta.se\/integritetspolicy\/#breadcrumb"},"inLanguage":"lv-LV","potentialAction":[{"@type":"ReadAction","target":["https:\/\/zonta.se\/integritetspolicy\/"]}]},{"@type":"BreadcrumbList","@id":"https:\/\/zonta.se\/integritetspolicy\/#breadcrumb","itemListElement":[{"@type":"ListItem","position":1,"name":"Hem","item":"https:\/\/zonta.se\/"},{"@type":"ListItem","position":2,"name":"Integritetspolicy"}]},{"@type":"WebSite","@id":"https:\/\/zonta.se\/#website","url":"https:\/\/zonta.se\/","name":"Zontas rajons 21","description":"","publisher":{"@id":"https:\/\/zonta.se\/#organization"},"potentialAction":[{"@type":"SearchAction","target":{"@type":"EntryPoint","urlTemplate":"https:\/\/zonta.se\/?s={search_term_string}"},"query-input":{"@type":"PropertyValueSpecification","valueRequired":true,"valueName":"search_term_string"}}],"inLanguage":"lv-LV"},{"@type":"Organization","@id":"https:\/\/zonta.se\/#organization","name":"Zontas rajons 21","url":"https:\/\/zonta.se\/","logo":{"@type":"ImageObject","inLanguage":"lv-LV","@id":"https:\/\/zonta.se\/#\/schema\/logo\/image\/","url":"https:\/\/zonta.se\/wp-content\/uploads\/2022\/09\/zonta-logo-color-1.svg","contentUrl":"https:\/\/zonta.se\/wp-content\/uploads\/2022\/09\/zonta-logo-color-1.svg","width":1136,"height":355,"caption":"Zonta Distrikt 21"},"image":{"@id":"https:\/\/zonta.se\/#\/schema\/logo\/image\/"}}]}},"_links":{"self":[{"href":"https:\/\/zonta.se\/lv\/wp-json\/wp\/v2\/pages\/3","targetHints":{"allow":["GET"]}}],"collection":[{"href":"https:\/\/zonta.se\/lv\/wp-json\/wp\/v2\/pages"}],"about":[{"href":"https:\/\/zonta.se\/lv\/wp-json\/wp\/v2\/types\/page"}],"author":[{"embeddable":true,"href":"https:\/\/zonta.se\/lv\/wp-json\/wp\/v2\/users\/1"}],"replies":[{"embeddable":true,"href":"https:\/\/zonta.se\/lv\/wp-json\/wp\/v2\/comments?post=3"}],"version-history":[{"count":15,"href":"https:\/\/zonta.se\/lv\/wp-json\/wp\/v2\/pages\/3\/revisions"}],"predecessor-version":[{"id":46541,"href":"https:\/\/zonta.se\/lv\/wp-json\/wp\/v2\/pages\/3\/revisions\/46541"}],"wp:attachment":[{"href":"https:\/\/zonta.se\/lv\/wp-json\/wp\/v2\/media?parent=3"}],"curies":[{"name":"wp","href":"https:\/\/api.w.org\/{rel}","templated":true}]}}