{"id":31,"date":"2022-08-09T13:46:01","date_gmt":"2022-08-09T11:46:01","guid":{"rendered":"https:\/\/zonta.se\/?page_id=31"},"modified":"2024-11-25T17:31:22","modified_gmt":"2024-11-25T16:31:22","slug":"stod-oss","status":"publish","type":"page","link":"https:\/\/zonta.se\/lv\/stod-oss\/","title":{"rendered":"Atbalstiet m\u016bs"},"content":{"rendered":"<div class=\"wp-block-group is-style-subhero\"><div class=\"wp-block-group__inner-container is-layout-flow wp-block-group-is-layout-flow\">\n<div class=\"wp-block-group is-style-split-text\"><div class=\"wp-block-group__inner-container is-layout-flow wp-block-group-is-layout-flow\">\n<h1 class=\"wp-block-heading is-style-default\">Atbalstiet Zonta darbu vienl\u012bdz\u012bgas pasaules lab\u0101<\/h1>\n\n\n\n<p>Ieguld\u012bjums Zonta Foundation for Women ir tie\u0161i saist\u012bts ar m\u016bsu starptautisko projektu vad\u012b\u0161anu un stipendiju pie\u0161\u0137ir\u0161anu sievie\u0161u un meite\u0146u atbalstam vis\u0101 pasaul\u0113.<\/p>\n\n\n\n<p>P\u0113d\u0113jo 100 gadu laik\u0101 Zonta ir ieguld\u012bjusi vair\u0101k nek\u0101 $ 50 miljonus projektos un stipendij\u0101s, kas ir atbalst\u012bju\u0161i miljoniem sievie\u0161u un meite\u0146u 66 valst\u012bs.<\/p>\n<\/div><\/div>\n\n\n\n<div class=\"wp-block-group is-style-split-image\"><div class=\"wp-block-group__inner-container is-layout-flow wp-block-group-is-layout-flow\">\n<figure class=\"wp-block-image size-large\"><img loading=\"lazy\" decoding=\"async\" width=\"1200\" height=\"800\" src=\"https:\/\/zonta.se\/wp-content\/uploads\/2022\/08\/zonta-hero-stod-oss-1200x800.jpg\" alt=\"St\u00f6d Zontas arbete f\u00f6r en j\u00e4mst\u00e4lld v\u00e4rld\" class=\"wp-image-342\" srcset=\"https:\/\/zonta.se\/wp-content\/uploads\/2022\/08\/zonta-hero-stod-oss-1200x800.jpg 1200w, https:\/\/zonta.se\/wp-content\/uploads\/2022\/08\/zonta-hero-stod-oss-600x400.jpg 600w, https:\/\/zonta.se\/wp-content\/uploads\/2022\/08\/zonta-hero-stod-oss-768x512.jpg 768w, https:\/\/zonta.se\/wp-content\/uploads\/2022\/08\/zonta-hero-stod-oss-820x547.jpg 820w, https:\/\/zonta.se\/wp-content\/uploads\/2022\/08\/zonta-hero-stod-oss.jpg 1500w\" sizes=\"auto, (max-width: 1200px) 100vw, 1200px\" \/><\/figure>\n<\/div><\/div>\n<\/div><\/div>\n\n\n\n<div class=\"wp-block-group\"><div class=\"wp-block-group__inner-container is-layout-flow wp-block-group-is-layout-flow\">\n<div class=\"wp-block-columns has-3-columns is-layout-flex wp-container-core-columns-is-layout-9d6595d7 wp-block-columns has-3-columns-is-layout-flex\">\n<div class=\"wp-block-column is-vertically-aligned-top is-layout-flow wp-block-column-is-layout-flow\">\n<div class=\"wp-block-group\"><div class=\"wp-block-group__inner-container is-layout-flow wp-block-group-is-layout-flow\">\n<figure class=\"wp-block-image size-full is-style-img-400\"><img loading=\"lazy\" decoding=\"async\" width=\"706\" height=\"800\" src=\"https:\/\/zonta.se\/wp-content\/uploads\/2022\/08\/zonta-stod-oss-swisha-ditt-bidrag.jpg\" alt=\"Swisha ditt bidrag till Zonta\" class=\"wp-image-339\" srcset=\"https:\/\/zonta.se\/wp-content\/uploads\/2022\/08\/zonta-stod-oss-swisha-ditt-bidrag.jpg 706w, https:\/\/zonta.se\/wp-content\/uploads\/2022\/08\/zonta-stod-oss-swisha-ditt-bidrag-530x600.jpg 530w\" sizes=\"auto, (max-width: 706px) 100vw, 706px\" \/><\/figure>\n<\/div><\/div>\n\n\n\n<div class=\"wp-block-group\"><div class=\"wp-block-group__inner-container is-layout-flow wp-block-group-is-layout-flow\">\n<h2 class=\"wp-block-heading is-style-no-decoration\">Piedalieties, izmantojot Swish<\/h2>\n\n\n\n<p>Veicot d\u0101vanu, izmantojot Swish, nauda tiek novirz\u012bta caur m\u016bsu rajonu m\u016bsu starptautiskajiem projektiem un stipendij\u0101m. Nos\u016btiet d\u0101vanu pa t\u0101lruni 123 320 40 13 vai sken\u0113jiet iepriek\u0161 nor\u0101d\u012bto QR kodu no savas lietotnes Swish.<\/p>\n<\/div><\/div>\n<\/div>\n\n\n\n<div class=\"wp-block-column is-vertically-aligned-top is-layout-flow wp-block-column-is-layout-flow\">\n<div class=\"wp-block-group\"><div class=\"wp-block-group__inner-container is-layout-flow wp-block-group-is-layout-flow\">\n<figure class=\"wp-block-image alignwide size-full is-style-img-400\"><img loading=\"lazy\" decoding=\"async\" width=\"1811\" height=\"2560\" src=\"https:\/\/zonta.se\/wp-content\/uploads\/2024\/10\/Zonta_GODJUL_A4_okt24_Form-scaled.jpg\" alt=\"\" class=\"wp-image-49887\" srcset=\"https:\/\/zonta.se\/wp-content\/uploads\/2024\/10\/Zonta_GODJUL_A4_okt24_Form-scaled.jpg 1811w, https:\/\/zonta.se\/wp-content\/uploads\/2024\/10\/Zonta_GODJUL_A4_okt24_Form-424x600.jpg 424w, https:\/\/zonta.se\/wp-content\/uploads\/2024\/10\/Zonta_GODJUL_A4_okt24_Form-849x1200.jpg 849w, https:\/\/zonta.se\/wp-content\/uploads\/2024\/10\/Zonta_GODJUL_A4_okt24_Form-768x1086.jpg 768w, https:\/\/zonta.se\/wp-content\/uploads\/2024\/10\/Zonta_GODJUL_A4_okt24_Form-1086x1536.jpg 1086w, https:\/\/zonta.se\/wp-content\/uploads\/2024\/10\/Zonta_GODJUL_A4_okt24_Form-1448x2048.jpg 1448w, https:\/\/zonta.se\/wp-content\/uploads\/2024\/10\/Zonta_GODJUL_A4_okt24_Form-8x12.jpg 8w, https:\/\/zonta.se\/wp-content\/uploads\/2024\/10\/Zonta_GODJUL_A4_okt24_Form-580x820.jpg 580w\" sizes=\"auto, (max-width: 1811px) 100vw, 1811px\" \/><\/figure>\n<\/div><\/div>\n\n\n\n<div class=\"wp-block-group\"><div class=\"wp-block-group__inner-container is-layout-flow wp-block-group-is-layout-flow\">\n<h2 class=\"wp-block-heading is-style-no-decoration\">Izdruk\u0101jiet d\u0101vanu sertifik\u0101tu<\/h2>\n\n\n\n<p>Ja v\u0113laties uzd\u0101vin\u0101t, piem\u0113ram, k\u0101 sv\u0113tku vai piemi\u0146as d\u0101vanu, varat lejupiel\u0101d\u0113t k\u0101du no m\u016bsu d\u0101vanu kart\u0113m. Ja atverat failu programm\u0101 Acrobat Reader, pirms d\u0101vanu sertifik\u0101ta druk\u0101\u0161anas vai nos\u016bt\u012b\u0161anas varat ierakst\u012bt adres\u0101ta v\u0101rdu, savu tekstu un s\u016bt\u012bt\u0101ja v\u0101rdu.<\/p>\n\n\n\n<p><a href=\"\/lv\/stod-oss\/gavobevis\/\">Izv\u0113lieties d\u0101vanu karti<\/a><\/p>\n<\/div><\/div>\n<\/div>\n\n\n\n<div class=\"wp-block-column is-vertically-aligned-top is-layout-flow wp-block-column-is-layout-flow\">\n<div class=\"wp-block-group\"><div class=\"wp-block-group__inner-container is-layout-flow wp-block-group-is-layout-flow\">\n<figure class=\"wp-block-image size-full is-style-img-400\"><img loading=\"lazy\" decoding=\"async\" width=\"766\" height=\"590\" src=\"https:\/\/zonta.se\/wp-content\/uploads\/2022\/08\/zonta-stod-oss-internationellt.png\" alt=\"St\u00f6d Zonta internationellt\" class=\"wp-image-337\" srcset=\"https:\/\/zonta.se\/wp-content\/uploads\/2022\/08\/zonta-stod-oss-internationellt.png 766w, https:\/\/zonta.se\/wp-content\/uploads\/2022\/08\/zonta-stod-oss-internationellt-600x462.png 600w\" sizes=\"auto, (max-width: 766px) 100vw, 766px\" \/><\/figure>\n<\/div><\/div>\n\n\n\n<div class=\"wp-block-group\"><div class=\"wp-block-group__inner-container is-layout-flow wp-block-group-is-layout-flow\">\n<h2 class=\"wp-block-heading is-style-no-decoration\">Padariet d\u0101vanu, izmantojot zonta.org<\/h2>\n\n\n\n<p>J\u016bs varat ar\u012b uzd\u0101vin\u0101t d\u0101vanu tie\u0161i Zonta fondam sieviet\u0113m. Izv\u0113lieties, vai v\u0113laties atbalst\u012bt m\u016bsu starptautiskos projektus vai k\u0101du no m\u016bsu stipendij\u0101m.<\/p>\n\n\n\n<p><a href=\"https:\/\/secure2.convio.net\/zonta\/site\/Donation2;jsessionid=00000000.app223a?1400.donation=form1&amp;df_id=1400&amp;mfc_pref=T&amp;NONCE_TOKEN=320C2D408833EA312B6FD7E1D48AD807\" target=\"_blank\" rel=\"noreferrer noopener nofollow\">Padariet d\u0101vanu, izmantojot zonta.org<\/a><\/p>\n<\/div><\/div>\n<\/div>\n<\/div>\n<\/div><\/div>\n\n\n\n<div class=\"wp-block-group\"><div class=\"wp-block-group__inner-container is-layout-flow wp-block-group-is-layout-flow\">\n<div class=\"wp-block-columns has-2-columns is-style-cols-reverse is-layout-flex wp-container-core-columns-is-layout-9d6595d7 wp-block-columns has-2-columns-is-layout-flex\">\n<div class=\"wp-block-column is-layout-flow wp-block-column-is-layout-flow\">\n<figure class=\"wp-block-image size-full\"><img loading=\"lazy\" decoding=\"async\" width=\"1200\" height=\"800\" src=\"https:\/\/zonta.se\/wp-content\/uploads\/2022\/08\/zonta-stod-oss-zonta-foundation-for-women.jpg\" alt=\"Insamlingsorganisationen Zonta Foundation for Women samlar in och f\u00f6rvaltar medel f\u00f6r att ge ekonomiskt st\u00f6d till projekt och program som f\u00f6rb\u00e4ttrar kvinnors m\u00f6jligheter till utbildning och f\u00f6rb\u00e4ttrad h\u00e4lsa.\" class=\"wp-image-341\" srcset=\"https:\/\/zonta.se\/wp-content\/uploads\/2022\/08\/zonta-stod-oss-zonta-foundation-for-women.jpg 1200w, https:\/\/zonta.se\/wp-content\/uploads\/2022\/08\/zonta-stod-oss-zonta-foundation-for-women-600x400.jpg 600w, https:\/\/zonta.se\/wp-content\/uploads\/2022\/08\/zonta-stod-oss-zonta-foundation-for-women-768x512.jpg 768w, https:\/\/zonta.se\/wp-content\/uploads\/2022\/08\/zonta-stod-oss-zonta-foundation-for-women-820x547.jpg 820w\" sizes=\"auto, (max-width: 1200px) 100vw, 1200px\" \/><\/figure>\n<\/div>\n\n\n\n<div class=\"wp-block-column is-layout-flow wp-block-column-is-layout-flow\">\n<h2 class=\"wp-block-heading\">Zonta fonds sieviet\u0113m<\/h2>\n\n\n\n<p>M\u016bsu ziedojumu v\u0101k\u0161anas organiz\u0101cijas Zonta Foundation for Women misija ir v\u0101kt un p\u0101rvald\u012bt l\u012bdzek\u013cus, lai sniegtu finansi\u0101lu atbalstu projektiem un stipendij\u0101m, kas uzlabo sievie\u0161u iesp\u0113jas ieg\u016bt izgl\u012bt\u012bbu un uzlabot vesel\u012bbu, k\u0101 ar\u012b projektiem, kas var izskaust vardarb\u012bbu pret sieviet\u0113m ar intere\u0161u aizst\u0101v\u012bbas un likumdo\u0161anas pal\u012bdz\u012bbu.<\/p>\n<\/div>\n<\/div>\n<\/div><\/div>\n\n\n\n<div class=\"wp-block-group\"><div class=\"wp-block-group__inner-container is-layout-flow wp-block-group-is-layout-flow\">\n<div class=\"wp-block-columns has-2-columns is-layout-flex wp-container-core-columns-is-layout-9d6595d7 wp-block-columns has-2-columns-is-layout-flex\">\n<div class=\"wp-block-column is-layout-flow wp-block-column-is-layout-flow\">\n<h2 class=\"wp-block-heading\">M\u0113s sekojam l\u012bdzi rezult\u0101tiem<\/h2>\n\n\n\n<p>Visas iemaksas Zonta fondam sieviet\u0113m tiek pie\u0161\u0137irtas projektiem un stipendij\u0101m, par kur\u0101m m\u0113s lemjam Zonta World Meeting. M\u016bsu atbalst\u012btie projekti parasti tiek \u012bstenoti sadarb\u012bb\u0101 ar da\u017e\u0101d\u0101m ANO a\u0123ent\u016br\u0101m. Sievie\u0161u fonds Zonta sa\u0146em regul\u0101rus zi\u0146ojumus par to, k\u0101 tiek izmantotas m\u016bsu dot\u0101cijas. Turkl\u0101t cilv\u0113ki no Zonta International regul\u0101ri apmekl\u0113 projektus uz vietas. M\u0113s parasti izmaks\u0101jam l\u012bdzek\u013cus pa posmiem un, pirms turpin\u0101m finans\u0113t nolemt\u0101 projekta, piepras\u0101m starpposma rezult\u0101tus.<\/p>\n<\/div>\n\n\n\n<div class=\"wp-block-column is-layout-flow wp-block-column-is-layout-flow\">\n<figure class=\"wp-block-image size-full\"><img loading=\"lazy\" decoding=\"async\" width=\"1200\" height=\"800\" src=\"https:\/\/zonta.se\/wp-content\/uploads\/2022\/08\/zonta-stod-oss-vi-foljer-upp-resultaten.jpg\" alt=\"Alla bidrag till Zonta Foundation for Women g\u00e5r till de projekt och stipendier som vi beslutar om p\u00e5 Zontas v\u00e4rldsm\u00f6te och f\u00f6ljs upp med rapporter..\" class=\"wp-image-340\" srcset=\"https:\/\/zonta.se\/wp-content\/uploads\/2022\/08\/zonta-stod-oss-vi-foljer-upp-resultaten.jpg 1200w, https:\/\/zonta.se\/wp-content\/uploads\/2022\/08\/zonta-stod-oss-vi-foljer-upp-resultaten-600x400.jpg 600w, https:\/\/zonta.se\/wp-content\/uploads\/2022\/08\/zonta-stod-oss-vi-foljer-upp-resultaten-768x512.jpg 768w, https:\/\/zonta.se\/wp-content\/uploads\/2022\/08\/zonta-stod-oss-vi-foljer-upp-resultaten-820x547.jpg 820w\" sizes=\"auto, (max-width: 1200px) 100vw, 1200px\" \/><\/figure>\n<\/div>\n<\/div>\n<\/div><\/div>\n\n\n\n<div class=\"wp-block-group is-style-container-small\"><div class=\"wp-block-group__inner-container is-layout-flow wp-block-group-is-layout-flow\">\n<h2 class=\"wp-block-heading has-text-align-center\">Vair\u0101k inform\u0101cijas<\/h2>\n\n\n\n<p class=\"has-text-align-center\">Ja jums ir jaut\u0101jumi par d\u0101van\u0101m, l\u016bdzu, sazinieties ar Christina Rylander Bergqvist pa t\u0101lr <a href=\"mailto:christina.zonta@telia.com\">christina.zonta@telia.com<\/a> vai t\u0101lruni <a href=\"tel:+46705810001\">070-581 00 01<\/a>. Varat ar\u012b izmantot zem\u0101k eso\u0161o veidlapu, lai sazin\u0101tos ar mums.<\/p>\n\n\n\n<div class=\"wp-block-contact-form-7-contact-form-selector\">\n<div class=\"wpcf7 no-js\" id=\"wpcf7-f9-o1\" lang=\"sv-SE\" dir=\"ltr\" data-wpcf7-id=\"9\">\n<div class=\"screen-reader-response\"><p role=\"status\" aria-live=\"polite\" aria-atomic=\"true\"><\/p> <ul><\/ul><\/div>\n<form action=\"\/lv\/wp-json\/wp\/v2\/pages\/31#wpcf7-f9-o1\" method=\"post\" class=\"wpcf7-form init\" aria-label=\"Sazi\u0146as veidlapa\" novalidate=\"novalidate\" data-status=\"init\" data-trp-original-action=\"\/lv\/wp-json\/wp\/v2\/pages\/31#wpcf7-f9-o1\">\n<fieldset class=\"hidden-fields-container\"><input type=\"hidden\" name=\"_wpcf7\" value=\"9\" \/><input type=\"hidden\" name=\"_wpcf7_version\" value=\"6.1.5\" \/><input type=\"hidden\" name=\"_wpcf7_locale\" value=\"sv_SE\" \/><input type=\"hidden\" name=\"_wpcf7_unit_tag\" value=\"wpcf7-f9-o1\" \/><input type=\"hidden\" name=\"_wpcf7_container_post\" value=\"0\" \/><input type=\"hidden\" name=\"_wpcf7_posted_data_hash\" value=\"\" \/>\n<\/fieldset>\n<p><label>V\u0101rds un uzv\u0101rds:<\/label><span class=\"wpcf7-form-control-wrap\" data-name=\"input-namn\"><input size=\"40\" maxlength=\"400\" class=\"wpcf7-form-control wpcf7-text wpcf7-validates-as-required\" aria-required=\"true\" aria-invalid=\"false\" value=\"\" type=\"text\" name=\"input-namn\" \/><\/span>\n<\/p>\n<p><label>E-pasts:<\/label><span class=\"wpcf7-form-control-wrap\" data-name=\"input-epost\"><input size=\"40\" maxlength=\"400\" class=\"wpcf7-form-control wpcf7-email wpcf7-validates-as-required wpcf7-text wpcf7-validates-as-email\" aria-required=\"true\" aria-invalid=\"false\" value=\"\" type=\"email\" name=\"input-epost\" \/><\/span>\n<\/p>\n<p><label>Zi\u0146a:<\/label><span class=\"wpcf7-form-control-wrap\" data-name=\"input-meddelande\"><textarea cols=\"40\" rows=\"4\" maxlength=\"2000\" class=\"wpcf7-form-control wpcf7-textarea wpcf7-validates-as-required\" aria-required=\"true\" aria-invalid=\"false\" name=\"input-meddelande\"><\/textarea><\/span>\n<\/p>\n<p class=\"acceptance\">Noklik\u0161\u0137inot uz &quot;S\u016bt\u012bt&quot;, j\u016bs piekr\u012btat, ka Zonta District 21 saglab\u0101 j\u016bsu personas datus un ka m\u0113s tos izmantojam saska\u0146\u0101 ar m\u016bsu priv\u0101tuma politiku. \u0160o lapu aizsarg\u0101 reCAPTCHA un <a href=\"https:\/\/policies.google.com\/privacy?hl=sv\" rel=\"nofollow noopener\" target=\"_blank\">Google konfidencialit\u0101tes politika<\/a> un <a href=\"https:\/\/policies.google.com\/terms?hl=sv\" rel=\"nofollow noopener\" target=\"_blank\">noteikumiem<\/a> attiecas.\n<\/p>\n<div class=\"submit\">\n\t<p><input class=\"wpcf7-form-control wpcf7-submit has-spinner\" type=\"submit\" value=\"S\u016bt\u012bt\" \/>\n\t<\/p>\n<\/div><div class=\"wpcf7-response-output\" aria-hidden=\"true\"><\/div>\n<input type=\"hidden\" name=\"trp-form-language\" value=\"lv\"\/><\/form>\n<\/div>\n<\/div>\n<\/div><\/div>\n\n\n\n<div class=\"wp-block-group is-style-cta\"><div class=\"wp-block-group__inner-container is-layout-flow wp-block-group-is-layout-flow\">\n<h2 class=\"wp-block-heading has-text-align-center\">Iesaistiet sevi!<\/h2>\n\n\n\n<p class=\"has-text-align-center\">K\u0101 Zonta dal\u012bbnieks j\u016bs esat da\u013ca no pla\u0161a cilv\u0113ku t\u012bkla no da\u017e\u0101d\u0101m profesion\u0101laj\u0101m grup\u0101m, kas veido lab\u0101ku n\u0101kotni meiten\u0113m un sieviet\u0113m vis\u0101 pasaul\u0113.<\/p>\n\n\n\n<div class=\"wp-block-buttons is-content-justification-center is-layout-flex wp-container-core-buttons-is-layout-16018d1d wp-block-buttons-is-layout-flex\">\n<div class=\"wp-block-button is-style-outline is-style-outline--1\"><a class=\"wp-block-button__link wp-element-button\" href=\"\/lv\/bli-medlem\/\">Pierakst\u012bties<\/a><\/div>\n<\/div>\n<\/div><\/div>","protected":false},"excerpt":{"rendered":"<p>St\u00f6d Zontas arbete f\u00f6r en j\u00e4mst\u00e4lld v\u00e4rld Ett bidrag till Zonta Foundation for Women g\u00e5r oavkortat till att driva v\u00e5ra internationella projekt och dela ut stipendier f\u00f6r att st\u00f6tta kvinnor och flickor i hela v\u00e4rlden. De senaste 100 \u00e5ren har Zonta bidragit med mer \u00e4n 50 miljoner USD till projekt och stipendier som st\u00f6ttat miljoner [&hellip;]<\/p>\n","protected":false},"author":1,"featured_media":0,"parent":0,"menu_order":0,"comment_status":"closed","ping_status":"closed","template":"","meta":{"_acf_changed":false,"footnotes":""},"class_list":["post-31","page","type-page","status-publish","hentry"],"acf":[],"yoast_head":"<!-- This site is optimized with the Yoast SEO plugin v27.4 - https:\/\/yoast.com\/product\/yoast-seo-wordpress\/ -->\n<title>St\u00f6d oss - Zonta Distrikt 21<\/title>\n<meta name=\"robots\" content=\"index, follow, max-snippet:-1, max-image-preview:large, max-video-preview:-1\" \/>\n<link rel=\"canonical\" href=\"https:\/\/zonta.se\/lv\/stod-oss\/\" \/>\n<meta property=\"og:locale\" content=\"lv_LV\" \/>\n<meta property=\"og:type\" content=\"article\" \/>\n<meta property=\"og:title\" content=\"St\u00f6d oss - Zonta Distrikt 21\" \/>\n<meta property=\"og:description\" content=\"St\u00f6d Zontas arbete f\u00f6r en j\u00e4mst\u00e4lld v\u00e4rld Ett bidrag till Zonta Foundation for Women g\u00e5r oavkortat till att driva v\u00e5ra internationella projekt och dela ut stipendier f\u00f6r att st\u00f6tta kvinnor och flickor i hela v\u00e4rlden. De senaste 100 \u00e5ren har Zonta bidragit med mer \u00e4n 50 miljoner USD till projekt och stipendier som st\u00f6ttat miljoner [&hellip;]\" \/>\n<meta property=\"og:url\" content=\"https:\/\/zonta.se\/lv\/stod-oss\/\" \/>\n<meta property=\"og:site_name\" content=\"Zonta Distrikt 21\" \/>\n<meta property=\"article:modified_time\" content=\"2024-11-25T16:31:22+00:00\" \/>\n<meta property=\"og:image\" content=\"https:\/\/zonta.se\/wp-content\/uploads\/2022\/08\/zonta-hero-stod-oss.jpg\" \/>\n\t<meta property=\"og:image:width\" content=\"1500\" \/>\n\t<meta property=\"og:image:height\" content=\"1000\" \/>\n\t<meta property=\"og:image:type\" content=\"image\/jpeg\" \/>\n<meta name=\"twitter:card\" content=\"summary_large_image\" \/>\n<meta name=\"twitter:label1\" content=\"Est. reading time\" \/>\n\t<meta name=\"twitter:data1\" content=\"4 min\u016btes\" \/>\n<script type=\"application\/ld+json\" class=\"yoast-schema-graph\">{\"@context\":\"https:\\\/\\\/schema.org\",\"@graph\":[{\"@type\":\"WebPage\",\"@id\":\"https:\\\/\\\/zonta.se\\\/stod-oss\\\/\",\"url\":\"https:\\\/\\\/zonta.se\\\/stod-oss\\\/\",\"name\":\"St\u00f6d oss - Zonta Distrikt 21\",\"isPartOf\":{\"@id\":\"https:\\\/\\\/zonta.se\\\/#website\"},\"primaryImageOfPage\":{\"@id\":\"https:\\\/\\\/zonta.se\\\/stod-oss\\\/#primaryimage\"},\"image\":{\"@id\":\"https:\\\/\\\/zonta.se\\\/stod-oss\\\/#primaryimage\"},\"thumbnailUrl\":\"https:\\\/\\\/zonta.se\\\/wp-content\\\/uploads\\\/2022\\\/08\\\/zonta-hero-stod-oss-1200x800.jpg\",\"datePublished\":\"2022-08-09T11:46:01+00:00\",\"dateModified\":\"2024-11-25T16:31:22+00:00\",\"breadcrumb\":{\"@id\":\"https:\\\/\\\/zonta.se\\\/stod-oss\\\/#breadcrumb\"},\"inLanguage\":\"lv-LV\",\"potentialAction\":[{\"@type\":\"ReadAction\",\"target\":[\"https:\\\/\\\/zonta.se\\\/stod-oss\\\/\"]}]},{\"@type\":\"ImageObject\",\"inLanguage\":\"lv-LV\",\"@id\":\"https:\\\/\\\/zonta.se\\\/stod-oss\\\/#primaryimage\",\"url\":\"https:\\\/\\\/zonta.se\\\/wp-content\\\/uploads\\\/2022\\\/08\\\/zonta-hero-stod-oss-1200x800.jpg\",\"contentUrl\":\"https:\\\/\\\/zonta.se\\\/wp-content\\\/uploads\\\/2022\\\/08\\\/zonta-hero-stod-oss-1200x800.jpg\"},{\"@type\":\"BreadcrumbList\",\"@id\":\"https:\\\/\\\/zonta.se\\\/stod-oss\\\/#breadcrumb\",\"itemListElement\":[{\"@type\":\"ListItem\",\"position\":1,\"name\":\"Hem\",\"item\":\"https:\\\/\\\/zonta.se\\\/\"},{\"@type\":\"ListItem\",\"position\":2,\"name\":\"St\u00f6d oss\"}]},{\"@type\":\"WebSite\",\"@id\":\"https:\\\/\\\/zonta.se\\\/#website\",\"url\":\"https:\\\/\\\/zonta.se\\\/\",\"name\":\"Zonta Distrikt 21\",\"description\":\"\",\"publisher\":{\"@id\":\"https:\\\/\\\/zonta.se\\\/#organization\"},\"potentialAction\":[{\"@type\":\"SearchAction\",\"target\":{\"@type\":\"EntryPoint\",\"urlTemplate\":\"https:\\\/\\\/zonta.se\\\/?s={search_term_string}\"},\"query-input\":{\"@type\":\"PropertyValueSpecification\",\"valueRequired\":true,\"valueName\":\"search_term_string\"}}],\"inLanguage\":\"lv-LV\"},{\"@type\":\"Organization\",\"@id\":\"https:\\\/\\\/zonta.se\\\/#organization\",\"name\":\"Zonta Distrikt 21\",\"url\":\"https:\\\/\\\/zonta.se\\\/\",\"logo\":{\"@type\":\"ImageObject\",\"inLanguage\":\"lv-LV\",\"@id\":\"https:\\\/\\\/zonta.se\\\/#\\\/schema\\\/logo\\\/image\\\/\",\"url\":\"https:\\\/\\\/zonta.se\\\/wp-content\\\/uploads\\\/2022\\\/09\\\/zonta-logo-color-1.svg\",\"contentUrl\":\"https:\\\/\\\/zonta.se\\\/wp-content\\\/uploads\\\/2022\\\/09\\\/zonta-logo-color-1.svg\",\"width\":1136,\"height\":355,\"caption\":\"Zonta Distrikt 21\"},\"image\":{\"@id\":\"https:\\\/\\\/zonta.se\\\/#\\\/schema\\\/logo\\\/image\\\/\"}}]}<\/script>\n<!-- \/ Yoast SEO plugin. -->","yoast_head_json":{"title":"Atbalstiet m\u016bs \u2014 Zonta 21. rajons","robots":{"index":"index","follow":"follow","max-snippet":"max-snippet:-1","max-image-preview":"max-image-preview:large","max-video-preview":"max-video-preview:-1"},"canonical":"https:\/\/zonta.se\/lv\/stod-oss\/","og_locale":"lv_LV","og_type":"article","og_title":"St\u00f6d oss - Zonta Distrikt 21","og_description":"St\u00f6d Zontas arbete f\u00f6r en j\u00e4mst\u00e4lld v\u00e4rld Ett bidrag till Zonta Foundation for Women g\u00e5r oavkortat till att driva v\u00e5ra internationella projekt och dela ut stipendier f\u00f6r att st\u00f6tta kvinnor och flickor i hela v\u00e4rlden. De senaste 100 \u00e5ren har Zonta bidragit med mer \u00e4n 50 miljoner USD till projekt och stipendier som st\u00f6ttat miljoner [&hellip;]","og_url":"https:\/\/zonta.se\/lv\/stod-oss\/","og_site_name":"Zonta Distrikt 21","article_modified_time":"2024-11-25T16:31:22+00:00","og_image":[{"width":1500,"height":1000,"url":"https:\/\/zonta.se\/wp-content\/uploads\/2022\/08\/zonta-hero-stod-oss.jpg","type":"image\/jpeg"}],"twitter_card":"summary_large_image","twitter_misc":{"Est. reading time":"4 min\u016btes"},"schema":{"@context":"https:\/\/schema.org","@graph":[{"@type":"WebPage","@id":"https:\/\/zonta.se\/stod-oss\/","url":"https:\/\/zonta.se\/stod-oss\/","name":"Atbalstiet m\u016bs \u2014 Zonta 21. rajons","isPartOf":{"@id":"https:\/\/zonta.se\/#website"},"primaryImageOfPage":{"@id":"https:\/\/zonta.se\/stod-oss\/#primaryimage"},"image":{"@id":"https:\/\/zonta.se\/stod-oss\/#primaryimage"},"thumbnailUrl":"https:\/\/zonta.se\/wp-content\/uploads\/2022\/08\/zonta-hero-stod-oss-1200x800.jpg","datePublished":"2022-08-09T11:46:01+00:00","dateModified":"2024-11-25T16:31:22+00:00","breadcrumb":{"@id":"https:\/\/zonta.se\/stod-oss\/#breadcrumb"},"inLanguage":"lv-LV","potentialAction":[{"@type":"ReadAction","target":["https:\/\/zonta.se\/stod-oss\/"]}]},{"@type":"ImageObject","inLanguage":"lv-LV","@id":"https:\/\/zonta.se\/stod-oss\/#primaryimage","url":"https:\/\/zonta.se\/wp-content\/uploads\/2022\/08\/zonta-hero-stod-oss-1200x800.jpg","contentUrl":"https:\/\/zonta.se\/wp-content\/uploads\/2022\/08\/zonta-hero-stod-oss-1200x800.jpg"},{"@type":"BreadcrumbList","@id":"https:\/\/zonta.se\/stod-oss\/#breadcrumb","itemListElement":[{"@type":"ListItem","position":1,"name":"Hem","item":"https:\/\/zonta.se\/"},{"@type":"ListItem","position":2,"name":"St\u00f6d oss"}]},{"@type":"WebSite","@id":"https:\/\/zonta.se\/#website","url":"https:\/\/zonta.se\/","name":"Zontas rajons 21","description":"","publisher":{"@id":"https:\/\/zonta.se\/#organization"},"potentialAction":[{"@type":"SearchAction","target":{"@type":"EntryPoint","urlTemplate":"https:\/\/zonta.se\/?s={search_term_string}"},"query-input":{"@type":"PropertyValueSpecification","valueRequired":true,"valueName":"search_term_string"}}],"inLanguage":"lv-LV"},{"@type":"Organization","@id":"https:\/\/zonta.se\/#organization","name":"Zontas rajons 21","url":"https:\/\/zonta.se\/","logo":{"@type":"ImageObject","inLanguage":"lv-LV","@id":"https:\/\/zonta.se\/#\/schema\/logo\/image\/","url":"https:\/\/zonta.se\/wp-content\/uploads\/2022\/09\/zonta-logo-color-1.svg","contentUrl":"https:\/\/zonta.se\/wp-content\/uploads\/2022\/09\/zonta-logo-color-1.svg","width":1136,"height":355,"caption":"Zonta Distrikt 21"},"image":{"@id":"https:\/\/zonta.se\/#\/schema\/logo\/image\/"}}]}},"_links":{"self":[{"href":"https:\/\/zonta.se\/lv\/wp-json\/wp\/v2\/pages\/31","targetHints":{"allow":["GET"]}}],"collection":[{"href":"https:\/\/zonta.se\/lv\/wp-json\/wp\/v2\/pages"}],"about":[{"href":"https:\/\/zonta.se\/lv\/wp-json\/wp\/v2\/types\/page"}],"author":[{"embeddable":true,"href":"https:\/\/zonta.se\/lv\/wp-json\/wp\/v2\/users\/1"}],"replies":[{"embeddable":true,"href":"https:\/\/zonta.se\/lv\/wp-json\/wp\/v2\/comments?post=31"}],"version-history":[{"count":58,"href":"https:\/\/zonta.se\/lv\/wp-json\/wp\/v2\/pages\/31\/revisions"}],"predecessor-version":[{"id":50057,"href":"https:\/\/zonta.se\/lv\/wp-json\/wp\/v2\/pages\/31\/revisions\/50057"}],"wp:attachment":[{"href":"https:\/\/zonta.se\/lv\/wp-json\/wp\/v2\/media?parent=31"}],"curies":[{"name":"wp","href":"https:\/\/api.w.org\/{rel}","templated":true}]}}