{"id":36,"date":"2022-08-09T15:45:57","date_gmt":"2022-08-09T13:45:57","guid":{"rendered":"https:\/\/zonta.se\/?page_id=36"},"modified":"2022-08-18T12:08:45","modified_gmt":"2022-08-18T10:08:45","slug":"gavobevis","status":"publish","type":"page","link":"https:\/\/zonta.se\/lv\/stod-oss\/gavobevis\/","title":{"rendered":"D\u0101vanu karte"},"content":{"rendered":"<div class=\"wp-block-group is-style-default\"><div class=\"wp-block-group__inner-container is-layout-flow wp-block-group-is-layout-flow\">\n<div class=\"wp-block-group is-style-container-small\"><div class=\"wp-block-group__inner-container is-layout-flow wp-block-group-is-layout-flow\">\n<h1 class=\"has-text-align-center wp-block-heading\">Lejupiel\u0101d\u0113t d\u0101vanu sertifik\u0101tu<\/h1>\n\n\n\n<p class=\"has-text-align-center\">Ja tu v\u0113lies <a href=\"\/lv\/stod-oss\/\">uzd\u0101vini d\u0101vanu<\/a>, piem\u0113ram, k\u0101 sv\u0113tku vai piemi\u0146as d\u0101vanu, varat lejupiel\u0101d\u0113t k\u0101du no m\u016bsu d\u0101vanu kart\u0113m. Ja atverat failu programm\u0101 Acrobat Reader, pirms d\u0101vanu sertifik\u0101ta druk\u0101\u0161anas vai nos\u016bt\u012b\u0161anas varat ierakst\u012bt adres\u0101ta v\u0101rdu, savu tekstu un s\u016bt\u012bt\u0101ja v\u0101rdu. (Ja jums ir papildu programma Adobe, varat saglab\u0101t k\u0101 ppt vai jpg failu, m\u0113s p\u0101r\u0113jie varam patur\u0113t zil\u0101s kastes, ja s\u016bt\u0101m elektroniski. Druk\u0101jot t\u0101s nav redzamas.)<\/p>\n<\/div><\/div>\n\n\n\n<div class=\"wp-block-group\"><div class=\"wp-block-group__inner-container is-layout-flow wp-block-group-is-layout-flow\">\n    <div class=\"wp-block-columns has-4-columns card-container gift-certificates\">\n                    \n<div class=\"wp-block-column\">\n\n    \n    <div class=\"card-image\">\n        <figure class=\"wp-block-image\">\n            <img loading=\"lazy\" decoding=\"async\" src=\"https:\/\/zonta.se\/wp-content\/uploads\/2024\/10\/Zonta_Hogtidsdag_A4_okt24_form-1-424x600.jpg\" alt=\"\" width=\"424\" height=\"600\" \/>\n        <\/figure>\n    <\/div>\n\n    <div class=\"card-content\">\n        <h3>Neitr\u0101ls, savam tekstam, portrets<\/h3>\n                <p class=\"link\"><a href=\"https:\/\/zonta.se\/wp-content\/uploads\/2024\/10\/Zonta_Hogtidsdag_A4_okt24_form-1.pdf\" target=\"_blank\">Lejupiel\u0101d\u0113t<\/a><\/p>\n            <\/div>\n\n<\/div>                    \n<div class=\"wp-block-column\">\n\n    \n    <div class=\"card-image\">\n        <figure class=\"wp-block-image\">\n            <img loading=\"lazy\" decoding=\"async\" src=\"https:\/\/zonta.se\/wp-content\/uploads\/2024\/10\/Zonta_Hogtidsdag_Grattis_A4_okt24_Form-424x600.jpg\" alt=\"\" width=\"424\" height=\"600\" \/>\n        <\/figure>\n    <\/div>\n\n    <div class=\"card-content\">\n        <h3>Apsveicu, st\u0101vam<\/h3>\n                <p class=\"link\"><a href=\"https:\/\/zonta.se\/wp-content\/uploads\/2024\/10\/Zonta_Hogtidsdag_Grattis_A4_okt24_Form.pdf\" target=\"_blank\">Lejupiel\u0101d\u0113t<\/a><\/p>\n            <\/div>\n\n<\/div>                    \n<div class=\"wp-block-column\">\n\n    \n    <div class=\"card-image\">\n        <figure class=\"wp-block-image\">\n            <img loading=\"lazy\" decoding=\"async\" src=\"https:\/\/zonta.se\/wp-content\/uploads\/2024\/10\/Zonta_GODJUL_A4_okt24_Form-424x600.jpg\" alt=\"\" width=\"424\" height=\"600\" \/>\n        <\/figure>\n    <\/div>\n\n    <div class=\"card-content\">\n        <h3>Priec\u012bgus Ziemassv\u0113tkus, st\u0101vot<\/h3>\n                <p class=\"link\"><a href=\"https:\/\/zonta.se\/wp-content\/uploads\/2024\/10\/Zonta_GODJUL_A4_okt24_Form.pdf\" target=\"_blank\">Lejupiel\u0101d\u0113t<\/a><\/p>\n            <\/div>\n\n<\/div>                    \n<div class=\"wp-block-column\">\n\n    \n    <div class=\"card-image\">\n        <figure class=\"wp-block-image\">\n            <img loading=\"lazy\" decoding=\"async\" src=\"https:\/\/zonta.se\/wp-content\/uploads\/2024\/10\/Zonta_Minnesgava_A4_okt24_Form-424x600.jpg\" alt=\"\" width=\"424\" height=\"600\" \/>\n        <\/figure>\n    <\/div>\n\n    <div class=\"card-content\">\n        <h3>Piemi\u0146as d\u0101vana, st\u0101v<\/h3>\n                <p class=\"link\"><a href=\"https:\/\/zonta.se\/wp-content\/uploads\/2024\/10\/Zonta_Minnesgava_A4_okt24_Form.pdf\" target=\"_blank\">Lejupiel\u0101d\u0113t<\/a><\/p>\n            <\/div>\n\n<\/div>                    \n<div class=\"wp-block-column\">\n\n    \n    <div class=\"card-image\">\n        <figure class=\"wp-block-image\">\n            <img loading=\"lazy\" decoding=\"async\" src=\"https:\/\/zonta.se\/wp-content\/uploads\/2024\/10\/Zonta_GODJUL_Liggande_A4_okt24_Form-600x424.jpg\" alt=\"\" width=\"600\" height=\"424\" \/>\n        <\/figure>\n    <\/div>\n\n    <div class=\"card-content\">\n        <h3>Priec\u012bgus Ziemassv\u0113tkus, gu\u013cus<\/h3>\n                <p class=\"link\"><a href=\"https:\/\/zonta.se\/wp-content\/uploads\/2024\/10\/Zonta_GODJUL_Liggande_A4_okt24_Form.pdf\" target=\"_blank\">Lejupiel\u0101d\u0113t<\/a><\/p>\n            <\/div>\n\n<\/div>                    \n<div class=\"wp-block-column\">\n\n    \n    <div class=\"card-image\">\n        <figure class=\"wp-block-image\">\n            <img loading=\"lazy\" decoding=\"async\" src=\"https:\/\/zonta.se\/wp-content\/uploads\/2024\/10\/Zonta_Hogtidsdag_grattis_Liggande_A4_okt24_Form-1-600x424.jpg\" alt=\"\" width=\"600\" height=\"424\" \/>\n        <\/figure>\n    <\/div>\n\n    <div class=\"card-content\">\n        <h3>Apsveicu, gu\u013cus<\/h3>\n                <p class=\"link\"><a href=\"https:\/\/zonta.se\/wp-content\/uploads\/2024\/10\/Zonta_Hogtidsdag_grattis_Liggande_A4_okt24_Form-1.pdf\" target=\"_blank\">Lejupiel\u0101d\u0113t<\/a><\/p>\n            <\/div>\n\n<\/div>                    \n<div class=\"wp-block-column\">\n\n    \n    <div class=\"card-image\">\n        <figure class=\"wp-block-image\">\n            <img loading=\"lazy\" decoding=\"async\" src=\"https:\/\/zonta.se\/wp-content\/uploads\/2024\/10\/Zonta_Minnesgava_Liggande_A4_okt24_Form-600x424.jpg\" alt=\"\" width=\"600\" height=\"424\" \/>\n        <\/figure>\n    <\/div>\n\n    <div class=\"card-content\">\n        <h3>Piemi\u0146as d\u0101vana, gu\u013cus<\/h3>\n                <p class=\"link\"><a href=\"https:\/\/zonta.se\/wp-content\/uploads\/2024\/10\/Zonta_Minnesgava_Liggande_A4_okt24_Form.pdf\" target=\"_blank\">Lejupiel\u0101d\u0113t<\/a><\/p>\n            <\/div>\n\n<\/div>            <\/div>\n\n    \n<\/div><\/div>\n<\/div><\/div>\n\n\n\n<div class=\"wp-block-group is-style-cta\"><div class=\"wp-block-group__inner-container is-layout-flow wp-block-group-is-layout-flow\">\n<h2 class=\"has-text-align-center wp-block-heading\">Atbalstiet m\u016bsu darbu<\/h2>\n\n\n\n<p class=\"has-text-align-center\">Ieguld\u012bjums Zonta Foundation for Women ir tie\u0161i paredz\u0113ts m\u016bsu projektu un programmu \u012bsteno\u0161anai sievie\u0161u un meite\u0146u atbalstam vis\u0101 pasaul\u0113.<\/p>\n\n\n\n<div class=\"wp-block-buttons is-content-justification-center is-layout-flex wp-container-core-buttons-is-layout-16018d1d wp-block-buttons-is-layout-flex\">\n<div class=\"wp-block-button is-style-outline is-style-outline--1\"><a class=\"wp-block-button__link\" href=\"\/lv\/stod-oss\/\">Uzd\u0101vini d\u0101vanu<\/a><\/div>\n<\/div>\n<\/div><\/div>","protected":false},"excerpt":{"rendered":"<p>Ladda ner ett g\u00e5vobevis Om du vill ge bort en g\u00e5va, exempelvis som h\u00f6gtids- eller minnesg\u00e5va, kan du ladda ned ett av v\u00e5ra g\u00e5vobevis. Om du \u00f6ppnar filen i Acrobat Reader kan du skriva i namn p\u00e5 mottagaren, egen text och avs\u00e4ndarens namn innan du skriver ut eller skickar g\u00e5vobeviset. (Om du har ett till\u00e4ggsprogram [&hellip;]<\/p>\n","protected":false},"author":1,"featured_media":0,"parent":31,"menu_order":0,"comment_status":"closed","ping_status":"closed","template":"","meta":{"_acf_changed":false,"footnotes":""},"class_list":["post-36","page","type-page","status-publish","hentry"],"acf":[],"yoast_head":"<!-- This site is optimized with the Yoast SEO plugin v27.4 - https:\/\/yoast.com\/product\/yoast-seo-wordpress\/ -->\n<title>G\u00e5vobevis - Zonta Distrikt 21<\/title>\n<meta name=\"robots\" content=\"index, follow, max-snippet:-1, max-image-preview:large, max-video-preview:-1\" \/>\n<link rel=\"canonical\" href=\"https:\/\/zonta.se\/lv\/stod-oss\/gavobevis\/\" \/>\n<meta property=\"og:locale\" content=\"lv_LV\" \/>\n<meta property=\"og:type\" content=\"article\" \/>\n<meta property=\"og:title\" content=\"G\u00e5vobevis - Zonta Distrikt 21\" \/>\n<meta property=\"og:description\" content=\"Ladda ner ett g\u00e5vobevis Om du vill ge bort en g\u00e5va, exempelvis som h\u00f6gtids- eller minnesg\u00e5va, kan du ladda ned ett av v\u00e5ra g\u00e5vobevis. Om du \u00f6ppnar filen i Acrobat Reader kan du skriva i namn p\u00e5 mottagaren, egen text och avs\u00e4ndarens namn innan du skriver ut eller skickar g\u00e5vobeviset. (Om du har ett till\u00e4ggsprogram [&hellip;]\" \/>\n<meta property=\"og:url\" content=\"https:\/\/zonta.se\/lv\/stod-oss\/gavobevis\/\" \/>\n<meta property=\"og:site_name\" content=\"Zonta Distrikt 21\" \/>\n<meta property=\"article:modified_time\" content=\"2022-08-18T10:08:45+00:00\" \/>\n<meta name=\"twitter:card\" content=\"summary_large_image\" \/>\n<meta name=\"twitter:label1\" content=\"Est. reading time\" \/>\n\t<meta name=\"twitter:data1\" content=\"1 min\u016bte\" \/>\n<script type=\"application\/ld+json\" class=\"yoast-schema-graph\">{\"@context\":\"https:\\\/\\\/schema.org\",\"@graph\":[{\"@type\":\"WebPage\",\"@id\":\"https:\\\/\\\/zonta.se\\\/stod-oss\\\/gavobevis\\\/\",\"url\":\"https:\\\/\\\/zonta.se\\\/stod-oss\\\/gavobevis\\\/\",\"name\":\"G\u00e5vobevis - Zonta Distrikt 21\",\"isPartOf\":{\"@id\":\"https:\\\/\\\/zonta.se\\\/#website\"},\"datePublished\":\"2022-08-09T13:45:57+00:00\",\"dateModified\":\"2022-08-18T10:08:45+00:00\",\"breadcrumb\":{\"@id\":\"https:\\\/\\\/zonta.se\\\/stod-oss\\\/gavobevis\\\/#breadcrumb\"},\"inLanguage\":\"lv-LV\",\"potentialAction\":[{\"@type\":\"ReadAction\",\"target\":[\"https:\\\/\\\/zonta.se\\\/stod-oss\\\/gavobevis\\\/\"]}]},{\"@type\":\"BreadcrumbList\",\"@id\":\"https:\\\/\\\/zonta.se\\\/stod-oss\\\/gavobevis\\\/#breadcrumb\",\"itemListElement\":[{\"@type\":\"ListItem\",\"position\":1,\"name\":\"Hem\",\"item\":\"https:\\\/\\\/zonta.se\\\/\"},{\"@type\":\"ListItem\",\"position\":2,\"name\":\"St\u00f6d oss\",\"item\":\"https:\\\/\\\/zonta.se\\\/stod-oss\\\/\"},{\"@type\":\"ListItem\",\"position\":3,\"name\":\"G\u00e5vobevis\"}]},{\"@type\":\"WebSite\",\"@id\":\"https:\\\/\\\/zonta.se\\\/#website\",\"url\":\"https:\\\/\\\/zonta.se\\\/\",\"name\":\"Zonta Distrikt 21\",\"description\":\"\",\"publisher\":{\"@id\":\"https:\\\/\\\/zonta.se\\\/#organization\"},\"potentialAction\":[{\"@type\":\"SearchAction\",\"target\":{\"@type\":\"EntryPoint\",\"urlTemplate\":\"https:\\\/\\\/zonta.se\\\/?s={search_term_string}\"},\"query-input\":{\"@type\":\"PropertyValueSpecification\",\"valueRequired\":true,\"valueName\":\"search_term_string\"}}],\"inLanguage\":\"lv-LV\"},{\"@type\":\"Organization\",\"@id\":\"https:\\\/\\\/zonta.se\\\/#organization\",\"name\":\"Zonta Distrikt 21\",\"url\":\"https:\\\/\\\/zonta.se\\\/\",\"logo\":{\"@type\":\"ImageObject\",\"inLanguage\":\"lv-LV\",\"@id\":\"https:\\\/\\\/zonta.se\\\/#\\\/schema\\\/logo\\\/image\\\/\",\"url\":\"https:\\\/\\\/zonta.se\\\/wp-content\\\/uploads\\\/2022\\\/09\\\/zonta-logo-color-1.svg\",\"contentUrl\":\"https:\\\/\\\/zonta.se\\\/wp-content\\\/uploads\\\/2022\\\/09\\\/zonta-logo-color-1.svg\",\"width\":1136,\"height\":355,\"caption\":\"Zonta Distrikt 21\"},\"image\":{\"@id\":\"https:\\\/\\\/zonta.se\\\/#\\\/schema\\\/logo\\\/image\\\/\"}}]}<\/script>\n<!-- \/ Yoast SEO plugin. -->","yoast_head_json":{"title":"D\u0101vanu sertifik\u0101ts - Zonta rajons 21","robots":{"index":"index","follow":"follow","max-snippet":"max-snippet:-1","max-image-preview":"max-image-preview:large","max-video-preview":"max-video-preview:-1"},"canonical":"https:\/\/zonta.se\/lv\/stod-oss\/gavobevis\/","og_locale":"lv_LV","og_type":"article","og_title":"G\u00e5vobevis - Zonta Distrikt 21","og_description":"Ladda ner ett g\u00e5vobevis Om du vill ge bort en g\u00e5va, exempelvis som h\u00f6gtids- eller minnesg\u00e5va, kan du ladda ned ett av v\u00e5ra g\u00e5vobevis. Om du \u00f6ppnar filen i Acrobat Reader kan du skriva i namn p\u00e5 mottagaren, egen text och avs\u00e4ndarens namn innan du skriver ut eller skickar g\u00e5vobeviset. (Om du har ett till\u00e4ggsprogram [&hellip;]","og_url":"https:\/\/zonta.se\/lv\/stod-oss\/gavobevis\/","og_site_name":"Zonta Distrikt 21","article_modified_time":"2022-08-18T10:08:45+00:00","twitter_card":"summary_large_image","twitter_misc":{"Est. reading time":"1 min\u016bte"},"schema":{"@context":"https:\/\/schema.org","@graph":[{"@type":"WebPage","@id":"https:\/\/zonta.se\/stod-oss\/gavobevis\/","url":"https:\/\/zonta.se\/stod-oss\/gavobevis\/","name":"D\u0101vanu sertifik\u0101ts - Zonta rajons 21","isPartOf":{"@id":"https:\/\/zonta.se\/#website"},"datePublished":"2022-08-09T13:45:57+00:00","dateModified":"2022-08-18T10:08:45+00:00","breadcrumb":{"@id":"https:\/\/zonta.se\/stod-oss\/gavobevis\/#breadcrumb"},"inLanguage":"lv-LV","potentialAction":[{"@type":"ReadAction","target":["https:\/\/zonta.se\/stod-oss\/gavobevis\/"]}]},{"@type":"BreadcrumbList","@id":"https:\/\/zonta.se\/stod-oss\/gavobevis\/#breadcrumb","itemListElement":[{"@type":"ListItem","position":1,"name":"Hem","item":"https:\/\/zonta.se\/"},{"@type":"ListItem","position":2,"name":"St\u00f6d oss","item":"https:\/\/zonta.se\/stod-oss\/"},{"@type":"ListItem","position":3,"name":"G\u00e5vobevis"}]},{"@type":"WebSite","@id":"https:\/\/zonta.se\/#website","url":"https:\/\/zonta.se\/","name":"Zontas rajons 21","description":"","publisher":{"@id":"https:\/\/zonta.se\/#organization"},"potentialAction":[{"@type":"SearchAction","target":{"@type":"EntryPoint","urlTemplate":"https:\/\/zonta.se\/?s={search_term_string}"},"query-input":{"@type":"PropertyValueSpecification","valueRequired":true,"valueName":"search_term_string"}}],"inLanguage":"lv-LV"},{"@type":"Organization","@id":"https:\/\/zonta.se\/#organization","name":"Zontas rajons 21","url":"https:\/\/zonta.se\/","logo":{"@type":"ImageObject","inLanguage":"lv-LV","@id":"https:\/\/zonta.se\/#\/schema\/logo\/image\/","url":"https:\/\/zonta.se\/wp-content\/uploads\/2022\/09\/zonta-logo-color-1.svg","contentUrl":"https:\/\/zonta.se\/wp-content\/uploads\/2022\/09\/zonta-logo-color-1.svg","width":1136,"height":355,"caption":"Zonta Distrikt 21"},"image":{"@id":"https:\/\/zonta.se\/#\/schema\/logo\/image\/"}}]}},"_links":{"self":[{"href":"https:\/\/zonta.se\/lv\/wp-json\/wp\/v2\/pages\/36","targetHints":{"allow":["GET"]}}],"collection":[{"href":"https:\/\/zonta.se\/lv\/wp-json\/wp\/v2\/pages"}],"about":[{"href":"https:\/\/zonta.se\/lv\/wp-json\/wp\/v2\/types\/page"}],"author":[{"embeddable":true,"href":"https:\/\/zonta.se\/lv\/wp-json\/wp\/v2\/users\/1"}],"replies":[{"embeddable":true,"href":"https:\/\/zonta.se\/lv\/wp-json\/wp\/v2\/comments?post=36"}],"version-history":[{"count":10,"href":"https:\/\/zonta.se\/lv\/wp-json\/wp\/v2\/pages\/36\/revisions"}],"predecessor-version":[{"id":43293,"href":"https:\/\/zonta.se\/lv\/wp-json\/wp\/v2\/pages\/36\/revisions\/43293"}],"up":[{"embeddable":true,"href":"https:\/\/zonta.se\/lv\/wp-json\/wp\/v2\/pages\/31"}],"wp:attachment":[{"href":"https:\/\/zonta.se\/lv\/wp-json\/wp\/v2\/media?parent=36"}],"curies":[{"name":"wp","href":"https:\/\/api.w.org\/{rel}","templated":true}]}}