{"id":369,"date":"2022-08-17T12:06:11","date_gmt":"2022-08-17T10:06:11","guid":{"rendered":"https:\/\/zonta.se\/?page_id=369"},"modified":"2022-08-17T15:20:10","modified_gmt":"2022-08-17T13:20:10","slug":"vara-projekt","status":"publish","type":"page","link":"https:\/\/zonta.se\/lv\/vara-projekt\/","title":{"rendered":"M\u016bsu projekti"},"content":{"rendered":"<div class=\"wp-block-group is-style-subhero\"><div class=\"wp-block-group__inner-container is-layout-flow wp-block-group-is-layout-flow\">\n<div class=\"wp-block-group is-style-split-text\"><div class=\"wp-block-group__inner-container is-layout-flow wp-block-group-is-layout-flow\">\n<h1 class=\"is-style-default wp-block-heading\">M\u016bsu projekti<\/h1>\n\n\n\n<p>Zonta sniedz finansi\u0101lu atbalstu vair\u0101kiem l\u012bdzties\u012bbas un cilv\u0113kties\u012bbu projektiem, bie\u017ei sadarbojoties ar da\u017e\u0101d\u0101m ANO a\u0123ent\u016br\u0101m. Projekti, cita starp\u0101, ir v\u0113rsti uz sievie\u0161u vesel\u012bbas, izgl\u012bt\u012bbas un ekonomikas veicin\u0101\u0161anu un ar dzimumu saist\u012btas vardarb\u012bbas, b\u0113rnu laul\u012bbu un cilv\u0113ku tirdzniec\u012bbas izskau\u0161anu.<\/p>\n\n\n\n<div class=\"wp-block-buttons is-layout-flex wp-block-buttons-is-layout-flex\">\n<div class=\"wp-block-button\"><a class=\"wp-block-button__link\" href=\"\/lv\/stod-oss\/\">Atbalstiet m\u016bsu darbu<\/a><\/div>\n<\/div>\n<\/div><\/div>\n\n\n\n<div class=\"wp-block-group is-style-split-image\"><div class=\"wp-block-group__inner-container is-layout-flow wp-block-group-is-layout-flow\">\n<figure class=\"wp-block-image size-large\"><img loading=\"lazy\" decoding=\"async\" width=\"1200\" height=\"800\" src=\"https:\/\/zonta.se\/wp-content\/uploads\/2022\/08\/zonta-hero-projekt-vi-stodjer-1200x800.jpg\" alt=\"Zonta ger finansiellt st\u00f6d till flera projekt f\u00f6r j\u00e4mst\u00e4lldhet och m\u00e4nskliga r\u00e4ttigheter, ofta i samarbete med olika FN-organ.\" class=\"wp-image-406\" srcset=\"https:\/\/zonta.se\/wp-content\/uploads\/2022\/08\/zonta-hero-projekt-vi-stodjer-1200x800.jpg 1200w, https:\/\/zonta.se\/wp-content\/uploads\/2022\/08\/zonta-hero-projekt-vi-stodjer-600x400.jpg 600w, https:\/\/zonta.se\/wp-content\/uploads\/2022\/08\/zonta-hero-projekt-vi-stodjer-768x512.jpg 768w, https:\/\/zonta.se\/wp-content\/uploads\/2022\/08\/zonta-hero-projekt-vi-stodjer-820x547.jpg 820w, https:\/\/zonta.se\/wp-content\/uploads\/2022\/08\/zonta-hero-projekt-vi-stodjer.jpg 1500w\" sizes=\"auto, (max-width: 1200px) 100vw, 1200px\" \/><\/figure>\n<\/div><\/div>\n<\/div><\/div>\n\n\n\n<div class=\"wp-block-group has-lightgray-background-color has-background\"><div class=\"wp-block-group__inner-container is-layout-flow wp-block-group-is-layout-flow\">\n<h2 class=\"has-text-align-center wp-block-heading\">M\u016bsu atbalst\u012btie projekti<\/h2>\n\n\n\n    <div class=\"wp-block-columns has-3-columns card-container\">\n                    \n<div class=\"wp-block-column\">\n\n    \n    <div class=\"card-image stretch-image\">\n        <figure class=\"wp-block-image\">\n            <img loading=\"lazy\" decoding=\"async\" src=\"https:\/\/zonta.se\/wp-content\/uploads\/2024\/11\/Laaha_WebAbout_Discover.jpg\" alt=\"\" width=\"580\" height=\"286\" \/>\n        <\/figure>\n    <\/div>\n\n    <div class=\"card-content\">\n        <h3>Laaha\u00a0\u2014 dro\u0161a vieta tie\u0161saist\u0113<\/h3>\n        <p class=\"link\"><a href=\"https:\/\/zonta.se\/lv\/vara-projekt\/laaha\/\">Las\u012bt vair\u0101k<\/a><\/p>\n    <\/div>\n\n<\/div>                    \n<div class=\"wp-block-column\">\n\n    \n    <div class=\"card-image stretch-image\">\n        <figure class=\"wp-block-image\">\n            <img loading=\"lazy\" decoding=\"async\" src=\"https:\/\/zonta.se\/wp-content\/uploads\/2022\/08\/zonta_stoppa_barnaktenskap-820x452.jpeg\" alt=\"\" width=\"820\" height=\"452\" \/>\n        <\/figure>\n    <\/div>\n\n    <div class=\"card-content\">\n        <h3>P\u0101rtrauciet b\u0113rnu laul\u012bbas<\/h3>\n        <p class=\"link\"><a href=\"https:\/\/zonta.se\/lv\/vara-projekt\/stoppa-barnaktenskap\/\">Las\u012bt vair\u0101k<\/a><\/p>\n    <\/div>\n\n<\/div>                    \n<div class=\"wp-block-column\">\n\n    \n    <div class=\"card-image stretch-image\">\n        <figure class=\"wp-block-image\">\n            <img loading=\"lazy\" decoding=\"async\" src=\"https:\/\/zonta.se\/wp-content\/uploads\/2024\/11\/ISP_ClimateEmpower_header.jpg\" alt=\"\" width=\"780\" height=\"430\" \/>\n        <\/figure>\n    <\/div>\n\n    <div class=\"card-content\">\n        <h3>Zin\u0101\u0161anas par klimatu un inov\u0101cijas pret vardarb\u012bbu<\/h3>\n        <p class=\"link\"><a href=\"https:\/\/zonta.se\/lv\/vara-projekt\/klimatkunskap-och-innovation-mot-vald\/\">Las\u012bt vair\u0101k<\/a><\/p>\n    <\/div>\n\n<\/div>            <\/div>\n\n    \n<\/div><\/div>\n\n\n\n<div class=\"wp-block-group is-style-cta\"><div class=\"wp-block-group__inner-container is-layout-flow wp-block-group-is-layout-flow\">\n<h2 class=\"has-text-align-center wp-block-heading\">Atbalstiet m\u016bsu darbu<\/h2>\n\n\n\n<p class=\"has-text-align-center\">Ieguld\u012bjums Zonta Foundation for Women ir tie\u0161i paredz\u0113ts m\u016bsu projektu un programmu \u012bsteno\u0161anai sievie\u0161u un meite\u0146u atbalstam vis\u0101 pasaul\u0113.<\/p>\n\n\n\n<div class=\"wp-block-buttons is-content-justification-center is-layout-flex wp-container-core-buttons-is-layout-16018d1d wp-block-buttons-is-layout-flex\">\n<div class=\"wp-block-button aligncenter is-style-outline is-style-outline--1\"><a class=\"wp-block-button__link\" href=\"\/lv\/stod-oss\/\">Uzd\u0101vini d\u0101vanu<\/a><\/div>\n<\/div>\n<\/div><\/div>","protected":false},"excerpt":{"rendered":"<p>V\u00e5ra projekt Zonta ger finansiellt st\u00f6d till flera projekt f\u00f6r j\u00e4mst\u00e4lldhet och m\u00e4nskliga r\u00e4ttigheter, ofta i samarbete med olika FN-organ. Projekten inriktar sig bland annat p\u00e5 att fr\u00e4mja kvinnors h\u00e4lsa, utbildning och ekonomi och att avskaffa k\u00f6nsbaserat v\u00e5ld, barn\u00e4ktenskap och m\u00e4nniskohandel. Projekt vi st\u00f6djer St\u00f6d v\u00e5rt arbete Ett bidrag till Zonta Foundation for Women g\u00e5r [&hellip;]<\/p>\n","protected":false},"author":1,"featured_media":0,"parent":0,"menu_order":0,"comment_status":"closed","ping_status":"closed","template":"","meta":{"_acf_changed":false,"footnotes":""},"class_list":["post-369","page","type-page","status-publish","hentry"],"acf":[],"yoast_head":"<!-- This site is optimized with the Yoast SEO plugin v27.3 - https:\/\/yoast.com\/product\/yoast-seo-wordpress\/ -->\n<title>V\u00e5ra projekt - Zonta Distrikt 21<\/title>\n<meta name=\"robots\" content=\"index, follow, max-snippet:-1, max-image-preview:large, max-video-preview:-1\" \/>\n<link rel=\"canonical\" href=\"https:\/\/zonta.se\/lv\/vara-projekt\/\" \/>\n<meta property=\"og:locale\" content=\"lv_LV\" \/>\n<meta property=\"og:type\" content=\"article\" \/>\n<meta property=\"og:title\" content=\"V\u00e5ra projekt - Zonta Distrikt 21\" \/>\n<meta property=\"og:description\" content=\"V\u00e5ra projekt Zonta ger finansiellt st\u00f6d till flera projekt f\u00f6r j\u00e4mst\u00e4lldhet och m\u00e4nskliga r\u00e4ttigheter, ofta i samarbete med olika FN-organ. Projekten inriktar sig bland annat p\u00e5 att fr\u00e4mja kvinnors h\u00e4lsa, utbildning och ekonomi och att avskaffa k\u00f6nsbaserat v\u00e5ld, barn\u00e4ktenskap och m\u00e4nniskohandel. Projekt vi st\u00f6djer St\u00f6d v\u00e5rt arbete Ett bidrag till Zonta Foundation for Women g\u00e5r [&hellip;]\" \/>\n<meta property=\"og:url\" content=\"https:\/\/zonta.se\/lv\/vara-projekt\/\" \/>\n<meta property=\"og:site_name\" content=\"Zonta Distrikt 21\" \/>\n<meta property=\"article:modified_time\" content=\"2022-08-17T13:20:10+00:00\" \/>\n<meta property=\"og:image\" content=\"https:\/\/zonta.se\/wp-content\/uploads\/2022\/08\/zonta-hero-projekt-vi-stodjer-1200x800.jpg\" \/>\n<meta name=\"twitter:card\" content=\"summary_large_image\" \/>\n<meta name=\"twitter:label1\" content=\"Est. reading time\" \/>\n\t<meta name=\"twitter:data1\" content=\"1 min\u016bte\" \/>\n<script type=\"application\/ld+json\" class=\"yoast-schema-graph\">{\"@context\":\"https:\\\/\\\/schema.org\",\"@graph\":[{\"@type\":\"WebPage\",\"@id\":\"https:\\\/\\\/zonta.se\\\/vara-projekt\\\/\",\"url\":\"https:\\\/\\\/zonta.se\\\/vara-projekt\\\/\",\"name\":\"V\u00e5ra projekt - Zonta Distrikt 21\",\"isPartOf\":{\"@id\":\"https:\\\/\\\/zonta.se\\\/#website\"},\"primaryImageOfPage\":{\"@id\":\"https:\\\/\\\/zonta.se\\\/vara-projekt\\\/#primaryimage\"},\"image\":{\"@id\":\"https:\\\/\\\/zonta.se\\\/vara-projekt\\\/#primaryimage\"},\"thumbnailUrl\":\"https:\\\/\\\/zonta.se\\\/wp-content\\\/uploads\\\/2022\\\/08\\\/zonta-hero-projekt-vi-stodjer-1200x800.jpg\",\"datePublished\":\"2022-08-17T10:06:11+00:00\",\"dateModified\":\"2022-08-17T13:20:10+00:00\",\"breadcrumb\":{\"@id\":\"https:\\\/\\\/zonta.se\\\/vara-projekt\\\/#breadcrumb\"},\"inLanguage\":\"lv-LV\",\"potentialAction\":[{\"@type\":\"ReadAction\",\"target\":[\"https:\\\/\\\/zonta.se\\\/vara-projekt\\\/\"]}]},{\"@type\":\"ImageObject\",\"inLanguage\":\"lv-LV\",\"@id\":\"https:\\\/\\\/zonta.se\\\/vara-projekt\\\/#primaryimage\",\"url\":\"https:\\\/\\\/zonta.se\\\/wp-content\\\/uploads\\\/2022\\\/08\\\/zonta-hero-projekt-vi-stodjer-1200x800.jpg\",\"contentUrl\":\"https:\\\/\\\/zonta.se\\\/wp-content\\\/uploads\\\/2022\\\/08\\\/zonta-hero-projekt-vi-stodjer-1200x800.jpg\"},{\"@type\":\"BreadcrumbList\",\"@id\":\"https:\\\/\\\/zonta.se\\\/vara-projekt\\\/#breadcrumb\",\"itemListElement\":[{\"@type\":\"ListItem\",\"position\":1,\"name\":\"Hem\",\"item\":\"https:\\\/\\\/zonta.se\\\/\"},{\"@type\":\"ListItem\",\"position\":2,\"name\":\"V\u00e5ra projekt\"}]},{\"@type\":\"WebSite\",\"@id\":\"https:\\\/\\\/zonta.se\\\/#website\",\"url\":\"https:\\\/\\\/zonta.se\\\/\",\"name\":\"Zonta Distrikt 21\",\"description\":\"\",\"publisher\":{\"@id\":\"https:\\\/\\\/zonta.se\\\/#organization\"},\"potentialAction\":[{\"@type\":\"SearchAction\",\"target\":{\"@type\":\"EntryPoint\",\"urlTemplate\":\"https:\\\/\\\/zonta.se\\\/?s={search_term_string}\"},\"query-input\":{\"@type\":\"PropertyValueSpecification\",\"valueRequired\":true,\"valueName\":\"search_term_string\"}}],\"inLanguage\":\"lv-LV\"},{\"@type\":\"Organization\",\"@id\":\"https:\\\/\\\/zonta.se\\\/#organization\",\"name\":\"Zonta Distrikt 21\",\"url\":\"https:\\\/\\\/zonta.se\\\/\",\"logo\":{\"@type\":\"ImageObject\",\"inLanguage\":\"lv-LV\",\"@id\":\"https:\\\/\\\/zonta.se\\\/#\\\/schema\\\/logo\\\/image\\\/\",\"url\":\"https:\\\/\\\/zonta.se\\\/wp-content\\\/uploads\\\/2022\\\/09\\\/zonta-logo-color-1.svg\",\"contentUrl\":\"https:\\\/\\\/zonta.se\\\/wp-content\\\/uploads\\\/2022\\\/09\\\/zonta-logo-color-1.svg\",\"width\":1136,\"height\":355,\"caption\":\"Zonta Distrikt 21\"},\"image\":{\"@id\":\"https:\\\/\\\/zonta.se\\\/#\\\/schema\\\/logo\\\/image\\\/\"}}]}<\/script>\n<!-- \/ Yoast SEO plugin. -->","yoast_head_json":{"title":"M\u016bsu projekti \u2014 Zonta 21. rajons","robots":{"index":"index","follow":"follow","max-snippet":"max-snippet:-1","max-image-preview":"max-image-preview:large","max-video-preview":"max-video-preview:-1"},"canonical":"https:\/\/zonta.se\/lv\/vara-projekt\/","og_locale":"lv_LV","og_type":"article","og_title":"V\u00e5ra projekt - Zonta Distrikt 21","og_description":"V\u00e5ra projekt Zonta ger finansiellt st\u00f6d till flera projekt f\u00f6r j\u00e4mst\u00e4lldhet och m\u00e4nskliga r\u00e4ttigheter, ofta i samarbete med olika FN-organ. Projekten inriktar sig bland annat p\u00e5 att fr\u00e4mja kvinnors h\u00e4lsa, utbildning och ekonomi och att avskaffa k\u00f6nsbaserat v\u00e5ld, barn\u00e4ktenskap och m\u00e4nniskohandel. Projekt vi st\u00f6djer St\u00f6d v\u00e5rt arbete Ett bidrag till Zonta Foundation for Women g\u00e5r [&hellip;]","og_url":"https:\/\/zonta.se\/lv\/vara-projekt\/","og_site_name":"Zonta Distrikt 21","article_modified_time":"2022-08-17T13:20:10+00:00","og_image":[{"url":"https:\/\/zonta.se\/wp-content\/uploads\/2022\/08\/zonta-hero-projekt-vi-stodjer-1200x800.jpg","type":"","width":"","height":""}],"twitter_card":"summary_large_image","twitter_misc":{"Est. reading time":"1 min\u016bte"},"schema":{"@context":"https:\/\/schema.org","@graph":[{"@type":"WebPage","@id":"https:\/\/zonta.se\/vara-projekt\/","url":"https:\/\/zonta.se\/vara-projekt\/","name":"M\u016bsu projekti \u2014 Zonta 21. rajons","isPartOf":{"@id":"https:\/\/zonta.se\/#website"},"primaryImageOfPage":{"@id":"https:\/\/zonta.se\/vara-projekt\/#primaryimage"},"image":{"@id":"https:\/\/zonta.se\/vara-projekt\/#primaryimage"},"thumbnailUrl":"https:\/\/zonta.se\/wp-content\/uploads\/2022\/08\/zonta-hero-projekt-vi-stodjer-1200x800.jpg","datePublished":"2022-08-17T10:06:11+00:00","dateModified":"2022-08-17T13:20:10+00:00","breadcrumb":{"@id":"https:\/\/zonta.se\/vara-projekt\/#breadcrumb"},"inLanguage":"lv-LV","potentialAction":[{"@type":"ReadAction","target":["https:\/\/zonta.se\/vara-projekt\/"]}]},{"@type":"ImageObject","inLanguage":"lv-LV","@id":"https:\/\/zonta.se\/vara-projekt\/#primaryimage","url":"https:\/\/zonta.se\/wp-content\/uploads\/2022\/08\/zonta-hero-projekt-vi-stodjer-1200x800.jpg","contentUrl":"https:\/\/zonta.se\/wp-content\/uploads\/2022\/08\/zonta-hero-projekt-vi-stodjer-1200x800.jpg"},{"@type":"BreadcrumbList","@id":"https:\/\/zonta.se\/vara-projekt\/#breadcrumb","itemListElement":[{"@type":"ListItem","position":1,"name":"Hem","item":"https:\/\/zonta.se\/"},{"@type":"ListItem","position":2,"name":"V\u00e5ra projekt"}]},{"@type":"WebSite","@id":"https:\/\/zonta.se\/#website","url":"https:\/\/zonta.se\/","name":"Zontas rajons 21","description":"","publisher":{"@id":"https:\/\/zonta.se\/#organization"},"potentialAction":[{"@type":"SearchAction","target":{"@type":"EntryPoint","urlTemplate":"https:\/\/zonta.se\/?s={search_term_string}"},"query-input":{"@type":"PropertyValueSpecification","valueRequired":true,"valueName":"search_term_string"}}],"inLanguage":"lv-LV"},{"@type":"Organization","@id":"https:\/\/zonta.se\/#organization","name":"Zontas rajons 21","url":"https:\/\/zonta.se\/","logo":{"@type":"ImageObject","inLanguage":"lv-LV","@id":"https:\/\/zonta.se\/#\/schema\/logo\/image\/","url":"https:\/\/zonta.se\/wp-content\/uploads\/2022\/09\/zonta-logo-color-1.svg","contentUrl":"https:\/\/zonta.se\/wp-content\/uploads\/2022\/09\/zonta-logo-color-1.svg","width":1136,"height":355,"caption":"Zonta Distrikt 21"},"image":{"@id":"https:\/\/zonta.se\/#\/schema\/logo\/image\/"}}]}},"_links":{"self":[{"href":"https:\/\/zonta.se\/lv\/wp-json\/wp\/v2\/pages\/369","targetHints":{"allow":["GET"]}}],"collection":[{"href":"https:\/\/zonta.se\/lv\/wp-json\/wp\/v2\/pages"}],"about":[{"href":"https:\/\/zonta.se\/lv\/wp-json\/wp\/v2\/types\/page"}],"author":[{"embeddable":true,"href":"https:\/\/zonta.se\/lv\/wp-json\/wp\/v2\/users\/1"}],"replies":[{"embeddable":true,"href":"https:\/\/zonta.se\/lv\/wp-json\/wp\/v2\/comments?post=369"}],"version-history":[{"count":10,"href":"https:\/\/zonta.se\/lv\/wp-json\/wp\/v2\/pages\/369\/revisions"}],"predecessor-version":[{"id":413,"href":"https:\/\/zonta.se\/lv\/wp-json\/wp\/v2\/pages\/369\/revisions\/413"}],"wp:attachment":[{"href":"https:\/\/zonta.se\/lv\/wp-json\/wp\/v2\/media?parent=369"}],"curies":[{"name":"wp","href":"https:\/\/api.w.org\/{rel}","templated":true}]}}