{"id":43328,"date":"2022-08-18T13:18:26","date_gmt":"2022-08-18T11:18:26","guid":{"rendered":"https:\/\/zonta.se\/?page_id=43328"},"modified":"2025-05-31T14:48:39","modified_gmt":"2025-05-31T12:48:39","slug":"zonta-says-no-paverka","status":"publish","type":"page","link":"https:\/\/zonta.se\/lv\/zonta-says-no-paverka\/","title":{"rendered":"Zonta saka n\u0113"},"content":{"rendered":"<div class=\"wp-block-group is-style-container-medium\"><div class=\"wp-block-group__inner-container is-layout-flow wp-block-group-is-layout-flow\">\n<div class=\"wp-block-group\"><div class=\"wp-block-group__inner-container is-layout-flow wp-block-group-is-layout-flow\">\n<figure class=\"wp-block-image size-full\"><img loading=\"lazy\" decoding=\"async\" width=\"978\" height=\"294\" src=\"https:\/\/zonta.se\/wp-content\/uploads\/2022\/08\/zonta-says-no-logo.jpeg\" alt=\"Zonta says no to violence against women\" class=\"wp-image-43340\" srcset=\"https:\/\/zonta.se\/wp-content\/uploads\/2022\/08\/zonta-says-no-logo.jpeg 978w, https:\/\/zonta.se\/wp-content\/uploads\/2022\/08\/zonta-says-no-logo-600x180.jpeg 600w, https:\/\/zonta.se\/wp-content\/uploads\/2022\/08\/zonta-says-no-logo-768x231.jpeg 768w, https:\/\/zonta.se\/wp-content\/uploads\/2022\/08\/zonta-says-no-logo-820x247.jpeg 820w\" sizes=\"auto, (max-width: 978px) 100vw, 978px\" \/><\/figure>\n<\/div><\/div>\n\n\n\n<div class=\"wp-block-group\"><div class=\"wp-block-group__inner-container is-layout-flow wp-block-group-is-layout-flow\">\n<div class=\"wp-block-group\"><div class=\"wp-block-group__inner-container is-layout-flow wp-block-group-is-layout-flow\">\n<h1 class=\"wp-block-heading is-style-no-decoration\">Zonta saka n\u0113<\/h1>\n\n\n\n<p><strong>Katru gadu 25. novembr\u012b s\u0101kas 16 dienu ilga kampa\u0146a, lai piev\u0113rstu uzman\u012bbu vardarb\u012bbai pret sieviet\u0113m un meiten\u0113m. Zonta dal\u012bbnieki piedal\u0101s vis\u0101 pasaul\u0113, izmantojot Zonta Says N\u0113 vardarb\u012bbai pret sieviet\u0113m. Mums Zontas, kampa\u0146a Zonta Says No ir viens no svar\u012bg\u0101kajiem gada laikiem. Tad m\u0113s demonstr\u0113jam lab\u0101ku pasauli sieviet\u0113m un meiten\u0113m.<\/strong><\/p>\n\n\n\n<p>Zonta str\u0101d\u0101 da\u017e\u0101dos veidos, lai main\u012btu attieksmi un v\u0113rt\u012bbas, lai vair\u0101k cilv\u0113ku stiprin\u0101tu un aizsarg\u0101tu sievie\u0161u un meite\u0146u ties\u012bbas. Biedri to dara gan starptautisk\u0101, gan nacion\u0101l\u0101, gan viet\u0113j\u0101 m\u0113rog\u0101, cen\u0161oties ietekm\u0113t l\u0113mumu pie\u0146\u0113m\u0113jus un vairot izpratni par l\u012bdzties\u012bbas jaut\u0101jumiem.<\/p>\n\n\n\n<p>Zonta International kongress 2022.\u00a0gada j\u016bnij\u0101 pulc\u0113ja Zonta biedrus no visas pasaules. P\u0113c tam tika nolemts turpm\u0101kos divus gadus m\u016bsu intere\u0161u aizst\u0101v\u012bbas darbu koncentr\u0113t uz trim jom\u0101m:<\/p>\n\n\n\n<ul class=\"wp-block-list\">\n<li><strong>Vardarb\u012bba pret sieviet\u0113m un b\u0113rniem<\/strong> \u2013 kas ietver b\u0113rnu un piespiedu laul\u012bbu, int\u012bmo partneru vardarb\u012bbas un digit\u0101l\u0101s vardarb\u012bbas aptur\u0113\u0161anu.<\/li>\n\n\n\n<li><strong>Sievie\u0161u vad\u012bba<\/strong> - kas ietver sievietes darbaviet\u0101 un sievietes k\u0101 p\u0101rst\u0101ves visos vald\u012bbas l\u012bme\u0146os.<\/li>\n\n\n\n<li><strong>Klimata izmai\u0146as <\/strong>- svar\u012bgs dzimumu l\u012bdzties\u012bbas jaut\u0101jums.<\/li>\n<\/ul>\n\n\n\n<p>Rakstot iesniegumus un deba\u0161u rakstus dienas laikrakstos, k\u0101 ar\u012b ierakstus m\u016bsu soci\u0101lajos medijos, m\u0113s veicam intere\u0161u aizst\u0101v\u012bbas darbu visu gadu. Bet galvenok\u0101rt ar da\u017e\u0101d\u0101m aktivit\u0101t\u0113m kampa\u0146as Zonta Says No laik\u0101 un Starptautiskaj\u0101 sievie\u0161u dien\u0101 8. mart\u0101. Tad m\u0113s organiz\u0113jam pas\u0101kumus, lekcijas, demonstr\u0101cijas, skatlogus ar da\u017e\u0101d\u0101m t\u0113m\u0101m, gr\u0101matu galdus bibliot\u0113k\u0101s un daudz ko citu, lai rad\u012btu izpratni par sievie\u0161u ties\u012bb\u0101m.<\/p>\n\n\n\n<p>Pievienojies mums un radi p\u0101rmai\u0146as! N\u0101ciet uz pas\u0101kumu, ko organiz\u0113jam, vai sazinieties ar klubu j\u016bsu re\u0123ion\u0101.<\/p>\n<\/div><\/div>\n<\/div><\/div>\n<\/div><\/div>","protected":false},"excerpt":{"rendered":"<p>Zonta Says No Den 25 november varje \u00e5r startar en 16 dagars l\u00e5ng kampanj f\u00f6r att uppm\u00e4rksamma v\u00e5ldet mot kvinnor och flickor. Zontamedlemmar deltar \u00f6ver hela v\u00e4rlden genom Zonta Says No to Violence Against Women. F\u00f6r oss zontor \u00e4r kampanjen Zonta Says No en av de viktigaste tidpunkterna p\u00e5 \u00e5ret. D\u00e5 manifesterar vi f\u00f6r en [&hellip;]<\/p>\n","protected":false},"author":1,"featured_media":0,"parent":0,"menu_order":0,"comment_status":"closed","ping_status":"closed","template":"","meta":{"_acf_changed":false,"footnotes":""},"class_list":["post-43328","page","type-page","status-publish","hentry"],"acf":[],"yoast_head":"<!-- This site is optimized with the Yoast SEO plugin v27.3 - https:\/\/yoast.com\/product\/yoast-seo-wordpress\/ -->\n<title>Zonta Says No - Zonta Distrikt 21<\/title>\n<meta name=\"description\" content=\"Den 25 november varje \u00e5r startar en 16 dagars l\u00e5ng kampanj f\u00f6r att uppm\u00e4rksamma v\u00e5ldet mot kvinnor och flickor. Zontamedlemmar deltar \u00f6ver hela v\u00e4rlden genom Zonta Says No to Violence Against Women. F\u00f6r oss zontor \u00e4r kampanjen Zonta Says No en av de viktigaste tidpunkterna p\u00e5 \u00e5ret. D\u00e5 manifesterar vi f\u00f6r en b\u00e4ttre v\u00e4rld f\u00f6r kvinnor och flickor.\" \/>\n<meta name=\"robots\" content=\"index, follow, max-snippet:-1, max-image-preview:large, max-video-preview:-1\" \/>\n<link rel=\"canonical\" href=\"https:\/\/zonta.se\/lv\/zonta-says-no-paverka\/\" \/>\n<meta property=\"og:locale\" content=\"lv_LV\" \/>\n<meta property=\"og:type\" content=\"article\" \/>\n<meta property=\"og:title\" content=\"Zonta Says No - Zonta Distrikt 21\" \/>\n<meta property=\"og:description\" content=\"Den 25 november varje \u00e5r startar en 16 dagars l\u00e5ng kampanj f\u00f6r att uppm\u00e4rksamma v\u00e5ldet mot kvinnor och flickor. Zontamedlemmar deltar \u00f6ver hela v\u00e4rlden genom Zonta Says No to Violence Against Women. F\u00f6r oss zontor \u00e4r kampanjen Zonta Says No en av de viktigaste tidpunkterna p\u00e5 \u00e5ret. D\u00e5 manifesterar vi f\u00f6r en b\u00e4ttre v\u00e4rld f\u00f6r kvinnor och flickor.\" \/>\n<meta property=\"og:url\" content=\"https:\/\/zonta.se\/lv\/zonta-says-no-paverka\/\" \/>\n<meta property=\"og:site_name\" content=\"Zonta Distrikt 21\" \/>\n<meta property=\"article:modified_time\" content=\"2025-05-31T12:48:39+00:00\" \/>\n<meta property=\"og:image\" content=\"https:\/\/zonta.se\/wp-content\/uploads\/2022\/08\/zonta-says-no-logo.jpeg\" \/>\n\t<meta property=\"og:image:width\" content=\"978\" \/>\n\t<meta property=\"og:image:height\" content=\"294\" \/>\n\t<meta property=\"og:image:type\" content=\"image\/jpeg\" \/>\n<meta name=\"twitter:card\" content=\"summary_large_image\" \/>\n<meta name=\"twitter:label1\" content=\"Est. reading time\" \/>\n\t<meta name=\"twitter:data1\" content=\"2 min\u016btes\" \/>\n<script type=\"application\/ld+json\" class=\"yoast-schema-graph\">{\"@context\":\"https:\\\/\\\/schema.org\",\"@graph\":[{\"@type\":\"WebPage\",\"@id\":\"https:\\\/\\\/zonta.se\\\/zonta-says-no-paverka\\\/\",\"url\":\"https:\\\/\\\/zonta.se\\\/zonta-says-no-paverka\\\/\",\"name\":\"Zonta Says No - Zonta Distrikt 21\",\"isPartOf\":{\"@id\":\"https:\\\/\\\/zonta.se\\\/#website\"},\"primaryImageOfPage\":{\"@id\":\"https:\\\/\\\/zonta.se\\\/zonta-says-no-paverka\\\/#primaryimage\"},\"image\":{\"@id\":\"https:\\\/\\\/zonta.se\\\/zonta-says-no-paverka\\\/#primaryimage\"},\"thumbnailUrl\":\"https:\\\/\\\/zonta.se\\\/wp-content\\\/uploads\\\/2022\\\/08\\\/zonta-says-no-logo.jpeg\",\"datePublished\":\"2022-08-18T11:18:26+00:00\",\"dateModified\":\"2025-05-31T12:48:39+00:00\",\"description\":\"Den 25 november varje \u00e5r startar en 16 dagars l\u00e5ng kampanj f\u00f6r att uppm\u00e4rksamma v\u00e5ldet mot kvinnor och flickor. Zontamedlemmar deltar \u00f6ver hela v\u00e4rlden genom Zonta Says No to Violence Against Women. F\u00f6r oss zontor \u00e4r kampanjen Zonta Says No en av de viktigaste tidpunkterna p\u00e5 \u00e5ret. D\u00e5 manifesterar vi f\u00f6r en b\u00e4ttre v\u00e4rld f\u00f6r kvinnor och flickor.\",\"breadcrumb\":{\"@id\":\"https:\\\/\\\/zonta.se\\\/zonta-says-no-paverka\\\/#breadcrumb\"},\"inLanguage\":\"lv-LV\",\"potentialAction\":[{\"@type\":\"ReadAction\",\"target\":[\"https:\\\/\\\/zonta.se\\\/zonta-says-no-paverka\\\/\"]}]},{\"@type\":\"ImageObject\",\"inLanguage\":\"lv-LV\",\"@id\":\"https:\\\/\\\/zonta.se\\\/zonta-says-no-paverka\\\/#primaryimage\",\"url\":\"https:\\\/\\\/zonta.se\\\/wp-content\\\/uploads\\\/2022\\\/08\\\/zonta-says-no-logo.jpeg\",\"contentUrl\":\"https:\\\/\\\/zonta.se\\\/wp-content\\\/uploads\\\/2022\\\/08\\\/zonta-says-no-logo.jpeg\"},{\"@type\":\"BreadcrumbList\",\"@id\":\"https:\\\/\\\/zonta.se\\\/zonta-says-no-paverka\\\/#breadcrumb\",\"itemListElement\":[{\"@type\":\"ListItem\",\"position\":1,\"name\":\"Hem\",\"item\":\"https:\\\/\\\/zonta.se\\\/\"},{\"@type\":\"ListItem\",\"position\":2,\"name\":\"Zonta Says No\"}]},{\"@type\":\"WebSite\",\"@id\":\"https:\\\/\\\/zonta.se\\\/#website\",\"url\":\"https:\\\/\\\/zonta.se\\\/\",\"name\":\"Zonta Distrikt 21\",\"description\":\"\",\"publisher\":{\"@id\":\"https:\\\/\\\/zonta.se\\\/#organization\"},\"potentialAction\":[{\"@type\":\"SearchAction\",\"target\":{\"@type\":\"EntryPoint\",\"urlTemplate\":\"https:\\\/\\\/zonta.se\\\/?s={search_term_string}\"},\"query-input\":{\"@type\":\"PropertyValueSpecification\",\"valueRequired\":true,\"valueName\":\"search_term_string\"}}],\"inLanguage\":\"lv-LV\"},{\"@type\":\"Organization\",\"@id\":\"https:\\\/\\\/zonta.se\\\/#organization\",\"name\":\"Zonta Distrikt 21\",\"url\":\"https:\\\/\\\/zonta.se\\\/\",\"logo\":{\"@type\":\"ImageObject\",\"inLanguage\":\"lv-LV\",\"@id\":\"https:\\\/\\\/zonta.se\\\/#\\\/schema\\\/logo\\\/image\\\/\",\"url\":\"https:\\\/\\\/zonta.se\\\/wp-content\\\/uploads\\\/2022\\\/09\\\/zonta-logo-color-1.svg\",\"contentUrl\":\"https:\\\/\\\/zonta.se\\\/wp-content\\\/uploads\\\/2022\\\/09\\\/zonta-logo-color-1.svg\",\"width\":1136,\"height\":355,\"caption\":\"Zonta Distrikt 21\"},\"image\":{\"@id\":\"https:\\\/\\\/zonta.se\\\/#\\\/schema\\\/logo\\\/image\\\/\"}}]}<\/script>\n<!-- \/ Yoast SEO plugin. -->","yoast_head_json":{"title":"Zonta saka n\u0113 \u2014 Zontas rajons 21","description":"Katru gadu 25. novembr\u012b s\u0101kas 16 dienu ilga kampa\u0146a, lai piev\u0113rstu uzman\u012bbu vardarb\u012bbai pret sieviet\u0113m un meiten\u0113m. Zonta dal\u012bbnieki piedal\u0101s vis\u0101 pasaul\u0113, izmantojot Zonta Says N\u0113 vardarb\u012bbai pret sieviet\u0113m. Mums Zontas, kampa\u0146a Zonta Says No ir viens no svar\u012bg\u0101kajiem gada laikiem. Tad m\u0113s demonstr\u0113jam lab\u0101ku pasauli sieviet\u0113m un meiten\u0113m.","robots":{"index":"index","follow":"follow","max-snippet":"max-snippet:-1","max-image-preview":"max-image-preview:large","max-video-preview":"max-video-preview:-1"},"canonical":"https:\/\/zonta.se\/lv\/zonta-says-no-paverka\/","og_locale":"lv_LV","og_type":"article","og_title":"Zonta Says No - Zonta Distrikt 21","og_description":"Den 25 november varje \u00e5r startar en 16 dagars l\u00e5ng kampanj f\u00f6r att uppm\u00e4rksamma v\u00e5ldet mot kvinnor och flickor. Zontamedlemmar deltar \u00f6ver hela v\u00e4rlden genom Zonta Says No to Violence Against Women. F\u00f6r oss zontor \u00e4r kampanjen Zonta Says No en av de viktigaste tidpunkterna p\u00e5 \u00e5ret. D\u00e5 manifesterar vi f\u00f6r en b\u00e4ttre v\u00e4rld f\u00f6r kvinnor och flickor.","og_url":"https:\/\/zonta.se\/lv\/zonta-says-no-paverka\/","og_site_name":"Zonta Distrikt 21","article_modified_time":"2025-05-31T12:48:39+00:00","og_image":[{"width":978,"height":294,"url":"https:\/\/zonta.se\/wp-content\/uploads\/2022\/08\/zonta-says-no-logo.jpeg","type":"image\/jpeg"}],"twitter_card":"summary_large_image","twitter_misc":{"Est. reading time":"2 min\u016btes"},"schema":{"@context":"https:\/\/schema.org","@graph":[{"@type":"WebPage","@id":"https:\/\/zonta.se\/zonta-says-no-paverka\/","url":"https:\/\/zonta.se\/zonta-says-no-paverka\/","name":"Zonta saka n\u0113 \u2014 Zontas rajons 21","isPartOf":{"@id":"https:\/\/zonta.se\/#website"},"primaryImageOfPage":{"@id":"https:\/\/zonta.se\/zonta-says-no-paverka\/#primaryimage"},"image":{"@id":"https:\/\/zonta.se\/zonta-says-no-paverka\/#primaryimage"},"thumbnailUrl":"https:\/\/zonta.se\/wp-content\/uploads\/2022\/08\/zonta-says-no-logo.jpeg","datePublished":"2022-08-18T11:18:26+00:00","dateModified":"2025-05-31T12:48:39+00:00","description":"Katru gadu 25. novembr\u012b s\u0101kas 16 dienu ilga kampa\u0146a, lai piev\u0113rstu uzman\u012bbu vardarb\u012bbai pret sieviet\u0113m un meiten\u0113m. Zonta dal\u012bbnieki piedal\u0101s vis\u0101 pasaul\u0113, izmantojot Zonta Says N\u0113 vardarb\u012bbai pret sieviet\u0113m. Mums Zontas, kampa\u0146a Zonta Says No ir viens no svar\u012bg\u0101kajiem gada laikiem. Tad m\u0113s demonstr\u0113jam lab\u0101ku pasauli sieviet\u0113m un meiten\u0113m.","breadcrumb":{"@id":"https:\/\/zonta.se\/zonta-says-no-paverka\/#breadcrumb"},"inLanguage":"lv-LV","potentialAction":[{"@type":"ReadAction","target":["https:\/\/zonta.se\/zonta-says-no-paverka\/"]}]},{"@type":"ImageObject","inLanguage":"lv-LV","@id":"https:\/\/zonta.se\/zonta-says-no-paverka\/#primaryimage","url":"https:\/\/zonta.se\/wp-content\/uploads\/2022\/08\/zonta-says-no-logo.jpeg","contentUrl":"https:\/\/zonta.se\/wp-content\/uploads\/2022\/08\/zonta-says-no-logo.jpeg"},{"@type":"BreadcrumbList","@id":"https:\/\/zonta.se\/zonta-says-no-paverka\/#breadcrumb","itemListElement":[{"@type":"ListItem","position":1,"name":"Hem","item":"https:\/\/zonta.se\/"},{"@type":"ListItem","position":2,"name":"Zonta Says No"}]},{"@type":"WebSite","@id":"https:\/\/zonta.se\/#website","url":"https:\/\/zonta.se\/","name":"Zontas rajons 21","description":"","publisher":{"@id":"https:\/\/zonta.se\/#organization"},"potentialAction":[{"@type":"SearchAction","target":{"@type":"EntryPoint","urlTemplate":"https:\/\/zonta.se\/?s={search_term_string}"},"query-input":{"@type":"PropertyValueSpecification","valueRequired":true,"valueName":"search_term_string"}}],"inLanguage":"lv-LV"},{"@type":"Organization","@id":"https:\/\/zonta.se\/#organization","name":"Zontas rajons 21","url":"https:\/\/zonta.se\/","logo":{"@type":"ImageObject","inLanguage":"lv-LV","@id":"https:\/\/zonta.se\/#\/schema\/logo\/image\/","url":"https:\/\/zonta.se\/wp-content\/uploads\/2022\/09\/zonta-logo-color-1.svg","contentUrl":"https:\/\/zonta.se\/wp-content\/uploads\/2022\/09\/zonta-logo-color-1.svg","width":1136,"height":355,"caption":"Zonta Distrikt 21"},"image":{"@id":"https:\/\/zonta.se\/#\/schema\/logo\/image\/"}}]}},"_links":{"self":[{"href":"https:\/\/zonta.se\/lv\/wp-json\/wp\/v2\/pages\/43328","targetHints":{"allow":["GET"]}}],"collection":[{"href":"https:\/\/zonta.se\/lv\/wp-json\/wp\/v2\/pages"}],"about":[{"href":"https:\/\/zonta.se\/lv\/wp-json\/wp\/v2\/types\/page"}],"author":[{"embeddable":true,"href":"https:\/\/zonta.se\/lv\/wp-json\/wp\/v2\/users\/1"}],"replies":[{"embeddable":true,"href":"https:\/\/zonta.se\/lv\/wp-json\/wp\/v2\/comments?post=43328"}],"version-history":[{"count":11,"href":"https:\/\/zonta.se\/lv\/wp-json\/wp\/v2\/pages\/43328\/revisions"}],"predecessor-version":[{"id":50786,"href":"https:\/\/zonta.se\/lv\/wp-json\/wp\/v2\/pages\/43328\/revisions\/50786"}],"wp:attachment":[{"href":"https:\/\/zonta.se\/lv\/wp-json\/wp\/v2\/media?parent=43328"}],"curies":[{"name":"wp","href":"https:\/\/api.w.org\/{rel}","templated":true}]}}